{"id":7656,"date":"2025-03-12T14:51:47","date_gmt":"2025-03-12T12:51:47","guid":{"rendered":"https:\/\/staging.salvador-dali.org\/obra\/conservacio-i-restauracio\/babaouo-recupera-la-llum\/"},"modified":"2025-06-29T21:22:35","modified_gmt":"2025-06-29T19:22:35","slug":"babaouo-retrouve-la-lumiere","status":"publish","type":"page","link":"https:\/\/staging.salvador-dali.org\/fr\/oeuvre\/conservation-et-restauration\/babaouo-retrouve-la-lumiere\/","title":{"rendered":"\u00ab Babaouo \u00bb retrouve la lumi\u00e8re"},"content":{"rendered":"    <div  class=\"wp-block-columns swiper-column  intro intro-images bloc-destacats imatges\" style=\"background-image: linear-gradient(to right, white, white)\">\n        <div class=\"wp-block-column\">\n            <div id=\"swiper-69e551bf47606\" class=\"swiper destacats dues\" >\n                <div class=\"swiper-wrapper\">\n\n                                            <div class=\"swiper-slide intro\">\n                            <span class=\"image-background\" style=\"background-image:url(https:\/\/staging.salvador-dali.org\/wp-content\/uploads\/2025\/03\/i5183_0002-946x1024.jpg)\"><\/span>\n                            \n                        <\/div>\n                        <div class=\"swiper-slide\">\n                           <div class=\"descripcio\">\n                            <h2>Tecnologia LED per a il\u00b7luminar<\/h2>\n                            <p>Il s\u2019agit d\u2019un petit th\u00e9\u00e2tre en bois de 26 x 26 x 30 cm, dont l\u2019int\u00e9rieur est compos\u00e9 de panneaux de verre peints \u00e0 l\u2019huile, avec une source lumineuse situ\u00e9e \u00e0 l\u2019arri\u00e8re de la bo\u00eete, derri\u00e8re un verre translucide. \u00c0 un certain moment de l\u2019histoire de la pi\u00e8ce, les ampoules incandescentes d\u2019origine avaient \u00e9t\u00e9 remplac\u00e9es par un syst\u00e8me d\u2019\u00e9clairage fluorescent \u00e0 lumi\u00e8re froide, ce qui avait totalement modifi\u00e9 l\u2019aspect esth\u00e9tique de l\u2019\u0153uvre. Par ailleurs, les dispositifs d\u2019\u00e9clairage \u00e9taient fortement d\u00e9t\u00e9rior\u00e9s et devaient \u00eatre remplac\u00e9s. Le nouveau syst\u00e8me d\u2019\u00e9clairage \u00e0 technologie LED permet d\u00e9sormais une pr\u00e9sentation plus fid\u00e8le \u00e0 l\u2019esth\u00e9tique d\u2019origine de la pi\u00e8ce.<\/p>\n                            <\/div>\n\n                            \n                            \n                        <\/div>\n                    \n\n                    \n                        \n                        <div class=\"swiper-slide\">\n                                                            <figure>\n                                    <a data-fancybox=\"gallery-69e551bf47606\" data-src=\"https:\/\/staging.salvador-dali.org\/wp-content\/uploads\/2025\/06\/1.jpg\" data-caption=\"\">\n                                        <img decoding=\"async\" src=\"https:\/\/staging.salvador-dali.org\/wp-content\/uploads\/2025\/06\/1.jpg\" alt=\"\"> \n\t\t\t\t          \t\t\t<\/a>\n                                                                        <figcaption class=\"custom-caption\"><\/figcaption>\n                                <\/figure>\n                                                    <\/div>\n\n                    \n                        \n                        <div class=\"swiper-slide\">\n                                                            <figure>\n                                    <a data-fancybox=\"gallery-69e551bf47606\" data-src=\"https:\/\/staging.salvador-dali.org\/wp-content\/uploads\/2025\/06\/2.jpg\" data-caption=\"\">\n                                        <img decoding=\"async\" src=\"https:\/\/staging.salvador-dali.org\/wp-content\/uploads\/2025\/06\/2.jpg\" alt=\"\"> \n\t\t\t\t          \t\t\t<\/a>\n                                                                        <figcaption class=\"custom-caption\"><\/figcaption>\n                                <\/figure>\n                                                    <\/div>\n\n                    \n                        \n                        <div class=\"swiper-slide\">\n                                                            <figure>\n                                    <a data-fancybox=\"gallery-69e551bf47606\" data-src=\"https:\/\/staging.salvador-dali.org\/wp-content\/uploads\/2025\/06\/3.jpg\" data-caption=\"\">\n                                        <img decoding=\"async\" src=\"https:\/\/staging.salvador-dali.org\/wp-content\/uploads\/2025\/06\/3.jpg\" alt=\"\"> \n\t\t\t\t          \t\t\t<\/a>\n                                                                        <figcaption class=\"custom-caption\"><\/figcaption>\n                                <\/figure>\n                                                    <\/div>\n\n                    \n                        \n                        <div class=\"swiper-slide\">\n                                                            <figure>\n                                    <a data-fancybox=\"gallery-69e551bf47606\" data-src=\"https:\/\/staging.salvador-dali.org\/wp-content\/uploads\/2025\/06\/4.jpg\" data-caption=\"\">\n                                        <img decoding=\"async\" src=\"https:\/\/staging.salvador-dali.org\/wp-content\/uploads\/2025\/06\/4.jpg\" alt=\"\"> \n\t\t\t\t          \t\t\t<\/a>\n                                                                        <figcaption class=\"custom-caption\"><\/figcaption>\n                                <\/figure>\n                                                    <\/div>\n\n                    \n                        \n                        <div class=\"swiper-slide\">\n                                                            <figure>\n                                    <a data-fancybox=\"gallery-69e551bf47606\" data-src=\"https:\/\/staging.salvador-dali.org\/wp-content\/uploads\/2025\/06\/5.jpg\" data-caption=\"\">\n                                        <img decoding=\"async\" src=\"https:\/\/staging.salvador-dali.org\/wp-content\/uploads\/2025\/06\/5.jpg\" alt=\"\"> \n\t\t\t\t          \t\t\t<\/a>\n                                                                        <figcaption class=\"custom-caption\"><\/figcaption>\n                                <\/figure>\n                                                    <\/div>\n\n                    \n                        \n                        <div class=\"swiper-slide\">\n                                                            <figure>\n                                    <a data-fancybox=\"gallery-69e551bf47606\" data-src=\"https:\/\/staging.salvador-dali.org\/wp-content\/uploads\/2025\/06\/6.jpg\" data-caption=\"\">\n                                        <img decoding=\"async\" src=\"https:\/\/staging.salvador-dali.org\/wp-content\/uploads\/2025\/06\/6.jpg\" alt=\"\"> \n\t\t\t\t          \t\t\t<\/a>\n                                                                        <figcaption class=\"custom-caption\"><\/figcaption>\n                                <\/figure>\n                                                    <\/div>\n\n                                    <\/div>\n                <!-- Swiper navigation buttons -->\n                <div class=\"swiper-button-prev\">\n                    <span class=\"screen-reader-text\">Diapositive pr\u00e9c\u00e9dente<\/span>\n                <\/div>\n                <div class=\"swiper-button-next\">\n                    <span class=\"screen-reader-text\">Diapositiva seg\u00fcent<\/span>\n                <\/div>\n            <\/div>\n        <\/div>\n    <\/div>\n\n\n\n<!-- Swiper JS -->\n<script src=\"https:\/\/cdn.jsdelivr.net\/npm\/swiper@11\/swiper-bundle.min.js\"><\/script>\n\n<!-- Initialize Swiper -->\n<script>\n\njQuery( document ).ready(function() {      \n\n    Tipus = 'intro-images';\n\n    updateSpaceBetween();\n    spaceBetweenInicial = 60;\n    \n    if (Tipus=='intro-images' ) {\n    \/\/    spaceBetweenValueModul = 0;\n    }\n\n\n\n    console.log(\"spaceBetweenValueModul\",spaceBetweenValueModul);\n\n    var swiper = new Swiper(\"#swiper-69e551bf47606\", {\n      slidesPerView: \"auto\",\n      spaceBetween: spaceBetweenInicial,\n      \tfreeMode: true,\n\t  \tbreakpoints: {\n\t        \/\/ Quan l'amplada de la pantalla sigui major a 1024px\n\t        1024: {\n\t            spaceBetween: spaceBetweenValue,\n\t        },\n\t    },\n        \/\/ Navigation arrows\n        navigation: {\n            nextEl: '.swiper-button-next',\n            prevEl: '.swiper-button-prev',\n        },\n        mousewheel: {\n            releaseOnEdges: true,\n            forceToAxis: true,\n            sensitivity:    1,\n        },\n        a11y: {\n            prevSlideMessage: 'Diapositive pr\u00e9c\u00e9dente',\n            nextSlideMessage: 'Diapositiva seg\u00fcent',\n        },\n    });\n\n\n \n\n\n    \/*\n    jQuery('.bloc-destacats').each(function() {\n        const nextDiv = jQuery(this).next('div');\n        if (nextDiv.hasClass('contingut-ampliat')) {\n            console.log('T\u00e9 .contingut-ampliat despr\u00e9s');\n            \/\/ Aqu\u00ed pots fer accions, per exemple:\n            \/\/ $nextDiv.addClass('marcat'); o $(this).append($nextDiv);\n        }\n    });\n    *\/\n})\n<\/script>\n\n","protected":false},"excerpt":{"rendered":"","protected":false},"author":3,"featured_media":2035,"parent":7623,"menu_order":10,"comment_status":"closed","ping_status":"closed","template":"","meta":{"_acf_changed":false,"_coblocks_attr":"","_coblocks_dimensions":"","_coblocks_responsive_height":"","_coblocks_accordion_ie_support":"","footnotes":""},"categories":[],"tags":[],"class_list":["post-7656","page","type-page","status-publish","has-post-thumbnail","hentry"],"acf":[],"yoast_head":"<!-- This site is optimized with the Yoast SEO plugin v26.8 - https:\/\/yoast.com\/product\/yoast-seo-wordpress\/ -->\n<title>\u00ab Babaouo \u00bb retrouve la lumi\u00e8re - Fundaci\u00f3 Gala - Salvador Dal\u00ed<\/title>\n<meta name=\"robots\" content=\"noindex, follow, max-snippet:-1, max-image-preview:large, max-video-preview:-1\" \/>\n<meta property=\"og:locale\" content=\"fr_FR\" \/>\n<meta property=\"og:type\" content=\"article\" \/>\n<meta property=\"og:title\" content=\"\u00ab Babaouo \u00bb retrouve la lumi\u00e8re - Fundaci\u00f3 Gala - Salvador Dal\u00ed\" \/>\n<meta property=\"og:url\" content=\"https:\/\/staging.salvador-dali.org\/fr\/oeuvre\/conservation-et-restauration\/babaouo-retrouve-la-lumiere\/\" \/>\n<meta property=\"og:site_name\" content=\"Fundaci\u00f3 Gala - Salvador Dal\u00ed\" \/>\n<meta property=\"article:publisher\" content=\"https:\/\/www.facebook.com\/MuseusDali\" \/>\n<meta property=\"article:modified_time\" content=\"2025-06-29T19:22:35+00:00\" \/>\n<meta property=\"og:image\" content=\"https:\/\/staging.salvador-dali.org\/wp-content\/uploads\/2025\/03\/dsc_4417baixa_editora_77_2_5_480.jpg\" \/>\n\t<meta property=\"og:image:width\" content=\"480\" \/>\n\t<meta property=\"og:image:height\" content=\"390\" \/>\n\t<meta property=\"og:image:type\" content=\"image\/jpeg\" \/>\n<meta name=\"twitter:card\" content=\"summary_large_image\" \/>\n<meta name=\"twitter:site\" content=\"@MuseuDali\" \/>\n<meta name=\"twitter:label1\" content=\"Dur\u00e9e de lecture estim\u00e9e\" \/>\n\t<meta name=\"twitter:data1\" content=\"1 minute\" \/>\n<script type=\"application\/ld+json\" class=\"yoast-schema-graph\">{\"@context\":\"https:\/\/schema.org\",\"@graph\":[{\"@type\":\"WebPage\",\"@id\":\"https:\/\/staging.salvador-dali.org\/fr\/oeuvre\/conservation-et-restauration\/babaouo-retrouve-la-lumiere\/\",\"url\":\"https:\/\/staging.salvador-dali.org\/fr\/oeuvre\/conservation-et-restauration\/babaouo-retrouve-la-lumiere\/\",\"name\":\"\u00ab Babaouo \u00bb retrouve la lumi\u00e8re - Fundaci\u00f3 Gala - Salvador Dal\u00ed\",\"isPartOf\":{\"@id\":\"https:\/\/staging.salvador-dali.org\/fr\/#website\"},\"primaryImageOfPage\":{\"@id\":\"https:\/\/staging.salvador-dali.org\/fr\/oeuvre\/conservation-et-restauration\/babaouo-retrouve-la-lumiere\/#primaryimage\"},\"image\":{\"@id\":\"https:\/\/staging.salvador-dali.org\/fr\/oeuvre\/conservation-et-restauration\/babaouo-retrouve-la-lumiere\/#primaryimage\"},\"thumbnailUrl\":\"https:\/\/staging.salvador-dali.org\/wp-content\/uploads\/2025\/03\/dsc_4417baixa_editora_77_2_5_480.jpg\",\"datePublished\":\"2025-03-12T12:51:47+00:00\",\"dateModified\":\"2025-06-29T19:22:35+00:00\",\"breadcrumb\":{\"@id\":\"https:\/\/staging.salvador-dali.org\/fr\/oeuvre\/conservation-et-restauration\/babaouo-retrouve-la-lumiere\/#breadcrumb\"},\"inLanguage\":\"fr-FR\",\"potentialAction\":[{\"@type\":\"ReadAction\",\"target\":[\"https:\/\/staging.salvador-dali.org\/fr\/oeuvre\/conservation-et-restauration\/babaouo-retrouve-la-lumiere\/\"]}]},{\"@type\":\"ImageObject\",\"inLanguage\":\"fr-FR\",\"@id\":\"https:\/\/staging.salvador-dali.org\/fr\/oeuvre\/conservation-et-restauration\/babaouo-retrouve-la-lumiere\/#primaryimage\",\"url\":\"https:\/\/staging.salvador-dali.org\/wp-content\/uploads\/2025\/03\/dsc_4417baixa_editora_77_2_5_480.jpg\",\"contentUrl\":\"https:\/\/staging.salvador-dali.org\/wp-content\/uploads\/2025\/03\/dsc_4417baixa_editora_77_2_5_480.jpg\",\"width\":480,\"height\":390},{\"@type\":\"BreadcrumbList\",\"@id\":\"https:\/\/staging.salvador-dali.org\/fr\/oeuvre\/conservation-et-restauration\/babaouo-retrouve-la-lumiere\/#breadcrumb\",\"itemListElement\":[{\"@type\":\"ListItem\",\"position\":1,\"name\":\"Inici\",\"item\":\"https:\/\/staging.salvador-dali.org\/fr\/\"},{\"@type\":\"ListItem\",\"position\":2,\"name\":\"\u00ab Babaouo \u00bb retrouve la lumi\u00e8re\"}]},{\"@type\":\"WebSite\",\"@id\":\"https:\/\/staging.salvador-dali.org\/fr\/#website\",\"url\":\"https:\/\/staging.salvador-dali.org\/fr\/\",\"name\":\"Fundaci\u00f3 Gala - Salvador Dal\u00ed\",\"description\":\"\",\"publisher\":{\"@id\":\"https:\/\/staging.salvador-dali.org\/fr\/#organization\"},\"potentialAction\":[{\"@type\":\"SearchAction\",\"target\":{\"@type\":\"EntryPoint\",\"urlTemplate\":\"https:\/\/staging.salvador-dali.org\/fr\/?s={search_term_string}\"},\"query-input\":{\"@type\":\"PropertyValueSpecification\",\"valueRequired\":true,\"valueName\":\"search_term_string\"}}],\"inLanguage\":\"fr-FR\"},{\"@type\":\"Organization\",\"@id\":\"https:\/\/staging.salvador-dali.org\/fr\/#organization\",\"name\":\"Fundaci\u00f3 Gala - Salvador Dal\u00ed\",\"url\":\"https:\/\/staging.salvador-dali.org\/fr\/\",\"logo\":{\"@type\":\"ImageObject\",\"inLanguage\":\"fr-FR\",\"@id\":\"https:\/\/staging.salvador-dali.org\/fr\/#\/schema\/logo\/image\/\",\"url\":\"https:\/\/staging.salvador-dali.org\/wp-content\/uploads\/2025\/04\/fundacio-gala-salvador-dali.png\",\"contentUrl\":\"https:\/\/staging.salvador-dali.org\/wp-content\/uploads\/2025\/04\/fundacio-gala-salvador-dali.png\",\"width\":240,\"height\":240,\"caption\":\"Fundaci\u00f3 Gala - Salvador Dal\u00ed\"},\"image\":{\"@id\":\"https:\/\/staging.salvador-dali.org\/fr\/#\/schema\/logo\/image\/\"},\"sameAs\":[\"https:\/\/www.facebook.com\/MuseusDali\",\"https:\/\/x.com\/MuseuDali\",\"https:\/\/www.youtube.com\/user\/FundacioDali\",\"https:\/\/www.flickr.com\/fundacio_dali\/\",\"https:\/\/instagram.com\/museudali\"]}]}<\/script>\n<!-- \/ Yoast SEO plugin. -->","yoast_head_json":{"title":"\u00ab Babaouo \u00bb retrouve la lumi\u00e8re - Fundaci\u00f3 Gala - Salvador Dal\u00ed","robots":{"index":"noindex","follow":"follow","max-snippet":"max-snippet:-1","max-image-preview":"max-image-preview:large","max-video-preview":"max-video-preview:-1"},"og_locale":"fr_FR","og_type":"article","og_title":"\u00ab Babaouo \u00bb retrouve la lumi\u00e8re - Fundaci\u00f3 Gala - Salvador Dal\u00ed","og_url":"https:\/\/staging.salvador-dali.org\/fr\/oeuvre\/conservation-et-restauration\/babaouo-retrouve-la-lumiere\/","og_site_name":"Fundaci\u00f3 Gala - Salvador Dal\u00ed","article_publisher":"https:\/\/www.facebook.com\/MuseusDali","article_modified_time":"2025-06-29T19:22:35+00:00","og_image":[{"width":480,"height":390,"url":"https:\/\/staging.salvador-dali.org\/wp-content\/uploads\/2025\/03\/dsc_4417baixa_editora_77_2_5_480.jpg","type":"image\/jpeg"}],"twitter_card":"summary_large_image","twitter_site":"@MuseuDali","twitter_misc":{"Dur\u00e9e de lecture estim\u00e9e":"1 minute"},"schema":{"@context":"https:\/\/schema.org","@graph":[{"@type":"WebPage","@id":"https:\/\/staging.salvador-dali.org\/fr\/oeuvre\/conservation-et-restauration\/babaouo-retrouve-la-lumiere\/","url":"https:\/\/staging.salvador-dali.org\/fr\/oeuvre\/conservation-et-restauration\/babaouo-retrouve-la-lumiere\/","name":"\u00ab Babaouo \u00bb retrouve la lumi\u00e8re - Fundaci\u00f3 Gala - Salvador Dal\u00ed","isPartOf":{"@id":"https:\/\/staging.salvador-dali.org\/fr\/#website"},"primaryImageOfPage":{"@id":"https:\/\/staging.salvador-dali.org\/fr\/oeuvre\/conservation-et-restauration\/babaouo-retrouve-la-lumiere\/#primaryimage"},"image":{"@id":"https:\/\/staging.salvador-dali.org\/fr\/oeuvre\/conservation-et-restauration\/babaouo-retrouve-la-lumiere\/#primaryimage"},"thumbnailUrl":"https:\/\/staging.salvador-dali.org\/wp-content\/uploads\/2025\/03\/dsc_4417baixa_editora_77_2_5_480.jpg","datePublished":"2025-03-12T12:51:47+00:00","dateModified":"2025-06-29T19:22:35+00:00","breadcrumb":{"@id":"https:\/\/staging.salvador-dali.org\/fr\/oeuvre\/conservation-et-restauration\/babaouo-retrouve-la-lumiere\/#breadcrumb"},"inLanguage":"fr-FR","potentialAction":[{"@type":"ReadAction","target":["https:\/\/staging.salvador-dali.org\/fr\/oeuvre\/conservation-et-restauration\/babaouo-retrouve-la-lumiere\/"]}]},{"@type":"ImageObject","inLanguage":"fr-FR","@id":"https:\/\/staging.salvador-dali.org\/fr\/oeuvre\/conservation-et-restauration\/babaouo-retrouve-la-lumiere\/#primaryimage","url":"https:\/\/staging.salvador-dali.org\/wp-content\/uploads\/2025\/03\/dsc_4417baixa_editora_77_2_5_480.jpg","contentUrl":"https:\/\/staging.salvador-dali.org\/wp-content\/uploads\/2025\/03\/dsc_4417baixa_editora_77_2_5_480.jpg","width":480,"height":390},{"@type":"BreadcrumbList","@id":"https:\/\/staging.salvador-dali.org\/fr\/oeuvre\/conservation-et-restauration\/babaouo-retrouve-la-lumiere\/#breadcrumb","itemListElement":[{"@type":"ListItem","position":1,"name":"Inici","item":"https:\/\/staging.salvador-dali.org\/fr\/"},{"@type":"ListItem","position":2,"name":"\u00ab Babaouo \u00bb retrouve la lumi\u00e8re"}]},{"@type":"WebSite","@id":"https:\/\/staging.salvador-dali.org\/fr\/#website","url":"https:\/\/staging.salvador-dali.org\/fr\/","name":"Fundaci\u00f3 Gala - Salvador Dal\u00ed","description":"","publisher":{"@id":"https:\/\/staging.salvador-dali.org\/fr\/#organization"},"potentialAction":[{"@type":"SearchAction","target":{"@type":"EntryPoint","urlTemplate":"https:\/\/staging.salvador-dali.org\/fr\/?s={search_term_string}"},"query-input":{"@type":"PropertyValueSpecification","valueRequired":true,"valueName":"search_term_string"}}],"inLanguage":"fr-FR"},{"@type":"Organization","@id":"https:\/\/staging.salvador-dali.org\/fr\/#organization","name":"Fundaci\u00f3 Gala - Salvador Dal\u00ed","url":"https:\/\/staging.salvador-dali.org\/fr\/","logo":{"@type":"ImageObject","inLanguage":"fr-FR","@id":"https:\/\/staging.salvador-dali.org\/fr\/#\/schema\/logo\/image\/","url":"https:\/\/staging.salvador-dali.org\/wp-content\/uploads\/2025\/04\/fundacio-gala-salvador-dali.png","contentUrl":"https:\/\/staging.salvador-dali.org\/wp-content\/uploads\/2025\/04\/fundacio-gala-salvador-dali.png","width":240,"height":240,"caption":"Fundaci\u00f3 Gala - Salvador Dal\u00ed"},"image":{"@id":"https:\/\/staging.salvador-dali.org\/fr\/#\/schema\/logo\/image\/"},"sameAs":["https:\/\/www.facebook.com\/MuseusDali","https:\/\/x.com\/MuseuDali","https:\/\/www.youtube.com\/user\/FundacioDali","https:\/\/www.flickr.com\/fundacio_dali\/","https:\/\/instagram.com\/museudali"]}]}},"_links":{"self":[{"href":"https:\/\/staging.salvador-dali.org\/fr\/wp-json\/wp\/v2\/pages\/7656","targetHints":{"allow":["GET"]}}],"collection":[{"href":"https:\/\/staging.salvador-dali.org\/fr\/wp-json\/wp\/v2\/pages"}],"about":[{"href":"https:\/\/staging.salvador-dali.org\/fr\/wp-json\/wp\/v2\/types\/page"}],"author":[{"embeddable":true,"href":"https:\/\/staging.salvador-dali.org\/fr\/wp-json\/wp\/v2\/users\/3"}],"replies":[{"embeddable":true,"href":"https:\/\/staging.salvador-dali.org\/fr\/wp-json\/wp\/v2\/comments?post=7656"}],"version-history":[{"count":0,"href":"https:\/\/staging.salvador-dali.org\/fr\/wp-json\/wp\/v2\/pages\/7656\/revisions"}],"up":[{"embeddable":true,"href":"https:\/\/staging.salvador-dali.org\/fr\/wp-json\/wp\/v2\/pages\/7623"}],"wp:featuredmedia":[{"embeddable":true,"href":"https:\/\/staging.salvador-dali.org\/fr\/wp-json\/wp\/v2\/media\/2035"}],"wp:attachment":[{"href":"https:\/\/staging.salvador-dali.org\/fr\/wp-json\/wp\/v2\/media?parent=7656"}],"wp:term":[{"taxonomy":"category","embeddable":true,"href":"https:\/\/staging.salvador-dali.org\/fr\/wp-json\/wp\/v2\/categories?post=7656"},{"taxonomy":"post_tag","embeddable":true,"href":"https:\/\/staging.salvador-dali.org\/fr\/wp-json\/wp\/v2\/tags?post=7656"}],"curies":[{"name":"wp","href":"https:\/\/api.w.org\/{rel}","templated":true}]}}