{"id":7635,"date":"2025-03-14T14:58:51","date_gmt":"2025-03-14T12:58:51","guid":{"rendered":"https:\/\/staging.salvador-dali.org\/obra\/conservacio-i-restauracio\/conservacio-i-restauracio-de-les-escultures-dels-elefants\/"},"modified":"2025-06-29T17:16:58","modified_gmt":"2025-06-29T15:16:58","slug":"conservation-et-restauration-des-sculptures-des-elephants","status":"publish","type":"page","link":"https:\/\/staging.salvador-dali.org\/fr\/oeuvre\/conservation-et-restauration\/conservation-et-restauration-des-sculptures-des-elephants\/","title":{"rendered":"Conservation et restauration des sculptures des \u00c9l\u00e9phants"},"content":{"rendered":"\n<div class=\"wp-block-columns global-column is-layout-flex wp-container-core-columns-is-layout-9d6595d7 wp-block-columns-is-layout-flex\">\n<div class=\"wp-block-column is-layout-flow wp-block-column-is-layout-flow\">\n<p class=\"entradeta\">Dans le cadre du programme annuel de conservation pr\u00e9ventive du D\u00e9partement de Conservation et Restauration, une r\u00e9vision des \u00e9l\u00e9ments et \u0153uvres situ\u00e9s en ext\u00e9rieur est incluse, comme c\u2019est le cas des sculptures des \u00e9l\u00e9phants install\u00e9es dans le jardin du Ch\u00e2teau de P\u00fabol.<\/p>\n<\/div>\n<\/div>\n\n\n    <div  class=\"wp-block-columns swiper-column  intro intro-images bloc-destacats imatges\" style=\"background-image: linear-gradient(to right, white, white)\">\n        <div class=\"wp-block-column\">\n            <div id=\"swiper-69e5515d98401\" class=\"swiper destacats dues\" >\n                <div class=\"swiper-wrapper\">\n\n                                            <div class=\"swiper-slide intro\">\n                            <span class=\"image-background\" style=\"background-image:url(https:\/\/staging.salvador-dali.org\/wp-content\/uploads\/2025\/02\/DSC_1508-1024x680.jpg)\"><\/span>\n                            \n                        <\/div>\n                        <div class=\"swiper-slide\">\n                           <div class=\"descripcio\">\n                            <h2>Fer et ciment<\/h2>\n                            <p>Les restauratrices-conservatrices externes d\u2019ECRA SL \u2013 sp\u00e9cialis\u00e9es dans la conservation et la restauration du patrimoine arch\u00e9ologique, architectural et monumental \u2013 ont effectu\u00e9 la r\u00e9vision et le nettoyage de ces sculptures en ciment. Lors de l\u2019examen, elles ont observ\u00e9 une fissure sur l\u2019une des pattes de l\u2019un des quatre \u00e9l\u00e9phants du jardin, provoqu\u00e9e par la dilatation de l\u2019armature interne en fer de la sculpture.<\/p>\n<p>L\u2019intervention a consist\u00e9 en un nettoyage chimique et m\u00e9canique de l\u2019\u00e9l\u00e9phant, ainsi qu\u2019au nettoyage, assainissement et comblement de la fissure \u00e0 l\u2019aide d\u2019un mortier de r\u00e9int\u00e9gration.<\/p>\n                            <\/div>\n\n                            \n                            \n                        <\/div>\n                    \n\n                    \n                        \n                        <div class=\"swiper-slide\">\n                                                            <figure>\n                                    <a data-fancybox=\"gallery-69e5515d98401\" data-src=\"https:\/\/staging.salvador-dali.org\/wp-content\/uploads\/2025\/06\/DINTRE3.jpg\" data-caption=\"\">\n                                        <img decoding=\"async\" src=\"https:\/\/staging.salvador-dali.org\/wp-content\/uploads\/2025\/06\/DINTRE3.jpg\" alt=\"\"> \n\t\t\t\t          \t\t\t<\/a>\n                                                                        <figcaption class=\"custom-caption\"><\/figcaption>\n                                <\/figure>\n                                                    <\/div>\n\n                    \n                        \n                        <div class=\"swiper-slide\">\n                                                            <figure>\n                                    <a data-fancybox=\"gallery-69e5515d98401\" data-src=\"https:\/\/staging.salvador-dali.org\/wp-content\/uploads\/2025\/06\/DINTRE4.jpg\" data-caption=\"\">\n                                        <img decoding=\"async\" src=\"https:\/\/staging.salvador-dali.org\/wp-content\/uploads\/2025\/06\/DINTRE4.jpg\" alt=\"\"> \n\t\t\t\t          \t\t\t<\/a>\n                                                                        <figcaption class=\"custom-caption\"><\/figcaption>\n                                <\/figure>\n                                                    <\/div>\n\n                    \n                        \n                        <div class=\"swiper-slide\">\n                                                            <figure>\n                                    <a data-fancybox=\"gallery-69e5515d98401\" data-src=\"https:\/\/staging.salvador-dali.org\/wp-content\/uploads\/2025\/06\/DINTRE1.jpg\" data-caption=\"\">\n                                        <img decoding=\"async\" src=\"https:\/\/staging.salvador-dali.org\/wp-content\/uploads\/2025\/06\/DINTRE1-819x1024.jpg\" alt=\"\"> \n\t\t\t\t          \t\t\t<\/a>\n                                                                        <figcaption class=\"custom-caption\"><\/figcaption>\n                                <\/figure>\n                                                    <\/div>\n\n                    \n                        \n                        <div class=\"swiper-slide\">\n                                                            <figure>\n                                    <a data-fancybox=\"gallery-69e5515d98401\" data-src=\"https:\/\/staging.salvador-dali.org\/wp-content\/uploads\/2025\/06\/DINTRE2.jpg\" data-caption=\"\">\n                                        <img decoding=\"async\" src=\"https:\/\/staging.salvador-dali.org\/wp-content\/uploads\/2025\/06\/DINTRE2-819x1024.jpg\" alt=\"\"> \n\t\t\t\t          \t\t\t<\/a>\n                                                                        <figcaption class=\"custom-caption\"><\/figcaption>\n                                <\/figure>\n                                                    <\/div>\n\n                                    <\/div>\n                <!-- Swiper navigation buttons -->\n                <div class=\"swiper-button-prev\">\n                    <span class=\"screen-reader-text\">Diapositive pr\u00e9c\u00e9dente<\/span>\n                <\/div>\n                <div class=\"swiper-button-next\">\n                    <span class=\"screen-reader-text\">Diapositiva seg\u00fcent<\/span>\n                <\/div>\n            <\/div>\n        <\/div>\n    <\/div>\n\n\n\n<!-- Swiper JS -->\n<script src=\"https:\/\/cdn.jsdelivr.net\/npm\/swiper@11\/swiper-bundle.min.js\"><\/script>\n\n<!-- Initialize Swiper -->\n<script>\n\njQuery( document ).ready(function() {      \n\n    Tipus = 'intro-images';\n\n    updateSpaceBetween();\n    spaceBetweenInicial = 60;\n    \n    if (Tipus=='intro-images' ) {\n    \/\/    spaceBetweenValueModul = 0;\n    }\n\n\n\n    console.log(\"spaceBetweenValueModul\",spaceBetweenValueModul);\n\n    var swiper = new Swiper(\"#swiper-69e5515d98401\", {\n      slidesPerView: \"auto\",\n      spaceBetween: spaceBetweenInicial,\n      \tfreeMode: true,\n\t  \tbreakpoints: {\n\t        \/\/ Quan l'amplada de la pantalla sigui major a 1024px\n\t        1024: {\n\t            spaceBetween: spaceBetweenValue,\n\t        },\n\t    },\n        \/\/ Navigation arrows\n        navigation: {\n            nextEl: '.swiper-button-next',\n            prevEl: '.swiper-button-prev',\n        },\n        mousewheel: {\n            releaseOnEdges: true,\n            forceToAxis: true,\n            sensitivity:    1,\n        },\n        a11y: {\n            prevSlideMessage: 'Diapositive pr\u00e9c\u00e9dente',\n            nextSlideMessage: 'Diapositiva seg\u00fcent',\n        },\n    });\n\n\n \n\n\n    \/*\n    jQuery('.bloc-destacats').each(function() {\n        const nextDiv = jQuery(this).next('div');\n        if (nextDiv.hasClass('contingut-ampliat')) {\n            console.log('T\u00e9 .contingut-ampliat despr\u00e9s');\n            \/\/ Aqu\u00ed pots fer accions, per exemple:\n            \/\/ $nextDiv.addClass('marcat'); o $(this).append($nextDiv);\n        }\n    });\n    *\/\n})\n<\/script>\n\n","protected":false},"excerpt":{"rendered":"<p>Dans le cadre du programme annuel de conservation pr\u00e9ventive du D\u00e9partement de Conservation et Restauration, une r\u00e9vision des \u00e9l\u00e9ments et \u0153uvres situ\u00e9s en ext\u00e9rieur est incluse, comme c\u2019est le cas des sculptures des \u00e9l\u00e9phants install\u00e9es dans le jardin du Ch\u00e2teau de P\u00fabol.<\/p>\n","protected":false},"author":3,"featured_media":2104,"parent":7623,"menu_order":3,"comment_status":"closed","ping_status":"closed","template":"","meta":{"_acf_changed":false,"_coblocks_attr":"","_coblocks_dimensions":"","_coblocks_responsive_height":"","_coblocks_accordion_ie_support":"","footnotes":""},"categories":[],"tags":[],"class_list":["post-7635","page","type-page","status-publish","has-post-thumbnail","hentry"],"acf":[],"yoast_head":"<!-- This site is optimized with the Yoast SEO plugin v26.8 - https:\/\/yoast.com\/product\/yoast-seo-wordpress\/ -->\n<title>Conservation et restauration des sculptures des \u00c9l\u00e9phants - Fundaci\u00f3 Gala - Salvador Dal\u00ed<\/title>\n<meta name=\"robots\" content=\"noindex, follow, max-snippet:-1, max-image-preview:large, max-video-preview:-1\" \/>\n<meta property=\"og:locale\" content=\"fr_FR\" \/>\n<meta property=\"og:type\" content=\"article\" \/>\n<meta property=\"og:title\" content=\"Conservation et restauration des sculptures des \u00c9l\u00e9phants - Fundaci\u00f3 Gala - Salvador Dal\u00ed\" \/>\n<meta property=\"og:description\" content=\"Dans le cadre du programme annuel de conservation pr\u00e9ventive du D\u00e9partement de Conservation et Restauration, une r\u00e9vision des \u00e9l\u00e9ments et \u0153uvres situ\u00e9s en ext\u00e9rieur est incluse, comme c\u2019est le cas des sculptures des \u00e9l\u00e9phants install\u00e9es dans le jardin du Ch\u00e2teau de P\u00fabol.\" \/>\n<meta property=\"og:url\" content=\"https:\/\/staging.salvador-dali.org\/fr\/oeuvre\/conservation-et-restauration\/conservation-et-restauration-des-sculptures-des-elephants\/\" \/>\n<meta property=\"og:site_name\" content=\"Fundaci\u00f3 Gala - Salvador Dal\u00ed\" \/>\n<meta property=\"article:publisher\" content=\"https:\/\/www.facebook.com\/MuseusDali\" \/>\n<meta property=\"article:modified_time\" content=\"2025-06-29T15:16:58+00:00\" \/>\n<meta property=\"og:image\" content=\"https:\/\/staging.salvador-dali.org\/wp-content\/uploads\/2025\/03\/DINTRE2.jpg\" \/>\n\t<meta property=\"og:image:width\" content=\"1080\" \/>\n\t<meta property=\"og:image:height\" content=\"1350\" \/>\n\t<meta property=\"og:image:type\" content=\"image\/jpeg\" \/>\n<meta name=\"twitter:card\" content=\"summary_large_image\" \/>\n<meta name=\"twitter:site\" content=\"@MuseuDali\" \/>\n<meta name=\"twitter:label1\" content=\"Dur\u00e9e de lecture estim\u00e9e\" \/>\n\t<meta name=\"twitter:data1\" content=\"1 minute\" \/>\n<script type=\"application\/ld+json\" class=\"yoast-schema-graph\">{\"@context\":\"https:\/\/schema.org\",\"@graph\":[{\"@type\":\"WebPage\",\"@id\":\"https:\/\/staging.salvador-dali.org\/fr\/oeuvre\/conservation-et-restauration\/conservation-et-restauration-des-sculptures-des-elephants\/\",\"url\":\"https:\/\/staging.salvador-dali.org\/fr\/oeuvre\/conservation-et-restauration\/conservation-et-restauration-des-sculptures-des-elephants\/\",\"name\":\"Conservation et restauration des sculptures des \u00c9l\u00e9phants - Fundaci\u00f3 Gala - Salvador Dal\u00ed\",\"isPartOf\":{\"@id\":\"https:\/\/staging.salvador-dali.org\/fr\/#website\"},\"primaryImageOfPage\":{\"@id\":\"https:\/\/staging.salvador-dali.org\/fr\/oeuvre\/conservation-et-restauration\/conservation-et-restauration-des-sculptures-des-elephants\/#primaryimage\"},\"image\":{\"@id\":\"https:\/\/staging.salvador-dali.org\/fr\/oeuvre\/conservation-et-restauration\/conservation-et-restauration-des-sculptures-des-elephants\/#primaryimage\"},\"thumbnailUrl\":\"https:\/\/staging.salvador-dali.org\/wp-content\/uploads\/2025\/03\/DINTRE2.jpg\",\"datePublished\":\"2025-03-14T12:58:51+00:00\",\"dateModified\":\"2025-06-29T15:16:58+00:00\",\"breadcrumb\":{\"@id\":\"https:\/\/staging.salvador-dali.org\/fr\/oeuvre\/conservation-et-restauration\/conservation-et-restauration-des-sculptures-des-elephants\/#breadcrumb\"},\"inLanguage\":\"fr-FR\",\"potentialAction\":[{\"@type\":\"ReadAction\",\"target\":[\"https:\/\/staging.salvador-dali.org\/fr\/oeuvre\/conservation-et-restauration\/conservation-et-restauration-des-sculptures-des-elephants\/\"]}]},{\"@type\":\"ImageObject\",\"inLanguage\":\"fr-FR\",\"@id\":\"https:\/\/staging.salvador-dali.org\/fr\/oeuvre\/conservation-et-restauration\/conservation-et-restauration-des-sculptures-des-elephants\/#primaryimage\",\"url\":\"https:\/\/staging.salvador-dali.org\/wp-content\/uploads\/2025\/03\/DINTRE2.jpg\",\"contentUrl\":\"https:\/\/staging.salvador-dali.org\/wp-content\/uploads\/2025\/03\/DINTRE2.jpg\",\"width\":1080,\"height\":1350},{\"@type\":\"BreadcrumbList\",\"@id\":\"https:\/\/staging.salvador-dali.org\/fr\/oeuvre\/conservation-et-restauration\/conservation-et-restauration-des-sculptures-des-elephants\/#breadcrumb\",\"itemListElement\":[{\"@type\":\"ListItem\",\"position\":1,\"name\":\"Inici\",\"item\":\"https:\/\/staging.salvador-dali.org\/fr\/\"},{\"@type\":\"ListItem\",\"position\":2,\"name\":\"Conservation et restauration des sculptures des \u00c9l\u00e9phants\"}]},{\"@type\":\"WebSite\",\"@id\":\"https:\/\/staging.salvador-dali.org\/fr\/#website\",\"url\":\"https:\/\/staging.salvador-dali.org\/fr\/\",\"name\":\"Fundaci\u00f3 Gala - Salvador Dal\u00ed\",\"description\":\"\",\"publisher\":{\"@id\":\"https:\/\/staging.salvador-dali.org\/fr\/#organization\"},\"potentialAction\":[{\"@type\":\"SearchAction\",\"target\":{\"@type\":\"EntryPoint\",\"urlTemplate\":\"https:\/\/staging.salvador-dali.org\/fr\/?s={search_term_string}\"},\"query-input\":{\"@type\":\"PropertyValueSpecification\",\"valueRequired\":true,\"valueName\":\"search_term_string\"}}],\"inLanguage\":\"fr-FR\"},{\"@type\":\"Organization\",\"@id\":\"https:\/\/staging.salvador-dali.org\/fr\/#organization\",\"name\":\"Fundaci\u00f3 Gala - Salvador Dal\u00ed\",\"url\":\"https:\/\/staging.salvador-dali.org\/fr\/\",\"logo\":{\"@type\":\"ImageObject\",\"inLanguage\":\"fr-FR\",\"@id\":\"https:\/\/staging.salvador-dali.org\/fr\/#\/schema\/logo\/image\/\",\"url\":\"https:\/\/staging.salvador-dali.org\/wp-content\/uploads\/2025\/04\/fundacio-gala-salvador-dali.png\",\"contentUrl\":\"https:\/\/staging.salvador-dali.org\/wp-content\/uploads\/2025\/04\/fundacio-gala-salvador-dali.png\",\"width\":240,\"height\":240,\"caption\":\"Fundaci\u00f3 Gala - Salvador Dal\u00ed\"},\"image\":{\"@id\":\"https:\/\/staging.salvador-dali.org\/fr\/#\/schema\/logo\/image\/\"},\"sameAs\":[\"https:\/\/www.facebook.com\/MuseusDali\",\"https:\/\/x.com\/MuseuDali\",\"https:\/\/www.youtube.com\/user\/FundacioDali\",\"https:\/\/www.flickr.com\/fundacio_dali\/\",\"https:\/\/instagram.com\/museudali\"]}]}<\/script>\n<!-- \/ Yoast SEO plugin. -->","yoast_head_json":{"title":"Conservation et restauration des sculptures des \u00c9l\u00e9phants - Fundaci\u00f3 Gala - Salvador Dal\u00ed","robots":{"index":"noindex","follow":"follow","max-snippet":"max-snippet:-1","max-image-preview":"max-image-preview:large","max-video-preview":"max-video-preview:-1"},"og_locale":"fr_FR","og_type":"article","og_title":"Conservation et restauration des sculptures des \u00c9l\u00e9phants - Fundaci\u00f3 Gala - Salvador Dal\u00ed","og_description":"Dans le cadre du programme annuel de conservation pr\u00e9ventive du D\u00e9partement de Conservation et Restauration, une r\u00e9vision des \u00e9l\u00e9ments et \u0153uvres situ\u00e9s en ext\u00e9rieur est incluse, comme c\u2019est le cas des sculptures des \u00e9l\u00e9phants install\u00e9es dans le jardin du Ch\u00e2teau de P\u00fabol.","og_url":"https:\/\/staging.salvador-dali.org\/fr\/oeuvre\/conservation-et-restauration\/conservation-et-restauration-des-sculptures-des-elephants\/","og_site_name":"Fundaci\u00f3 Gala - Salvador Dal\u00ed","article_publisher":"https:\/\/www.facebook.com\/MuseusDali","article_modified_time":"2025-06-29T15:16:58+00:00","og_image":[{"width":1080,"height":1350,"url":"https:\/\/staging.salvador-dali.org\/wp-content\/uploads\/2025\/03\/DINTRE2.jpg","type":"image\/jpeg"}],"twitter_card":"summary_large_image","twitter_site":"@MuseuDali","twitter_misc":{"Dur\u00e9e de lecture estim\u00e9e":"1 minute"},"schema":{"@context":"https:\/\/schema.org","@graph":[{"@type":"WebPage","@id":"https:\/\/staging.salvador-dali.org\/fr\/oeuvre\/conservation-et-restauration\/conservation-et-restauration-des-sculptures-des-elephants\/","url":"https:\/\/staging.salvador-dali.org\/fr\/oeuvre\/conservation-et-restauration\/conservation-et-restauration-des-sculptures-des-elephants\/","name":"Conservation et restauration des sculptures des \u00c9l\u00e9phants - Fundaci\u00f3 Gala - Salvador Dal\u00ed","isPartOf":{"@id":"https:\/\/staging.salvador-dali.org\/fr\/#website"},"primaryImageOfPage":{"@id":"https:\/\/staging.salvador-dali.org\/fr\/oeuvre\/conservation-et-restauration\/conservation-et-restauration-des-sculptures-des-elephants\/#primaryimage"},"image":{"@id":"https:\/\/staging.salvador-dali.org\/fr\/oeuvre\/conservation-et-restauration\/conservation-et-restauration-des-sculptures-des-elephants\/#primaryimage"},"thumbnailUrl":"https:\/\/staging.salvador-dali.org\/wp-content\/uploads\/2025\/03\/DINTRE2.jpg","datePublished":"2025-03-14T12:58:51+00:00","dateModified":"2025-06-29T15:16:58+00:00","breadcrumb":{"@id":"https:\/\/staging.salvador-dali.org\/fr\/oeuvre\/conservation-et-restauration\/conservation-et-restauration-des-sculptures-des-elephants\/#breadcrumb"},"inLanguage":"fr-FR","potentialAction":[{"@type":"ReadAction","target":["https:\/\/staging.salvador-dali.org\/fr\/oeuvre\/conservation-et-restauration\/conservation-et-restauration-des-sculptures-des-elephants\/"]}]},{"@type":"ImageObject","inLanguage":"fr-FR","@id":"https:\/\/staging.salvador-dali.org\/fr\/oeuvre\/conservation-et-restauration\/conservation-et-restauration-des-sculptures-des-elephants\/#primaryimage","url":"https:\/\/staging.salvador-dali.org\/wp-content\/uploads\/2025\/03\/DINTRE2.jpg","contentUrl":"https:\/\/staging.salvador-dali.org\/wp-content\/uploads\/2025\/03\/DINTRE2.jpg","width":1080,"height":1350},{"@type":"BreadcrumbList","@id":"https:\/\/staging.salvador-dali.org\/fr\/oeuvre\/conservation-et-restauration\/conservation-et-restauration-des-sculptures-des-elephants\/#breadcrumb","itemListElement":[{"@type":"ListItem","position":1,"name":"Inici","item":"https:\/\/staging.salvador-dali.org\/fr\/"},{"@type":"ListItem","position":2,"name":"Conservation et restauration des sculptures des \u00c9l\u00e9phants"}]},{"@type":"WebSite","@id":"https:\/\/staging.salvador-dali.org\/fr\/#website","url":"https:\/\/staging.salvador-dali.org\/fr\/","name":"Fundaci\u00f3 Gala - Salvador Dal\u00ed","description":"","publisher":{"@id":"https:\/\/staging.salvador-dali.org\/fr\/#organization"},"potentialAction":[{"@type":"SearchAction","target":{"@type":"EntryPoint","urlTemplate":"https:\/\/staging.salvador-dali.org\/fr\/?s={search_term_string}"},"query-input":{"@type":"PropertyValueSpecification","valueRequired":true,"valueName":"search_term_string"}}],"inLanguage":"fr-FR"},{"@type":"Organization","@id":"https:\/\/staging.salvador-dali.org\/fr\/#organization","name":"Fundaci\u00f3 Gala - Salvador Dal\u00ed","url":"https:\/\/staging.salvador-dali.org\/fr\/","logo":{"@type":"ImageObject","inLanguage":"fr-FR","@id":"https:\/\/staging.salvador-dali.org\/fr\/#\/schema\/logo\/image\/","url":"https:\/\/staging.salvador-dali.org\/wp-content\/uploads\/2025\/04\/fundacio-gala-salvador-dali.png","contentUrl":"https:\/\/staging.salvador-dali.org\/wp-content\/uploads\/2025\/04\/fundacio-gala-salvador-dali.png","width":240,"height":240,"caption":"Fundaci\u00f3 Gala - Salvador Dal\u00ed"},"image":{"@id":"https:\/\/staging.salvador-dali.org\/fr\/#\/schema\/logo\/image\/"},"sameAs":["https:\/\/www.facebook.com\/MuseusDali","https:\/\/x.com\/MuseuDali","https:\/\/www.youtube.com\/user\/FundacioDali","https:\/\/www.flickr.com\/fundacio_dali\/","https:\/\/instagram.com\/museudali"]}]}},"_links":{"self":[{"href":"https:\/\/staging.salvador-dali.org\/fr\/wp-json\/wp\/v2\/pages\/7635","targetHints":{"allow":["GET"]}}],"collection":[{"href":"https:\/\/staging.salvador-dali.org\/fr\/wp-json\/wp\/v2\/pages"}],"about":[{"href":"https:\/\/staging.salvador-dali.org\/fr\/wp-json\/wp\/v2\/types\/page"}],"author":[{"embeddable":true,"href":"https:\/\/staging.salvador-dali.org\/fr\/wp-json\/wp\/v2\/users\/3"}],"replies":[{"embeddable":true,"href":"https:\/\/staging.salvador-dali.org\/fr\/wp-json\/wp\/v2\/comments?post=7635"}],"version-history":[{"count":0,"href":"https:\/\/staging.salvador-dali.org\/fr\/wp-json\/wp\/v2\/pages\/7635\/revisions"}],"up":[{"embeddable":true,"href":"https:\/\/staging.salvador-dali.org\/fr\/wp-json\/wp\/v2\/pages\/7623"}],"wp:featuredmedia":[{"embeddable":true,"href":"https:\/\/staging.salvador-dali.org\/fr\/wp-json\/wp\/v2\/media\/2104"}],"wp:attachment":[{"href":"https:\/\/staging.salvador-dali.org\/fr\/wp-json\/wp\/v2\/media?parent=7635"}],"wp:term":[{"taxonomy":"category","embeddable":true,"href":"https:\/\/staging.salvador-dali.org\/fr\/wp-json\/wp\/v2\/categories?post=7635"},{"taxonomy":"post_tag","embeddable":true,"href":"https:\/\/staging.salvador-dali.org\/fr\/wp-json\/wp\/v2\/tags?post=7635"}],"curies":[{"name":"wp","href":"https:\/\/api.w.org\/{rel}","templated":true}]}}