{"id":7626,"date":"2025-03-14T15:06:31","date_gmt":"2025-03-14T13:06:31","guid":{"rendered":"https:\/\/staging.salvador-dali.org\/obra\/conservacio-i-restauracio\/el-naixement-de-les-angoixes-liquides-arriba-a-la-fundacio\/"},"modified":"2025-06-29T16:57:33","modified_gmt":"2025-06-29T14:57:33","slug":"la-naissance-des-angoisses-liquides-arrive-a-la-fondation-dali","status":"publish","type":"page","link":"https:\/\/staging.salvador-dali.org\/fr\/oeuvre\/conservation-et-restauration\/la-naissance-des-angoisses-liquides-arrive-a-la-fondation-dali\/","title":{"rendered":"\u00ab La Naissance des angoisses liquides \u00bb arrive \u00e0 la Fondation Dal\u00ed"},"content":{"rendered":"\n<div class=\"wp-block-columns global-column is-layout-flex wp-container-core-columns-is-layout-9d6595d7 wp-block-columns-is-layout-flex\">\n<div class=\"wp-block-column is-layout-flow wp-block-column-is-layout-flow\">\n<p class=\"entradeta\">Sous la supervision attentive de la cheffe de la Conservation et Restauration, qui s\u2019\u00e9tait rendue sur place quelques mois plus t\u00f4t pour en v\u00e9rifier l\u2019\u00e9tat, la peinture a \u00e9t\u00e9 d\u00e9ball\u00e9e, examin\u00e9e et int\u00e9gr\u00e9e \u00e0 nos r\u00e9serves.<\/p>\n<\/div>\n<\/div>\n\n\n    <div  class=\"wp-block-columns swiper-column  intro intro-images bloc-destacats imatges\" style=\"background-image: linear-gradient(to right, white, white)\">\n        <div class=\"wp-block-column\">\n            <div id=\"swiper-69e54f329b4f2\" class=\"swiper destacats dues\" >\n                <div class=\"swiper-wrapper\">\n\n                                            <div class=\"swiper-slide intro\">\n                            <span class=\"image-background\" style=\"background-image:url(https:\/\/staging.salvador-dali.org\/wp-content\/uploads\/2025\/03\/IMG_7600-768x1024.jpg)\"><\/span>\n                            \n                        <\/div>\n                        <div class=\"swiper-slide\">\n                           <div class=\"descripcio\">\n                            <h2>L\u2019arriv\u00e9e d\u2019une pi\u00e8ce unique<\/h2>\n                            <p>L\u2019une des missions importantes de l\u2019\u00e9quipe de conservation et restauration consiste \u00e0 r\u00e9diger des rapports sur la technique picturale et l\u2019\u00e9tat de conservation afin de compl\u00e9ter les propositions d\u2019acquisition d\u2019une \u0153uvre. Dans ce cas, la conservatrice-restauratrice s\u2019est d\u00e9plac\u00e9e pour examiner la peinture in situ, en v\u00e9rifier l\u2019\u00e9tat de conservation et les mat\u00e9riaux, et documenter la pi\u00e8ce par des photographies.<\/p>\n<p>Dans ce type d\u2019intervention, des clich\u00e9s de d\u00e9tails \u2014 tels que la signature ou d\u2019autres \u00e9l\u00e9ments significatifs \u2014 sont r\u00e9alis\u00e9s sous diff\u00e9rents types de lumi\u00e8re afin d\u2019en extraire un maximum d\u2019informations \u00e0 transmettre \u00e0 l\u2019\u00e9quipe de conservateurs et au service des acquisitions de la Fondation.<\/p>\n<p>L\u2019examen de <em>La Naissance des angoisses liquides<\/em> a permis de confirmer la technique dalinienne propre \u00e0 cette p\u00e9riode et a conclu que l\u2019\u0153uvre se trouve dans un bon \u00e9tat de conservation, stable.<br \/>\nAujourd\u2019hui, cette pi\u00e8ce est expos\u00e9e dans les salles d\u2019expositions temporaires, en attendant d\u2019\u00eatre contempl\u00e9e par vous.<\/p>\n                            <\/div>\n\n                            \n                            \n                        <\/div>\n                    \n\n                    \n                        \n                        <div class=\"swiper-slide\">\n                                                            <figure>\n                                    <a data-fancybox=\"gallery-69e54f329b4f2\" data-src=\"https:\/\/staging.salvador-dali.org\/wp-content\/uploads\/2025\/03\/IMG_7587-scaled.jpg\" data-caption=\"\">\n                                        <img decoding=\"async\" src=\"https:\/\/staging.salvador-dali.org\/wp-content\/uploads\/2025\/03\/IMG_7587-768x1024.jpg\" alt=\"\"> \n\t\t\t\t          \t\t\t<\/a>\n                                                                        <figcaption class=\"custom-caption\"><\/figcaption>\n                                <\/figure>\n                                                    <\/div>\n\n                    \n                        \n                        <div class=\"swiper-slide\">\n                                                            <figure>\n                                    <a data-fancybox=\"gallery-69e54f329b4f2\" data-src=\"https:\/\/staging.salvador-dali.org\/wp-content\/uploads\/2025\/03\/IMG_7562-scaled.jpg\" data-caption=\"\">\n                                        <img decoding=\"async\" src=\"https:\/\/staging.salvador-dali.org\/wp-content\/uploads\/2025\/03\/IMG_7562-716x1024.jpg\" alt=\"\"> \n\t\t\t\t          \t\t\t<\/a>\n                                                                        <figcaption class=\"custom-caption\"><\/figcaption>\n                                <\/figure>\n                                                    <\/div>\n\n                                    <\/div>\n                <!-- Swiper navigation buttons -->\n                <div class=\"swiper-button-prev\">\n                    <span class=\"screen-reader-text\">Diapositive pr\u00e9c\u00e9dente<\/span>\n                <\/div>\n                <div class=\"swiper-button-next\">\n                    <span class=\"screen-reader-text\">Diapositiva seg\u00fcent<\/span>\n                <\/div>\n            <\/div>\n        <\/div>\n    <\/div>\n\n\n\n<!-- Swiper JS -->\n<script src=\"https:\/\/cdn.jsdelivr.net\/npm\/swiper@11\/swiper-bundle.min.js\"><\/script>\n\n<!-- Initialize Swiper -->\n<script>\n\njQuery( document ).ready(function() {      \n\n    Tipus = 'intro-images';\n\n    updateSpaceBetween();\n    spaceBetweenInicial = 60;\n    \n    if (Tipus=='intro-images' ) {\n    \/\/    spaceBetweenValueModul = 0;\n    }\n\n\n\n    console.log(\"spaceBetweenValueModul\",spaceBetweenValueModul);\n\n    var swiper = new Swiper(\"#swiper-69e54f329b4f2\", {\n      slidesPerView: \"auto\",\n      spaceBetween: spaceBetweenInicial,\n      \tfreeMode: true,\n\t  \tbreakpoints: {\n\t        \/\/ Quan l'amplada de la pantalla sigui major a 1024px\n\t        1024: {\n\t            spaceBetween: spaceBetweenValue,\n\t        },\n\t    },\n        \/\/ Navigation arrows\n        navigation: {\n            nextEl: '.swiper-button-next',\n            prevEl: '.swiper-button-prev',\n        },\n        mousewheel: {\n            releaseOnEdges: true,\n            forceToAxis: true,\n            sensitivity:    1,\n        },\n        a11y: {\n            prevSlideMessage: 'Diapositive pr\u00e9c\u00e9dente',\n            nextSlideMessage: 'Diapositiva seg\u00fcent',\n        },\n    });\n\n\n \n\n\n    \/*\n    jQuery('.bloc-destacats').each(function() {\n        const nextDiv = jQuery(this).next('div');\n        if (nextDiv.hasClass('contingut-ampliat')) {\n            console.log('T\u00e9 .contingut-ampliat despr\u00e9s');\n            \/\/ Aqu\u00ed pots fer accions, per exemple:\n            \/\/ $nextDiv.addClass('marcat'); o $(this).append($nextDiv);\n        }\n    });\n    *\/\n})\n<\/script>\n\n","protected":false},"excerpt":{"rendered":"<p>Sous la supervision attentive de la cheffe de la Conservation et Restauration, qui s\u2019\u00e9tait rendue sur place quelques mois plus t\u00f4t pour en v\u00e9rifier l\u2019\u00e9tat, la peinture a \u00e9t\u00e9 d\u00e9ball\u00e9e, examin\u00e9e et int\u00e9gr\u00e9e \u00e0 nos r\u00e9serves.<\/p>\n","protected":false},"author":3,"featured_media":2134,"parent":7623,"menu_order":0,"comment_status":"closed","ping_status":"closed","template":"","meta":{"_acf_changed":false,"_coblocks_attr":"","_coblocks_dimensions":"","_coblocks_responsive_height":"","_coblocks_accordion_ie_support":"","footnotes":""},"categories":[],"tags":[],"class_list":["post-7626","page","type-page","status-publish","has-post-thumbnail","hentry"],"acf":[],"yoast_head":"<!-- This site is optimized with the Yoast SEO plugin v26.8 - https:\/\/yoast.com\/product\/yoast-seo-wordpress\/ -->\n<title>\u00ab La Naissance des angoisses liquides \u00bb arrive \u00e0 la Fondation Dal\u00ed - Fundaci\u00f3 Gala - Salvador Dal\u00ed<\/title>\n<meta name=\"robots\" content=\"noindex, follow, max-snippet:-1, max-image-preview:large, max-video-preview:-1\" \/>\n<meta property=\"og:locale\" content=\"fr_FR\" \/>\n<meta property=\"og:type\" content=\"article\" \/>\n<meta property=\"og:title\" content=\"\u00ab La Naissance des angoisses liquides \u00bb arrive \u00e0 la Fondation Dal\u00ed - Fundaci\u00f3 Gala - Salvador Dal\u00ed\" \/>\n<meta property=\"og:description\" content=\"Sous la supervision attentive de la cheffe de la Conservation et Restauration, qui s\u2019\u00e9tait rendue sur place quelques mois plus t\u00f4t pour en v\u00e9rifier l\u2019\u00e9tat, la peinture a \u00e9t\u00e9 d\u00e9ball\u00e9e, examin\u00e9e et int\u00e9gr\u00e9e \u00e0 nos r\u00e9serves.\" \/>\n<meta property=\"og:url\" content=\"https:\/\/staging.salvador-dali.org\/fr\/oeuvre\/conservation-et-restauration\/la-naissance-des-angoisses-liquides-arrive-a-la-fondation-dali\/\" \/>\n<meta property=\"og:site_name\" content=\"Fundaci\u00f3 Gala - Salvador Dal\u00ed\" \/>\n<meta property=\"article:publisher\" content=\"https:\/\/www.facebook.com\/MuseusDali\" \/>\n<meta property=\"article:modified_time\" content=\"2025-06-29T14:57:33+00:00\" \/>\n<meta property=\"og:image\" content=\"https:\/\/staging.salvador-dali.org\/wp-content\/uploads\/2025\/03\/IMG_0286-scaled.jpg\" \/>\n\t<meta property=\"og:image:width\" content=\"2560\" \/>\n\t<meta property=\"og:image:height\" content=\"1920\" \/>\n\t<meta property=\"og:image:type\" content=\"image\/jpeg\" \/>\n<meta name=\"twitter:card\" content=\"summary_large_image\" \/>\n<meta name=\"twitter:site\" content=\"@MuseuDali\" \/>\n<meta name=\"twitter:label1\" content=\"Dur\u00e9e de lecture estim\u00e9e\" \/>\n\t<meta name=\"twitter:data1\" content=\"1 minute\" \/>\n<script type=\"application\/ld+json\" class=\"yoast-schema-graph\">{\"@context\":\"https:\/\/schema.org\",\"@graph\":[{\"@type\":\"WebPage\",\"@id\":\"https:\/\/staging.salvador-dali.org\/fr\/oeuvre\/conservation-et-restauration\/la-naissance-des-angoisses-liquides-arrive-a-la-fondation-dali\/\",\"url\":\"https:\/\/staging.salvador-dali.org\/fr\/oeuvre\/conservation-et-restauration\/la-naissance-des-angoisses-liquides-arrive-a-la-fondation-dali\/\",\"name\":\"\u00ab La Naissance des angoisses liquides \u00bb arrive \u00e0 la Fondation Dal\u00ed - Fundaci\u00f3 Gala - Salvador Dal\u00ed\",\"isPartOf\":{\"@id\":\"https:\/\/staging.salvador-dali.org\/fr\/#website\"},\"primaryImageOfPage\":{\"@id\":\"https:\/\/staging.salvador-dali.org\/fr\/oeuvre\/conservation-et-restauration\/la-naissance-des-angoisses-liquides-arrive-a-la-fondation-dali\/#primaryimage\"},\"image\":{\"@id\":\"https:\/\/staging.salvador-dali.org\/fr\/oeuvre\/conservation-et-restauration\/la-naissance-des-angoisses-liquides-arrive-a-la-fondation-dali\/#primaryimage\"},\"thumbnailUrl\":\"https:\/\/staging.salvador-dali.org\/wp-content\/uploads\/2025\/03\/IMG_0286-scaled.jpg\",\"datePublished\":\"2025-03-14T13:06:31+00:00\",\"dateModified\":\"2025-06-29T14:57:33+00:00\",\"breadcrumb\":{\"@id\":\"https:\/\/staging.salvador-dali.org\/fr\/oeuvre\/conservation-et-restauration\/la-naissance-des-angoisses-liquides-arrive-a-la-fondation-dali\/#breadcrumb\"},\"inLanguage\":\"fr-FR\",\"potentialAction\":[{\"@type\":\"ReadAction\",\"target\":[\"https:\/\/staging.salvador-dali.org\/fr\/oeuvre\/conservation-et-restauration\/la-naissance-des-angoisses-liquides-arrive-a-la-fondation-dali\/\"]}]},{\"@type\":\"ImageObject\",\"inLanguage\":\"fr-FR\",\"@id\":\"https:\/\/staging.salvador-dali.org\/fr\/oeuvre\/conservation-et-restauration\/la-naissance-des-angoisses-liquides-arrive-a-la-fondation-dali\/#primaryimage\",\"url\":\"https:\/\/staging.salvador-dali.org\/wp-content\/uploads\/2025\/03\/IMG_0286-scaled.jpg\",\"contentUrl\":\"https:\/\/staging.salvador-dali.org\/wp-content\/uploads\/2025\/03\/IMG_0286-scaled.jpg\",\"width\":2560,\"height\":1920},{\"@type\":\"BreadcrumbList\",\"@id\":\"https:\/\/staging.salvador-dali.org\/fr\/oeuvre\/conservation-et-restauration\/la-naissance-des-angoisses-liquides-arrive-a-la-fondation-dali\/#breadcrumb\",\"itemListElement\":[{\"@type\":\"ListItem\",\"position\":1,\"name\":\"Inici\",\"item\":\"https:\/\/staging.salvador-dali.org\/fr\/\"},{\"@type\":\"ListItem\",\"position\":2,\"name\":\"\u00ab La Naissance des angoisses liquides \u00bb arrive \u00e0 la Fondation Dal\u00ed\"}]},{\"@type\":\"WebSite\",\"@id\":\"https:\/\/staging.salvador-dali.org\/fr\/#website\",\"url\":\"https:\/\/staging.salvador-dali.org\/fr\/\",\"name\":\"Fundaci\u00f3 Gala - Salvador Dal\u00ed\",\"description\":\"\",\"publisher\":{\"@id\":\"https:\/\/staging.salvador-dali.org\/fr\/#organization\"},\"potentialAction\":[{\"@type\":\"SearchAction\",\"target\":{\"@type\":\"EntryPoint\",\"urlTemplate\":\"https:\/\/staging.salvador-dali.org\/fr\/?s={search_term_string}\"},\"query-input\":{\"@type\":\"PropertyValueSpecification\",\"valueRequired\":true,\"valueName\":\"search_term_string\"}}],\"inLanguage\":\"fr-FR\"},{\"@type\":\"Organization\",\"@id\":\"https:\/\/staging.salvador-dali.org\/fr\/#organization\",\"name\":\"Fundaci\u00f3 Gala - Salvador Dal\u00ed\",\"url\":\"https:\/\/staging.salvador-dali.org\/fr\/\",\"logo\":{\"@type\":\"ImageObject\",\"inLanguage\":\"fr-FR\",\"@id\":\"https:\/\/staging.salvador-dali.org\/fr\/#\/schema\/logo\/image\/\",\"url\":\"https:\/\/staging.salvador-dali.org\/wp-content\/uploads\/2025\/04\/fundacio-gala-salvador-dali.png\",\"contentUrl\":\"https:\/\/staging.salvador-dali.org\/wp-content\/uploads\/2025\/04\/fundacio-gala-salvador-dali.png\",\"width\":240,\"height\":240,\"caption\":\"Fundaci\u00f3 Gala - Salvador Dal\u00ed\"},\"image\":{\"@id\":\"https:\/\/staging.salvador-dali.org\/fr\/#\/schema\/logo\/image\/\"},\"sameAs\":[\"https:\/\/www.facebook.com\/MuseusDali\",\"https:\/\/x.com\/MuseuDali\",\"https:\/\/www.youtube.com\/user\/FundacioDali\",\"https:\/\/www.flickr.com\/fundacio_dali\/\",\"https:\/\/instagram.com\/museudali\"]}]}<\/script>\n<!-- \/ Yoast SEO plugin. -->","yoast_head_json":{"title":"\u00ab La Naissance des angoisses liquides \u00bb arrive \u00e0 la Fondation Dal\u00ed - Fundaci\u00f3 Gala - Salvador Dal\u00ed","robots":{"index":"noindex","follow":"follow","max-snippet":"max-snippet:-1","max-image-preview":"max-image-preview:large","max-video-preview":"max-video-preview:-1"},"og_locale":"fr_FR","og_type":"article","og_title":"\u00ab La Naissance des angoisses liquides \u00bb arrive \u00e0 la Fondation Dal\u00ed - Fundaci\u00f3 Gala - Salvador Dal\u00ed","og_description":"Sous la supervision attentive de la cheffe de la Conservation et Restauration, qui s\u2019\u00e9tait rendue sur place quelques mois plus t\u00f4t pour en v\u00e9rifier l\u2019\u00e9tat, la peinture a \u00e9t\u00e9 d\u00e9ball\u00e9e, examin\u00e9e et int\u00e9gr\u00e9e \u00e0 nos r\u00e9serves.","og_url":"https:\/\/staging.salvador-dali.org\/fr\/oeuvre\/conservation-et-restauration\/la-naissance-des-angoisses-liquides-arrive-a-la-fondation-dali\/","og_site_name":"Fundaci\u00f3 Gala - Salvador Dal\u00ed","article_publisher":"https:\/\/www.facebook.com\/MuseusDali","article_modified_time":"2025-06-29T14:57:33+00:00","og_image":[{"width":2560,"height":1920,"url":"https:\/\/staging.salvador-dali.org\/wp-content\/uploads\/2025\/03\/IMG_0286-scaled.jpg","type":"image\/jpeg"}],"twitter_card":"summary_large_image","twitter_site":"@MuseuDali","twitter_misc":{"Dur\u00e9e de lecture estim\u00e9e":"1 minute"},"schema":{"@context":"https:\/\/schema.org","@graph":[{"@type":"WebPage","@id":"https:\/\/staging.salvador-dali.org\/fr\/oeuvre\/conservation-et-restauration\/la-naissance-des-angoisses-liquides-arrive-a-la-fondation-dali\/","url":"https:\/\/staging.salvador-dali.org\/fr\/oeuvre\/conservation-et-restauration\/la-naissance-des-angoisses-liquides-arrive-a-la-fondation-dali\/","name":"\u00ab La Naissance des angoisses liquides \u00bb arrive \u00e0 la Fondation Dal\u00ed - Fundaci\u00f3 Gala - Salvador Dal\u00ed","isPartOf":{"@id":"https:\/\/staging.salvador-dali.org\/fr\/#website"},"primaryImageOfPage":{"@id":"https:\/\/staging.salvador-dali.org\/fr\/oeuvre\/conservation-et-restauration\/la-naissance-des-angoisses-liquides-arrive-a-la-fondation-dali\/#primaryimage"},"image":{"@id":"https:\/\/staging.salvador-dali.org\/fr\/oeuvre\/conservation-et-restauration\/la-naissance-des-angoisses-liquides-arrive-a-la-fondation-dali\/#primaryimage"},"thumbnailUrl":"https:\/\/staging.salvador-dali.org\/wp-content\/uploads\/2025\/03\/IMG_0286-scaled.jpg","datePublished":"2025-03-14T13:06:31+00:00","dateModified":"2025-06-29T14:57:33+00:00","breadcrumb":{"@id":"https:\/\/staging.salvador-dali.org\/fr\/oeuvre\/conservation-et-restauration\/la-naissance-des-angoisses-liquides-arrive-a-la-fondation-dali\/#breadcrumb"},"inLanguage":"fr-FR","potentialAction":[{"@type":"ReadAction","target":["https:\/\/staging.salvador-dali.org\/fr\/oeuvre\/conservation-et-restauration\/la-naissance-des-angoisses-liquides-arrive-a-la-fondation-dali\/"]}]},{"@type":"ImageObject","inLanguage":"fr-FR","@id":"https:\/\/staging.salvador-dali.org\/fr\/oeuvre\/conservation-et-restauration\/la-naissance-des-angoisses-liquides-arrive-a-la-fondation-dali\/#primaryimage","url":"https:\/\/staging.salvador-dali.org\/wp-content\/uploads\/2025\/03\/IMG_0286-scaled.jpg","contentUrl":"https:\/\/staging.salvador-dali.org\/wp-content\/uploads\/2025\/03\/IMG_0286-scaled.jpg","width":2560,"height":1920},{"@type":"BreadcrumbList","@id":"https:\/\/staging.salvador-dali.org\/fr\/oeuvre\/conservation-et-restauration\/la-naissance-des-angoisses-liquides-arrive-a-la-fondation-dali\/#breadcrumb","itemListElement":[{"@type":"ListItem","position":1,"name":"Inici","item":"https:\/\/staging.salvador-dali.org\/fr\/"},{"@type":"ListItem","position":2,"name":"\u00ab La Naissance des angoisses liquides \u00bb arrive \u00e0 la Fondation Dal\u00ed"}]},{"@type":"WebSite","@id":"https:\/\/staging.salvador-dali.org\/fr\/#website","url":"https:\/\/staging.salvador-dali.org\/fr\/","name":"Fundaci\u00f3 Gala - Salvador Dal\u00ed","description":"","publisher":{"@id":"https:\/\/staging.salvador-dali.org\/fr\/#organization"},"potentialAction":[{"@type":"SearchAction","target":{"@type":"EntryPoint","urlTemplate":"https:\/\/staging.salvador-dali.org\/fr\/?s={search_term_string}"},"query-input":{"@type":"PropertyValueSpecification","valueRequired":true,"valueName":"search_term_string"}}],"inLanguage":"fr-FR"},{"@type":"Organization","@id":"https:\/\/staging.salvador-dali.org\/fr\/#organization","name":"Fundaci\u00f3 Gala - Salvador Dal\u00ed","url":"https:\/\/staging.salvador-dali.org\/fr\/","logo":{"@type":"ImageObject","inLanguage":"fr-FR","@id":"https:\/\/staging.salvador-dali.org\/fr\/#\/schema\/logo\/image\/","url":"https:\/\/staging.salvador-dali.org\/wp-content\/uploads\/2025\/04\/fundacio-gala-salvador-dali.png","contentUrl":"https:\/\/staging.salvador-dali.org\/wp-content\/uploads\/2025\/04\/fundacio-gala-salvador-dali.png","width":240,"height":240,"caption":"Fundaci\u00f3 Gala - Salvador Dal\u00ed"},"image":{"@id":"https:\/\/staging.salvador-dali.org\/fr\/#\/schema\/logo\/image\/"},"sameAs":["https:\/\/www.facebook.com\/MuseusDali","https:\/\/x.com\/MuseuDali","https:\/\/www.youtube.com\/user\/FundacioDali","https:\/\/www.flickr.com\/fundacio_dali\/","https:\/\/instagram.com\/museudali"]}]}},"_links":{"self":[{"href":"https:\/\/staging.salvador-dali.org\/fr\/wp-json\/wp\/v2\/pages\/7626","targetHints":{"allow":["GET"]}}],"collection":[{"href":"https:\/\/staging.salvador-dali.org\/fr\/wp-json\/wp\/v2\/pages"}],"about":[{"href":"https:\/\/staging.salvador-dali.org\/fr\/wp-json\/wp\/v2\/types\/page"}],"author":[{"embeddable":true,"href":"https:\/\/staging.salvador-dali.org\/fr\/wp-json\/wp\/v2\/users\/3"}],"replies":[{"embeddable":true,"href":"https:\/\/staging.salvador-dali.org\/fr\/wp-json\/wp\/v2\/comments?post=7626"}],"version-history":[{"count":0,"href":"https:\/\/staging.salvador-dali.org\/fr\/wp-json\/wp\/v2\/pages\/7626\/revisions"}],"up":[{"embeddable":true,"href":"https:\/\/staging.salvador-dali.org\/fr\/wp-json\/wp\/v2\/pages\/7623"}],"wp:featuredmedia":[{"embeddable":true,"href":"https:\/\/staging.salvador-dali.org\/fr\/wp-json\/wp\/v2\/media\/2134"}],"wp:attachment":[{"href":"https:\/\/staging.salvador-dali.org\/fr\/wp-json\/wp\/v2\/media?parent=7626"}],"wp:term":[{"taxonomy":"category","embeddable":true,"href":"https:\/\/staging.salvador-dali.org\/fr\/wp-json\/wp\/v2\/categories?post=7626"},{"taxonomy":"post_tag","embeddable":true,"href":"https:\/\/staging.salvador-dali.org\/fr\/wp-json\/wp\/v2\/tags?post=7626"}],"curies":[{"name":"wp","href":"https:\/\/api.w.org\/{rel}","templated":true}]}}