{"id":7321,"date":"2025-05-27T09:16:02","date_gmt":"2025-05-27T07:16:02","guid":{"rendered":"https:\/\/staging.salvador-dali.org\/accessibilitat-web\/"},"modified":"2025-07-01T21:54:41","modified_gmt":"2025-07-01T19:54:41","slug":"accessibilite-web","status":"publish","type":"page","link":"https:\/\/staging.salvador-dali.org\/fr\/accessibilite-web\/","title":{"rendered":"Accessibilit\u00e9 Web"},"content":{"rendered":"\n<div class=\"wp-block-columns global-column is-layout-flex wp-container-core-columns-is-layout-9d6595d7 wp-block-columns-is-layout-flex\">\n<div class=\"wp-block-column is-layout-flow wp-block-column-is-layout-flow\">\n<p><strong>\u00c0 la Fondation Gala-Salvador Dal\u00ed, nous nous engageons \u00e0 garantir que notre site web soit accessible \u00e0 toutes et tous.<\/strong><\/p>\n\n\n\n<p><strong>Engagement en mati\u00e8re d&rsquo;accessibilit\u00e9<\/strong><\/p>\n\n\n\n<p>Notre objectif est que toutes et tous puissent percevoir, utiliser, comprendre et naviguer sur notre site de mani\u00e8re autonome et dans des conditions d\u2019\u00e9galit\u00e9.<\/p>\n\n\n\n<p>C\u2019est pourquoi nous travaillons \u00e0 respecter les crit\u00e8res d\u2019accessibilit\u00e9 de niveau AA de la norme UNE-EN 301 549 (\u00e9quivalente aux WCAG 2.1, niveau AA), conform\u00e9ment \u00e0 :<\/p>\n\n\n\n<ul class=\"wp-block-list\">\n<li>La [DIRECTIVE (UE) 2016\/2102] du Parlement europ\u00e9en et du Conseil, d\u2019octobre 2016.<\/li>\n\n\n\n<li>Le [D\u00e9cret royal 1112\/2018] sur l\u2019accessibilit\u00e9 des sites web et des applications mobiles du secteur public.<\/li>\n<\/ul>\n\n\n\n<p><strong>\u00c9tat de l\u2019accessibilit\u00e9<\/strong><\/p>\n\n\n\n<p>Cette page est partiellement conforme aux normes d\u2019accessibilit\u00e9 pour les raisons suivantes :<\/p>\n\n\n\n<p>Nous travaillons encore \u00e0 r\u00e9soudre certains \u00e9l\u00e9ments qui peuvent limiter l\u2019acc\u00e8s pour certain\u00b7e\u00b7s utilisateur\u00b7rice\u00b7s.<\/p>\n\n\n\n<p><strong>Contenus non accessibles (ou en cours d\u2019adaptation)<\/strong><\/p>\n\n\n\n<p>Certaines images ne disposent pas de texte alternatif.<\/p>\n\n\n\n<p><strong>Commentaires et m\u00e9canisme de r\u00e9clamation<\/strong><\/p>\n\n\n\n<p>Si vous constatez une difficult\u00e9 d\u2019acc\u00e8s \u00e0 l\u2019information ou souhaitez signaler un probl\u00e8me d\u2019accessibilit\u00e9, veuillez nous contacter :<\/p>\n\n\n\n<ul class=\"wp-block-list\">\n<li>Courriel : <strong><a>comunicacio@fundaciodali.org<\/a><\/strong><\/li>\n\n\n\n<li>T\u00e9l\u00e9phone : <strong>+34 972 677 505<\/strong><\/li>\n\n\n\n<li>Adresse postale : <strong>Torre Galatea \u2013 Pujada del Castell, 28 \u2013 17600 Figueres, Espagne<\/strong><\/li>\n<\/ul>\n\n\n\n<p>Vos commentaires seront \u00e9valu\u00e9s par l\u2019\u00e9quipe en charge de l\u2019accessibilit\u00e9 afin de trouver une solution dans les plus brefs d\u00e9lais.<\/p>\n\n\n\n<p><strong>Proc\u00e9dure de recours<\/strong><\/p>\n\n\n\n<p>Si vous n\u2019\u00eates pas satisfait\u00b7e de la r\u00e9ponse re\u00e7ue, vous pouvez d\u00e9poser une r\u00e9clamation conform\u00e9ment au D\u00e9cret royal 1112\/2018, via le m\u00e9canisme pr\u00e9vu par l\u2019autorit\u00e9 de surveillance comp\u00e9tente.<\/p>\n\n\n\n<p><strong>Derni\u00e8re mise \u00e0 jour de cette d\u00e9claration d\u2019accessibilit\u00e9 : 13 juin 2025<\/strong><\/p>\n<\/div>\n<\/div>\n\n<div style=\"height:200px\" aria-hidden=\"true\" class=\"wp-block-spacer\"><\/div>\n","protected":false},"excerpt":{"rendered":"<p>\u00c0 la Fondation Gala-Salvador Dal\u00ed, nous nous engageons \u00e0 garantir que notre site web soit accessible \u00e0 toutes et tous. Engagement en mati\u00e8re d&rsquo;accessibilit\u00e9 Notre objectif est que toutes et tous puissent percevoir, utiliser, comprendre et naviguer sur notre site de mani\u00e8re autonome et dans des conditions d\u2019\u00e9galit\u00e9. C\u2019est pourquoi nous travaillons \u00e0 respecter les [&hellip;]<\/p>\n","protected":false},"author":1,"featured_media":0,"parent":0,"menu_order":2,"comment_status":"closed","ping_status":"closed","template":"","meta":{"_acf_changed":false,"_coblocks_attr":"","_coblocks_dimensions":"","_coblocks_responsive_height":"","_coblocks_accordion_ie_support":"","footnotes":""},"categories":[],"tags":[],"class_list":["post-7321","page","type-page","status-publish","hentry"],"acf":[],"yoast_head":"<!-- This site is optimized with the Yoast SEO plugin v26.8 - https:\/\/yoast.com\/product\/yoast-seo-wordpress\/ -->\n<title>Accessibilit\u00e9 Web - Fundaci\u00f3 Gala - Salvador Dal\u00ed<\/title>\n<meta name=\"robots\" content=\"noindex, follow, max-snippet:-1, max-image-preview:large, max-video-preview:-1\" \/>\n<meta property=\"og:locale\" content=\"fr_FR\" \/>\n<meta property=\"og:type\" content=\"article\" \/>\n<meta property=\"og:title\" content=\"Accessibilit\u00e9 Web - Fundaci\u00f3 Gala - Salvador Dal\u00ed\" \/>\n<meta property=\"og:description\" content=\"\u00c0 la Fondation Gala-Salvador Dal\u00ed, nous nous engageons \u00e0 garantir que notre site web soit accessible \u00e0 toutes et tous. Engagement en mati\u00e8re d&rsquo;accessibilit\u00e9 Notre objectif est que toutes et tous puissent percevoir, utiliser, comprendre et naviguer sur notre site de mani\u00e8re autonome et dans des conditions d\u2019\u00e9galit\u00e9. C\u2019est pourquoi nous travaillons \u00e0 respecter les [&hellip;]\" \/>\n<meta property=\"og:url\" content=\"https:\/\/staging.salvador-dali.org\/fr\/accessibilite-web\/\" \/>\n<meta property=\"og:site_name\" content=\"Fundaci\u00f3 Gala - Salvador Dal\u00ed\" \/>\n<meta property=\"article:publisher\" content=\"https:\/\/www.facebook.com\/MuseusDali\" \/>\n<meta property=\"article:modified_time\" content=\"2025-07-01T19:54:41+00:00\" \/>\n<meta name=\"twitter:card\" content=\"summary_large_image\" \/>\n<meta name=\"twitter:site\" content=\"@MuseuDali\" \/>\n<meta name=\"twitter:label1\" content=\"Dur\u00e9e de lecture estim\u00e9e\" \/>\n\t<meta name=\"twitter:data1\" content=\"2 minutes\" \/>\n<script type=\"application\/ld+json\" class=\"yoast-schema-graph\">{\"@context\":\"https:\/\/schema.org\",\"@graph\":[{\"@type\":\"WebPage\",\"@id\":\"https:\/\/staging.salvador-dali.org\/fr\/accessibilite-web\/\",\"url\":\"https:\/\/staging.salvador-dali.org\/fr\/accessibilite-web\/\",\"name\":\"Accessibilit\u00e9 Web - Fundaci\u00f3 Gala - Salvador Dal\u00ed\",\"isPartOf\":{\"@id\":\"https:\/\/staging.salvador-dali.org\/fr\/#website\"},\"datePublished\":\"2025-05-27T07:16:02+00:00\",\"dateModified\":\"2025-07-01T19:54:41+00:00\",\"breadcrumb\":{\"@id\":\"https:\/\/staging.salvador-dali.org\/fr\/accessibilite-web\/#breadcrumb\"},\"inLanguage\":\"fr-FR\",\"potentialAction\":[{\"@type\":\"ReadAction\",\"target\":[\"https:\/\/staging.salvador-dali.org\/fr\/accessibilite-web\/\"]}]},{\"@type\":\"BreadcrumbList\",\"@id\":\"https:\/\/staging.salvador-dali.org\/fr\/accessibilite-web\/#breadcrumb\",\"itemListElement\":[{\"@type\":\"ListItem\",\"position\":1,\"name\":\"Inici\",\"item\":\"https:\/\/staging.salvador-dali.org\/fr\/\"},{\"@type\":\"ListItem\",\"position\":2,\"name\":\"Accessibilit\u00e9 Web\"}]},{\"@type\":\"WebSite\",\"@id\":\"https:\/\/staging.salvador-dali.org\/fr\/#website\",\"url\":\"https:\/\/staging.salvador-dali.org\/fr\/\",\"name\":\"Fundaci\u00f3 Gala - Salvador Dal\u00ed\",\"description\":\"\",\"publisher\":{\"@id\":\"https:\/\/staging.salvador-dali.org\/fr\/#organization\"},\"potentialAction\":[{\"@type\":\"SearchAction\",\"target\":{\"@type\":\"EntryPoint\",\"urlTemplate\":\"https:\/\/staging.salvador-dali.org\/fr\/?s={search_term_string}\"},\"query-input\":{\"@type\":\"PropertyValueSpecification\",\"valueRequired\":true,\"valueName\":\"search_term_string\"}}],\"inLanguage\":\"fr-FR\"},{\"@type\":\"Organization\",\"@id\":\"https:\/\/staging.salvador-dali.org\/fr\/#organization\",\"name\":\"Fundaci\u00f3 Gala - Salvador Dal\u00ed\",\"url\":\"https:\/\/staging.salvador-dali.org\/fr\/\",\"logo\":{\"@type\":\"ImageObject\",\"inLanguage\":\"fr-FR\",\"@id\":\"https:\/\/staging.salvador-dali.org\/fr\/#\/schema\/logo\/image\/\",\"url\":\"https:\/\/staging.salvador-dali.org\/wp-content\/uploads\/2025\/04\/fundacio-gala-salvador-dali.png\",\"contentUrl\":\"https:\/\/staging.salvador-dali.org\/wp-content\/uploads\/2025\/04\/fundacio-gala-salvador-dali.png\",\"width\":240,\"height\":240,\"caption\":\"Fundaci\u00f3 Gala - Salvador Dal\u00ed\"},\"image\":{\"@id\":\"https:\/\/staging.salvador-dali.org\/fr\/#\/schema\/logo\/image\/\"},\"sameAs\":[\"https:\/\/www.facebook.com\/MuseusDali\",\"https:\/\/x.com\/MuseuDali\",\"https:\/\/www.youtube.com\/user\/FundacioDali\",\"https:\/\/www.flickr.com\/fundacio_dali\/\",\"https:\/\/instagram.com\/museudali\"]}]}<\/script>\n<!-- \/ Yoast SEO plugin. -->","yoast_head_json":{"title":"Accessibilit\u00e9 Web - Fundaci\u00f3 Gala - Salvador Dal\u00ed","robots":{"index":"noindex","follow":"follow","max-snippet":"max-snippet:-1","max-image-preview":"max-image-preview:large","max-video-preview":"max-video-preview:-1"},"og_locale":"fr_FR","og_type":"article","og_title":"Accessibilit\u00e9 Web - Fundaci\u00f3 Gala - Salvador Dal\u00ed","og_description":"\u00c0 la Fondation Gala-Salvador Dal\u00ed, nous nous engageons \u00e0 garantir que notre site web soit accessible \u00e0 toutes et tous. Engagement en mati\u00e8re d&rsquo;accessibilit\u00e9 Notre objectif est que toutes et tous puissent percevoir, utiliser, comprendre et naviguer sur notre site de mani\u00e8re autonome et dans des conditions d\u2019\u00e9galit\u00e9. C\u2019est pourquoi nous travaillons \u00e0 respecter les [&hellip;]","og_url":"https:\/\/staging.salvador-dali.org\/fr\/accessibilite-web\/","og_site_name":"Fundaci\u00f3 Gala - Salvador Dal\u00ed","article_publisher":"https:\/\/www.facebook.com\/MuseusDali","article_modified_time":"2025-07-01T19:54:41+00:00","twitter_card":"summary_large_image","twitter_site":"@MuseuDali","twitter_misc":{"Dur\u00e9e de lecture estim\u00e9e":"2 minutes"},"schema":{"@context":"https:\/\/schema.org","@graph":[{"@type":"WebPage","@id":"https:\/\/staging.salvador-dali.org\/fr\/accessibilite-web\/","url":"https:\/\/staging.salvador-dali.org\/fr\/accessibilite-web\/","name":"Accessibilit\u00e9 Web - Fundaci\u00f3 Gala - Salvador Dal\u00ed","isPartOf":{"@id":"https:\/\/staging.salvador-dali.org\/fr\/#website"},"datePublished":"2025-05-27T07:16:02+00:00","dateModified":"2025-07-01T19:54:41+00:00","breadcrumb":{"@id":"https:\/\/staging.salvador-dali.org\/fr\/accessibilite-web\/#breadcrumb"},"inLanguage":"fr-FR","potentialAction":[{"@type":"ReadAction","target":["https:\/\/staging.salvador-dali.org\/fr\/accessibilite-web\/"]}]},{"@type":"BreadcrumbList","@id":"https:\/\/staging.salvador-dali.org\/fr\/accessibilite-web\/#breadcrumb","itemListElement":[{"@type":"ListItem","position":1,"name":"Inici","item":"https:\/\/staging.salvador-dali.org\/fr\/"},{"@type":"ListItem","position":2,"name":"Accessibilit\u00e9 Web"}]},{"@type":"WebSite","@id":"https:\/\/staging.salvador-dali.org\/fr\/#website","url":"https:\/\/staging.salvador-dali.org\/fr\/","name":"Fundaci\u00f3 Gala - Salvador Dal\u00ed","description":"","publisher":{"@id":"https:\/\/staging.salvador-dali.org\/fr\/#organization"},"potentialAction":[{"@type":"SearchAction","target":{"@type":"EntryPoint","urlTemplate":"https:\/\/staging.salvador-dali.org\/fr\/?s={search_term_string}"},"query-input":{"@type":"PropertyValueSpecification","valueRequired":true,"valueName":"search_term_string"}}],"inLanguage":"fr-FR"},{"@type":"Organization","@id":"https:\/\/staging.salvador-dali.org\/fr\/#organization","name":"Fundaci\u00f3 Gala - Salvador Dal\u00ed","url":"https:\/\/staging.salvador-dali.org\/fr\/","logo":{"@type":"ImageObject","inLanguage":"fr-FR","@id":"https:\/\/staging.salvador-dali.org\/fr\/#\/schema\/logo\/image\/","url":"https:\/\/staging.salvador-dali.org\/wp-content\/uploads\/2025\/04\/fundacio-gala-salvador-dali.png","contentUrl":"https:\/\/staging.salvador-dali.org\/wp-content\/uploads\/2025\/04\/fundacio-gala-salvador-dali.png","width":240,"height":240,"caption":"Fundaci\u00f3 Gala - Salvador Dal\u00ed"},"image":{"@id":"https:\/\/staging.salvador-dali.org\/fr\/#\/schema\/logo\/image\/"},"sameAs":["https:\/\/www.facebook.com\/MuseusDali","https:\/\/x.com\/MuseuDali","https:\/\/www.youtube.com\/user\/FundacioDali","https:\/\/www.flickr.com\/fundacio_dali\/","https:\/\/instagram.com\/museudali"]}]}},"_links":{"self":[{"href":"https:\/\/staging.salvador-dali.org\/fr\/wp-json\/wp\/v2\/pages\/7321","targetHints":{"allow":["GET"]}}],"collection":[{"href":"https:\/\/staging.salvador-dali.org\/fr\/wp-json\/wp\/v2\/pages"}],"about":[{"href":"https:\/\/staging.salvador-dali.org\/fr\/wp-json\/wp\/v2\/types\/page"}],"author":[{"embeddable":true,"href":"https:\/\/staging.salvador-dali.org\/fr\/wp-json\/wp\/v2\/users\/1"}],"replies":[{"embeddable":true,"href":"https:\/\/staging.salvador-dali.org\/fr\/wp-json\/wp\/v2\/comments?post=7321"}],"version-history":[{"count":0,"href":"https:\/\/staging.salvador-dali.org\/fr\/wp-json\/wp\/v2\/pages\/7321\/revisions"}],"wp:attachment":[{"href":"https:\/\/staging.salvador-dali.org\/fr\/wp-json\/wp\/v2\/media?parent=7321"}],"wp:term":[{"taxonomy":"category","embeddable":true,"href":"https:\/\/staging.salvador-dali.org\/fr\/wp-json\/wp\/v2\/categories?post=7321"},{"taxonomy":"post_tag","embeddable":true,"href":"https:\/\/staging.salvador-dali.org\/fr\/wp-json\/wp\/v2\/tags?post=7321"}],"curies":[{"name":"wp","href":"https:\/\/api.w.org\/{rel}","templated":true}]}}