{"id":13780,"date":"2025-07-21T17:07:22","date_gmt":"2025-07-21T15:07:22","guid":{"rendered":"https:\/\/staging.salvador-dali.org\/?page_id=13780"},"modified":"2025-07-25T11:35:27","modified_gmt":"2025-07-25T09:35:27","slug":"expositions-temporaires","status":"publish","type":"page","link":"https:\/\/staging.salvador-dali.org\/fr\/oeuvre\/expositions-temporaires\/","title":{"rendered":"Expositions temporaires"},"content":{"rendered":"\n<div class=\"wp-block-columns facetwp-filters is-layout-flex wp-container-core-columns-is-layout-9d6595d7 wp-block-columns-is-layout-flex\">\n<div class=\"wp-block-column is-layout-flow wp-block-column-is-layout-flow\">\n<p>Langues<\/p>\n\n\n<div class=\"facetwp-facet facetwp-facet-buscador facetwp-type-search\" data-name=\"buscador\" data-type=\"search\"><\/div>\n<\/div>\n<\/div>\n\n\n<div class=\"facetwp-template\" data-name=\"exposicions\"><ul class=\"fwpl-layout list\">\n  \t<li class=\"grid-item\">\n\n        \t\t\n        <div class=\"item-header\">\n            <figure class=\"image\"><img loading=\"lazy\" decoding=\"async\" width=\"254\" height=\"300\" src=\"https:\/\/staging.salvador-dali.org\/wp-content\/uploads\/2025\/07\/1327-large-254x300.jpg\" class=\"attachment-medium size-medium wp-post-image\" alt=\"\" srcset=\"https:\/\/staging.salvador-dali.org\/wp-content\/uploads\/2025\/07\/1327-large-254x300.jpg 254w, https:\/\/staging.salvador-dali.org\/wp-content\/uploads\/2025\/07\/1327-large-865x1024.jpg 865w, https:\/\/staging.salvador-dali.org\/wp-content\/uploads\/2025\/07\/1327-large-768x909.jpg 768w, https:\/\/staging.salvador-dali.org\/wp-content\/uploads\/2025\/07\/1327-large.jpg 1129w\" sizes=\"auto, (max-width: 254px) 100vw, 254px\" \/><\/figure>\n\n            <div class=\"item-location\">\n            Ch\u00e2teau Gala Dal\u00ed            <\/div>\n\n            \n\n            \n\n        <\/div>\n        <div class=\"item-content\">\n\n                        <a href=\"https:\/\/staging.salvador-dali.org\/fr\/education-et-activites\/activite\/le-reveil-du-mythe-gala-dali\/\"><div class=\"title\">Le R\u00e9veil du mythe: Gala Dal\u00ed<\/div><\/a>\n            <div class=\"item-data\">\n            18 mars 2025 - 7 janvier 2026<br>            <\/div>\n            <div class=\"excerpt\">Cette exposition, n\u00e9e de la collaboration entre la Fondation Gala-Salvador Dal\u00ed et La Roca Village, s\u2019inscrit dans le cadre d\u2019un projet plus vaste qui entend mettre en lumi\u00e8re l\u2019identit\u00e9 de Gala Dal\u00ed et son impact sur la mode, la culture et la soci\u00e9t\u00e9.<\/div>\n        <\/div>\n\t\t\n\t<\/li>\n\t\n  \t<li class=\"grid-item\">\n\n        \t\t\n        <div class=\"item-header\">\n            <figure class=\"image\"><img loading=\"lazy\" decoding=\"async\" width=\"300\" height=\"200\" src=\"https:\/\/staging.salvador-dali.org\/wp-content\/uploads\/2025\/02\/Tretre-Museu_organisme-viu_exemple-300x200.jpg\" class=\"attachment-medium size-medium wp-post-image\" alt=\"\" srcset=\"https:\/\/staging.salvador-dali.org\/wp-content\/uploads\/2025\/02\/Tretre-Museu_organisme-viu_exemple-300x200.jpg 300w, https:\/\/staging.salvador-dali.org\/wp-content\/uploads\/2025\/02\/Tretre-Museu_organisme-viu_exemple-768x512.jpg 768w, https:\/\/staging.salvador-dali.org\/wp-content\/uploads\/2025\/02\/Tretre-Museu_organisme-viu_exemple-391x260.jpg 391w, https:\/\/staging.salvador-dali.org\/wp-content\/uploads\/2025\/02\/Tretre-Museu_organisme-viu_exemple.jpg 1024w\" sizes=\"auto, (max-width: 300px) 100vw, 300px\" \/><\/figure>\n\n            <div class=\"item-location\">\n            Th\u00e9\u00e2tre-Mus\u00e9e Dal\u00ed            <\/div>\n\n            \n\n            \n\n        <\/div>\n        <div class=\"item-content\">\n\n                        <a href=\"https:\/\/staging.salvador-dali.org\/fr\/education-et-activites\/activite\/dali-de-nuit-4\/\"><div class=\"title\">Le Th\u00e9\u00e2tre-Mus\u00e9e-Dal\u00ed: un organisme vivant<\/div><\/a>\n            <div class=\"item-data\">\n            28 septembre 2024 - 31 ao\u00fbt 2025<br>            <\/div>\n            <div class=\"excerpt\">Je ne pense pas qu\u2019un mus\u00e9e soit un entrep\u00f4t ou un cimeti\u00e8re, o\u00f9 les grandes \u0153uvres d\u2019art ne sont l\u00e0 que pour satisfaire la curiosit\u00e9 des visiteurs du dimanche. Bien au contraire : un mus\u00e9e est un organisme vivant qui s\u2019accroit, respire et agit ; un organisme vivant qui peut aussi mourir si ses fonctions vitales ne sont pas pr\u00e9serv\u00e9es.<\/div>\n        <\/div>\n\t\t\n\t<\/li>\n\t\n  \t<li class=\"grid-item\">\n\n        \t\t\n        <div class=\"item-header\">\n            <figure class=\"image\"><img loading=\"lazy\" decoding=\"async\" width=\"215\" height=\"300\" src=\"https:\/\/staging.salvador-dali.org\/wp-content\/uploads\/2025\/07\/0952-large-215x300.jpg\" class=\"attachment-medium size-medium wp-post-image\" alt=\"\" srcset=\"https:\/\/staging.salvador-dali.org\/wp-content\/uploads\/2025\/07\/0952-large-215x300.jpg 215w, https:\/\/staging.salvador-dali.org\/wp-content\/uploads\/2025\/07\/0952-large-733x1024.jpg 733w, https:\/\/staging.salvador-dali.org\/wp-content\/uploads\/2025\/07\/0952-large-768x1073.jpg 768w, https:\/\/staging.salvador-dali.org\/wp-content\/uploads\/2025\/07\/0952-large.jpg 800w\" sizes=\"auto, (max-width: 215px) 100vw, 215px\" \/><\/figure>\n\n            <div class=\"item-location\">\n            Th\u00e9\u00e2tre-Mus\u00e9e Dal\u00ed            <\/div>\n\n            \n\n            \n\n        <\/div>\n        <div class=\"item-content\">\n\n                        <a href=\"https:\/\/staging.salvador-dali.org\/fr\/education-et-activites\/activite\/dali-de-nuit-3\/\"><div class=\"title\">Mes peintres de pr\u00e9dilection: Vel\u00e1zquez, Vermeer et Rapha\u00ebl<\/div><\/a>\n            <div class=\"item-data\">\n            28 septembre 2024 - 31 ao\u00fbt 2025<br>            <\/div>\n            <div class=\"excerpt\">Vel\u00e1zquez, Vermeer et Rapha\u00ebl ont \u00e9t\u00e9 fabriqu\u00e9s avec un moule incorruptible et ils sont incorruptibles parce qu'ils sont anti-acad\u00e9miques.<\/div>\n        <\/div>\n\t\t\n\t<\/li>\n\t\n  \t<li class=\"grid-item\">\n\n        \t\t\n        <div class=\"item-header\">\n            <figure class=\"image\"><img loading=\"lazy\" decoding=\"async\" width=\"230\" height=\"300\" src=\"https:\/\/staging.salvador-dali.org\/wp-content\/uploads\/2025\/05\/01_85890dalivisitantmuseus_172969771977_1024-230x300.jpg\" class=\"attachment-medium size-medium wp-post-image\" alt=\"Dal\u00ed visitant el Museu del Louvre\" srcset=\"https:\/\/staging.salvador-dali.org\/wp-content\/uploads\/2025\/05\/01_85890dalivisitantmuseus_172969771977_1024-230x300.jpg 230w, https:\/\/staging.salvador-dali.org\/wp-content\/uploads\/2025\/05\/01_85890dalivisitantmuseus_172969771977_1024.jpg 589w\" sizes=\"auto, (max-width: 230px) 100vw, 230px\" \/><\/figure>\n\n            <div class=\"item-location\">\n            Th\u00e9\u00e2tre-Mus\u00e9e Dal\u00ed            <\/div>\n\n            \n\n            \n\n        <\/div>\n        <div class=\"item-content\">\n\n                        <a href=\"https:\/\/staging.salvador-dali.org\/fr\/education-et-activites\/activite\/dali-de-nuit-2\/\"><div class=\"title\">L\u2019appareil photographique mou: un regard dalinien<\/div><\/a>\n            <div class=\"item-data\">\n            28 septembre 2024 - 31 ao\u00fbt 2025<br>            <\/div>\n            <div class=\"excerpt\">Savoir regarder est un tout nouveau syst\u00e8me d\u2019arpentage spirituel. Savoir regarder est un moyen d\u2019inventer.<\/div>\n        <\/div>\n\t\t\n\t<\/li>\n\t\n  \t<li class=\"grid-item\">\n\n        \t\t\n        <div class=\"item-header\">\n            <figure class=\"image\"><img loading=\"lazy\" decoding=\"async\" width=\"212\" height=\"300\" src=\"https:\/\/staging.salvador-dali.org\/wp-content\/uploads\/2025\/07\/1074-large-212x300.jpg\" class=\"attachment-medium size-medium wp-post-image\" alt=\"\" srcset=\"https:\/\/staging.salvador-dali.org\/wp-content\/uploads\/2025\/07\/1074-large-212x300.jpg 212w, https:\/\/staging.salvador-dali.org\/wp-content\/uploads\/2025\/07\/1074-large-722x1024.jpg 722w, https:\/\/staging.salvador-dali.org\/wp-content\/uploads\/2025\/07\/1074-large-768x1089.jpg 768w, https:\/\/staging.salvador-dali.org\/wp-content\/uploads\/2025\/07\/1074-large.jpg 800w\" sizes=\"auto, (max-width: 212px) 100vw, 212px\" \/><\/figure>\n\n            <div class=\"item-location\">\n                        <\/div>\n\n            \n\n            \n\n        <\/div>\n        <div class=\"item-content\">\n\n                        <a href=\"https:\/\/exhibitions.salvador-dali.org\/fr\/\"><div class=\"title\">+ Expositions<\/div><\/a>\n            <div class=\"item-data\">\n                        <\/div>\n            <div class=\"excerpt\">Cliquez ici pour explorer les expositions temporaires pass\u00e9es.<\/div>\n        <\/div>\n\t\t\n\t<\/li>\n\t\n  <\/ul>\n<\/div>\n\n\n\n<p><\/p>\n","protected":false},"excerpt":{"rendered":"<p>Langues<\/p>\n","protected":false},"author":8,"featured_media":13785,"parent":7584,"menu_order":0,"comment_status":"closed","ping_status":"closed","template":"","meta":{"_acf_changed":false,"_coblocks_attr":"","_coblocks_dimensions":"","_coblocks_responsive_height":"","_coblocks_accordion_ie_support":"","footnotes":""},"categories":[],"tags":[],"class_list":["post-13780","page","type-page","status-publish","has-post-thumbnail","hentry"],"acf":[],"yoast_head":"<!-- This site is optimized with the Yoast SEO plugin v26.8 - https:\/\/yoast.com\/product\/yoast-seo-wordpress\/ -->\n<title>Expositions temporaires - Fundaci\u00f3 Gala - Salvador Dal\u00ed<\/title>\n<meta name=\"robots\" content=\"noindex, follow, max-snippet:-1, max-image-preview:large, max-video-preview:-1\" \/>\n<meta property=\"og:locale\" content=\"fr_FR\" \/>\n<meta property=\"og:type\" content=\"article\" \/>\n<meta property=\"og:title\" content=\"Expositions temporaires - Fundaci\u00f3 Gala - Salvador Dal\u00ed\" \/>\n<meta property=\"og:description\" content=\"Langues\" \/>\n<meta property=\"og:url\" content=\"https:\/\/staging.salvador-dali.org\/fr\/oeuvre\/expositions-temporaires\/\" \/>\n<meta property=\"og:site_name\" content=\"Fundaci\u00f3 Gala - Salvador Dal\u00ed\" \/>\n<meta property=\"article:publisher\" content=\"https:\/\/www.facebook.com\/MuseusDali\" \/>\n<meta property=\"article:modified_time\" content=\"2025-07-25T09:35:27+00:00\" \/>\n<meta property=\"og:image\" content=\"https:\/\/staging.salvador-dali.org\/wp-content\/uploads\/2025\/07\/0420-large.jpg\" \/>\n\t<meta property=\"og:image:width\" content=\"800\" \/>\n\t<meta property=\"og:image:height\" content=\"1066\" \/>\n\t<meta property=\"og:image:type\" content=\"image\/jpeg\" \/>\n<meta name=\"twitter:card\" content=\"summary_large_image\" \/>\n<meta name=\"twitter:site\" content=\"@MuseuDali\" \/>\n<meta name=\"twitter:label1\" content=\"Dur\u00e9e de lecture estim\u00e9e\" \/>\n\t<meta name=\"twitter:data1\" content=\"1 minute\" \/>\n<script type=\"application\/ld+json\" class=\"yoast-schema-graph\">{\"@context\":\"https:\/\/schema.org\",\"@graph\":[{\"@type\":\"WebPage\",\"@id\":\"https:\/\/staging.salvador-dali.org\/fr\/oeuvre\/expositions-temporaires\/\",\"url\":\"https:\/\/staging.salvador-dali.org\/fr\/oeuvre\/expositions-temporaires\/\",\"name\":\"Expositions temporaires - Fundaci\u00f3 Gala - Salvador Dal\u00ed\",\"isPartOf\":{\"@id\":\"https:\/\/staging.salvador-dali.org\/fr\/#website\"},\"primaryImageOfPage\":{\"@id\":\"https:\/\/staging.salvador-dali.org\/fr\/oeuvre\/expositions-temporaires\/#primaryimage\"},\"image\":{\"@id\":\"https:\/\/staging.salvador-dali.org\/fr\/oeuvre\/expositions-temporaires\/#primaryimage\"},\"thumbnailUrl\":\"https:\/\/staging.salvador-dali.org\/wp-content\/uploads\/2025\/07\/0420-large.jpg\",\"datePublished\":\"2025-07-21T15:07:22+00:00\",\"dateModified\":\"2025-07-25T09:35:27+00:00\",\"breadcrumb\":{\"@id\":\"https:\/\/staging.salvador-dali.org\/fr\/oeuvre\/expositions-temporaires\/#breadcrumb\"},\"inLanguage\":\"fr-FR\",\"potentialAction\":[{\"@type\":\"ReadAction\",\"target\":[\"https:\/\/staging.salvador-dali.org\/fr\/oeuvre\/expositions-temporaires\/\"]}]},{\"@type\":\"ImageObject\",\"inLanguage\":\"fr-FR\",\"@id\":\"https:\/\/staging.salvador-dali.org\/fr\/oeuvre\/expositions-temporaires\/#primaryimage\",\"url\":\"https:\/\/staging.salvador-dali.org\/wp-content\/uploads\/2025\/07\/0420-large.jpg\",\"contentUrl\":\"https:\/\/staging.salvador-dali.org\/wp-content\/uploads\/2025\/07\/0420-large.jpg\",\"width\":800,\"height\":1066},{\"@type\":\"BreadcrumbList\",\"@id\":\"https:\/\/staging.salvador-dali.org\/fr\/oeuvre\/expositions-temporaires\/#breadcrumb\",\"itemListElement\":[{\"@type\":\"ListItem\",\"position\":1,\"name\":\"Inici\",\"item\":\"https:\/\/staging.salvador-dali.org\/fr\/\"},{\"@type\":\"ListItem\",\"position\":2,\"name\":\"Expositions temporaires\"}]},{\"@type\":\"WebSite\",\"@id\":\"https:\/\/staging.salvador-dali.org\/fr\/#website\",\"url\":\"https:\/\/staging.salvador-dali.org\/fr\/\",\"name\":\"Fundaci\u00f3 Gala - Salvador Dal\u00ed\",\"description\":\"\",\"publisher\":{\"@id\":\"https:\/\/staging.salvador-dali.org\/fr\/#organization\"},\"potentialAction\":[{\"@type\":\"SearchAction\",\"target\":{\"@type\":\"EntryPoint\",\"urlTemplate\":\"https:\/\/staging.salvador-dali.org\/fr\/?s={search_term_string}\"},\"query-input\":{\"@type\":\"PropertyValueSpecification\",\"valueRequired\":true,\"valueName\":\"search_term_string\"}}],\"inLanguage\":\"fr-FR\"},{\"@type\":\"Organization\",\"@id\":\"https:\/\/staging.salvador-dali.org\/fr\/#organization\",\"name\":\"Fundaci\u00f3 Gala - Salvador Dal\u00ed\",\"url\":\"https:\/\/staging.salvador-dali.org\/fr\/\",\"logo\":{\"@type\":\"ImageObject\",\"inLanguage\":\"fr-FR\",\"@id\":\"https:\/\/staging.salvador-dali.org\/fr\/#\/schema\/logo\/image\/\",\"url\":\"https:\/\/staging.salvador-dali.org\/wp-content\/uploads\/2025\/04\/fundacio-gala-salvador-dali.png\",\"contentUrl\":\"https:\/\/staging.salvador-dali.org\/wp-content\/uploads\/2025\/04\/fundacio-gala-salvador-dali.png\",\"width\":240,\"height\":240,\"caption\":\"Fundaci\u00f3 Gala - Salvador Dal\u00ed\"},\"image\":{\"@id\":\"https:\/\/staging.salvador-dali.org\/fr\/#\/schema\/logo\/image\/\"},\"sameAs\":[\"https:\/\/www.facebook.com\/MuseusDali\",\"https:\/\/x.com\/MuseuDali\",\"https:\/\/www.youtube.com\/user\/FundacioDali\",\"https:\/\/www.flickr.com\/fundacio_dali\/\",\"https:\/\/instagram.com\/museudali\"]}]}<\/script>\n<!-- \/ Yoast SEO plugin. -->","yoast_head_json":{"title":"Expositions temporaires - Fundaci\u00f3 Gala - Salvador Dal\u00ed","robots":{"index":"noindex","follow":"follow","max-snippet":"max-snippet:-1","max-image-preview":"max-image-preview:large","max-video-preview":"max-video-preview:-1"},"og_locale":"fr_FR","og_type":"article","og_title":"Expositions temporaires - Fundaci\u00f3 Gala - Salvador Dal\u00ed","og_description":"Langues","og_url":"https:\/\/staging.salvador-dali.org\/fr\/oeuvre\/expositions-temporaires\/","og_site_name":"Fundaci\u00f3 Gala - Salvador Dal\u00ed","article_publisher":"https:\/\/www.facebook.com\/MuseusDali","article_modified_time":"2025-07-25T09:35:27+00:00","og_image":[{"width":800,"height":1066,"url":"https:\/\/staging.salvador-dali.org\/wp-content\/uploads\/2025\/07\/0420-large.jpg","type":"image\/jpeg"}],"twitter_card":"summary_large_image","twitter_site":"@MuseuDali","twitter_misc":{"Dur\u00e9e de lecture estim\u00e9e":"1 minute"},"schema":{"@context":"https:\/\/schema.org","@graph":[{"@type":"WebPage","@id":"https:\/\/staging.salvador-dali.org\/fr\/oeuvre\/expositions-temporaires\/","url":"https:\/\/staging.salvador-dali.org\/fr\/oeuvre\/expositions-temporaires\/","name":"Expositions temporaires - Fundaci\u00f3 Gala - Salvador Dal\u00ed","isPartOf":{"@id":"https:\/\/staging.salvador-dali.org\/fr\/#website"},"primaryImageOfPage":{"@id":"https:\/\/staging.salvador-dali.org\/fr\/oeuvre\/expositions-temporaires\/#primaryimage"},"image":{"@id":"https:\/\/staging.salvador-dali.org\/fr\/oeuvre\/expositions-temporaires\/#primaryimage"},"thumbnailUrl":"https:\/\/staging.salvador-dali.org\/wp-content\/uploads\/2025\/07\/0420-large.jpg","datePublished":"2025-07-21T15:07:22+00:00","dateModified":"2025-07-25T09:35:27+00:00","breadcrumb":{"@id":"https:\/\/staging.salvador-dali.org\/fr\/oeuvre\/expositions-temporaires\/#breadcrumb"},"inLanguage":"fr-FR","potentialAction":[{"@type":"ReadAction","target":["https:\/\/staging.salvador-dali.org\/fr\/oeuvre\/expositions-temporaires\/"]}]},{"@type":"ImageObject","inLanguage":"fr-FR","@id":"https:\/\/staging.salvador-dali.org\/fr\/oeuvre\/expositions-temporaires\/#primaryimage","url":"https:\/\/staging.salvador-dali.org\/wp-content\/uploads\/2025\/07\/0420-large.jpg","contentUrl":"https:\/\/staging.salvador-dali.org\/wp-content\/uploads\/2025\/07\/0420-large.jpg","width":800,"height":1066},{"@type":"BreadcrumbList","@id":"https:\/\/staging.salvador-dali.org\/fr\/oeuvre\/expositions-temporaires\/#breadcrumb","itemListElement":[{"@type":"ListItem","position":1,"name":"Inici","item":"https:\/\/staging.salvador-dali.org\/fr\/"},{"@type":"ListItem","position":2,"name":"Expositions temporaires"}]},{"@type":"WebSite","@id":"https:\/\/staging.salvador-dali.org\/fr\/#website","url":"https:\/\/staging.salvador-dali.org\/fr\/","name":"Fundaci\u00f3 Gala - Salvador Dal\u00ed","description":"","publisher":{"@id":"https:\/\/staging.salvador-dali.org\/fr\/#organization"},"potentialAction":[{"@type":"SearchAction","target":{"@type":"EntryPoint","urlTemplate":"https:\/\/staging.salvador-dali.org\/fr\/?s={search_term_string}"},"query-input":{"@type":"PropertyValueSpecification","valueRequired":true,"valueName":"search_term_string"}}],"inLanguage":"fr-FR"},{"@type":"Organization","@id":"https:\/\/staging.salvador-dali.org\/fr\/#organization","name":"Fundaci\u00f3 Gala - Salvador Dal\u00ed","url":"https:\/\/staging.salvador-dali.org\/fr\/","logo":{"@type":"ImageObject","inLanguage":"fr-FR","@id":"https:\/\/staging.salvador-dali.org\/fr\/#\/schema\/logo\/image\/","url":"https:\/\/staging.salvador-dali.org\/wp-content\/uploads\/2025\/04\/fundacio-gala-salvador-dali.png","contentUrl":"https:\/\/staging.salvador-dali.org\/wp-content\/uploads\/2025\/04\/fundacio-gala-salvador-dali.png","width":240,"height":240,"caption":"Fundaci\u00f3 Gala - Salvador Dal\u00ed"},"image":{"@id":"https:\/\/staging.salvador-dali.org\/fr\/#\/schema\/logo\/image\/"},"sameAs":["https:\/\/www.facebook.com\/MuseusDali","https:\/\/x.com\/MuseuDali","https:\/\/www.youtube.com\/user\/FundacioDali","https:\/\/www.flickr.com\/fundacio_dali\/","https:\/\/instagram.com\/museudali"]}]}},"_links":{"self":[{"href":"https:\/\/staging.salvador-dali.org\/fr\/wp-json\/wp\/v2\/pages\/13780","targetHints":{"allow":["GET"]}}],"collection":[{"href":"https:\/\/staging.salvador-dali.org\/fr\/wp-json\/wp\/v2\/pages"}],"about":[{"href":"https:\/\/staging.salvador-dali.org\/fr\/wp-json\/wp\/v2\/types\/page"}],"author":[{"embeddable":true,"href":"https:\/\/staging.salvador-dali.org\/fr\/wp-json\/wp\/v2\/users\/8"}],"replies":[{"embeddable":true,"href":"https:\/\/staging.salvador-dali.org\/fr\/wp-json\/wp\/v2\/comments?post=13780"}],"version-history":[{"count":3,"href":"https:\/\/staging.salvador-dali.org\/fr\/wp-json\/wp\/v2\/pages\/13780\/revisions"}],"predecessor-version":[{"id":13907,"href":"https:\/\/staging.salvador-dali.org\/fr\/wp-json\/wp\/v2\/pages\/13780\/revisions\/13907"}],"up":[{"embeddable":true,"href":"https:\/\/staging.salvador-dali.org\/fr\/wp-json\/wp\/v2\/pages\/7584"}],"wp:featuredmedia":[{"embeddable":true,"href":"https:\/\/staging.salvador-dali.org\/fr\/wp-json\/wp\/v2\/media\/13785"}],"wp:attachment":[{"href":"https:\/\/staging.salvador-dali.org\/fr\/wp-json\/wp\/v2\/media?parent=13780"}],"wp:term":[{"taxonomy":"category","embeddable":true,"href":"https:\/\/staging.salvador-dali.org\/fr\/wp-json\/wp\/v2\/categories?post=13780"},{"taxonomy":"post_tag","embeddable":true,"href":"https:\/\/staging.salvador-dali.org\/fr\/wp-json\/wp\/v2\/tags?post=13780"}],"curies":[{"name":"wp","href":"https:\/\/api.w.org\/{rel}","templated":true}]}}