{"id":12946,"date":"2025-07-16T11:42:24","date_gmt":"2025-07-16T09:42:24","guid":{"rendered":"https:\/\/staging.salvador-dali.org\/?page_id=12946"},"modified":"2025-07-16T15:35:30","modified_gmt":"2025-07-16T13:35:30","slug":"collaborations-et-partenariats","status":"publish","type":"page","link":"https:\/\/staging.salvador-dali.org\/fr\/fondation-dali\/a-propos-de-la-fondation\/collaborations-et-partenariats\/","title":{"rendered":"Collaborations et partenariats"},"content":{"rendered":"\n<div class=\"wp-block-columns global-column is-layout-flex wp-container-core-columns-is-layout-9d6595d7 wp-block-columns-is-layout-flex\">\n<div class=\"wp-block-column is-layout-flow wp-block-column-is-layout-flow\">\n<p style=\"font-size:20px\">Elle travaille en synergie avec des institutions publiques, universit\u00e9s, centres de recherche, mus\u00e9es, structures sociales et culturelles ainsi qu\u2019avec des acteurs du secteur priv\u00e9 pour d\u00e9velopper des projets \u00e0 forte valeur ajout\u00e9e. Ces collaborations permettent de faire avancer la recherche, de promouvoir des initiatives \u00e9ducatives et sociales, de cr\u00e9er de nouvelles exp\u00e9riences culturelles et de renforcer la projection internationale de l\u2019\u0153uvre de Dal\u00ed.<\/p>\n\n\n\n<p>La coop\u00e9ration repose sur des valeurs partag\u00e9es telles que la qualit\u00e9, l\u2019innovation, l\u2019inclusion et la durabilit\u00e9, et se formalise par le biais de conventions, de partenariats strat\u00e9giques ou de participations conjointes \u00e0 des programmes et activit\u00e9s.<\/p>\n\n\n\n<p>Ce tissu collaboratif est essentiel pour garantir l\u2019excellence des actions men\u00e9es et faire de la culture un moteur de transformation sociale.<\/p>\n<\/div>\n<\/div>\n\n\n    <div  class=\"wp-block-columns swiper-column   destacat bloc-destacats \" style=\"background-image: linear-gradient(to right, white, white)\">\n        <div class=\"wp-block-column\">\n            <div id=\"swiper-69e539a685f2a\" class=\"swiper destacats dues\" >\n                <div class=\"swiper-wrapper\">\n\n                                            <div class=\"swiper-slide intro\">\n                            <h2>La Fondation Gala-Salvador Dal\u00ed vue de l&rsquo;int\u00e9rieur<\/h2>\n                            <div class=\"descripcio\"><p>D\u00e9couvrez l&rsquo;univers de la Fondation Gala-Salvador Dal\u00ed: qui nous sommes, notre mission et comment nous \u0153uvrons \u00e0 pr\u00e9server et diffuser l&rsquo;h\u00e9ritage de l&rsquo;un des g\u00e9nies les plus universels de l&rsquo;art. Plongez au c\u0153ur de notre histoire, des valeurs qui nous animent, de notre structure et de notre engagement en faveur de la culture, du d\u00e9veloppement durable, de la diversit\u00e9 et de l&rsquo;inclusion.<\/p>\n<\/div>\n                                                    <\/div>\n                    \n\n                    \n                        \n                        <div class=\"swiper-slide\">\n                                                            <div class=\"banner\" style=\"background-image: url(https:\/\/staging.salvador-dali.org\/wp-content\/uploads\/2025\/07\/0371-large.jpg)\">\n                                                                            <ul class=\"context\">\n                                            <li class=\"context__item\" aria-label=\"hidden\">                                            <\/li>\n                                        <\/ul>\n                                    \n                                    <h3 class=\"titol\">Qui sommes-nous ?<\/h3>\n                                        \n                                    <div class=\"button fletxa\"><a href=\"https:\/\/staging.salvador-dali.org\/fr\/fondation-dali\/a-propos-de-la-fondation\/qui-sommes-nous\/\">En savoir plus<\/a><\/div>\n\n                                    \n                                <\/div>\n                                                    <\/div>\n\n                    \n                        \n                        <div class=\"swiper-slide\">\n                                                            <div class=\"banner\" style=\"background-image: url(https:\/\/staging.salvador-dali.org\/wp-content\/uploads\/2025\/07\/0338-large-798x1024.jpg)\">\n                                                                            <ul class=\"context\">\n                                            <li class=\"context__item\" aria-label=\"hidden\">                                            <\/li>\n                                        <\/ul>\n                                    \n                                    <h3 class=\"titol\">Gouvernance et \u00e9quipe de direction<\/h3>\n                                        \n                                    <div class=\"button fletxa\"><a href=\"https:\/\/staging.salvador-dali.org\/fr\/fondation-dali\/a-propos-de-la-fondation\/gouvernance-et-equipe-de-direction\/\">En savoir plus<\/a><\/div>\n\n                                    \n                                <\/div>\n                                                    <\/div>\n\n                    \n                        \n                        <div class=\"swiper-slide\">\n                                                            <div class=\"banner\" style=\"background-image: url(https:\/\/staging.salvador-dali.org\/wp-content\/uploads\/2025\/07\/0957-large-719x1024.jpg)\">\n                                                                            <ul class=\"context\">\n                                            <li class=\"context__item\" aria-label=\"hidden\">                                            <\/li>\n                                        <\/ul>\n                                    \n                                    <h3 class=\"titol\">Notre si\u00e8ge<\/h3>\n                                        \n                                    <div class=\"button fletxa\"><a href=\"https:\/\/staging.salvador-dali.org\/fr\/fondation-dali\/a-propos-de-la-fondation\/notre-siege\/\">En savoir plus<\/a><\/div>\n\n                                    \n                                <\/div>\n                                                    <\/div>\n\n                    \n                        \n                        <div class=\"swiper-slide\">\n                                                            <div class=\"banner\" style=\"background-image: url(https:\/\/staging.salvador-dali.org\/wp-content\/uploads\/2025\/07\/1101-large.jpg)\">\n                                                                            <ul class=\"context\">\n                                            <li class=\"context__item\" aria-label=\"hidden\">                                            <\/li>\n                                        <\/ul>\n                                    \n                                    <h3 class=\"titol\">Engagement envers les personnes, le territoire et la plan\u00e8te<\/h3>\n                                        \n                                    <div class=\"button fletxa\"><a href=\"https:\/\/staging.salvador-dali.org\/fr\/fondation-dali\/a-propos-de-la-fondation\/engagement-envers-les-personnes-le-territoire-et-la-planete\/\">En savoir plus<\/a><\/div>\n\n                                    \n                                <\/div>\n                                                    <\/div>\n\n                    \n                        \n                        <div class=\"swiper-slide\">\n                                                            <div class=\"banner\" style=\"background-image: url(https:\/\/staging.salvador-dali.org\/wp-content\/uploads\/2025\/07\/i0207a-large-723x1024.jpg)\">\n                                                                            <ul class=\"context\">\n                                            <li class=\"context__item\" aria-label=\"hidden\">                                            <\/li>\n                                        <\/ul>\n                                    \n                                    <h3 class=\"titol\">Travailler \u00e0 la Fondation Gala &#8211; Salvador Dal\u00ed<\/h3>\n                                        \n                                    <div class=\"button fletxa\"><a href=\"https:\/\/staging.salvador-dali.org\/fr\/travailler-a-la-fondation-gala-salvador-dali\/\">En savoir plus<\/a><\/div>\n\n                                    \n                                <\/div>\n                                                    <\/div>\n\n                    \n                        \n                        <div class=\"swiper-slide\">\n                                                            <div class=\"banner\" style=\"background-image: url(https:\/\/staging.salvador-dali.org\/wp-content\/uploads\/2025\/07\/i0067-large-637x1024.jpg)\">\n                                                                            <ul class=\"context\">\n                                            <li class=\"context__item\" aria-label=\"hidden\">                                            <\/li>\n                                        <\/ul>\n                                    \n                                    <h3 class=\"titol\">Stages de formation<\/h3>\n                                        \n                                    <div class=\"button fletxa\"><a href=\"https:\/\/staging.salvador-dali.org\/fr\/stages-de-formation\/\">En savoir plus<\/a><\/div>\n\n                                    \n                                <\/div>\n                                                    <\/div>\n\n                    \n                        \n                        <div class=\"swiper-slide\">\n                                                            <div class=\"banner\" style=\"background-image: url(https:\/\/staging.salvador-dali.org\/wp-content\/uploads\/2025\/07\/0974-large-695x1024.jpg)\">\n                                                                            <ul class=\"context\">\n                                            <li class=\"context__item\" aria-label=\"hidden\">                                            <\/li>\n                                        <\/ul>\n                                    \n                                    <h3 class=\"titol\">Amis des Mus\u00e9es Dal\u00ed<\/h3>\n                                        \n                                    <div class=\"button fletxa\"><a href=\"https:\/\/staging.salvador-dali.org\/fr\/fondation-dali\/a-propos-de-la-fondation\/amis-des-musees-dali\/\">En savoir plus<\/a><\/div>\n\n                                    \n                                <\/div>\n                                                    <\/div>\n\n                    \n                        \n                        <div class=\"swiper-slide\">\n                                                            <div class=\"banner\" style=\"background-image: url(https:\/\/staging.salvador-dali.org\/wp-content\/uploads\/2025\/07\/i0414-large-1024x568.jpg)\">\n                                                                            <ul class=\"context\">\n                                            <li class=\"context__item\" aria-label=\"hidden\">                                            <\/li>\n                                        <\/ul>\n                                    \n                                    <h3 class=\"titol\">Prix et distinctions<\/h3>\n                                        \n                                    <div class=\"button fletxa\"><a href=\"https:\/\/staging.salvador-dali.org\/fr\/fondation-dali\/a-propos-de-la-fondation\/prix-et-distinctions\/\">En savoir plus<\/a><\/div>\n\n                                    \n                                <\/div>\n                                                    <\/div>\n\n                                    <\/div>\n                <!-- Swiper navigation buttons -->\n                <div class=\"swiper-button-prev\">\n                    <span class=\"screen-reader-text\">Diapositive pr\u00e9c\u00e9dente<\/span>\n                <\/div>\n                <div class=\"swiper-button-next\">\n                    <span class=\"screen-reader-text\">Diapositiva seg\u00fcent<\/span>\n                <\/div>\n            <\/div>\n        <\/div>\n    <\/div>\n\n\n\n<!-- Swiper JS -->\n<script src=\"https:\/\/cdn.jsdelivr.net\/npm\/swiper@11\/swiper-bundle.min.js\"><\/script>\n\n<!-- Initialize Swiper -->\n<script>\n\njQuery( document ).ready(function() {      \n\n    Tipus = 'destacat';\n\n    updateSpaceBetween();\n    spaceBetweenInicial = 60;\n    \n    if (Tipus=='intro-images' ) {\n    \/\/    spaceBetweenValueModul = 0;\n    }\n\n\n\n    console.log(\"spaceBetweenValueModul\",spaceBetweenValueModul);\n\n    var swiper = new Swiper(\"#swiper-69e539a685f2a\", {\n      slidesPerView: \"auto\",\n      spaceBetween: spaceBetweenInicial,\n      \tfreeMode: true,\n\t  \tbreakpoints: {\n\t        \/\/ Quan l'amplada de la pantalla sigui major a 1024px\n\t        1024: {\n\t            spaceBetween: spaceBetweenValue,\n\t        },\n\t    },\n        \/\/ Navigation arrows\n        navigation: {\n            nextEl: '.swiper-button-next',\n            prevEl: '.swiper-button-prev',\n        },\n        mousewheel: {\n            releaseOnEdges: true,\n            forceToAxis: true,\n            sensitivity:    1,\n        },\n        a11y: {\n            prevSlideMessage: 'Diapositive pr\u00e9c\u00e9dente',\n            nextSlideMessage: 'Diapositiva seg\u00fcent',\n        },\n    });\n\n\n \n\n\n    \/*\n    jQuery('.bloc-destacats').each(function() {\n        const nextDiv = jQuery(this).next('div');\n        if (nextDiv.hasClass('contingut-ampliat')) {\n            console.log('T\u00e9 .contingut-ampliat despr\u00e9s');\n            \/\/ Aqu\u00ed pots fer accions, per exemple:\n            \/\/ $nextDiv.addClass('marcat'); o $(this).append($nextDiv);\n        }\n    });\n    *\/\n})\n<\/script>\n\n","protected":false},"excerpt":{"rendered":"<p>Elle travaille en synergie avec des institutions publiques, universit\u00e9s, centres de recherche, mus\u00e9es, structures sociales et culturelles ainsi qu\u2019avec des acteurs du secteur priv\u00e9 pour d\u00e9velopper des projets \u00e0 forte valeur ajout\u00e9e. Ces collaborations permettent de faire avancer la recherche, de promouvoir des initiatives \u00e9ducatives et sociales, de cr\u00e9er de nouvelles exp\u00e9riences culturelles et de [&hellip;]<\/p>\n","protected":false},"author":8,"featured_media":12990,"parent":7578,"menu_order":4,"comment_status":"closed","ping_status":"closed","template":"","meta":{"_acf_changed":false,"_coblocks_attr":"","_coblocks_dimensions":"","_coblocks_responsive_height":"","_coblocks_accordion_ie_support":"","footnotes":""},"categories":[],"tags":[],"class_list":["post-12946","page","type-page","status-publish","has-post-thumbnail","hentry"],"acf":[],"yoast_head":"<!-- This site is optimized with the Yoast SEO plugin v26.8 - https:\/\/yoast.com\/product\/yoast-seo-wordpress\/ -->\n<title>Collaborations et partenariats - Fundaci\u00f3 Gala - Salvador Dal\u00ed<\/title>\n<meta name=\"robots\" content=\"noindex, follow, max-snippet:-1, max-image-preview:large, max-video-preview:-1\" \/>\n<meta property=\"og:locale\" content=\"fr_FR\" \/>\n<meta property=\"og:type\" content=\"article\" \/>\n<meta property=\"og:title\" content=\"Collaborations et partenariats - Fundaci\u00f3 Gala - Salvador Dal\u00ed\" \/>\n<meta property=\"og:description\" content=\"Elle travaille en synergie avec des institutions publiques, universit\u00e9s, centres de recherche, mus\u00e9es, structures sociales et culturelles ainsi qu\u2019avec des acteurs du secteur priv\u00e9 pour d\u00e9velopper des projets \u00e0 forte valeur ajout\u00e9e. Ces collaborations permettent de faire avancer la recherche, de promouvoir des initiatives \u00e9ducatives et sociales, de cr\u00e9er de nouvelles exp\u00e9riences culturelles et de [&hellip;]\" \/>\n<meta property=\"og:url\" content=\"https:\/\/staging.salvador-dali.org\/fr\/fondation-dali\/a-propos-de-la-fondation\/collaborations-et-partenariats\/\" \/>\n<meta property=\"og:site_name\" content=\"Fundaci\u00f3 Gala - Salvador Dal\u00ed\" \/>\n<meta property=\"article:publisher\" content=\"https:\/\/www.facebook.com\/MuseusDali\" \/>\n<meta property=\"article:modified_time\" content=\"2025-07-16T13:35:30+00:00\" \/>\n<meta property=\"og:image\" content=\"https:\/\/staging.salvador-dali.org\/wp-content\/uploads\/2025\/07\/0929-large.jpg\" \/>\n\t<meta property=\"og:image:width\" content=\"800\" \/>\n\t<meta property=\"og:image:height\" content=\"1040\" \/>\n\t<meta property=\"og:image:type\" content=\"image\/jpeg\" \/>\n<meta name=\"twitter:card\" content=\"summary_large_image\" \/>\n<meta name=\"twitter:site\" content=\"@MuseuDali\" \/>\n<meta name=\"twitter:label1\" content=\"Dur\u00e9e de lecture estim\u00e9e\" \/>\n\t<meta name=\"twitter:data1\" content=\"1 minute\" \/>\n<script type=\"application\/ld+json\" class=\"yoast-schema-graph\">{\"@context\":\"https:\/\/schema.org\",\"@graph\":[{\"@type\":\"WebPage\",\"@id\":\"https:\/\/staging.salvador-dali.org\/fr\/fondation-dali\/a-propos-de-la-fondation\/collaborations-et-partenariats\/\",\"url\":\"https:\/\/staging.salvador-dali.org\/fr\/fondation-dali\/a-propos-de-la-fondation\/collaborations-et-partenariats\/\",\"name\":\"Collaborations et partenariats - Fundaci\u00f3 Gala - Salvador Dal\u00ed\",\"isPartOf\":{\"@id\":\"https:\/\/staging.salvador-dali.org\/fr\/#website\"},\"primaryImageOfPage\":{\"@id\":\"https:\/\/staging.salvador-dali.org\/fr\/fondation-dali\/a-propos-de-la-fondation\/collaborations-et-partenariats\/#primaryimage\"},\"image\":{\"@id\":\"https:\/\/staging.salvador-dali.org\/fr\/fondation-dali\/a-propos-de-la-fondation\/collaborations-et-partenariats\/#primaryimage\"},\"thumbnailUrl\":\"https:\/\/staging.salvador-dali.org\/wp-content\/uploads\/2025\/07\/0929-large.jpg\",\"datePublished\":\"2025-07-16T09:42:24+00:00\",\"dateModified\":\"2025-07-16T13:35:30+00:00\",\"breadcrumb\":{\"@id\":\"https:\/\/staging.salvador-dali.org\/fr\/fondation-dali\/a-propos-de-la-fondation\/collaborations-et-partenariats\/#breadcrumb\"},\"inLanguage\":\"fr-FR\",\"potentialAction\":[{\"@type\":\"ReadAction\",\"target\":[\"https:\/\/staging.salvador-dali.org\/fr\/fondation-dali\/a-propos-de-la-fondation\/collaborations-et-partenariats\/\"]}]},{\"@type\":\"ImageObject\",\"inLanguage\":\"fr-FR\",\"@id\":\"https:\/\/staging.salvador-dali.org\/fr\/fondation-dali\/a-propos-de-la-fondation\/collaborations-et-partenariats\/#primaryimage\",\"url\":\"https:\/\/staging.salvador-dali.org\/wp-content\/uploads\/2025\/07\/0929-large.jpg\",\"contentUrl\":\"https:\/\/staging.salvador-dali.org\/wp-content\/uploads\/2025\/07\/0929-large.jpg\",\"width\":800,\"height\":1040},{\"@type\":\"BreadcrumbList\",\"@id\":\"https:\/\/staging.salvador-dali.org\/fr\/fondation-dali\/a-propos-de-la-fondation\/collaborations-et-partenariats\/#breadcrumb\",\"itemListElement\":[{\"@type\":\"ListItem\",\"position\":1,\"name\":\"Inici\",\"item\":\"https:\/\/staging.salvador-dali.org\/fr\/\"},{\"@type\":\"ListItem\",\"position\":2,\"name\":\"Collaborations et partenariats\"}]},{\"@type\":\"WebSite\",\"@id\":\"https:\/\/staging.salvador-dali.org\/fr\/#website\",\"url\":\"https:\/\/staging.salvador-dali.org\/fr\/\",\"name\":\"Fundaci\u00f3 Gala - Salvador Dal\u00ed\",\"description\":\"\",\"publisher\":{\"@id\":\"https:\/\/staging.salvador-dali.org\/fr\/#organization\"},\"potentialAction\":[{\"@type\":\"SearchAction\",\"target\":{\"@type\":\"EntryPoint\",\"urlTemplate\":\"https:\/\/staging.salvador-dali.org\/fr\/?s={search_term_string}\"},\"query-input\":{\"@type\":\"PropertyValueSpecification\",\"valueRequired\":true,\"valueName\":\"search_term_string\"}}],\"inLanguage\":\"fr-FR\"},{\"@type\":\"Organization\",\"@id\":\"https:\/\/staging.salvador-dali.org\/fr\/#organization\",\"name\":\"Fundaci\u00f3 Gala - Salvador Dal\u00ed\",\"url\":\"https:\/\/staging.salvador-dali.org\/fr\/\",\"logo\":{\"@type\":\"ImageObject\",\"inLanguage\":\"fr-FR\",\"@id\":\"https:\/\/staging.salvador-dali.org\/fr\/#\/schema\/logo\/image\/\",\"url\":\"https:\/\/staging.salvador-dali.org\/wp-content\/uploads\/2025\/04\/fundacio-gala-salvador-dali.png\",\"contentUrl\":\"https:\/\/staging.salvador-dali.org\/wp-content\/uploads\/2025\/04\/fundacio-gala-salvador-dali.png\",\"width\":240,\"height\":240,\"caption\":\"Fundaci\u00f3 Gala - Salvador Dal\u00ed\"},\"image\":{\"@id\":\"https:\/\/staging.salvador-dali.org\/fr\/#\/schema\/logo\/image\/\"},\"sameAs\":[\"https:\/\/www.facebook.com\/MuseusDali\",\"https:\/\/x.com\/MuseuDali\",\"https:\/\/www.youtube.com\/user\/FundacioDali\",\"https:\/\/www.flickr.com\/fundacio_dali\/\",\"https:\/\/instagram.com\/museudali\"]}]}<\/script>\n<!-- \/ Yoast SEO plugin. -->","yoast_head_json":{"title":"Collaborations et partenariats - Fundaci\u00f3 Gala - Salvador Dal\u00ed","robots":{"index":"noindex","follow":"follow","max-snippet":"max-snippet:-1","max-image-preview":"max-image-preview:large","max-video-preview":"max-video-preview:-1"},"og_locale":"fr_FR","og_type":"article","og_title":"Collaborations et partenariats - Fundaci\u00f3 Gala - Salvador Dal\u00ed","og_description":"Elle travaille en synergie avec des institutions publiques, universit\u00e9s, centres de recherche, mus\u00e9es, structures sociales et culturelles ainsi qu\u2019avec des acteurs du secteur priv\u00e9 pour d\u00e9velopper des projets \u00e0 forte valeur ajout\u00e9e. Ces collaborations permettent de faire avancer la recherche, de promouvoir des initiatives \u00e9ducatives et sociales, de cr\u00e9er de nouvelles exp\u00e9riences culturelles et de [&hellip;]","og_url":"https:\/\/staging.salvador-dali.org\/fr\/fondation-dali\/a-propos-de-la-fondation\/collaborations-et-partenariats\/","og_site_name":"Fundaci\u00f3 Gala - Salvador Dal\u00ed","article_publisher":"https:\/\/www.facebook.com\/MuseusDali","article_modified_time":"2025-07-16T13:35:30+00:00","og_image":[{"width":800,"height":1040,"url":"https:\/\/staging.salvador-dali.org\/wp-content\/uploads\/2025\/07\/0929-large.jpg","type":"image\/jpeg"}],"twitter_card":"summary_large_image","twitter_site":"@MuseuDali","twitter_misc":{"Dur\u00e9e de lecture estim\u00e9e":"1 minute"},"schema":{"@context":"https:\/\/schema.org","@graph":[{"@type":"WebPage","@id":"https:\/\/staging.salvador-dali.org\/fr\/fondation-dali\/a-propos-de-la-fondation\/collaborations-et-partenariats\/","url":"https:\/\/staging.salvador-dali.org\/fr\/fondation-dali\/a-propos-de-la-fondation\/collaborations-et-partenariats\/","name":"Collaborations et partenariats - Fundaci\u00f3 Gala - Salvador Dal\u00ed","isPartOf":{"@id":"https:\/\/staging.salvador-dali.org\/fr\/#website"},"primaryImageOfPage":{"@id":"https:\/\/staging.salvador-dali.org\/fr\/fondation-dali\/a-propos-de-la-fondation\/collaborations-et-partenariats\/#primaryimage"},"image":{"@id":"https:\/\/staging.salvador-dali.org\/fr\/fondation-dali\/a-propos-de-la-fondation\/collaborations-et-partenariats\/#primaryimage"},"thumbnailUrl":"https:\/\/staging.salvador-dali.org\/wp-content\/uploads\/2025\/07\/0929-large.jpg","datePublished":"2025-07-16T09:42:24+00:00","dateModified":"2025-07-16T13:35:30+00:00","breadcrumb":{"@id":"https:\/\/staging.salvador-dali.org\/fr\/fondation-dali\/a-propos-de-la-fondation\/collaborations-et-partenariats\/#breadcrumb"},"inLanguage":"fr-FR","potentialAction":[{"@type":"ReadAction","target":["https:\/\/staging.salvador-dali.org\/fr\/fondation-dali\/a-propos-de-la-fondation\/collaborations-et-partenariats\/"]}]},{"@type":"ImageObject","inLanguage":"fr-FR","@id":"https:\/\/staging.salvador-dali.org\/fr\/fondation-dali\/a-propos-de-la-fondation\/collaborations-et-partenariats\/#primaryimage","url":"https:\/\/staging.salvador-dali.org\/wp-content\/uploads\/2025\/07\/0929-large.jpg","contentUrl":"https:\/\/staging.salvador-dali.org\/wp-content\/uploads\/2025\/07\/0929-large.jpg","width":800,"height":1040},{"@type":"BreadcrumbList","@id":"https:\/\/staging.salvador-dali.org\/fr\/fondation-dali\/a-propos-de-la-fondation\/collaborations-et-partenariats\/#breadcrumb","itemListElement":[{"@type":"ListItem","position":1,"name":"Inici","item":"https:\/\/staging.salvador-dali.org\/fr\/"},{"@type":"ListItem","position":2,"name":"Collaborations et partenariats"}]},{"@type":"WebSite","@id":"https:\/\/staging.salvador-dali.org\/fr\/#website","url":"https:\/\/staging.salvador-dali.org\/fr\/","name":"Fundaci\u00f3 Gala - Salvador Dal\u00ed","description":"","publisher":{"@id":"https:\/\/staging.salvador-dali.org\/fr\/#organization"},"potentialAction":[{"@type":"SearchAction","target":{"@type":"EntryPoint","urlTemplate":"https:\/\/staging.salvador-dali.org\/fr\/?s={search_term_string}"},"query-input":{"@type":"PropertyValueSpecification","valueRequired":true,"valueName":"search_term_string"}}],"inLanguage":"fr-FR"},{"@type":"Organization","@id":"https:\/\/staging.salvador-dali.org\/fr\/#organization","name":"Fundaci\u00f3 Gala - Salvador Dal\u00ed","url":"https:\/\/staging.salvador-dali.org\/fr\/","logo":{"@type":"ImageObject","inLanguage":"fr-FR","@id":"https:\/\/staging.salvador-dali.org\/fr\/#\/schema\/logo\/image\/","url":"https:\/\/staging.salvador-dali.org\/wp-content\/uploads\/2025\/04\/fundacio-gala-salvador-dali.png","contentUrl":"https:\/\/staging.salvador-dali.org\/wp-content\/uploads\/2025\/04\/fundacio-gala-salvador-dali.png","width":240,"height":240,"caption":"Fundaci\u00f3 Gala - Salvador Dal\u00ed"},"image":{"@id":"https:\/\/staging.salvador-dali.org\/fr\/#\/schema\/logo\/image\/"},"sameAs":["https:\/\/www.facebook.com\/MuseusDali","https:\/\/x.com\/MuseuDali","https:\/\/www.youtube.com\/user\/FundacioDali","https:\/\/www.flickr.com\/fundacio_dali\/","https:\/\/instagram.com\/museudali"]}]}},"_links":{"self":[{"href":"https:\/\/staging.salvador-dali.org\/fr\/wp-json\/wp\/v2\/pages\/12946","targetHints":{"allow":["GET"]}}],"collection":[{"href":"https:\/\/staging.salvador-dali.org\/fr\/wp-json\/wp\/v2\/pages"}],"about":[{"href":"https:\/\/staging.salvador-dali.org\/fr\/wp-json\/wp\/v2\/types\/page"}],"author":[{"embeddable":true,"href":"https:\/\/staging.salvador-dali.org\/fr\/wp-json\/wp\/v2\/users\/8"}],"replies":[{"embeddable":true,"href":"https:\/\/staging.salvador-dali.org\/fr\/wp-json\/wp\/v2\/comments?post=12946"}],"version-history":[{"count":6,"href":"https:\/\/staging.salvador-dali.org\/fr\/wp-json\/wp\/v2\/pages\/12946\/revisions"}],"predecessor-version":[{"id":13549,"href":"https:\/\/staging.salvador-dali.org\/fr\/wp-json\/wp\/v2\/pages\/12946\/revisions\/13549"}],"up":[{"embeddable":true,"href":"https:\/\/staging.salvador-dali.org\/fr\/wp-json\/wp\/v2\/pages\/7578"}],"wp:featuredmedia":[{"embeddable":true,"href":"https:\/\/staging.salvador-dali.org\/fr\/wp-json\/wp\/v2\/media\/12990"}],"wp:attachment":[{"href":"https:\/\/staging.salvador-dali.org\/fr\/wp-json\/wp\/v2\/media?parent=12946"}],"wp:term":[{"taxonomy":"category","embeddable":true,"href":"https:\/\/staging.salvador-dali.org\/fr\/wp-json\/wp\/v2\/categories?post=12946"},{"taxonomy":"post_tag","embeddable":true,"href":"https:\/\/staging.salvador-dali.org\/fr\/wp-json\/wp\/v2\/tags?post=12946"}],"curies":[{"name":"wp","href":"https:\/\/api.w.org\/{rel}","templated":true}]}}