{"id":10753,"date":"2025-03-12T14:52:23","date_gmt":"2025-03-12T12:52:23","guid":{"rendered":"https:\/\/staging.salvador-dali.org\/obra\/conservacio-i-restauracio\/conservacio-del-laberint\/"},"modified":"2025-07-02T11:33:51","modified_gmt":"2025-07-02T09:33:51","slug":"conservation-du-labyrinthe","status":"publish","type":"page","link":"https:\/\/staging.salvador-dali.org\/fr\/oeuvre\/conservation-et-restauration\/conservation-du-labyrinthe\/","title":{"rendered":"Conservation du \u00ab Labyrinthe \u00bb"},"content":{"rendered":"\n<div class=\"wp-block-columns global-column is-layout-flex wp-container-core-columns-is-layout-9d6595d7 wp-block-columns-is-layout-flex\">\n<div class=\"wp-block-column is-layout-flow wp-block-column-is-layout-flow\">\n<p class=\"wp-block-custom-entradeta entradeta\">Les op\u00e9rations de conservation pr\u00e9ventive et de maintenance de certaines \u0153uvres et installations artistiques se compliquent lorsqu\u2019il s\u2019agit d\u2019une pi\u00e8ce de tr\u00e8s grandes dimensions, comme le rideau de sc\u00e8ne que Dal\u00ed con\u00e7ut pour le ballet <em>Labyrinthe<\/em>, situ\u00e9 sous la coupole du Th\u00e9\u00e2tre-Mus\u00e9e Dal\u00ed de Figueres.<\/p>\n<\/div>\n<\/div>\n\n\n    <div  class=\"wp-block-columns swiper-column  intro intro-images bloc-destacats imatges\" style=\"background-image: linear-gradient(to right, white, white)\">\n        <div class=\"wp-block-column\">\n            <div id=\"swiper-69e54f6e1ffab\" class=\"swiper destacats dues\" >\n                <div class=\"swiper-wrapper\">\n\n                                            <div class=\"swiper-slide intro\">\n                            <span class=\"image-background\" style=\"background-image:url(https:\/\/staging.salvador-dali.org\/wp-content\/uploads\/2025\/03\/Conservacio-del-Laberint-1024x498.jpg)\"><\/span>\n                            \n                        <\/div>\n                        <div class=\"swiper-slide\">\n                           <div class=\"descripcio\">\n                            <h2>Une intervention de grande envergure<\/h2>\n                            <p>L\u2019aspect spectaculaire de ses dimensions, 8,8 x 13 m\u00e8tres, exige une logistique particuli\u00e8re ainsi que la coordination d\u2019une large \u00e9quipe de restaurateurs et de techniciens-manipulateurs. L\u2019intervention consiste \u00e0 \u00e9liminer la salet\u00e9 et la poussi\u00e8re en surface \u00e0 l\u2019aide de pinceaux et d\u2019aspirateurs, ainsi qu\u2019\u00e0 consolider de petites d\u00e9chirures de la toile, le tout r\u00e9alis\u00e9 depuis un \u00e9chafaudage de grande hauteur. Lorsque le d\u00e9crochage du rideau s\u2019est av\u00e9r\u00e9 n\u00e9cessaire, la peinture \u00e0 la d\u00e9trempe, appliqu\u00e9e de mani\u00e8re tr\u00e8s dilu\u00e9e, a permis d\u2019enrouler la toile sur un cylindre de 60 cm de diam\u00e8tre tout en proc\u00e9dant progressivement au nettoyage. L\u2019\u00e9tat de conservation des cordes qui soutiennent le rideau a \u00e9galement \u00e9t\u00e9 v\u00e9rifi\u00e9 ; pour des raisons de s\u00e9curit\u00e9, celles-ci ont \u00e9t\u00e9 remplac\u00e9es par de nouvelles cordes, pos\u00e9es par un machiniste professionnel.<\/p>\n                            <\/div>\n\n                            \n                            \n                        <\/div>\n                    \n\n                    \n                        \n                        <div class=\"swiper-slide\">\n                                                            <figure>\n                                    <a data-fancybox=\"gallery-69e54f6e1ffab\" data-src=\"https:\/\/staging.salvador-dali.org\/wp-content\/uploads\/2025\/06\/IMG_5462-Grande-rotated.jpg\" data-caption=\"\">\n                                        <img decoding=\"async\" src=\"https:\/\/staging.salvador-dali.org\/wp-content\/uploads\/2025\/06\/IMG_5462-Grande-768x1024.jpg\" alt=\"\"> \n\t\t\t\t          \t\t\t<\/a>\n                                                                        <figcaption class=\"custom-caption\"><\/figcaption>\n                                <\/figure>\n                                                    <\/div>\n\n                    \n                        \n                        <div class=\"swiper-slide\">\n                                                            <figure>\n                                    <a data-fancybox=\"gallery-69e54f6e1ffab\" data-src=\"https:\/\/staging.salvador-dali.org\/wp-content\/uploads\/2025\/06\/i0053-Grande.jpg\" data-caption=\"\">\n                                        <img decoding=\"async\" src=\"https:\/\/staging.salvador-dali.org\/wp-content\/uploads\/2025\/06\/i0053-Grande-1024x778.jpg\" alt=\"\"> \n\t\t\t\t          \t\t\t<\/a>\n                                                                        <figcaption class=\"custom-caption\"><\/figcaption>\n                                <\/figure>\n                                                    <\/div>\n\n                    \n                        \n                        <div class=\"swiper-slide\">\n                                                            <figure>\n                                    <a data-fancybox=\"gallery-69e54f6e1ffab\" data-src=\"https:\/\/staging.salvador-dali.org\/wp-content\/uploads\/2025\/06\/P1020087-Grande.jpg\" data-caption=\"\">\n                                        <img decoding=\"async\" src=\"https:\/\/staging.salvador-dali.org\/wp-content\/uploads\/2025\/06\/P1020087-Grande-1024x683.jpg\" alt=\"\"> \n\t\t\t\t          \t\t\t<\/a>\n                                                                        <figcaption class=\"custom-caption\"><\/figcaption>\n                                <\/figure>\n                                                    <\/div>\n\n                    \n                        \n                        <div class=\"swiper-slide\">\n                                                            <figure>\n                                    <a data-fancybox=\"gallery-69e54f6e1ffab\" data-src=\"https:\/\/staging.salvador-dali.org\/wp-content\/uploads\/2025\/06\/P1020045-Grande-rotated.jpg\" data-caption=\"\">\n                                        <img decoding=\"async\" src=\"https:\/\/staging.salvador-dali.org\/wp-content\/uploads\/2025\/06\/P1020045-Grande-683x1024.jpg\" alt=\"\"> \n\t\t\t\t          \t\t\t<\/a>\n                                                                        <figcaption class=\"custom-caption\"><\/figcaption>\n                                <\/figure>\n                                                    <\/div>\n\n                                    <\/div>\n                <!-- Swiper navigation buttons -->\n                <div class=\"swiper-button-prev\">\n                    <span class=\"screen-reader-text\">Diapositive pr\u00e9c\u00e9dente<\/span>\n                <\/div>\n                <div class=\"swiper-button-next\">\n                    <span class=\"screen-reader-text\">Diapositiva seg\u00fcent<\/span>\n                <\/div>\n            <\/div>\n        <\/div>\n    <\/div>\n\n\n\n<!-- Swiper JS -->\n<script src=\"https:\/\/cdn.jsdelivr.net\/npm\/swiper@11\/swiper-bundle.min.js\"><\/script>\n\n<!-- Initialize Swiper -->\n<script>\n\njQuery( document ).ready(function() {      \n\n    Tipus = 'intro-images';\n\n    updateSpaceBetween();\n    spaceBetweenInicial = 60;\n    \n    if (Tipus=='intro-images' ) {\n    \/\/    spaceBetweenValueModul = 0;\n    }\n\n\n\n    console.log(\"spaceBetweenValueModul\",spaceBetweenValueModul);\n\n    var swiper = new Swiper(\"#swiper-69e54f6e1ffab\", {\n      slidesPerView: \"auto\",\n      spaceBetween: spaceBetweenInicial,\n      \tfreeMode: true,\n\t  \tbreakpoints: {\n\t        \/\/ Quan l'amplada de la pantalla sigui major a 1024px\n\t        1024: {\n\t            spaceBetween: spaceBetweenValue,\n\t        },\n\t    },\n        \/\/ Navigation arrows\n        navigation: {\n            nextEl: '.swiper-button-next',\n            prevEl: '.swiper-button-prev',\n        },\n        mousewheel: {\n            releaseOnEdges: true,\n            forceToAxis: true,\n            sensitivity:    1,\n        },\n        a11y: {\n            prevSlideMessage: 'Diapositive pr\u00e9c\u00e9dente',\n            nextSlideMessage: 'Diapositiva seg\u00fcent',\n        },\n    });\n\n\n \n\n\n    \/*\n    jQuery('.bloc-destacats').each(function() {\n        const nextDiv = jQuery(this).next('div');\n        if (nextDiv.hasClass('contingut-ampliat')) {\n            console.log('T\u00e9 .contingut-ampliat despr\u00e9s');\n            \/\/ Aqu\u00ed pots fer accions, per exemple:\n            \/\/ $nextDiv.addClass('marcat'); o $(this).append($nextDiv);\n        }\n    });\n    *\/\n})\n<\/script>\n\n","protected":false},"excerpt":{"rendered":"","protected":false},"author":3,"featured_media":2039,"parent":7623,"menu_order":11,"comment_status":"closed","ping_status":"closed","template":"","meta":{"_acf_changed":false,"_coblocks_attr":"","_coblocks_dimensions":"","_coblocks_responsive_height":"","_coblocks_accordion_ie_support":"","footnotes":""},"categories":[],"tags":[],"class_list":["post-10753","page","type-page","status-publish","has-post-thumbnail","hentry"],"acf":[],"yoast_head":"<!-- This site is optimized with the Yoast SEO plugin v26.8 - https:\/\/yoast.com\/product\/yoast-seo-wordpress\/ -->\n<title>Conservation du \u00ab Labyrinthe \u00bb - Fundaci\u00f3 Gala - Salvador Dal\u00ed<\/title>\n<meta name=\"robots\" content=\"noindex, follow, max-snippet:-1, max-image-preview:large, max-video-preview:-1\" \/>\n<meta property=\"og:locale\" content=\"fr_FR\" \/>\n<meta property=\"og:type\" content=\"article\" \/>\n<meta property=\"og:title\" content=\"Conservation du \u00ab Labyrinthe \u00bb - Fundaci\u00f3 Gala - Salvador Dal\u00ed\" \/>\n<meta property=\"og:url\" content=\"https:\/\/staging.salvador-dali.org\/fr\/oeuvre\/conservation-et-restauration\/conservation-du-labyrinthe\/\" \/>\n<meta property=\"og:site_name\" content=\"Fundaci\u00f3 Gala - Salvador Dal\u00ed\" \/>\n<meta property=\"article:publisher\" content=\"https:\/\/www.facebook.com\/MuseusDali\" \/>\n<meta property=\"article:modified_time\" content=\"2025-07-02T09:33:51+00:00\" \/>\n<meta property=\"og:image\" content=\"https:\/\/staging.salvador-dali.org\/wp-content\/uploads\/2025\/03\/Conservacio-del-Laberint.jpg\" \/>\n\t<meta property=\"og:image:width\" content=\"1919\" \/>\n\t<meta property=\"og:image:height\" content=\"934\" \/>\n\t<meta property=\"og:image:type\" content=\"image\/jpeg\" \/>\n<meta name=\"twitter:card\" content=\"summary_large_image\" \/>\n<meta name=\"twitter:site\" content=\"@MuseuDali\" \/>\n<meta name=\"twitter:label1\" content=\"Dur\u00e9e de lecture estim\u00e9e\" \/>\n\t<meta name=\"twitter:data1\" content=\"1 minute\" \/>\n<script type=\"application\/ld+json\" class=\"yoast-schema-graph\">{\"@context\":\"https:\/\/schema.org\",\"@graph\":[{\"@type\":\"WebPage\",\"@id\":\"https:\/\/staging.salvador-dali.org\/fr\/oeuvre\/conservation-et-restauration\/conservation-du-labyrinthe\/\",\"url\":\"https:\/\/staging.salvador-dali.org\/fr\/oeuvre\/conservation-et-restauration\/conservation-du-labyrinthe\/\",\"name\":\"Conservation du \u00ab Labyrinthe \u00bb - Fundaci\u00f3 Gala - Salvador Dal\u00ed\",\"isPartOf\":{\"@id\":\"https:\/\/staging.salvador-dali.org\/fr\/#website\"},\"primaryImageOfPage\":{\"@id\":\"https:\/\/staging.salvador-dali.org\/fr\/oeuvre\/conservation-et-restauration\/conservation-du-labyrinthe\/#primaryimage\"},\"image\":{\"@id\":\"https:\/\/staging.salvador-dali.org\/fr\/oeuvre\/conservation-et-restauration\/conservation-du-labyrinthe\/#primaryimage\"},\"thumbnailUrl\":\"https:\/\/staging.salvador-dali.org\/wp-content\/uploads\/2025\/03\/Conservacio-del-Laberint.jpg\",\"datePublished\":\"2025-03-12T12:52:23+00:00\",\"dateModified\":\"2025-07-02T09:33:51+00:00\",\"breadcrumb\":{\"@id\":\"https:\/\/staging.salvador-dali.org\/fr\/oeuvre\/conservation-et-restauration\/conservation-du-labyrinthe\/#breadcrumb\"},\"inLanguage\":\"fr-FR\",\"potentialAction\":[{\"@type\":\"ReadAction\",\"target\":[\"https:\/\/staging.salvador-dali.org\/fr\/oeuvre\/conservation-et-restauration\/conservation-du-labyrinthe\/\"]}]},{\"@type\":\"ImageObject\",\"inLanguage\":\"fr-FR\",\"@id\":\"https:\/\/staging.salvador-dali.org\/fr\/oeuvre\/conservation-et-restauration\/conservation-du-labyrinthe\/#primaryimage\",\"url\":\"https:\/\/staging.salvador-dali.org\/wp-content\/uploads\/2025\/03\/Conservacio-del-Laberint.jpg\",\"contentUrl\":\"https:\/\/staging.salvador-dali.org\/wp-content\/uploads\/2025\/03\/Conservacio-del-Laberint.jpg\",\"width\":1919,\"height\":934},{\"@type\":\"BreadcrumbList\",\"@id\":\"https:\/\/staging.salvador-dali.org\/fr\/oeuvre\/conservation-et-restauration\/conservation-du-labyrinthe\/#breadcrumb\",\"itemListElement\":[{\"@type\":\"ListItem\",\"position\":1,\"name\":\"Inici\",\"item\":\"https:\/\/staging.salvador-dali.org\/fr\/\"},{\"@type\":\"ListItem\",\"position\":2,\"name\":\"Conservation du \u00ab Labyrinthe \u00bb\"}]},{\"@type\":\"WebSite\",\"@id\":\"https:\/\/staging.salvador-dali.org\/fr\/#website\",\"url\":\"https:\/\/staging.salvador-dali.org\/fr\/\",\"name\":\"Fundaci\u00f3 Gala - Salvador Dal\u00ed\",\"description\":\"\",\"publisher\":{\"@id\":\"https:\/\/staging.salvador-dali.org\/fr\/#organization\"},\"potentialAction\":[{\"@type\":\"SearchAction\",\"target\":{\"@type\":\"EntryPoint\",\"urlTemplate\":\"https:\/\/staging.salvador-dali.org\/fr\/?s={search_term_string}\"},\"query-input\":{\"@type\":\"PropertyValueSpecification\",\"valueRequired\":true,\"valueName\":\"search_term_string\"}}],\"inLanguage\":\"fr-FR\"},{\"@type\":\"Organization\",\"@id\":\"https:\/\/staging.salvador-dali.org\/fr\/#organization\",\"name\":\"Fundaci\u00f3 Gala - Salvador Dal\u00ed\",\"url\":\"https:\/\/staging.salvador-dali.org\/fr\/\",\"logo\":{\"@type\":\"ImageObject\",\"inLanguage\":\"fr-FR\",\"@id\":\"https:\/\/staging.salvador-dali.org\/fr\/#\/schema\/logo\/image\/\",\"url\":\"https:\/\/staging.salvador-dali.org\/wp-content\/uploads\/2025\/04\/fundacio-gala-salvador-dali.png\",\"contentUrl\":\"https:\/\/staging.salvador-dali.org\/wp-content\/uploads\/2025\/04\/fundacio-gala-salvador-dali.png\",\"width\":240,\"height\":240,\"caption\":\"Fundaci\u00f3 Gala - Salvador Dal\u00ed\"},\"image\":{\"@id\":\"https:\/\/staging.salvador-dali.org\/fr\/#\/schema\/logo\/image\/\"},\"sameAs\":[\"https:\/\/www.facebook.com\/MuseusDali\",\"https:\/\/x.com\/MuseuDali\",\"https:\/\/www.youtube.com\/user\/FundacioDali\",\"https:\/\/www.flickr.com\/fundacio_dali\/\",\"https:\/\/instagram.com\/museudali\"]}]}<\/script>\n<!-- \/ Yoast SEO plugin. -->","yoast_head_json":{"title":"Conservation du \u00ab Labyrinthe \u00bb - Fundaci\u00f3 Gala - Salvador Dal\u00ed","robots":{"index":"noindex","follow":"follow","max-snippet":"max-snippet:-1","max-image-preview":"max-image-preview:large","max-video-preview":"max-video-preview:-1"},"og_locale":"fr_FR","og_type":"article","og_title":"Conservation du \u00ab Labyrinthe \u00bb - Fundaci\u00f3 Gala - Salvador Dal\u00ed","og_url":"https:\/\/staging.salvador-dali.org\/fr\/oeuvre\/conservation-et-restauration\/conservation-du-labyrinthe\/","og_site_name":"Fundaci\u00f3 Gala - Salvador Dal\u00ed","article_publisher":"https:\/\/www.facebook.com\/MuseusDali","article_modified_time":"2025-07-02T09:33:51+00:00","og_image":[{"width":1919,"height":934,"url":"https:\/\/staging.salvador-dali.org\/wp-content\/uploads\/2025\/03\/Conservacio-del-Laberint.jpg","type":"image\/jpeg"}],"twitter_card":"summary_large_image","twitter_site":"@MuseuDali","twitter_misc":{"Dur\u00e9e de lecture estim\u00e9e":"1 minute"},"schema":{"@context":"https:\/\/schema.org","@graph":[{"@type":"WebPage","@id":"https:\/\/staging.salvador-dali.org\/fr\/oeuvre\/conservation-et-restauration\/conservation-du-labyrinthe\/","url":"https:\/\/staging.salvador-dali.org\/fr\/oeuvre\/conservation-et-restauration\/conservation-du-labyrinthe\/","name":"Conservation du \u00ab Labyrinthe \u00bb - Fundaci\u00f3 Gala - Salvador Dal\u00ed","isPartOf":{"@id":"https:\/\/staging.salvador-dali.org\/fr\/#website"},"primaryImageOfPage":{"@id":"https:\/\/staging.salvador-dali.org\/fr\/oeuvre\/conservation-et-restauration\/conservation-du-labyrinthe\/#primaryimage"},"image":{"@id":"https:\/\/staging.salvador-dali.org\/fr\/oeuvre\/conservation-et-restauration\/conservation-du-labyrinthe\/#primaryimage"},"thumbnailUrl":"https:\/\/staging.salvador-dali.org\/wp-content\/uploads\/2025\/03\/Conservacio-del-Laberint.jpg","datePublished":"2025-03-12T12:52:23+00:00","dateModified":"2025-07-02T09:33:51+00:00","breadcrumb":{"@id":"https:\/\/staging.salvador-dali.org\/fr\/oeuvre\/conservation-et-restauration\/conservation-du-labyrinthe\/#breadcrumb"},"inLanguage":"fr-FR","potentialAction":[{"@type":"ReadAction","target":["https:\/\/staging.salvador-dali.org\/fr\/oeuvre\/conservation-et-restauration\/conservation-du-labyrinthe\/"]}]},{"@type":"ImageObject","inLanguage":"fr-FR","@id":"https:\/\/staging.salvador-dali.org\/fr\/oeuvre\/conservation-et-restauration\/conservation-du-labyrinthe\/#primaryimage","url":"https:\/\/staging.salvador-dali.org\/wp-content\/uploads\/2025\/03\/Conservacio-del-Laberint.jpg","contentUrl":"https:\/\/staging.salvador-dali.org\/wp-content\/uploads\/2025\/03\/Conservacio-del-Laberint.jpg","width":1919,"height":934},{"@type":"BreadcrumbList","@id":"https:\/\/staging.salvador-dali.org\/fr\/oeuvre\/conservation-et-restauration\/conservation-du-labyrinthe\/#breadcrumb","itemListElement":[{"@type":"ListItem","position":1,"name":"Inici","item":"https:\/\/staging.salvador-dali.org\/fr\/"},{"@type":"ListItem","position":2,"name":"Conservation du \u00ab Labyrinthe \u00bb"}]},{"@type":"WebSite","@id":"https:\/\/staging.salvador-dali.org\/fr\/#website","url":"https:\/\/staging.salvador-dali.org\/fr\/","name":"Fundaci\u00f3 Gala - Salvador Dal\u00ed","description":"","publisher":{"@id":"https:\/\/staging.salvador-dali.org\/fr\/#organization"},"potentialAction":[{"@type":"SearchAction","target":{"@type":"EntryPoint","urlTemplate":"https:\/\/staging.salvador-dali.org\/fr\/?s={search_term_string}"},"query-input":{"@type":"PropertyValueSpecification","valueRequired":true,"valueName":"search_term_string"}}],"inLanguage":"fr-FR"},{"@type":"Organization","@id":"https:\/\/staging.salvador-dali.org\/fr\/#organization","name":"Fundaci\u00f3 Gala - Salvador Dal\u00ed","url":"https:\/\/staging.salvador-dali.org\/fr\/","logo":{"@type":"ImageObject","inLanguage":"fr-FR","@id":"https:\/\/staging.salvador-dali.org\/fr\/#\/schema\/logo\/image\/","url":"https:\/\/staging.salvador-dali.org\/wp-content\/uploads\/2025\/04\/fundacio-gala-salvador-dali.png","contentUrl":"https:\/\/staging.salvador-dali.org\/wp-content\/uploads\/2025\/04\/fundacio-gala-salvador-dali.png","width":240,"height":240,"caption":"Fundaci\u00f3 Gala - Salvador Dal\u00ed"},"image":{"@id":"https:\/\/staging.salvador-dali.org\/fr\/#\/schema\/logo\/image\/"},"sameAs":["https:\/\/www.facebook.com\/MuseusDali","https:\/\/x.com\/MuseuDali","https:\/\/www.youtube.com\/user\/FundacioDali","https:\/\/www.flickr.com\/fundacio_dali\/","https:\/\/instagram.com\/museudali"]}]}},"_links":{"self":[{"href":"https:\/\/staging.salvador-dali.org\/fr\/wp-json\/wp\/v2\/pages\/10753","targetHints":{"allow":["GET"]}}],"collection":[{"href":"https:\/\/staging.salvador-dali.org\/fr\/wp-json\/wp\/v2\/pages"}],"about":[{"href":"https:\/\/staging.salvador-dali.org\/fr\/wp-json\/wp\/v2\/types\/page"}],"author":[{"embeddable":true,"href":"https:\/\/staging.salvador-dali.org\/fr\/wp-json\/wp\/v2\/users\/3"}],"replies":[{"embeddable":true,"href":"https:\/\/staging.salvador-dali.org\/fr\/wp-json\/wp\/v2\/comments?post=10753"}],"version-history":[{"count":0,"href":"https:\/\/staging.salvador-dali.org\/fr\/wp-json\/wp\/v2\/pages\/10753\/revisions"}],"up":[{"embeddable":true,"href":"https:\/\/staging.salvador-dali.org\/fr\/wp-json\/wp\/v2\/pages\/7623"}],"wp:featuredmedia":[{"embeddable":true,"href":"https:\/\/staging.salvador-dali.org\/fr\/wp-json\/wp\/v2\/media\/2039"}],"wp:attachment":[{"href":"https:\/\/staging.salvador-dali.org\/fr\/wp-json\/wp\/v2\/media?parent=10753"}],"wp:term":[{"taxonomy":"category","embeddable":true,"href":"https:\/\/staging.salvador-dali.org\/fr\/wp-json\/wp\/v2\/categories?post=10753"},{"taxonomy":"post_tag","embeddable":true,"href":"https:\/\/staging.salvador-dali.org\/fr\/wp-json\/wp\/v2\/tags?post=10753"}],"curies":[{"name":"wp","href":"https:\/\/api.w.org\/{rel}","templated":true}]}}