{"id":7686,"date":"2025-02-25T10:26:27","date_gmt":"2025-02-25T08:26:27","guid":{"rendered":"https:\/\/staging.salvador-dali.org\/dali-i-gala\/gala\/una-personalitat-unica\/"},"modified":"2025-02-25T10:26:27","modified_gmt":"2025-02-25T08:26:27","slug":"una-personalitat-unica","status":"publish","type":"page","link":"https:\/\/staging.salvador-dali.org\/es\/dali-y-gala\/una-personalitat-unica\/","title":{"rendered":"Una personalitat \u00fanica"},"content":{"rendered":"\n<div class=\"wp-block-columns col-text is-layout-flex wp-container-core-columns-is-layout-9d6595d7 wp-block-columns-is-layout-flex\">\n<div class=\"wp-block-column is-layout-flow wp-block-column-is-layout-flow\">\n<p>Avan\u00e7ada al seu temps, interpreta millor que ning\u00fa la configuraci\u00f3 de la dona moderna i utilitza la moda com una forma d\u2019expressi\u00f3 al marge de les convencions. La seva curiositat salvatge subverteix les tend\u00e8ncies a favor d\u2019una androg\u00ednia que fa seus certs codis masculins per definir una nova feminitat.<\/p>\n<\/div>\n<\/div>\n\n\n\n<div class=\"wp-block-columns col-text col-1-imatges vertical is-layout-flex wp-container-core-columns-is-layout-9d6595d7 wp-block-columns-is-layout-flex\">\n<div class=\"wp-block-column is-layout-flow wp-block-column-is-layout-flow\">\n<figure class=\"wp-block-image size-large\"><img loading=\"lazy\" decoding=\"async\" width=\"678\" height=\"1024\" src=\"https:\/\/staging.salvador-dali.org\/wp-content\/uploads\/2025\/02\/0304-678x1024.jpg\" alt=\"\" class=\"wp-image-1191\" srcset=\"https:\/\/staging.salvador-dali.org\/wp-content\/uploads\/2025\/02\/0304-678x1024.jpg 678w, https:\/\/staging.salvador-dali.org\/wp-content\/uploads\/2025\/02\/0304-199x300.jpg 199w, https:\/\/staging.salvador-dali.org\/wp-content\/uploads\/2025\/02\/0304.jpg 713w\" sizes=\"auto, (max-width: 678px) 100vw, 678px\" \/><figcaption class=\"wp-element-caption\">http:\/\/www.elpunt.cat<\/figcaption><\/figure>\n<\/div>\n<\/div>\n\n\n\n<div class=\"wp-block-columns col-text is-layout-flex wp-container-core-columns-is-layout-9d6595d7 wp-block-columns-is-layout-flex\">\n<div class=\"wp-block-column is-layout-flow wp-block-column-is-layout-flow\">\n<blockquote class=\"wp-block-quote is-layout-flow wp-block-quote-is-layout-flow\">\n<p><em>Vull passar a la hist\u00f2ria com una llegenda. Quan tot s\u2019acabi, quan tot el que ara \u00e9s t\u00e8rbol sigui clar, quan hagi passat cert temps, es parlar\u00e0 de mi, b\u00e9 o malament. Per\u00f2 ara no vull que ning\u00fa en digui res.<\/em><\/p>\n\n\n\n<p>Gala Dal\u00ed<\/p>\n<\/blockquote>\n<\/div>\n<\/div>\n\n\n\n<div style=\"height:100px\" aria-hidden=\"true\" class=\"wp-block-spacer separador25 mb-0 mt-0\"><\/div>\n","protected":false},"excerpt":{"rendered":"<p>Avan\u00e7ada al seu temps, interpreta millor que ning\u00fa la configuraci\u00f3 de la dona moderna i utilitza la moda com una forma d\u2019expressi\u00f3 al marge de les convencions. La seva curiositat salvatge subverteix les tend\u00e8ncies a favor d\u2019una androg\u00ednia que fa seus certs codis masculins per definir una nova feminitat. Vull passar a la hist\u00f2ria com [&hellip;]<\/p>\n","protected":false},"author":3,"featured_media":1627,"parent":7567,"menu_order":2,"comment_status":"closed","ping_status":"closed","template":"","meta":{"_acf_changed":false,"_coblocks_attr":"","_coblocks_dimensions":"","_coblocks_responsive_height":"","_coblocks_accordion_ie_support":"","footnotes":""},"categories":[],"tags":[],"class_list":["post-7686","page","type-page","status-publish","has-post-thumbnail","hentry"],"acf":[],"yoast_head":"<!-- This site is optimized with the Yoast SEO plugin v26.8 - https:\/\/yoast.com\/product\/yoast-seo-wordpress\/ -->\n<title>Una personalitat \u00fanica - Fundaci\u00f3 Gala - Salvador Dal\u00ed<\/title>\n<meta name=\"robots\" content=\"noindex, follow, max-snippet:-1, max-image-preview:large, max-video-preview:-1\" \/>\n<meta property=\"og:locale\" content=\"es_ES\" \/>\n<meta property=\"og:type\" content=\"article\" \/>\n<meta property=\"og:title\" content=\"Una personalitat \u00fanica - Fundaci\u00f3 Gala - Salvador Dal\u00ed\" \/>\n<meta property=\"og:description\" content=\"Avan\u00e7ada al seu temps, interpreta millor que ning\u00fa la configuraci\u00f3 de la dona moderna i utilitza la moda com una forma d\u2019expressi\u00f3 al marge de les convencions. La seva curiositat salvatge subverteix les tend\u00e8ncies a favor d\u2019una androg\u00ednia que fa seus certs codis masculins per definir una nova feminitat. Vull passar a la hist\u00f2ria com [&hellip;]\" \/>\n<meta property=\"og:url\" content=\"https:\/\/staging.salvador-dali.org\/es\/dali-y-gala\/una-personalitat-unica\/\" \/>\n<meta property=\"og:site_name\" content=\"Fundaci\u00f3 Gala - Salvador Dal\u00ed\" \/>\n<meta property=\"article:publisher\" content=\"https:\/\/www.facebook.com\/MuseusDali\" \/>\n<meta property=\"og:image\" content=\"https:\/\/staging.salvador-dali.org\/wp-content\/uploads\/2025\/03\/2876_mirall-scaled.jpg\" \/>\n\t<meta property=\"og:image:width\" content=\"2560\" \/>\n\t<meta property=\"og:image:height\" content=\"1887\" \/>\n\t<meta property=\"og:image:type\" content=\"image\/jpeg\" \/>\n<meta name=\"twitter:card\" content=\"summary_large_image\" \/>\n<meta name=\"twitter:site\" content=\"@MuseuDali\" \/>\n<meta name=\"twitter:label1\" content=\"Tiempo de lectura\" \/>\n\t<meta name=\"twitter:data1\" content=\"1 minuto\" \/>\n<script type=\"application\/ld+json\" class=\"yoast-schema-graph\">{\"@context\":\"https:\/\/schema.org\",\"@graph\":[{\"@type\":\"WebPage\",\"@id\":\"https:\/\/staging.salvador-dali.org\/es\/dali-y-gala\/una-personalitat-unica\/\",\"url\":\"https:\/\/staging.salvador-dali.org\/es\/dali-y-gala\/una-personalitat-unica\/\",\"name\":\"Una personalitat \u00fanica - Fundaci\u00f3 Gala - Salvador Dal\u00ed\",\"isPartOf\":{\"@id\":\"https:\/\/staging.salvador-dali.org\/es\/#website\"},\"primaryImageOfPage\":{\"@id\":\"https:\/\/staging.salvador-dali.org\/es\/dali-y-gala\/una-personalitat-unica\/#primaryimage\"},\"image\":{\"@id\":\"https:\/\/staging.salvador-dali.org\/es\/dali-y-gala\/una-personalitat-unica\/#primaryimage\"},\"thumbnailUrl\":\"https:\/\/staging.salvador-dali.org\/wp-content\/uploads\/2025\/03\/2876_mirall-scaled.jpg\",\"datePublished\":\"2025-02-25T08:26:27+00:00\",\"breadcrumb\":{\"@id\":\"https:\/\/staging.salvador-dali.org\/es\/dali-y-gala\/una-personalitat-unica\/#breadcrumb\"},\"inLanguage\":\"es\",\"potentialAction\":[{\"@type\":\"ReadAction\",\"target\":[\"https:\/\/staging.salvador-dali.org\/es\/dali-y-gala\/una-personalitat-unica\/\"]}]},{\"@type\":\"ImageObject\",\"inLanguage\":\"es\",\"@id\":\"https:\/\/staging.salvador-dali.org\/es\/dali-y-gala\/una-personalitat-unica\/#primaryimage\",\"url\":\"https:\/\/staging.salvador-dali.org\/wp-content\/uploads\/2025\/03\/2876_mirall-scaled.jpg\",\"contentUrl\":\"https:\/\/staging.salvador-dali.org\/wp-content\/uploads\/2025\/03\/2876_mirall-scaled.jpg\",\"width\":2560,\"height\":1887,\"caption\":\"B0015P 0005\"},{\"@type\":\"BreadcrumbList\",\"@id\":\"https:\/\/staging.salvador-dali.org\/es\/dali-y-gala\/una-personalitat-unica\/#breadcrumb\",\"itemListElement\":[{\"@type\":\"ListItem\",\"position\":1,\"name\":\"Inici\",\"item\":\"https:\/\/staging.salvador-dali.org\/es\/\"},{\"@type\":\"ListItem\",\"position\":2,\"name\":\"Una personalitat \u00fanica\"}]},{\"@type\":\"WebSite\",\"@id\":\"https:\/\/staging.salvador-dali.org\/es\/#website\",\"url\":\"https:\/\/staging.salvador-dali.org\/es\/\",\"name\":\"Fundaci\u00f3 Gala - Salvador Dal\u00ed\",\"description\":\"\",\"publisher\":{\"@id\":\"https:\/\/staging.salvador-dali.org\/es\/#organization\"},\"potentialAction\":[{\"@type\":\"SearchAction\",\"target\":{\"@type\":\"EntryPoint\",\"urlTemplate\":\"https:\/\/staging.salvador-dali.org\/es\/?s={search_term_string}\"},\"query-input\":{\"@type\":\"PropertyValueSpecification\",\"valueRequired\":true,\"valueName\":\"search_term_string\"}}],\"inLanguage\":\"es\"},{\"@type\":\"Organization\",\"@id\":\"https:\/\/staging.salvador-dali.org\/es\/#organization\",\"name\":\"Fundaci\u00f3 Gala - Salvador Dal\u00ed\",\"url\":\"https:\/\/staging.salvador-dali.org\/es\/\",\"logo\":{\"@type\":\"ImageObject\",\"inLanguage\":\"es\",\"@id\":\"https:\/\/staging.salvador-dali.org\/es\/#\/schema\/logo\/image\/\",\"url\":\"https:\/\/staging.salvador-dali.org\/wp-content\/uploads\/2025\/04\/fundacio-gala-salvador-dali.png\",\"contentUrl\":\"https:\/\/staging.salvador-dali.org\/wp-content\/uploads\/2025\/04\/fundacio-gala-salvador-dali.png\",\"width\":240,\"height\":240,\"caption\":\"Fundaci\u00f3 Gala - Salvador Dal\u00ed\"},\"image\":{\"@id\":\"https:\/\/staging.salvador-dali.org\/es\/#\/schema\/logo\/image\/\"},\"sameAs\":[\"https:\/\/www.facebook.com\/MuseusDali\",\"https:\/\/x.com\/MuseuDali\",\"https:\/\/www.youtube.com\/user\/FundacioDali\",\"https:\/\/www.flickr.com\/fundacio_dali\/\",\"https:\/\/instagram.com\/museudali\"]}]}<\/script>\n<!-- \/ Yoast SEO plugin. -->","yoast_head_json":{"title":"Una personalitat \u00fanica - Fundaci\u00f3 Gala - Salvador Dal\u00ed","robots":{"index":"noindex","follow":"follow","max-snippet":"max-snippet:-1","max-image-preview":"max-image-preview:large","max-video-preview":"max-video-preview:-1"},"og_locale":"es_ES","og_type":"article","og_title":"Una personalitat \u00fanica - Fundaci\u00f3 Gala - Salvador Dal\u00ed","og_description":"Avan\u00e7ada al seu temps, interpreta millor que ning\u00fa la configuraci\u00f3 de la dona moderna i utilitza la moda com una forma d\u2019expressi\u00f3 al marge de les convencions. La seva curiositat salvatge subverteix les tend\u00e8ncies a favor d\u2019una androg\u00ednia que fa seus certs codis masculins per definir una nova feminitat. Vull passar a la hist\u00f2ria com [&hellip;]","og_url":"https:\/\/staging.salvador-dali.org\/es\/dali-y-gala\/una-personalitat-unica\/","og_site_name":"Fundaci\u00f3 Gala - Salvador Dal\u00ed","article_publisher":"https:\/\/www.facebook.com\/MuseusDali","og_image":[{"width":2560,"height":1887,"url":"https:\/\/staging.salvador-dali.org\/wp-content\/uploads\/2025\/03\/2876_mirall-scaled.jpg","type":"image\/jpeg"}],"twitter_card":"summary_large_image","twitter_site":"@MuseuDali","twitter_misc":{"Tiempo de lectura":"1 minuto"},"schema":{"@context":"https:\/\/schema.org","@graph":[{"@type":"WebPage","@id":"https:\/\/staging.salvador-dali.org\/es\/dali-y-gala\/una-personalitat-unica\/","url":"https:\/\/staging.salvador-dali.org\/es\/dali-y-gala\/una-personalitat-unica\/","name":"Una personalitat \u00fanica - Fundaci\u00f3 Gala - Salvador Dal\u00ed","isPartOf":{"@id":"https:\/\/staging.salvador-dali.org\/es\/#website"},"primaryImageOfPage":{"@id":"https:\/\/staging.salvador-dali.org\/es\/dali-y-gala\/una-personalitat-unica\/#primaryimage"},"image":{"@id":"https:\/\/staging.salvador-dali.org\/es\/dali-y-gala\/una-personalitat-unica\/#primaryimage"},"thumbnailUrl":"https:\/\/staging.salvador-dali.org\/wp-content\/uploads\/2025\/03\/2876_mirall-scaled.jpg","datePublished":"2025-02-25T08:26:27+00:00","breadcrumb":{"@id":"https:\/\/staging.salvador-dali.org\/es\/dali-y-gala\/una-personalitat-unica\/#breadcrumb"},"inLanguage":"es","potentialAction":[{"@type":"ReadAction","target":["https:\/\/staging.salvador-dali.org\/es\/dali-y-gala\/una-personalitat-unica\/"]}]},{"@type":"ImageObject","inLanguage":"es","@id":"https:\/\/staging.salvador-dali.org\/es\/dali-y-gala\/una-personalitat-unica\/#primaryimage","url":"https:\/\/staging.salvador-dali.org\/wp-content\/uploads\/2025\/03\/2876_mirall-scaled.jpg","contentUrl":"https:\/\/staging.salvador-dali.org\/wp-content\/uploads\/2025\/03\/2876_mirall-scaled.jpg","width":2560,"height":1887,"caption":"B0015P 0005"},{"@type":"BreadcrumbList","@id":"https:\/\/staging.salvador-dali.org\/es\/dali-y-gala\/una-personalitat-unica\/#breadcrumb","itemListElement":[{"@type":"ListItem","position":1,"name":"Inici","item":"https:\/\/staging.salvador-dali.org\/es\/"},{"@type":"ListItem","position":2,"name":"Una personalitat \u00fanica"}]},{"@type":"WebSite","@id":"https:\/\/staging.salvador-dali.org\/es\/#website","url":"https:\/\/staging.salvador-dali.org\/es\/","name":"Fundaci\u00f3 Gala - Salvador Dal\u00ed","description":"","publisher":{"@id":"https:\/\/staging.salvador-dali.org\/es\/#organization"},"potentialAction":[{"@type":"SearchAction","target":{"@type":"EntryPoint","urlTemplate":"https:\/\/staging.salvador-dali.org\/es\/?s={search_term_string}"},"query-input":{"@type":"PropertyValueSpecification","valueRequired":true,"valueName":"search_term_string"}}],"inLanguage":"es"},{"@type":"Organization","@id":"https:\/\/staging.salvador-dali.org\/es\/#organization","name":"Fundaci\u00f3 Gala - Salvador Dal\u00ed","url":"https:\/\/staging.salvador-dali.org\/es\/","logo":{"@type":"ImageObject","inLanguage":"es","@id":"https:\/\/staging.salvador-dali.org\/es\/#\/schema\/logo\/image\/","url":"https:\/\/staging.salvador-dali.org\/wp-content\/uploads\/2025\/04\/fundacio-gala-salvador-dali.png","contentUrl":"https:\/\/staging.salvador-dali.org\/wp-content\/uploads\/2025\/04\/fundacio-gala-salvador-dali.png","width":240,"height":240,"caption":"Fundaci\u00f3 Gala - Salvador Dal\u00ed"},"image":{"@id":"https:\/\/staging.salvador-dali.org\/es\/#\/schema\/logo\/image\/"},"sameAs":["https:\/\/www.facebook.com\/MuseusDali","https:\/\/x.com\/MuseuDali","https:\/\/www.youtube.com\/user\/FundacioDali","https:\/\/www.flickr.com\/fundacio_dali\/","https:\/\/instagram.com\/museudali"]}]}},"_links":{"self":[{"href":"https:\/\/staging.salvador-dali.org\/es\/wp-json\/wp\/v2\/pages\/7686","targetHints":{"allow":["GET"]}}],"collection":[{"href":"https:\/\/staging.salvador-dali.org\/es\/wp-json\/wp\/v2\/pages"}],"about":[{"href":"https:\/\/staging.salvador-dali.org\/es\/wp-json\/wp\/v2\/types\/page"}],"author":[{"embeddable":true,"href":"https:\/\/staging.salvador-dali.org\/es\/wp-json\/wp\/v2\/users\/3"}],"replies":[{"embeddable":true,"href":"https:\/\/staging.salvador-dali.org\/es\/wp-json\/wp\/v2\/comments?post=7686"}],"version-history":[{"count":0,"href":"https:\/\/staging.salvador-dali.org\/es\/wp-json\/wp\/v2\/pages\/7686\/revisions"}],"up":[{"embeddable":true,"href":"https:\/\/staging.salvador-dali.org\/es\/wp-json\/wp\/v2\/pages\/7567"}],"wp:featuredmedia":[{"embeddable":true,"href":"https:\/\/staging.salvador-dali.org\/es\/wp-json\/wp\/v2\/media\/1627"}],"wp:attachment":[{"href":"https:\/\/staging.salvador-dali.org\/es\/wp-json\/wp\/v2\/media?parent=7686"}],"wp:term":[{"taxonomy":"category","embeddable":true,"href":"https:\/\/staging.salvador-dali.org\/es\/wp-json\/wp\/v2\/categories?post=7686"},{"taxonomy":"post_tag","embeddable":true,"href":"https:\/\/staging.salvador-dali.org\/es\/wp-json\/wp\/v2\/tags?post=7686"}],"curies":[{"name":"wp","href":"https:\/\/api.w.org\/{rel}","templated":true}]}}