{"id":7576,"date":"2025-04-25T10:14:58","date_gmt":"2025-04-25T08:14:58","guid":{"rendered":"https:\/\/staging.salvador-dali.org\/fundacio-dali\/serveis\/premsa\/dossiers-de-premsa\/"},"modified":"2025-06-30T10:21:26","modified_gmt":"2025-06-30T08:21:26","slug":"dosieres-de-prensa","status":"publish","type":"page","link":"https:\/\/staging.salvador-dali.org\/es\/fundacio-dali\/servicios\/sala-de-prensa\/dosieres-de-prensa\/","title":{"rendered":"Dosieres de prensa"},"content":{"rendered":"<div class=\"facetwp-template\" data-name=\"dossier_premsa\"><style>\n\n\n.facetwp-template[data-name=\"dossier_premsa\"] .fwpl-layout {\n    display:block;\n}\n\n.facetwp-template[data-name=\"dossier_premsa\"] .grid-item {\n  display: flex;\n  padding: 1rem 0;\n  border-bottom: 1px solid black;\n}\n\n.facetwp-template[data-name=\"dossier_premsa\"] .item-header {\n  width: 80px;\n  height: 80px;\n \/* border: 1px solid #9a233c; *\/\n}\n\n.facetwp-template[data-name=\"dossier_premsa\"] .item-content {\n  align-self: center;\n}\n\n.facetwp-template[data-name=\"dossier_premsa\"] .fwpl-layout .grid-item .item-header figure::after {\n    content: none;\n}\n\n.facetwp-template[data-name=\"dossier_premsa\"] .fwpl-layout .grid-item .item-content .title {\n  font-family: var(--sans);\n  font-size: var(--m-et-plus);\n  line-height: 1.3;\n  letter-spacing: var(--letter-space);\n}\n\n<\/style>\n\n<ul class=\"fwpl-layout list\">\n  \t<li class=\"grid-item\">\n\n        \t\t\n        <div class=\"item-header\">\n            <figure class=\"image\">                    <img decoding=\"async\" src=\"https:\/\/staging.salvador-dali.org\/wp-content\/themes\/salvadordali-fundacio\/assets\/images\/noimatge.jpg\" alt=\"\" \/>;    \n                <\/figure>\n\n        <\/div>\n        <div class=\"item-content\">\n\n                        <a href=\"https:\/\/staging.salvador-dali.org\/es\/fundacion-dali\/servicios\/prensa\/dossiers-de-prensa\/dossier\/dossier-de-premsa-fundacio-dali\/\" download><div class=\"title\">Dossier de Prensa Fundaci\u00f3n Dal\u00ed<\/div><\/a>\n            <div class=\"item-data\">\n             7 agosto 2025            <\/div>\n        <\/div>\n\t\t\n\t<\/li>\n\t\n  \t<li class=\"grid-item\">\n\n        \t\t\n        <div class=\"item-header\">\n            <figure class=\"image\">                    <img decoding=\"async\" src=\"https:\/\/staging.salvador-dali.org\/wp-content\/themes\/salvadordali-fundacio\/assets\/images\/noimatge.jpg\" alt=\"\" \/>;    \n                <\/figure>\n\n        <\/div>\n        <div class=\"item-content\">\n\n                        <a href=\"https:\/\/staging.salvador-dali.org\/es\/fundacion-dali\/servicios\/prensa\/dossiers-de-prensa\/dossier\/fundacion-dali-y-de-sus-museos\/\" download><div class=\"title\">Fundaci\u00f3n Dal\u00ed y de sus museos<\/div><\/a>\n            <div class=\"item-data\">\n             1 junio 2025            <\/div>\n        <\/div>\n\t\t\n\t<\/li>\n\t\n  \t<li class=\"grid-item\">\n\n        \t\t\n        <div class=\"item-header\">\n            <figure class=\"image\">                    <img decoding=\"async\" src=\"https:\/\/staging.salvador-dali.org\/wp-content\/themes\/salvadordali-fundacio\/assets\/images\/noimatge.jpg\" alt=\"\" \/>;    \n                <\/figure>\n\n        <\/div>\n        <div class=\"item-content\">\n\n                        <a href=\"https:\/\/staging.salvador-dali.org\/es\/fundacion-dali\/servicios\/prensa\/dossiers-de-prensa\/dossier\/el-despertar-del-mito-gala-dali-una-colaboracion-entre-la-fundacion-gala-salvador-dali-y-la-roca-village\/\" download><div class=\"title\">El Despertar del Mito: Gala Dal\u00ed &#8211; Una colaboraci\u00f3n entre la Fundaci\u00f3n Gala-Salvador Dal\u00ed y La Roca Village<\/div><\/a>\n            <div class=\"item-data\">\n             1 junio 2025            <\/div>\n        <\/div>\n\t\t\n\t<\/li>\n\t\n  \t<li class=\"grid-item\">\n\n        \t\t\n        <div class=\"item-header\">\n            <figure class=\"image\">                    <img decoding=\"async\" src=\"https:\/\/staging.salvador-dali.org\/wp-content\/themes\/salvadordali-fundacio\/assets\/images\/noimatge.jpg\" alt=\"\" \/>;    \n                <\/figure>\n\n        <\/div>\n        <div class=\"item-content\">\n\n                        <a href=\"https:\/\/staging.salvador-dali.org\/es\/fundacion-dali\/servicios\/prensa\/dossiers-de-prensa\/dossier\/memoria-2024\/\" download><div class=\"title\">Memoria 2024<\/div><\/a>\n            <div class=\"item-data\">\n             1 junio 2025            <\/div>\n        <\/div>\n\t\t\n\t<\/li>\n\t\n  \t<li class=\"grid-item\">\n\n        \t\t\n        <div class=\"item-header\">\n            <figure class=\"image\">                    <img decoding=\"async\" src=\"https:\/\/staging.salvador-dali.org\/wp-content\/themes\/salvadordali-fundacio\/assets\/images\/noimatge.jpg\" alt=\"\" \/>;    \n                <\/figure>\n\n        <\/div>\n        <div class=\"item-content\">\n\n                        <a href=\"https:\/\/staging.salvador-dali.org\/es\/fundacion-dali\/servicios\/prensa\/dossiers-de-prensa\/dossier\/el-despertar-del-mito-gala-dali\/\" download><div class=\"title\">El despertar del mito: Gala Dal\u00ed<\/div><\/a>\n            <div class=\"item-data\">\n             1 junio 2025            <\/div>\n        <\/div>\n\t\t\n\t<\/li>\n\t\n  \t<li class=\"grid-item\">\n\n        \t\t\n        <div class=\"item-header\">\n            <figure class=\"image\">                    <img decoding=\"async\" src=\"https:\/\/staging.salvador-dali.org\/wp-content\/themes\/salvadordali-fundacio\/assets\/images\/noimatge.jpg\" alt=\"\" \/>;    \n                <\/figure>\n\n        <\/div>\n        <div class=\"item-content\">\n\n                        <a href=\"https:\/\/staging.salvador-dali.org\/es\/fundacion-dali\/servicios\/prensa\/dossiers-de-prensa\/dossier\/dali-el-cristo-de-portlligat\/\" download><div class=\"title\">Dal\u00ed. El cristo de Portlligat<\/div><\/a>\n            <div class=\"item-data\">\n             1 septiembre 2024            <\/div>\n        <\/div>\n\t\t\n\t<\/li>\n\t\n  \t<li class=\"grid-item\">\n\n        \t\t\n        <div class=\"item-header\">\n            <figure class=\"image\">                    <img decoding=\"async\" src=\"https:\/\/staging.salvador-dali.org\/wp-content\/themes\/salvadordali-fundacio\/assets\/images\/noimatge.jpg\" alt=\"\" \/>;    \n                <\/figure>\n\n        <\/div>\n        <div class=\"item-content\">\n\n                        <a href=\"https:\/\/staging.salvador-dali.org\/es\/fundacion-dali\/servicios\/prensa\/dossiers-de-prensa\/dossier\/el-teatro-museo-dali-celebra-sus-50-anos-con-tres-proyectos-expositivos-y-un-audiovisual-que-muestran-la-vision-particular-que-el-artista-tenia-de-la-historia-del-arte\/\" download><div class=\"title\">El Teatro-Museo Dal\u00ed celebra sus 50 a\u00f1os con tres proyectos expositivos y un audiovisual que muestran la visi\u00f3n particular que el artista ten\u00eda de la historia del arte<\/div><\/a>\n            <div class=\"item-data\">\n             1 junio 2024            <\/div>\n        <\/div>\n\t\t\n\t<\/li>\n\t\n  <\/ul>\n<\/div>\n\n\n\n<p><\/p>\n","protected":false},"excerpt":{"rendered":"","protected":false},"author":3,"featured_media":2963,"parent":7573,"menu_order":0,"comment_status":"closed","ping_status":"closed","template":"","meta":{"_acf_changed":false,"_coblocks_attr":"","_coblocks_dimensions":"","_coblocks_responsive_height":"","_coblocks_accordion_ie_support":"","footnotes":""},"categories":[],"tags":[],"class_list":["post-7576","page","type-page","status-publish","has-post-thumbnail","hentry"],"acf":[],"yoast_head":"<!-- This site is optimized with the Yoast SEO plugin v26.8 - https:\/\/yoast.com\/product\/yoast-seo-wordpress\/ -->\n<title>Dosieres de prensa - Fundaci\u00f3 Gala - Salvador Dal\u00ed<\/title>\n<meta name=\"robots\" content=\"noindex, follow, max-snippet:-1, max-image-preview:large, max-video-preview:-1\" \/>\n<meta property=\"og:locale\" content=\"es_ES\" \/>\n<meta property=\"og:type\" content=\"article\" \/>\n<meta property=\"og:title\" content=\"Dosieres de prensa - Fundaci\u00f3 Gala - Salvador Dal\u00ed\" \/>\n<meta property=\"og:url\" content=\"https:\/\/staging.salvador-dali.org\/es\/fundacio-dali\/servicios\/sala-de-prensa\/dosieres-de-prensa\/\" \/>\n<meta property=\"og:site_name\" content=\"Fundaci\u00f3 Gala - Salvador Dal\u00ed\" \/>\n<meta property=\"article:publisher\" content=\"https:\/\/www.facebook.com\/MuseusDali\" \/>\n<meta property=\"article:modified_time\" content=\"2025-06-30T08:21:26+00:00\" \/>\n<meta property=\"og:image\" content=\"https:\/\/staging.salvador-dali.org\/wp-content\/uploads\/2025\/04\/Visitants-Museu-Dali-0325-111-scaled.jpg\" \/>\n\t<meta property=\"og:image:width\" content=\"2560\" \/>\n\t<meta property=\"og:image:height\" content=\"1707\" \/>\n\t<meta property=\"og:image:type\" content=\"image\/jpeg\" \/>\n<meta name=\"twitter:card\" content=\"summary_large_image\" \/>\n<meta name=\"twitter:site\" content=\"@MuseuDali\" \/>\n<meta name=\"twitter:label1\" content=\"Tiempo de lectura\" \/>\n\t<meta name=\"twitter:data1\" content=\"1 minuto\" \/>\n<script type=\"application\/ld+json\" class=\"yoast-schema-graph\">{\"@context\":\"https:\/\/schema.org\",\"@graph\":[{\"@type\":\"WebPage\",\"@id\":\"https:\/\/staging.salvador-dali.org\/es\/fundacio-dali\/servicios\/sala-de-prensa\/dosieres-de-prensa\/\",\"url\":\"https:\/\/staging.salvador-dali.org\/es\/fundacio-dali\/servicios\/sala-de-prensa\/dosieres-de-prensa\/\",\"name\":\"Dosieres de prensa - Fundaci\u00f3 Gala - Salvador Dal\u00ed\",\"isPartOf\":{\"@id\":\"https:\/\/staging.salvador-dali.org\/es\/#website\"},\"primaryImageOfPage\":{\"@id\":\"https:\/\/staging.salvador-dali.org\/es\/fundacio-dali\/servicios\/sala-de-prensa\/dosieres-de-prensa\/#primaryimage\"},\"image\":{\"@id\":\"https:\/\/staging.salvador-dali.org\/es\/fundacio-dali\/servicios\/sala-de-prensa\/dosieres-de-prensa\/#primaryimage\"},\"thumbnailUrl\":\"https:\/\/staging.salvador-dali.org\/wp-content\/uploads\/2025\/04\/Visitants-Museu-Dali-0325-111-scaled.jpg\",\"datePublished\":\"2025-04-25T08:14:58+00:00\",\"dateModified\":\"2025-06-30T08:21:26+00:00\",\"breadcrumb\":{\"@id\":\"https:\/\/staging.salvador-dali.org\/es\/fundacio-dali\/servicios\/sala-de-prensa\/dosieres-de-prensa\/#breadcrumb\"},\"inLanguage\":\"es\",\"potentialAction\":[{\"@type\":\"ReadAction\",\"target\":[\"https:\/\/staging.salvador-dali.org\/es\/fundacio-dali\/servicios\/sala-de-prensa\/dosieres-de-prensa\/\"]}]},{\"@type\":\"ImageObject\",\"inLanguage\":\"es\",\"@id\":\"https:\/\/staging.salvador-dali.org\/es\/fundacio-dali\/servicios\/sala-de-prensa\/dosieres-de-prensa\/#primaryimage\",\"url\":\"https:\/\/staging.salvador-dali.org\/wp-content\/uploads\/2025\/04\/Visitants-Museu-Dali-0325-111-scaled.jpg\",\"contentUrl\":\"https:\/\/staging.salvador-dali.org\/wp-content\/uploads\/2025\/04\/Visitants-Museu-Dali-0325-111-scaled.jpg\",\"width\":2560,\"height\":1707,\"caption\":\"Visitantes al Museo Dal\u00ed de Figueres. Pere Duran\/Nord Media\"},{\"@type\":\"BreadcrumbList\",\"@id\":\"https:\/\/staging.salvador-dali.org\/es\/fundacio-dali\/servicios\/sala-de-prensa\/dosieres-de-prensa\/#breadcrumb\",\"itemListElement\":[{\"@type\":\"ListItem\",\"position\":1,\"name\":\"Inici\",\"item\":\"https:\/\/staging.salvador-dali.org\/es\/\"},{\"@type\":\"ListItem\",\"position\":2,\"name\":\"Dosieres de prensa\"}]},{\"@type\":\"WebSite\",\"@id\":\"https:\/\/staging.salvador-dali.org\/es\/#website\",\"url\":\"https:\/\/staging.salvador-dali.org\/es\/\",\"name\":\"Fundaci\u00f3 Gala - Salvador Dal\u00ed\",\"description\":\"\",\"publisher\":{\"@id\":\"https:\/\/staging.salvador-dali.org\/es\/#organization\"},\"potentialAction\":[{\"@type\":\"SearchAction\",\"target\":{\"@type\":\"EntryPoint\",\"urlTemplate\":\"https:\/\/staging.salvador-dali.org\/es\/?s={search_term_string}\"},\"query-input\":{\"@type\":\"PropertyValueSpecification\",\"valueRequired\":true,\"valueName\":\"search_term_string\"}}],\"inLanguage\":\"es\"},{\"@type\":\"Organization\",\"@id\":\"https:\/\/staging.salvador-dali.org\/es\/#organization\",\"name\":\"Fundaci\u00f3 Gala - Salvador Dal\u00ed\",\"url\":\"https:\/\/staging.salvador-dali.org\/es\/\",\"logo\":{\"@type\":\"ImageObject\",\"inLanguage\":\"es\",\"@id\":\"https:\/\/staging.salvador-dali.org\/es\/#\/schema\/logo\/image\/\",\"url\":\"https:\/\/staging.salvador-dali.org\/wp-content\/uploads\/2025\/04\/fundacio-gala-salvador-dali.png\",\"contentUrl\":\"https:\/\/staging.salvador-dali.org\/wp-content\/uploads\/2025\/04\/fundacio-gala-salvador-dali.png\",\"width\":240,\"height\":240,\"caption\":\"Fundaci\u00f3 Gala - Salvador Dal\u00ed\"},\"image\":{\"@id\":\"https:\/\/staging.salvador-dali.org\/es\/#\/schema\/logo\/image\/\"},\"sameAs\":[\"https:\/\/www.facebook.com\/MuseusDali\",\"https:\/\/x.com\/MuseuDali\",\"https:\/\/www.youtube.com\/user\/FundacioDali\",\"https:\/\/www.flickr.com\/fundacio_dali\/\",\"https:\/\/instagram.com\/museudali\"]}]}<\/script>\n<!-- \/ Yoast SEO plugin. -->","yoast_head_json":{"title":"Dosieres de prensa - Fundaci\u00f3 Gala - Salvador Dal\u00ed","robots":{"index":"noindex","follow":"follow","max-snippet":"max-snippet:-1","max-image-preview":"max-image-preview:large","max-video-preview":"max-video-preview:-1"},"og_locale":"es_ES","og_type":"article","og_title":"Dosieres de prensa - Fundaci\u00f3 Gala - Salvador Dal\u00ed","og_url":"https:\/\/staging.salvador-dali.org\/es\/fundacio-dali\/servicios\/sala-de-prensa\/dosieres-de-prensa\/","og_site_name":"Fundaci\u00f3 Gala - Salvador Dal\u00ed","article_publisher":"https:\/\/www.facebook.com\/MuseusDali","article_modified_time":"2025-06-30T08:21:26+00:00","og_image":[{"width":2560,"height":1707,"url":"https:\/\/staging.salvador-dali.org\/wp-content\/uploads\/2025\/04\/Visitants-Museu-Dali-0325-111-scaled.jpg","type":"image\/jpeg"}],"twitter_card":"summary_large_image","twitter_site":"@MuseuDali","twitter_misc":{"Tiempo de lectura":"1 minuto"},"schema":{"@context":"https:\/\/schema.org","@graph":[{"@type":"WebPage","@id":"https:\/\/staging.salvador-dali.org\/es\/fundacio-dali\/servicios\/sala-de-prensa\/dosieres-de-prensa\/","url":"https:\/\/staging.salvador-dali.org\/es\/fundacio-dali\/servicios\/sala-de-prensa\/dosieres-de-prensa\/","name":"Dosieres de prensa - Fundaci\u00f3 Gala - Salvador Dal\u00ed","isPartOf":{"@id":"https:\/\/staging.salvador-dali.org\/es\/#website"},"primaryImageOfPage":{"@id":"https:\/\/staging.salvador-dali.org\/es\/fundacio-dali\/servicios\/sala-de-prensa\/dosieres-de-prensa\/#primaryimage"},"image":{"@id":"https:\/\/staging.salvador-dali.org\/es\/fundacio-dali\/servicios\/sala-de-prensa\/dosieres-de-prensa\/#primaryimage"},"thumbnailUrl":"https:\/\/staging.salvador-dali.org\/wp-content\/uploads\/2025\/04\/Visitants-Museu-Dali-0325-111-scaled.jpg","datePublished":"2025-04-25T08:14:58+00:00","dateModified":"2025-06-30T08:21:26+00:00","breadcrumb":{"@id":"https:\/\/staging.salvador-dali.org\/es\/fundacio-dali\/servicios\/sala-de-prensa\/dosieres-de-prensa\/#breadcrumb"},"inLanguage":"es","potentialAction":[{"@type":"ReadAction","target":["https:\/\/staging.salvador-dali.org\/es\/fundacio-dali\/servicios\/sala-de-prensa\/dosieres-de-prensa\/"]}]},{"@type":"ImageObject","inLanguage":"es","@id":"https:\/\/staging.salvador-dali.org\/es\/fundacio-dali\/servicios\/sala-de-prensa\/dosieres-de-prensa\/#primaryimage","url":"https:\/\/staging.salvador-dali.org\/wp-content\/uploads\/2025\/04\/Visitants-Museu-Dali-0325-111-scaled.jpg","contentUrl":"https:\/\/staging.salvador-dali.org\/wp-content\/uploads\/2025\/04\/Visitants-Museu-Dali-0325-111-scaled.jpg","width":2560,"height":1707,"caption":"Visitantes al Museo Dal\u00ed de Figueres. Pere Duran\/Nord Media"},{"@type":"BreadcrumbList","@id":"https:\/\/staging.salvador-dali.org\/es\/fundacio-dali\/servicios\/sala-de-prensa\/dosieres-de-prensa\/#breadcrumb","itemListElement":[{"@type":"ListItem","position":1,"name":"Inici","item":"https:\/\/staging.salvador-dali.org\/es\/"},{"@type":"ListItem","position":2,"name":"Dosieres de prensa"}]},{"@type":"WebSite","@id":"https:\/\/staging.salvador-dali.org\/es\/#website","url":"https:\/\/staging.salvador-dali.org\/es\/","name":"Fundaci\u00f3 Gala - Salvador Dal\u00ed","description":"","publisher":{"@id":"https:\/\/staging.salvador-dali.org\/es\/#organization"},"potentialAction":[{"@type":"SearchAction","target":{"@type":"EntryPoint","urlTemplate":"https:\/\/staging.salvador-dali.org\/es\/?s={search_term_string}"},"query-input":{"@type":"PropertyValueSpecification","valueRequired":true,"valueName":"search_term_string"}}],"inLanguage":"es"},{"@type":"Organization","@id":"https:\/\/staging.salvador-dali.org\/es\/#organization","name":"Fundaci\u00f3 Gala - Salvador Dal\u00ed","url":"https:\/\/staging.salvador-dali.org\/es\/","logo":{"@type":"ImageObject","inLanguage":"es","@id":"https:\/\/staging.salvador-dali.org\/es\/#\/schema\/logo\/image\/","url":"https:\/\/staging.salvador-dali.org\/wp-content\/uploads\/2025\/04\/fundacio-gala-salvador-dali.png","contentUrl":"https:\/\/staging.salvador-dali.org\/wp-content\/uploads\/2025\/04\/fundacio-gala-salvador-dali.png","width":240,"height":240,"caption":"Fundaci\u00f3 Gala - Salvador Dal\u00ed"},"image":{"@id":"https:\/\/staging.salvador-dali.org\/es\/#\/schema\/logo\/image\/"},"sameAs":["https:\/\/www.facebook.com\/MuseusDali","https:\/\/x.com\/MuseuDali","https:\/\/www.youtube.com\/user\/FundacioDali","https:\/\/www.flickr.com\/fundacio_dali\/","https:\/\/instagram.com\/museudali"]}]}},"_links":{"self":[{"href":"https:\/\/staging.salvador-dali.org\/es\/wp-json\/wp\/v2\/pages\/7576","targetHints":{"allow":["GET"]}}],"collection":[{"href":"https:\/\/staging.salvador-dali.org\/es\/wp-json\/wp\/v2\/pages"}],"about":[{"href":"https:\/\/staging.salvador-dali.org\/es\/wp-json\/wp\/v2\/types\/page"}],"author":[{"embeddable":true,"href":"https:\/\/staging.salvador-dali.org\/es\/wp-json\/wp\/v2\/users\/3"}],"replies":[{"embeddable":true,"href":"https:\/\/staging.salvador-dali.org\/es\/wp-json\/wp\/v2\/comments?post=7576"}],"version-history":[{"count":0,"href":"https:\/\/staging.salvador-dali.org\/es\/wp-json\/wp\/v2\/pages\/7576\/revisions"}],"up":[{"embeddable":true,"href":"https:\/\/staging.salvador-dali.org\/es\/wp-json\/wp\/v2\/pages\/7573"}],"wp:featuredmedia":[{"embeddable":true,"href":"https:\/\/staging.salvador-dali.org\/es\/wp-json\/wp\/v2\/media\/2963"}],"wp:attachment":[{"href":"https:\/\/staging.salvador-dali.org\/es\/wp-json\/wp\/v2\/media?parent=7576"}],"wp:term":[{"taxonomy":"category","embeddable":true,"href":"https:\/\/staging.salvador-dali.org\/es\/wp-json\/wp\/v2\/categories?post=7576"},{"taxonomy":"post_tag","embeddable":true,"href":"https:\/\/staging.salvador-dali.org\/es\/wp-json\/wp\/v2\/tags?post=7576"}],"curies":[{"name":"wp","href":"https:\/\/api.w.org\/{rel}","templated":true}]}}