{"id":7319,"date":"2025-05-27T09:20:06","date_gmt":"2025-05-27T07:20:06","guid":{"rendered":"https:\/\/staging.salvador-dali.org\/credits\/"},"modified":"2025-07-01T16:24:15","modified_gmt":"2025-07-01T14:24:15","slug":"creditos","status":"publish","type":"page","link":"https:\/\/staging.salvador-dali.org\/es\/creditos\/","title":{"rendered":"Cr\u00e9ditos"},"content":{"rendered":"\n<div class=\"wp-block-columns global-column is-layout-flex wp-container-core-columns-is-layout-9d6595d7 wp-block-columns-is-layout-flex\">\n<div class=\"wp-block-column is-layout-flow wp-block-column-is-layout-flow\">\n<p>Todas las im\u00e1genes incluidas en esta web son propiedad de la Fundaci\u00f3n Gala-Salvador Dal\u00ed y est\u00e1n protegidas por las leyes internacionales de la propiedad intelectual y el copyright:<\/p>\n\n\n\n<ul class=\"wp-block-list\">\n<li>Est\u00e1 prohibida su copia, reproducci\u00f3n y comunicaci\u00f3n p\u00fablica.<\/li>\n\n\n\n<li>Est\u00e1 prohibida su venta o alquiler.<\/li>\n\n\n\n<li>Est\u00e1 prohibida su distribuci\u00f3n, extracci\u00f3n, transmisi\u00f3n y almacenamiento en cualquier forma o soporte sin una autorizaci\u00f3n previa por escrito de la Fundaci\u00f3n Gala-Salvador Dal\u00ed.<\/li>\n<\/ul>\n\n\n\n<p>Si desea informaci\u00f3n sobre los derechos de reproducci\u00f3n de las obras o las fotograf\u00edas, p\u00f3ngase en contacto con nosotros: <a href=\"mailto:gerencia@fundaciodali.org\">gerencia@fundaciodali.org<\/a>. <\/p>\n\n\n\n<p><strong>Por las obras de Salvador Dal\u00ed:<\/strong><\/p>\n\n\n\n<p>\u00a9 Salvador Dal\u00ed, Fundaci\u00f3n Gala-Salvador Dal\u00ed, VEGAP, 2025.<br>Las im\u00e1genes han sido realizadas por Mart\u00ed Gasull y Black &amp; White Ltd.<\/p>\n\n\n\n<p><strong>Para las fotograf\u00edas de Salvador Dal\u00ed:<\/strong><\/p>\n\n\n\n<p>Derechos de imagen de Salvador Dal\u00ed reservados. \u00a9 Fundaci\u00f3n Gala-Salvador Dal\u00ed, Figueres, 2025<\/p>\n\n\n\n<p>\u00a9 Catal\u00e0 Roca, Miserachs, Melit\u00f3 Casals \u201cMeli\u201d, Batlles Compte, Oriol Maspons, Carl van Vechten, Philippe Halsman \u2013Halsman Estate.<\/p>\n\n\n\n<p><strong>Para las fotograf\u00edas de Gala:<\/strong><\/p>\n\n\n\n<p>\u00a9 Centelles, VEGAP, Girona 2025.<\/p>\n\n\n\n<p><strong>Por las fotograf\u00edas de los museos Dal\u00ed y paisajes:<\/strong><\/p>\n\n\n\n<p>Jordi Puig&nbsp;i Yvonne Heinert.<\/p>\n\n\n\n<p><strong>Programaci\u00f3n web y gesti\u00f3n de proyecto:<\/strong><\/p>\n\n\n\n<p><a href=\"https:\/\/latempesta.cc\/es\/\">La Tempesta: Cultura en digital<\/a><\/p>\n\n\n\n<p><strong>Dise\u00f1o web:<\/strong><\/p>\n\n\n\n<p><a href=\"https:\/\/www.edittio.com\/\" target=\"_blank\" rel=\"noreferrer noopener\">Edditio<\/a><\/p>\n<\/div>\n<\/div>\n\n\n\n<div style=\"height:200px\" aria-hidden=\"true\" class=\"wp-block-spacer\"><\/div>\n","protected":false},"excerpt":{"rendered":"<p>Todas las im\u00e1genes incluidas en esta web son propiedad de la Fundaci\u00f3n Gala-Salvador Dal\u00ed y est\u00e1n protegidas por las leyes internacionales de la propiedad intelectual y el copyright: Si desea informaci\u00f3n sobre los derechos de reproducci\u00f3n de las obras o las fotograf\u00edas, p\u00f3ngase en contacto con nosotros: gerencia@fundaciodali.org. Por las obras de Salvador Dal\u00ed: \u00a9 [&hellip;]<\/p>\n","protected":false},"author":1,"featured_media":0,"parent":0,"menu_order":1,"comment_status":"closed","ping_status":"closed","template":"","meta":{"_acf_changed":false,"_coblocks_attr":"","_coblocks_dimensions":"","_coblocks_responsive_height":"","_coblocks_accordion_ie_support":"","footnotes":""},"categories":[],"tags":[],"class_list":["post-7319","page","type-page","status-publish","hentry"],"acf":[],"yoast_head":"<!-- This site is optimized with the Yoast SEO plugin v26.8 - https:\/\/yoast.com\/product\/yoast-seo-wordpress\/ -->\n<title>Cr\u00e9ditos - Fundaci\u00f3 Gala - Salvador Dal\u00ed<\/title>\n<meta name=\"robots\" content=\"noindex, follow, max-snippet:-1, max-image-preview:large, max-video-preview:-1\" \/>\n<meta property=\"og:locale\" content=\"es_ES\" \/>\n<meta property=\"og:type\" content=\"article\" \/>\n<meta property=\"og:title\" content=\"Cr\u00e9ditos - Fundaci\u00f3 Gala - Salvador Dal\u00ed\" \/>\n<meta property=\"og:description\" content=\"Todas las im\u00e1genes incluidas en esta web son propiedad de la Fundaci\u00f3n Gala-Salvador Dal\u00ed y est\u00e1n protegidas por las leyes internacionales de la propiedad intelectual y el copyright: Si desea informaci\u00f3n sobre los derechos de reproducci\u00f3n de las obras o las fotograf\u00edas, p\u00f3ngase en contacto con nosotros: gerencia@fundaciodali.org. Por las obras de Salvador Dal\u00ed: \u00a9 [&hellip;]\" \/>\n<meta property=\"og:url\" content=\"https:\/\/staging.salvador-dali.org\/es\/creditos\/\" \/>\n<meta property=\"og:site_name\" content=\"Fundaci\u00f3 Gala - Salvador Dal\u00ed\" \/>\n<meta property=\"article:publisher\" content=\"https:\/\/www.facebook.com\/MuseusDali\" \/>\n<meta property=\"article:modified_time\" content=\"2025-07-01T14:24:15+00:00\" \/>\n<meta name=\"twitter:card\" content=\"summary_large_image\" \/>\n<meta name=\"twitter:site\" content=\"@MuseuDali\" \/>\n<meta name=\"twitter:label1\" content=\"Tiempo de lectura\" \/>\n\t<meta name=\"twitter:data1\" content=\"2 minutos\" \/>\n<script type=\"application\/ld+json\" class=\"yoast-schema-graph\">{\"@context\":\"https:\/\/schema.org\",\"@graph\":[{\"@type\":\"WebPage\",\"@id\":\"https:\/\/staging.salvador-dali.org\/es\/creditos\/\",\"url\":\"https:\/\/staging.salvador-dali.org\/es\/creditos\/\",\"name\":\"Cr\u00e9ditos - Fundaci\u00f3 Gala - Salvador Dal\u00ed\",\"isPartOf\":{\"@id\":\"https:\/\/staging.salvador-dali.org\/es\/#website\"},\"datePublished\":\"2025-05-27T07:20:06+00:00\",\"dateModified\":\"2025-07-01T14:24:15+00:00\",\"breadcrumb\":{\"@id\":\"https:\/\/staging.salvador-dali.org\/es\/creditos\/#breadcrumb\"},\"inLanguage\":\"es\",\"potentialAction\":[{\"@type\":\"ReadAction\",\"target\":[\"https:\/\/staging.salvador-dali.org\/es\/creditos\/\"]}]},{\"@type\":\"BreadcrumbList\",\"@id\":\"https:\/\/staging.salvador-dali.org\/es\/creditos\/#breadcrumb\",\"itemListElement\":[{\"@type\":\"ListItem\",\"position\":1,\"name\":\"Inici\",\"item\":\"https:\/\/staging.salvador-dali.org\/es\/\"},{\"@type\":\"ListItem\",\"position\":2,\"name\":\"Cr\u00e9ditos\"}]},{\"@type\":\"WebSite\",\"@id\":\"https:\/\/staging.salvador-dali.org\/es\/#website\",\"url\":\"https:\/\/staging.salvador-dali.org\/es\/\",\"name\":\"Fundaci\u00f3 Gala - Salvador Dal\u00ed\",\"description\":\"\",\"publisher\":{\"@id\":\"https:\/\/staging.salvador-dali.org\/es\/#organization\"},\"potentialAction\":[{\"@type\":\"SearchAction\",\"target\":{\"@type\":\"EntryPoint\",\"urlTemplate\":\"https:\/\/staging.salvador-dali.org\/es\/?s={search_term_string}\"},\"query-input\":{\"@type\":\"PropertyValueSpecification\",\"valueRequired\":true,\"valueName\":\"search_term_string\"}}],\"inLanguage\":\"es\"},{\"@type\":\"Organization\",\"@id\":\"https:\/\/staging.salvador-dali.org\/es\/#organization\",\"name\":\"Fundaci\u00f3 Gala - Salvador Dal\u00ed\",\"url\":\"https:\/\/staging.salvador-dali.org\/es\/\",\"logo\":{\"@type\":\"ImageObject\",\"inLanguage\":\"es\",\"@id\":\"https:\/\/staging.salvador-dali.org\/es\/#\/schema\/logo\/image\/\",\"url\":\"https:\/\/staging.salvador-dali.org\/wp-content\/uploads\/2025\/04\/fundacio-gala-salvador-dali.png\",\"contentUrl\":\"https:\/\/staging.salvador-dali.org\/wp-content\/uploads\/2025\/04\/fundacio-gala-salvador-dali.png\",\"width\":240,\"height\":240,\"caption\":\"Fundaci\u00f3 Gala - Salvador Dal\u00ed\"},\"image\":{\"@id\":\"https:\/\/staging.salvador-dali.org\/es\/#\/schema\/logo\/image\/\"},\"sameAs\":[\"https:\/\/www.facebook.com\/MuseusDali\",\"https:\/\/x.com\/MuseuDali\",\"https:\/\/www.youtube.com\/user\/FundacioDali\",\"https:\/\/www.flickr.com\/fundacio_dali\/\",\"https:\/\/instagram.com\/museudali\"]}]}<\/script>\n<!-- \/ Yoast SEO plugin. -->","yoast_head_json":{"title":"Cr\u00e9ditos - Fundaci\u00f3 Gala - Salvador Dal\u00ed","robots":{"index":"noindex","follow":"follow","max-snippet":"max-snippet:-1","max-image-preview":"max-image-preview:large","max-video-preview":"max-video-preview:-1"},"og_locale":"es_ES","og_type":"article","og_title":"Cr\u00e9ditos - Fundaci\u00f3 Gala - Salvador Dal\u00ed","og_description":"Todas las im\u00e1genes incluidas en esta web son propiedad de la Fundaci\u00f3n Gala-Salvador Dal\u00ed y est\u00e1n protegidas por las leyes internacionales de la propiedad intelectual y el copyright: Si desea informaci\u00f3n sobre los derechos de reproducci\u00f3n de las obras o las fotograf\u00edas, p\u00f3ngase en contacto con nosotros: gerencia@fundaciodali.org. Por las obras de Salvador Dal\u00ed: \u00a9 [&hellip;]","og_url":"https:\/\/staging.salvador-dali.org\/es\/creditos\/","og_site_name":"Fundaci\u00f3 Gala - Salvador Dal\u00ed","article_publisher":"https:\/\/www.facebook.com\/MuseusDali","article_modified_time":"2025-07-01T14:24:15+00:00","twitter_card":"summary_large_image","twitter_site":"@MuseuDali","twitter_misc":{"Tiempo de lectura":"2 minutos"},"schema":{"@context":"https:\/\/schema.org","@graph":[{"@type":"WebPage","@id":"https:\/\/staging.salvador-dali.org\/es\/creditos\/","url":"https:\/\/staging.salvador-dali.org\/es\/creditos\/","name":"Cr\u00e9ditos - Fundaci\u00f3 Gala - Salvador Dal\u00ed","isPartOf":{"@id":"https:\/\/staging.salvador-dali.org\/es\/#website"},"datePublished":"2025-05-27T07:20:06+00:00","dateModified":"2025-07-01T14:24:15+00:00","breadcrumb":{"@id":"https:\/\/staging.salvador-dali.org\/es\/creditos\/#breadcrumb"},"inLanguage":"es","potentialAction":[{"@type":"ReadAction","target":["https:\/\/staging.salvador-dali.org\/es\/creditos\/"]}]},{"@type":"BreadcrumbList","@id":"https:\/\/staging.salvador-dali.org\/es\/creditos\/#breadcrumb","itemListElement":[{"@type":"ListItem","position":1,"name":"Inici","item":"https:\/\/staging.salvador-dali.org\/es\/"},{"@type":"ListItem","position":2,"name":"Cr\u00e9ditos"}]},{"@type":"WebSite","@id":"https:\/\/staging.salvador-dali.org\/es\/#website","url":"https:\/\/staging.salvador-dali.org\/es\/","name":"Fundaci\u00f3 Gala - Salvador Dal\u00ed","description":"","publisher":{"@id":"https:\/\/staging.salvador-dali.org\/es\/#organization"},"potentialAction":[{"@type":"SearchAction","target":{"@type":"EntryPoint","urlTemplate":"https:\/\/staging.salvador-dali.org\/es\/?s={search_term_string}"},"query-input":{"@type":"PropertyValueSpecification","valueRequired":true,"valueName":"search_term_string"}}],"inLanguage":"es"},{"@type":"Organization","@id":"https:\/\/staging.salvador-dali.org\/es\/#organization","name":"Fundaci\u00f3 Gala - Salvador Dal\u00ed","url":"https:\/\/staging.salvador-dali.org\/es\/","logo":{"@type":"ImageObject","inLanguage":"es","@id":"https:\/\/staging.salvador-dali.org\/es\/#\/schema\/logo\/image\/","url":"https:\/\/staging.salvador-dali.org\/wp-content\/uploads\/2025\/04\/fundacio-gala-salvador-dali.png","contentUrl":"https:\/\/staging.salvador-dali.org\/wp-content\/uploads\/2025\/04\/fundacio-gala-salvador-dali.png","width":240,"height":240,"caption":"Fundaci\u00f3 Gala - Salvador Dal\u00ed"},"image":{"@id":"https:\/\/staging.salvador-dali.org\/es\/#\/schema\/logo\/image\/"},"sameAs":["https:\/\/www.facebook.com\/MuseusDali","https:\/\/x.com\/MuseuDali","https:\/\/www.youtube.com\/user\/FundacioDali","https:\/\/www.flickr.com\/fundacio_dali\/","https:\/\/instagram.com\/museudali"]}]}},"_links":{"self":[{"href":"https:\/\/staging.salvador-dali.org\/es\/wp-json\/wp\/v2\/pages\/7319","targetHints":{"allow":["GET"]}}],"collection":[{"href":"https:\/\/staging.salvador-dali.org\/es\/wp-json\/wp\/v2\/pages"}],"about":[{"href":"https:\/\/staging.salvador-dali.org\/es\/wp-json\/wp\/v2\/types\/page"}],"author":[{"embeddable":true,"href":"https:\/\/staging.salvador-dali.org\/es\/wp-json\/wp\/v2\/users\/1"}],"replies":[{"embeddable":true,"href":"https:\/\/staging.salvador-dali.org\/es\/wp-json\/wp\/v2\/comments?post=7319"}],"version-history":[{"count":0,"href":"https:\/\/staging.salvador-dali.org\/es\/wp-json\/wp\/v2\/pages\/7319\/revisions"}],"wp:attachment":[{"href":"https:\/\/staging.salvador-dali.org\/es\/wp-json\/wp\/v2\/media?parent=7319"}],"wp:term":[{"taxonomy":"category","embeddable":true,"href":"https:\/\/staging.salvador-dali.org\/es\/wp-json\/wp\/v2\/categories?post=7319"},{"taxonomy":"post_tag","embeddable":true,"href":"https:\/\/staging.salvador-dali.org\/es\/wp-json\/wp\/v2\/tags?post=7319"}],"curies":[{"name":"wp","href":"https:\/\/api.w.org\/{rel}","templated":true}]}}