{"id":10754,"date":"2025-03-12T14:52:23","date_gmt":"2025-03-12T12:52:23","guid":{"rendered":"https:\/\/staging.salvador-dali.org\/obra\/conservacio-i-restauracio\/conservacio-del-laberint\/"},"modified":"2025-07-02T11:25:32","modified_gmt":"2025-07-02T09:25:32","slug":"conservacion-del-laberinto","status":"publish","type":"page","link":"https:\/\/staging.salvador-dali.org\/es\/obra\/conservacion-y-restauracion\/conservacion-del-laberinto\/","title":{"rendered":"Conservaci\u00f3n del \u00abLaberinto\u00bb"},"content":{"rendered":"\n<div class=\"wp-block-columns global-column is-layout-flex wp-container-core-columns-is-layout-9d6595d7 wp-block-columns-is-layout-flex\">\n<div class=\"wp-block-column is-layout-flow wp-block-column-is-layout-flow\">\n<p class=\"wp-block-custom-entradeta entradeta\">Las revisiones de conservaci\u00f3n preventiva y mantenimiento de algunas obras e instalaciones art\u00edsticas se complican cuando se trata de una pieza de grandes dimensiones, como por ejemplo el tel\u00f3n de fondo que Dal\u00ed dise\u00f1\u00f3 para el ballet\u00a0<em>Laberinto\u00a0<\/em>y que se encuentra bajo la c\u00fapula del Teatro-Museo Dal\u00ed de Figueres.<br><\/p>\n<\/div>\n<\/div>\n\n\n    <div  class=\"wp-block-columns swiper-column  intro intro-images bloc-destacats imatges\" style=\"background-image: linear-gradient(to right, white, white)\">\n        <div class=\"wp-block-column\">\n            <div id=\"swiper-69e539e51b20e\" class=\"swiper destacats dues\" >\n                <div class=\"swiper-wrapper\">\n\n                                            <div class=\"swiper-slide intro\">\n                            <span class=\"image-background\" style=\"background-image:url(https:\/\/staging.salvador-dali.org\/wp-content\/uploads\/2025\/03\/Conservacio-del-Laberint-1024x498.jpg)\"><\/span>\n                            \n                        <\/div>\n                        <div class=\"swiper-slide\">\n                           <div class=\"descripcio\">\n                            <h2>Una actuaci\u00f3n de grandes dimensiones<\/h2>\n                            <p>La espectacularidad de sus dimensiones (8,8 x 13 metros) requiere una log\u00edstica especial y la coordinaci\u00f3n de un amplio equipo de restauradores y de t\u00e9cnicos manipuladores. El procedimiento se basa en la limpieza de la suciedad y la pulso superficial con pinceles y aspiradores, as\u00ed como la consolidaci\u00f3n de peque\u00f1os rasgones de la tela, que se hace desde un andamio a gran altura. Cu\u00e1ndo ha habido que descolgar el tel\u00f3n, la pintura al temple, aplicada de forma muy diluida, ha permitido enrollar el tel\u00f3n en un cilindro de 60 cent\u00edmetros de di\u00e1metro e irlo guardando a medida que se limpiaba. Tambi\u00e9n se ha revisado el estado de conservaci\u00f3n de las cuerdas que aguantan el tel\u00f3n, las cuales, por motivos de seguridad, un t\u00e9cnico tramoyista ha sustituido por unas de nuevas.<\/p>\n                            <\/div>\n\n                            \n                            \n                        <\/div>\n                    \n\n                    \n                        \n                        <div class=\"swiper-slide\">\n                                                            <figure>\n                                    <a data-fancybox=\"gallery-69e539e51b20e\" data-src=\"https:\/\/staging.salvador-dali.org\/wp-content\/uploads\/2025\/06\/IMG_5462-Grande-rotated.jpg\" data-caption=\"\">\n                                        <img decoding=\"async\" src=\"https:\/\/staging.salvador-dali.org\/wp-content\/uploads\/2025\/06\/IMG_5462-Grande-768x1024.jpg\" alt=\"\"> \n\t\t\t\t          \t\t\t<\/a>\n                                                                        <figcaption class=\"custom-caption\"><\/figcaption>\n                                <\/figure>\n                                                    <\/div>\n\n                    \n                        \n                        <div class=\"swiper-slide\">\n                                                            <figure>\n                                    <a data-fancybox=\"gallery-69e539e51b20e\" data-src=\"https:\/\/staging.salvador-dali.org\/wp-content\/uploads\/2025\/06\/i0053-Grande.jpg\" data-caption=\"\">\n                                        <img decoding=\"async\" src=\"https:\/\/staging.salvador-dali.org\/wp-content\/uploads\/2025\/06\/i0053-Grande-1024x778.jpg\" alt=\"\"> \n\t\t\t\t          \t\t\t<\/a>\n                                                                        <figcaption class=\"custom-caption\"><\/figcaption>\n                                <\/figure>\n                                                    <\/div>\n\n                    \n                        \n                        <div class=\"swiper-slide\">\n                                                            <figure>\n                                    <a data-fancybox=\"gallery-69e539e51b20e\" data-src=\"https:\/\/staging.salvador-dali.org\/wp-content\/uploads\/2025\/06\/P1020087-Grande.jpg\" data-caption=\"\">\n                                        <img decoding=\"async\" src=\"https:\/\/staging.salvador-dali.org\/wp-content\/uploads\/2025\/06\/P1020087-Grande-1024x683.jpg\" alt=\"\"> \n\t\t\t\t          \t\t\t<\/a>\n                                                                        <figcaption class=\"custom-caption\"><\/figcaption>\n                                <\/figure>\n                                                    <\/div>\n\n                    \n                        \n                        <div class=\"swiper-slide\">\n                                                            <figure>\n                                    <a data-fancybox=\"gallery-69e539e51b20e\" data-src=\"https:\/\/staging.salvador-dali.org\/wp-content\/uploads\/2025\/06\/P1020045-Grande-rotated.jpg\" data-caption=\"\">\n                                        <img decoding=\"async\" src=\"https:\/\/staging.salvador-dali.org\/wp-content\/uploads\/2025\/06\/P1020045-Grande-683x1024.jpg\" alt=\"\"> \n\t\t\t\t          \t\t\t<\/a>\n                                                                        <figcaption class=\"custom-caption\"><\/figcaption>\n                                <\/figure>\n                                                    <\/div>\n\n                                    <\/div>\n                <!-- Swiper navigation buttons -->\n                <div class=\"swiper-button-prev\">\n                    <span class=\"screen-reader-text\">Diapositiva anterior<\/span>\n                <\/div>\n                <div class=\"swiper-button-next\">\n                    <span class=\"screen-reader-text\">Diapositiva siguiente<\/span>\n                <\/div>\n            <\/div>\n        <\/div>\n    <\/div>\n\n\n\n<!-- Swiper JS -->\n<script src=\"https:\/\/cdn.jsdelivr.net\/npm\/swiper@11\/swiper-bundle.min.js\"><\/script>\n\n<!-- Initialize Swiper -->\n<script>\n\njQuery( document ).ready(function() {      \n\n    Tipus = 'intro-images';\n\n    updateSpaceBetween();\n    spaceBetweenInicial = 60;\n    \n    if (Tipus=='intro-images' ) {\n    \/\/    spaceBetweenValueModul = 0;\n    }\n\n\n\n    console.log(\"spaceBetweenValueModul\",spaceBetweenValueModul);\n\n    var swiper = new Swiper(\"#swiper-69e539e51b20e\", {\n      slidesPerView: \"auto\",\n      spaceBetween: spaceBetweenInicial,\n      \tfreeMode: true,\n\t  \tbreakpoints: {\n\t        \/\/ Quan l'amplada de la pantalla sigui major a 1024px\n\t        1024: {\n\t            spaceBetween: spaceBetweenValue,\n\t        },\n\t    },\n        \/\/ Navigation arrows\n        navigation: {\n            nextEl: '.swiper-button-next',\n            prevEl: '.swiper-button-prev',\n        },\n        mousewheel: {\n            releaseOnEdges: true,\n            forceToAxis: true,\n            sensitivity:    1,\n        },\n        a11y: {\n            prevSlideMessage: 'Diapositiva anterior',\n            nextSlideMessage: 'Diapositiva siguiente',\n        },\n    });\n\n\n \n\n\n    \/*\n    jQuery('.bloc-destacats').each(function() {\n        const nextDiv = jQuery(this).next('div');\n        if (nextDiv.hasClass('contingut-ampliat')) {\n            console.log('T\u00e9 .contingut-ampliat despr\u00e9s');\n            \/\/ Aqu\u00ed pots fer accions, per exemple:\n            \/\/ $nextDiv.addClass('marcat'); o $(this).append($nextDiv);\n        }\n    });\n    *\/\n})\n<\/script>\n\n","protected":false},"excerpt":{"rendered":"","protected":false},"author":3,"featured_media":2040,"parent":7624,"menu_order":11,"comment_status":"closed","ping_status":"closed","template":"","meta":{"_acf_changed":false,"_coblocks_attr":"","_coblocks_dimensions":"","_coblocks_responsive_height":"","_coblocks_accordion_ie_support":"","footnotes":""},"categories":[],"tags":[],"class_list":["post-10754","page","type-page","status-publish","has-post-thumbnail","hentry"],"acf":[],"yoast_head":"<!-- This site is optimized with the Yoast SEO plugin v26.8 - https:\/\/yoast.com\/product\/yoast-seo-wordpress\/ -->\n<title>Conservaci\u00f3n del &quot;Laberinto&quot; - Fundaci\u00f3 Gala - Salvador Dal\u00ed<\/title>\n<meta name=\"robots\" content=\"noindex, follow, max-snippet:-1, max-image-preview:large, max-video-preview:-1\" \/>\n<meta property=\"og:locale\" content=\"es_ES\" \/>\n<meta property=\"og:type\" content=\"article\" \/>\n<meta property=\"og:title\" content=\"Conservaci\u00f3n del &quot;Laberinto&quot; - Fundaci\u00f3 Gala - Salvador Dal\u00ed\" \/>\n<meta property=\"og:url\" content=\"https:\/\/staging.salvador-dali.org\/es\/obra\/conservacion-y-restauracion\/conservacion-del-laberinto\/\" \/>\n<meta property=\"og:site_name\" content=\"Fundaci\u00f3 Gala - Salvador Dal\u00ed\" \/>\n<meta property=\"article:publisher\" content=\"https:\/\/www.facebook.com\/MuseusDali\" \/>\n<meta property=\"article:modified_time\" content=\"2025-07-02T09:25:32+00:00\" \/>\n<meta property=\"og:image\" content=\"https:\/\/staging.salvador-dali.org\/wp-content\/uploads\/2025\/03\/Conservacio-del-Laberint.jpg\" \/>\n\t<meta property=\"og:image:width\" content=\"1919\" \/>\n\t<meta property=\"og:image:height\" content=\"934\" \/>\n\t<meta property=\"og:image:type\" content=\"image\/jpeg\" \/>\n<meta name=\"twitter:card\" content=\"summary_large_image\" \/>\n<meta name=\"twitter:site\" content=\"@MuseuDali\" \/>\n<meta name=\"twitter:label1\" content=\"Tiempo de lectura\" \/>\n\t<meta name=\"twitter:data1\" content=\"1 minuto\" \/>\n<script type=\"application\/ld+json\" class=\"yoast-schema-graph\">{\"@context\":\"https:\/\/schema.org\",\"@graph\":[{\"@type\":\"WebPage\",\"@id\":\"https:\/\/staging.salvador-dali.org\/es\/obra\/conservacion-y-restauracion\/conservacion-del-laberinto\/\",\"url\":\"https:\/\/staging.salvador-dali.org\/es\/obra\/conservacion-y-restauracion\/conservacion-del-laberinto\/\",\"name\":\"Conservaci\u00f3n del \\\"Laberinto\\\" - Fundaci\u00f3 Gala - Salvador Dal\u00ed\",\"isPartOf\":{\"@id\":\"https:\/\/staging.salvador-dali.org\/es\/#website\"},\"primaryImageOfPage\":{\"@id\":\"https:\/\/staging.salvador-dali.org\/es\/obra\/conservacion-y-restauracion\/conservacion-del-laberinto\/#primaryimage\"},\"image\":{\"@id\":\"https:\/\/staging.salvador-dali.org\/es\/obra\/conservacion-y-restauracion\/conservacion-del-laberinto\/#primaryimage\"},\"thumbnailUrl\":\"https:\/\/staging.salvador-dali.org\/wp-content\/uploads\/2025\/03\/Conservacio-del-Laberint.jpg\",\"datePublished\":\"2025-03-12T12:52:23+00:00\",\"dateModified\":\"2025-07-02T09:25:32+00:00\",\"breadcrumb\":{\"@id\":\"https:\/\/staging.salvador-dali.org\/es\/obra\/conservacion-y-restauracion\/conservacion-del-laberinto\/#breadcrumb\"},\"inLanguage\":\"es\",\"potentialAction\":[{\"@type\":\"ReadAction\",\"target\":[\"https:\/\/staging.salvador-dali.org\/es\/obra\/conservacion-y-restauracion\/conservacion-del-laberinto\/\"]}]},{\"@type\":\"ImageObject\",\"inLanguage\":\"es\",\"@id\":\"https:\/\/staging.salvador-dali.org\/es\/obra\/conservacion-y-restauracion\/conservacion-del-laberinto\/#primaryimage\",\"url\":\"https:\/\/staging.salvador-dali.org\/wp-content\/uploads\/2025\/03\/Conservacio-del-Laberint.jpg\",\"contentUrl\":\"https:\/\/staging.salvador-dali.org\/wp-content\/uploads\/2025\/03\/Conservacio-del-Laberint.jpg\",\"width\":1919,\"height\":934},{\"@type\":\"BreadcrumbList\",\"@id\":\"https:\/\/staging.salvador-dali.org\/es\/obra\/conservacion-y-restauracion\/conservacion-del-laberinto\/#breadcrumb\",\"itemListElement\":[{\"@type\":\"ListItem\",\"position\":1,\"name\":\"Inici\",\"item\":\"https:\/\/staging.salvador-dali.org\/es\/\"},{\"@type\":\"ListItem\",\"position\":2,\"name\":\"Conservaci\u00f3n del \u00abLaberinto\u00bb\"}]},{\"@type\":\"WebSite\",\"@id\":\"https:\/\/staging.salvador-dali.org\/es\/#website\",\"url\":\"https:\/\/staging.salvador-dali.org\/es\/\",\"name\":\"Fundaci\u00f3 Gala - Salvador Dal\u00ed\",\"description\":\"\",\"publisher\":{\"@id\":\"https:\/\/staging.salvador-dali.org\/es\/#organization\"},\"potentialAction\":[{\"@type\":\"SearchAction\",\"target\":{\"@type\":\"EntryPoint\",\"urlTemplate\":\"https:\/\/staging.salvador-dali.org\/es\/?s={search_term_string}\"},\"query-input\":{\"@type\":\"PropertyValueSpecification\",\"valueRequired\":true,\"valueName\":\"search_term_string\"}}],\"inLanguage\":\"es\"},{\"@type\":\"Organization\",\"@id\":\"https:\/\/staging.salvador-dali.org\/es\/#organization\",\"name\":\"Fundaci\u00f3 Gala - Salvador Dal\u00ed\",\"url\":\"https:\/\/staging.salvador-dali.org\/es\/\",\"logo\":{\"@type\":\"ImageObject\",\"inLanguage\":\"es\",\"@id\":\"https:\/\/staging.salvador-dali.org\/es\/#\/schema\/logo\/image\/\",\"url\":\"https:\/\/staging.salvador-dali.org\/wp-content\/uploads\/2025\/04\/fundacio-gala-salvador-dali.png\",\"contentUrl\":\"https:\/\/staging.salvador-dali.org\/wp-content\/uploads\/2025\/04\/fundacio-gala-salvador-dali.png\",\"width\":240,\"height\":240,\"caption\":\"Fundaci\u00f3 Gala - Salvador Dal\u00ed\"},\"image\":{\"@id\":\"https:\/\/staging.salvador-dali.org\/es\/#\/schema\/logo\/image\/\"},\"sameAs\":[\"https:\/\/www.facebook.com\/MuseusDali\",\"https:\/\/x.com\/MuseuDali\",\"https:\/\/www.youtube.com\/user\/FundacioDali\",\"https:\/\/www.flickr.com\/fundacio_dali\/\",\"https:\/\/instagram.com\/museudali\"]}]}<\/script>\n<!-- \/ Yoast SEO plugin. -->","yoast_head_json":{"title":"Conservaci\u00f3n del \"Laberinto\" - Fundaci\u00f3 Gala - Salvador Dal\u00ed","robots":{"index":"noindex","follow":"follow","max-snippet":"max-snippet:-1","max-image-preview":"max-image-preview:large","max-video-preview":"max-video-preview:-1"},"og_locale":"es_ES","og_type":"article","og_title":"Conservaci\u00f3n del \"Laberinto\" - Fundaci\u00f3 Gala - Salvador Dal\u00ed","og_url":"https:\/\/staging.salvador-dali.org\/es\/obra\/conservacion-y-restauracion\/conservacion-del-laberinto\/","og_site_name":"Fundaci\u00f3 Gala - Salvador Dal\u00ed","article_publisher":"https:\/\/www.facebook.com\/MuseusDali","article_modified_time":"2025-07-02T09:25:32+00:00","og_image":[{"width":1919,"height":934,"url":"https:\/\/staging.salvador-dali.org\/wp-content\/uploads\/2025\/03\/Conservacio-del-Laberint.jpg","type":"image\/jpeg"}],"twitter_card":"summary_large_image","twitter_site":"@MuseuDali","twitter_misc":{"Tiempo de lectura":"1 minuto"},"schema":{"@context":"https:\/\/schema.org","@graph":[{"@type":"WebPage","@id":"https:\/\/staging.salvador-dali.org\/es\/obra\/conservacion-y-restauracion\/conservacion-del-laberinto\/","url":"https:\/\/staging.salvador-dali.org\/es\/obra\/conservacion-y-restauracion\/conservacion-del-laberinto\/","name":"Conservaci\u00f3n del \"Laberinto\" - Fundaci\u00f3 Gala - Salvador Dal\u00ed","isPartOf":{"@id":"https:\/\/staging.salvador-dali.org\/es\/#website"},"primaryImageOfPage":{"@id":"https:\/\/staging.salvador-dali.org\/es\/obra\/conservacion-y-restauracion\/conservacion-del-laberinto\/#primaryimage"},"image":{"@id":"https:\/\/staging.salvador-dali.org\/es\/obra\/conservacion-y-restauracion\/conservacion-del-laberinto\/#primaryimage"},"thumbnailUrl":"https:\/\/staging.salvador-dali.org\/wp-content\/uploads\/2025\/03\/Conservacio-del-Laberint.jpg","datePublished":"2025-03-12T12:52:23+00:00","dateModified":"2025-07-02T09:25:32+00:00","breadcrumb":{"@id":"https:\/\/staging.salvador-dali.org\/es\/obra\/conservacion-y-restauracion\/conservacion-del-laberinto\/#breadcrumb"},"inLanguage":"es","potentialAction":[{"@type":"ReadAction","target":["https:\/\/staging.salvador-dali.org\/es\/obra\/conservacion-y-restauracion\/conservacion-del-laberinto\/"]}]},{"@type":"ImageObject","inLanguage":"es","@id":"https:\/\/staging.salvador-dali.org\/es\/obra\/conservacion-y-restauracion\/conservacion-del-laberinto\/#primaryimage","url":"https:\/\/staging.salvador-dali.org\/wp-content\/uploads\/2025\/03\/Conservacio-del-Laberint.jpg","contentUrl":"https:\/\/staging.salvador-dali.org\/wp-content\/uploads\/2025\/03\/Conservacio-del-Laberint.jpg","width":1919,"height":934},{"@type":"BreadcrumbList","@id":"https:\/\/staging.salvador-dali.org\/es\/obra\/conservacion-y-restauracion\/conservacion-del-laberinto\/#breadcrumb","itemListElement":[{"@type":"ListItem","position":1,"name":"Inici","item":"https:\/\/staging.salvador-dali.org\/es\/"},{"@type":"ListItem","position":2,"name":"Conservaci\u00f3n del \u00abLaberinto\u00bb"}]},{"@type":"WebSite","@id":"https:\/\/staging.salvador-dali.org\/es\/#website","url":"https:\/\/staging.salvador-dali.org\/es\/","name":"Fundaci\u00f3 Gala - Salvador Dal\u00ed","description":"","publisher":{"@id":"https:\/\/staging.salvador-dali.org\/es\/#organization"},"potentialAction":[{"@type":"SearchAction","target":{"@type":"EntryPoint","urlTemplate":"https:\/\/staging.salvador-dali.org\/es\/?s={search_term_string}"},"query-input":{"@type":"PropertyValueSpecification","valueRequired":true,"valueName":"search_term_string"}}],"inLanguage":"es"},{"@type":"Organization","@id":"https:\/\/staging.salvador-dali.org\/es\/#organization","name":"Fundaci\u00f3 Gala - Salvador Dal\u00ed","url":"https:\/\/staging.salvador-dali.org\/es\/","logo":{"@type":"ImageObject","inLanguage":"es","@id":"https:\/\/staging.salvador-dali.org\/es\/#\/schema\/logo\/image\/","url":"https:\/\/staging.salvador-dali.org\/wp-content\/uploads\/2025\/04\/fundacio-gala-salvador-dali.png","contentUrl":"https:\/\/staging.salvador-dali.org\/wp-content\/uploads\/2025\/04\/fundacio-gala-salvador-dali.png","width":240,"height":240,"caption":"Fundaci\u00f3 Gala - Salvador Dal\u00ed"},"image":{"@id":"https:\/\/staging.salvador-dali.org\/es\/#\/schema\/logo\/image\/"},"sameAs":["https:\/\/www.facebook.com\/MuseusDali","https:\/\/x.com\/MuseuDali","https:\/\/www.youtube.com\/user\/FundacioDali","https:\/\/www.flickr.com\/fundacio_dali\/","https:\/\/instagram.com\/museudali"]}]}},"_links":{"self":[{"href":"https:\/\/staging.salvador-dali.org\/es\/wp-json\/wp\/v2\/pages\/10754","targetHints":{"allow":["GET"]}}],"collection":[{"href":"https:\/\/staging.salvador-dali.org\/es\/wp-json\/wp\/v2\/pages"}],"about":[{"href":"https:\/\/staging.salvador-dali.org\/es\/wp-json\/wp\/v2\/types\/page"}],"author":[{"embeddable":true,"href":"https:\/\/staging.salvador-dali.org\/es\/wp-json\/wp\/v2\/users\/3"}],"replies":[{"embeddable":true,"href":"https:\/\/staging.salvador-dali.org\/es\/wp-json\/wp\/v2\/comments?post=10754"}],"version-history":[{"count":0,"href":"https:\/\/staging.salvador-dali.org\/es\/wp-json\/wp\/v2\/pages\/10754\/revisions"}],"up":[{"embeddable":true,"href":"https:\/\/staging.salvador-dali.org\/es\/wp-json\/wp\/v2\/pages\/7624"}],"wp:featuredmedia":[{"embeddable":true,"href":"https:\/\/staging.salvador-dali.org\/es\/wp-json\/wp\/v2\/media\/2040"}],"wp:attachment":[{"href":"https:\/\/staging.salvador-dali.org\/es\/wp-json\/wp\/v2\/media?parent=10754"}],"wp:term":[{"taxonomy":"category","embeddable":true,"href":"https:\/\/staging.salvador-dali.org\/es\/wp-json\/wp\/v2\/categories?post=10754"},{"taxonomy":"post_tag","embeddable":true,"href":"https:\/\/staging.salvador-dali.org\/es\/wp-json\/wp\/v2\/tags?post=10754"}],"curies":[{"name":"wp","href":"https:\/\/api.w.org\/{rel}","templated":true}]}}