{"id":7690,"date":"2025-02-19T16:00:07","date_gmt":"2025-02-19T14:00:07","guid":{"rendered":"https:\/\/staging.salvador-dali.org\/dali-i-gala\/gala\/apartat-1\/"},"modified":"2025-06-26T20:08:50","modified_gmt":"2025-06-26T18:08:50","slug":"gala-i-dali-dali-i-gala","status":"publish","type":"page","link":"https:\/\/staging.salvador-dali.org\/en\/dali-and-gala\/gala-i-dali-dali-i-gala\/","title":{"rendered":"Gala i Dal\u00ed; Dal\u00ed i Gala"},"content":{"rendered":"\n<div class=\"wp-block-columns col-text intro is-layout-flex wp-container-core-columns-is-layout-9d6595d7 wp-block-columns-is-layout-flex\">\n<div class=\"wp-block-column is-layout-flow wp-block-column-is-layout-flow\">\n<p>La duplicitat ha estat present en la vida de Dal\u00ed des de ben aviat, comen\u00e7ant per la mort del seu germ\u00e0 gran, el primog\u00e8nit, abans que ell nasqu\u00e9s. Per consolar-se de la seva mort, quan neix el segon nen, els pares li posen el mateix nom: Salvador. L\u2019artista arriba al m\u00f3n ja com a \u00abbess\u00f3\u00bb d\u2019un altre. Per altra banda, Anna Maria Dal\u00ed, la germana de Salvador, ser\u00e0 la seva primera model abans que arribi Gala. Fins ara els dobles s\u00f3n bessons, germans substituts, i es reemplacen. Per\u00f2 no, Gala no \u00e9s la bessona de Salvador. I a m\u00e9s \u00e9s irreempla\u00e7able.<\/p>\n<\/div>\n<\/div>\n\n\n\n<div class=\"wp-block-columns col-text col-1-imatges vertical is-layout-flex wp-container-core-columns-is-layout-9d6595d7 wp-block-columns-is-layout-flex\">\n<div class=\"wp-block-column is-layout-flow wp-block-column-is-layout-flow\">\n<figure class=\"wp-block-image size-large\"><img loading=\"lazy\" decoding=\"async\" width=\"675\" height=\"1024\" src=\"https:\/\/staging.salvador-dali.org\/wp-content\/uploads\/2025\/02\/64338-675x1024.jpg\" alt=\"\" class=\"wp-image-1142\" srcset=\"https:\/\/staging.salvador-dali.org\/wp-content\/uploads\/2025\/02\/64338-675x1024.jpg 675w, https:\/\/staging.salvador-dali.org\/wp-content\/uploads\/2025\/02\/64338-198x300.jpg 198w, https:\/\/staging.salvador-dali.org\/wp-content\/uploads\/2025\/02\/64338-768x1164.jpg 768w, https:\/\/staging.salvador-dali.org\/wp-content\/uploads\/2025\/02\/64338-1013x1536.jpg 1013w, https:\/\/staging.salvador-dali.org\/wp-content\/uploads\/2025\/02\/64338-1351x2048.jpg 1351w, https:\/\/staging.salvador-dali.org\/wp-content\/uploads\/2025\/02\/64338-scaled.jpg 1689w\" sizes=\"auto, (max-width: 675px) 100vw, 675px\" \/><figcaption class=\"wp-element-caption\">Dal\u00ed i Gala, Gala i Dal\u00ed<\/figcaption><\/figure>\n<\/div>\n<\/div>\n\n\n\n<div class=\"wp-block-columns col-text is-layout-flex wp-container-core-columns-is-layout-9d6595d7 wp-block-columns-is-layout-flex\">\n<div class=\"wp-block-column is-layout-flow wp-block-column-is-layout-flow\">\n<blockquote class=\"wp-block-quote is-layout-flow wp-block-quote-is-layout-flow\">\n<p><em>Anomeno la meva esposa: Gala, Galuxka, Gradiva (perqu\u00e8 ha estat la meva Gradiva); Oliva (per l&#8217;oval del seu rostre i el color de la seva pell); Oliveta, diminutiu de l&#8217;Oliva; i els seus delirants derivats: Oliueta, Oriueta, Buribeta, Buriueteta, Suliueta, Solibubuleta, Liburibuleta, Ciueta, Liueta. Tamb\u00e9 li dic Lionette, perqu\u00e8 rugeix, quan s&#8217;enfada, com el lle\u00f3 de la Metro-Goldwyn-Mayer; Esquirol, Tapir, Petit Negus (perqu\u00e8 s&#8217;assembla a un animat animalet selv\u00e0tic); Abella (perqu\u00e8 descobreix i em porta totes les ess\u00e8ncies que es converteixen en la mel del meu pensament en el rusc atrafegat del meu cervell).<\/em><br><br>Salvador Dal\u00ed<\/p>\n<\/blockquote>\n<\/div>\n<\/div>\n\n\n\n<div class=\"wp-block-columns col-2-imatges col-text is-layout-flex wp-container-core-columns-is-layout-9d6595d7 wp-block-columns-is-layout-flex\">\n<div class=\"wp-block-column is-layout-flow wp-block-column-is-layout-flow\">\n<figure class=\"wp-block-image size-full\"><img loading=\"lazy\" decoding=\"async\" width=\"600\" height=\"486\" src=\"https:\/\/staging.salvador-dali.org\/wp-content\/uploads\/2025\/01\/raonat-escultures-manual-53046.jpg\" alt=\"Agence France Presse, Salvador Dal\u00ed al seu apartament de Par\u00eds, 1932-1933. Getty Images\" class=\"wp-image-445\" srcset=\"https:\/\/staging.salvador-dali.org\/wp-content\/uploads\/2025\/01\/raonat-escultures-manual-53046.jpg 600w, https:\/\/staging.salvador-dali.org\/wp-content\/uploads\/2025\/01\/raonat-escultures-manual-53046-300x243.jpg 300w\" sizes=\"auto, (max-width: 600px) 100vw, 600px\" \/><figcaption class=\"wp-element-caption\">Agence France Presse, Salvador Dal\u00ed al seu apartament de Par\u00eds, 1932-1933. Getty Images<\/figcaption><\/figure>\n\n\n\n<figure class=\"wp-block-image size-full\"><img loading=\"lazy\" decoding=\"async\" width=\"744\" height=\"552\" src=\"https:\/\/staging.salvador-dali.org\/wp-content\/uploads\/2024\/12\/equip_int@2x.jpg\" alt=\"Carlos P\u00e9rez de Rozas, Salvador Dal\u00ed pintant l'obra Gala Plac\u00eddia al taller de Portlligat, c. 1952.\" class=\"wp-image-175\" srcset=\"https:\/\/staging.salvador-dali.org\/wp-content\/uploads\/2024\/12\/equip_int@2x.jpg 744w, https:\/\/staging.salvador-dali.org\/wp-content\/uploads\/2024\/12\/equip_int@2x-300x223.jpg 300w\" sizes=\"auto, (max-width: 744px) 100vw, 744px\" \/><figcaption class=\"wp-element-caption\">Carlos P\u00e9rez de Rozas, Salvador Dal\u00ed pintant l&#8217;obra Gala Plac\u00eddia al taller de Portlligat, c. 1952.<\/figcaption><\/figure>\n<\/div>\n<\/div>\n\n\n\n<div style=\"height:100px\" aria-hidden=\"true\" class=\"wp-block-spacer separador25 mb-0 mt-0\"><\/div>\n\n\n    <div  class=\"wp-block-columns swiper-column  intro intro-images bloc-destacats imatges\" style=\"background-image: linear-gradient(to right, white, white)\">\n        <div class=\"wp-block-column\">\n            <div id=\"swiper-69e54f76d237c\" class=\"swiper destacats dues\" >\n                <div class=\"swiper-wrapper\">\n\n                                            <div class=\"swiper-slide intro\">\n                            <span class=\"image-background\" style=\"background-image:url(https:\/\/staging.salvador-dali.org\/wp-content\/uploads\/2024\/12\/dali-1933-655x1024.jpg)\"><\/span>\n                            \n                        <\/div>\n                        <div class=\"swiper-slide\">\n                           <div class=\"descripcio\">\n                            <h2>En imatges<\/h2>\n                            <p>Gala i Dal\u00ed, Dal\u00ed i Gala, dues \u00e0nimes entrella\u00e7ades en geni i passi\u00f3. Ella, musa i arquitecta de l\u2019artista; ell, creador que la immortalitza. Indestriables, esculpiren junts un univers on realitat i somni es confonen, fent de l\u2019amor i l\u2019art un sol dest\u00ed.<\/p>\n                            <\/div>\n\n                            \n                            \n                        <\/div>\n                    \n\n                    \n                        \n                        <div class=\"swiper-slide\">\n                                                            <figure>\n                                    <a data-fancybox=\"gallery-69e54f76d237c\" data-src=\"https:\/\/staging.salvador-dali.org\/wp-content\/uploads\/2025\/02\/galadali.jpeg\" data-caption=\"image title, year \u00a9 Foundation\">\n                                        <img decoding=\"async\" src=\"https:\/\/staging.salvador-dali.org\/wp-content\/uploads\/2025\/02\/galadali-1024x576.jpeg\" alt=\"image title, year \u00a9 Foundation\"> \n\t\t\t\t          \t\t\t<\/a>\n                                                                        <figcaption class=\"custom-caption\">image title, year \u00a9 Foundation<\/figcaption>\n                                <\/figure>\n                                                    <\/div>\n\n                    \n                        \n                        <div class=\"swiper-slide\">\n                                                            <figure>\n                                    <a data-fancybox=\"gallery-69e54f76d237c\" data-src=\"https:\/\/staging.salvador-dali.org\/wp-content\/uploads\/2025\/02\/64897-scaled.jpg\" data-caption=\"CAPTION image\">\n                                        <img decoding=\"async\" src=\"https:\/\/staging.salvador-dali.org\/wp-content\/uploads\/2025\/02\/64897-1024x683.jpg\" alt=\"CAPTION image\"> \n\t\t\t\t          \t\t\t<\/a>\n                                                                        <figcaption class=\"custom-caption\">CAPTION image<\/figcaption>\n                                <\/figure>\n                                                    <\/div>\n\n                    \n                        \n                        <div class=\"swiper-slide\">\n                                                            <figure>\n                                    <a data-fancybox=\"gallery-69e54f76d237c\" data-src=\"https:\/\/staging.salvador-dali.org\/wp-content\/uploads\/2025\/02\/64723-scaled.jpg\" data-caption=\"\">\n                                        <img decoding=\"async\" src=\"https:\/\/staging.salvador-dali.org\/wp-content\/uploads\/2025\/02\/64723-1024x1024.jpg\" alt=\"\"> \n\t\t\t\t          \t\t\t<\/a>\n                                                                        <figcaption class=\"custom-caption\"><\/figcaption>\n                                <\/figure>\n                                                    <\/div>\n\n                    \n                        \n                        <div class=\"swiper-slide\">\n                                                            <figure>\n                                    <a data-fancybox=\"gallery-69e54f76d237c\" data-src=\"https:\/\/staging.salvador-dali.org\/wp-content\/uploads\/2025\/02\/64451-scaled.jpg\" data-caption=\"\">\n                                        <img decoding=\"async\" src=\"https:\/\/staging.salvador-dali.org\/wp-content\/uploads\/2025\/02\/64451-676x1024.jpg\" alt=\"\"> \n\t\t\t\t          \t\t\t<\/a>\n                                                                        <figcaption class=\"custom-caption\"><\/figcaption>\n                                <\/figure>\n                                                    <\/div>\n\n                    \n                        \n                        <div class=\"swiper-slide\">\n                                                            <figure>\n                                    <a data-fancybox=\"gallery-69e54f76d237c\" data-src=\"https:\/\/staging.salvador-dali.org\/wp-content\/uploads\/2025\/02\/64335-scaled.jpg\" data-caption=\"\">\n                                        <img decoding=\"async\" src=\"https:\/\/staging.salvador-dali.org\/wp-content\/uploads\/2025\/02\/64335-665x1024.jpg\" alt=\"\"> \n\t\t\t\t          \t\t\t<\/a>\n                                                                        <figcaption class=\"custom-caption\"><\/figcaption>\n                                <\/figure>\n                                                    <\/div>\n\n                    \n                        \n                        <div class=\"swiper-slide\">\n                                                            <figure>\n                                    <a data-fancybox=\"gallery-69e54f76d237c\" data-src=\"https:\/\/staging.salvador-dali.org\/wp-content\/uploads\/2025\/02\/64898-scaled.jpg\" data-caption=\"\">\n                                        <img decoding=\"async\" src=\"https:\/\/staging.salvador-dali.org\/wp-content\/uploads\/2025\/02\/64898-683x1024.jpg\" alt=\"\"> \n\t\t\t\t          \t\t\t<\/a>\n                                                                        <figcaption class=\"custom-caption\"><\/figcaption>\n                                <\/figure>\n                                                    <\/div>\n\n                                    <\/div>\n                <!-- Swiper navigation buttons -->\n                <div class=\"swiper-button-prev\">\n                    <span class=\"screen-reader-text\">Previous slide<\/span>\n                <\/div>\n                <div class=\"swiper-button-next\">\n                    <span class=\"screen-reader-text\">Nest slide<\/span>\n                <\/div>\n            <\/div>\n        <\/div>\n    <\/div>\n\n\n\n<!-- Swiper JS -->\n<script src=\"https:\/\/cdn.jsdelivr.net\/npm\/swiper@11\/swiper-bundle.min.js\"><\/script>\n\n<!-- Initialize Swiper -->\n<script>\n\njQuery( document ).ready(function() {      \n\n    Tipus = 'intro-images';\n\n    updateSpaceBetween();\n    spaceBetweenInicial = 60;\n    \n    if (Tipus=='intro-images' ) {\n    \/\/    spaceBetweenValueModul = 0;\n    }\n\n\n\n    console.log(\"spaceBetweenValueModul\",spaceBetweenValueModul);\n\n    var swiper = new Swiper(\"#swiper-69e54f76d237c\", {\n      slidesPerView: \"auto\",\n      spaceBetween: spaceBetweenInicial,\n      \tfreeMode: true,\n\t  \tbreakpoints: {\n\t        \/\/ Quan l'amplada de la pantalla sigui major a 1024px\n\t        1024: {\n\t            spaceBetween: spaceBetweenValue,\n\t        },\n\t    },\n        \/\/ Navigation arrows\n        navigation: {\n            nextEl: '.swiper-button-next',\n            prevEl: '.swiper-button-prev',\n        },\n        mousewheel: {\n            releaseOnEdges: true,\n            forceToAxis: true,\n            sensitivity:    1,\n        },\n        a11y: {\n            prevSlideMessage: 'Previous slide',\n            nextSlideMessage: 'Nest slide',\n        },\n    });\n\n\n \n\n\n    \/*\n    jQuery('.bloc-destacats').each(function() {\n        const nextDiv = jQuery(this).next('div');\n        if (nextDiv.hasClass('contingut-ampliat')) {\n            console.log('T\u00e9 .contingut-ampliat despr\u00e9s');\n            \/\/ Aqu\u00ed pots fer accions, per exemple:\n            \/\/ $nextDiv.addClass('marcat'); o $(this).append($nextDiv);\n        }\n    });\n    *\/\n})\n<\/script>\n\n\n\n\n<div style=\"height:100px\" aria-hidden=\"true\" class=\"wp-block-spacer separador25 mb-0 mt-0\"><\/div>\n\n\n\n<p><\/p>\n","protected":false},"excerpt":{"rendered":"<p>La duplicitat ha estat present en la vida de Dal\u00ed des de ben aviat, comen\u00e7ant per la mort del seu germ\u00e0 gran, el primog\u00e8nit, abans que ell nasqu\u00e9s. Per consolar-se de la seva mort, quan neix el segon nen, els pares li posen el mateix nom: Salvador. L\u2019artista arriba al m\u00f3n ja com a \u00abbess\u00f3\u00bb [&hellip;]<\/p>\n","protected":false},"author":1,"featured_media":1496,"parent":7565,"menu_order":4,"comment_status":"closed","ping_status":"closed","template":"","meta":{"_acf_changed":false,"_coblocks_attr":"","_coblocks_dimensions":"","_coblocks_responsive_height":"","_coblocks_accordion_ie_support":"","footnotes":""},"categories":[],"tags":[],"class_list":["post-7690","page","type-page","status-publish","has-post-thumbnail","hentry"],"acf":[],"yoast_head":"<!-- This site is optimized with the Yoast SEO plugin v26.8 - https:\/\/yoast.com\/product\/yoast-seo-wordpress\/ -->\n<title>Gala i Dal\u00ed; Dal\u00ed i Gala - Fundaci\u00f3 Gala - Salvador Dal\u00ed<\/title>\n<meta name=\"robots\" content=\"noindex, follow, max-snippet:-1, max-image-preview:large, max-video-preview:-1\" \/>\n<meta property=\"og:locale\" content=\"en_US\" \/>\n<meta property=\"og:type\" content=\"article\" \/>\n<meta property=\"og:title\" content=\"Gala i Dal\u00ed; Dal\u00ed i Gala - Fundaci\u00f3 Gala - Salvador Dal\u00ed\" \/>\n<meta property=\"og:description\" content=\"La duplicitat ha estat present en la vida de Dal\u00ed des de ben aviat, comen\u00e7ant per la mort del seu germ\u00e0 gran, el primog\u00e8nit, abans que ell nasqu\u00e9s. Per consolar-se de la seva mort, quan neix el segon nen, els pares li posen el mateix nom: Salvador. L\u2019artista arriba al m\u00f3n ja com a \u00abbess\u00f3\u00bb [&hellip;]\" \/>\n<meta property=\"og:url\" content=\"https:\/\/staging.salvador-dali.org\/en\/dali-and-gala\/gala-i-dali-dali-i-gala\/\" \/>\n<meta property=\"og:site_name\" content=\"Fundaci\u00f3 Gala - Salvador Dal\u00ed\" \/>\n<meta property=\"article:publisher\" content=\"https:\/\/www.facebook.com\/MuseusDali\" \/>\n<meta property=\"article:modified_time\" content=\"2025-06-26T18:08:50+00:00\" \/>\n<meta property=\"og:image\" content=\"https:\/\/staging.salvador-dali.org\/wp-content\/uploads\/2025\/02\/4206_prova-2.jpg\" \/>\n\t<meta property=\"og:image:width\" content=\"768\" \/>\n\t<meta property=\"og:image:height\" content=\"464\" \/>\n\t<meta property=\"og:image:type\" content=\"image\/jpeg\" \/>\n<meta name=\"twitter:card\" content=\"summary_large_image\" \/>\n<meta name=\"twitter:site\" content=\"@MuseuDali\" \/>\n<meta name=\"twitter:label1\" content=\"Est. reading time\" \/>\n\t<meta name=\"twitter:data1\" content=\"1 minute\" \/>\n<script type=\"application\/ld+json\" class=\"yoast-schema-graph\">{\"@context\":\"https:\/\/schema.org\",\"@graph\":[{\"@type\":\"WebPage\",\"@id\":\"https:\/\/staging.salvador-dali.org\/en\/dali-and-gala\/gala-i-dali-dali-i-gala\/\",\"url\":\"https:\/\/staging.salvador-dali.org\/en\/dali-and-gala\/gala-i-dali-dali-i-gala\/\",\"name\":\"Gala i Dal\u00ed; Dal\u00ed i Gala - Fundaci\u00f3 Gala - Salvador Dal\u00ed\",\"isPartOf\":{\"@id\":\"https:\/\/staging.salvador-dali.org\/en\/#website\"},\"primaryImageOfPage\":{\"@id\":\"https:\/\/staging.salvador-dali.org\/en\/dali-and-gala\/gala-i-dali-dali-i-gala\/#primaryimage\"},\"image\":{\"@id\":\"https:\/\/staging.salvador-dali.org\/en\/dali-and-gala\/gala-i-dali-dali-i-gala\/#primaryimage\"},\"thumbnailUrl\":\"https:\/\/staging.salvador-dali.org\/wp-content\/uploads\/2025\/02\/4206_prova-2.jpg\",\"datePublished\":\"2025-02-19T14:00:07+00:00\",\"dateModified\":\"2025-06-26T18:08:50+00:00\",\"breadcrumb\":{\"@id\":\"https:\/\/staging.salvador-dali.org\/en\/dali-and-gala\/gala-i-dali-dali-i-gala\/#breadcrumb\"},\"inLanguage\":\"en-US\",\"potentialAction\":[{\"@type\":\"ReadAction\",\"target\":[\"https:\/\/staging.salvador-dali.org\/en\/dali-and-gala\/gala-i-dali-dali-i-gala\/\"]}]},{\"@type\":\"ImageObject\",\"inLanguage\":\"en-US\",\"@id\":\"https:\/\/staging.salvador-dali.org\/en\/dali-and-gala\/gala-i-dali-dali-i-gala\/#primaryimage\",\"url\":\"https:\/\/staging.salvador-dali.org\/wp-content\/uploads\/2025\/02\/4206_prova-2.jpg\",\"contentUrl\":\"https:\/\/staging.salvador-dali.org\/wp-content\/uploads\/2025\/02\/4206_prova-2.jpg\",\"width\":768,\"height\":464,\"caption\":\"B0014P 0058\"},{\"@type\":\"BreadcrumbList\",\"@id\":\"https:\/\/staging.salvador-dali.org\/en\/dali-and-gala\/gala-i-dali-dali-i-gala\/#breadcrumb\",\"itemListElement\":[{\"@type\":\"ListItem\",\"position\":1,\"name\":\"Inici\",\"item\":\"https:\/\/staging.salvador-dali.org\/en\/\"},{\"@type\":\"ListItem\",\"position\":2,\"name\":\"Gala i Dal\u00ed; Dal\u00ed i Gala\"}]},{\"@type\":\"WebSite\",\"@id\":\"https:\/\/staging.salvador-dali.org\/en\/#website\",\"url\":\"https:\/\/staging.salvador-dali.org\/en\/\",\"name\":\"Fundaci\u00f3 Gala - Salvador Dal\u00ed\",\"description\":\"\",\"publisher\":{\"@id\":\"https:\/\/staging.salvador-dali.org\/en\/#organization\"},\"potentialAction\":[{\"@type\":\"SearchAction\",\"target\":{\"@type\":\"EntryPoint\",\"urlTemplate\":\"https:\/\/staging.salvador-dali.org\/en\/?s={search_term_string}\"},\"query-input\":{\"@type\":\"PropertyValueSpecification\",\"valueRequired\":true,\"valueName\":\"search_term_string\"}}],\"inLanguage\":\"en-US\"},{\"@type\":\"Organization\",\"@id\":\"https:\/\/staging.salvador-dali.org\/en\/#organization\",\"name\":\"Fundaci\u00f3 Gala - Salvador Dal\u00ed\",\"url\":\"https:\/\/staging.salvador-dali.org\/en\/\",\"logo\":{\"@type\":\"ImageObject\",\"inLanguage\":\"en-US\",\"@id\":\"https:\/\/staging.salvador-dali.org\/en\/#\/schema\/logo\/image\/\",\"url\":\"https:\/\/staging.salvador-dali.org\/wp-content\/uploads\/2025\/04\/fundacio-gala-salvador-dali.png\",\"contentUrl\":\"https:\/\/staging.salvador-dali.org\/wp-content\/uploads\/2025\/04\/fundacio-gala-salvador-dali.png\",\"width\":240,\"height\":240,\"caption\":\"Fundaci\u00f3 Gala - Salvador Dal\u00ed\"},\"image\":{\"@id\":\"https:\/\/staging.salvador-dali.org\/en\/#\/schema\/logo\/image\/\"},\"sameAs\":[\"https:\/\/www.facebook.com\/MuseusDali\",\"https:\/\/x.com\/MuseuDali\",\"https:\/\/www.youtube.com\/user\/FundacioDali\",\"https:\/\/www.flickr.com\/fundacio_dali\/\",\"https:\/\/instagram.com\/museudali\"]}]}<\/script>\n<!-- \/ Yoast SEO plugin. -->","yoast_head_json":{"title":"Gala i Dal\u00ed; Dal\u00ed i Gala - Fundaci\u00f3 Gala - Salvador Dal\u00ed","robots":{"index":"noindex","follow":"follow","max-snippet":"max-snippet:-1","max-image-preview":"max-image-preview:large","max-video-preview":"max-video-preview:-1"},"og_locale":"en_US","og_type":"article","og_title":"Gala i Dal\u00ed; Dal\u00ed i Gala - Fundaci\u00f3 Gala - Salvador Dal\u00ed","og_description":"La duplicitat ha estat present en la vida de Dal\u00ed des de ben aviat, comen\u00e7ant per la mort del seu germ\u00e0 gran, el primog\u00e8nit, abans que ell nasqu\u00e9s. Per consolar-se de la seva mort, quan neix el segon nen, els pares li posen el mateix nom: Salvador. L\u2019artista arriba al m\u00f3n ja com a \u00abbess\u00f3\u00bb [&hellip;]","og_url":"https:\/\/staging.salvador-dali.org\/en\/dali-and-gala\/gala-i-dali-dali-i-gala\/","og_site_name":"Fundaci\u00f3 Gala - Salvador Dal\u00ed","article_publisher":"https:\/\/www.facebook.com\/MuseusDali","article_modified_time":"2025-06-26T18:08:50+00:00","og_image":[{"width":768,"height":464,"url":"https:\/\/staging.salvador-dali.org\/wp-content\/uploads\/2025\/02\/4206_prova-2.jpg","type":"image\/jpeg"}],"twitter_card":"summary_large_image","twitter_site":"@MuseuDali","twitter_misc":{"Est. reading time":"1 minute"},"schema":{"@context":"https:\/\/schema.org","@graph":[{"@type":"WebPage","@id":"https:\/\/staging.salvador-dali.org\/en\/dali-and-gala\/gala-i-dali-dali-i-gala\/","url":"https:\/\/staging.salvador-dali.org\/en\/dali-and-gala\/gala-i-dali-dali-i-gala\/","name":"Gala i Dal\u00ed; Dal\u00ed i Gala - Fundaci\u00f3 Gala - Salvador Dal\u00ed","isPartOf":{"@id":"https:\/\/staging.salvador-dali.org\/en\/#website"},"primaryImageOfPage":{"@id":"https:\/\/staging.salvador-dali.org\/en\/dali-and-gala\/gala-i-dali-dali-i-gala\/#primaryimage"},"image":{"@id":"https:\/\/staging.salvador-dali.org\/en\/dali-and-gala\/gala-i-dali-dali-i-gala\/#primaryimage"},"thumbnailUrl":"https:\/\/staging.salvador-dali.org\/wp-content\/uploads\/2025\/02\/4206_prova-2.jpg","datePublished":"2025-02-19T14:00:07+00:00","dateModified":"2025-06-26T18:08:50+00:00","breadcrumb":{"@id":"https:\/\/staging.salvador-dali.org\/en\/dali-and-gala\/gala-i-dali-dali-i-gala\/#breadcrumb"},"inLanguage":"en-US","potentialAction":[{"@type":"ReadAction","target":["https:\/\/staging.salvador-dali.org\/en\/dali-and-gala\/gala-i-dali-dali-i-gala\/"]}]},{"@type":"ImageObject","inLanguage":"en-US","@id":"https:\/\/staging.salvador-dali.org\/en\/dali-and-gala\/gala-i-dali-dali-i-gala\/#primaryimage","url":"https:\/\/staging.salvador-dali.org\/wp-content\/uploads\/2025\/02\/4206_prova-2.jpg","contentUrl":"https:\/\/staging.salvador-dali.org\/wp-content\/uploads\/2025\/02\/4206_prova-2.jpg","width":768,"height":464,"caption":"B0014P 0058"},{"@type":"BreadcrumbList","@id":"https:\/\/staging.salvador-dali.org\/en\/dali-and-gala\/gala-i-dali-dali-i-gala\/#breadcrumb","itemListElement":[{"@type":"ListItem","position":1,"name":"Inici","item":"https:\/\/staging.salvador-dali.org\/en\/"},{"@type":"ListItem","position":2,"name":"Gala i Dal\u00ed; Dal\u00ed i Gala"}]},{"@type":"WebSite","@id":"https:\/\/staging.salvador-dali.org\/en\/#website","url":"https:\/\/staging.salvador-dali.org\/en\/","name":"Fundaci\u00f3 Gala - Salvador Dal\u00ed","description":"","publisher":{"@id":"https:\/\/staging.salvador-dali.org\/en\/#organization"},"potentialAction":[{"@type":"SearchAction","target":{"@type":"EntryPoint","urlTemplate":"https:\/\/staging.salvador-dali.org\/en\/?s={search_term_string}"},"query-input":{"@type":"PropertyValueSpecification","valueRequired":true,"valueName":"search_term_string"}}],"inLanguage":"en-US"},{"@type":"Organization","@id":"https:\/\/staging.salvador-dali.org\/en\/#organization","name":"Fundaci\u00f3 Gala - Salvador Dal\u00ed","url":"https:\/\/staging.salvador-dali.org\/en\/","logo":{"@type":"ImageObject","inLanguage":"en-US","@id":"https:\/\/staging.salvador-dali.org\/en\/#\/schema\/logo\/image\/","url":"https:\/\/staging.salvador-dali.org\/wp-content\/uploads\/2025\/04\/fundacio-gala-salvador-dali.png","contentUrl":"https:\/\/staging.salvador-dali.org\/wp-content\/uploads\/2025\/04\/fundacio-gala-salvador-dali.png","width":240,"height":240,"caption":"Fundaci\u00f3 Gala - Salvador Dal\u00ed"},"image":{"@id":"https:\/\/staging.salvador-dali.org\/en\/#\/schema\/logo\/image\/"},"sameAs":["https:\/\/www.facebook.com\/MuseusDali","https:\/\/x.com\/MuseuDali","https:\/\/www.youtube.com\/user\/FundacioDali","https:\/\/www.flickr.com\/fundacio_dali\/","https:\/\/instagram.com\/museudali"]}]}},"_links":{"self":[{"href":"https:\/\/staging.salvador-dali.org\/en\/wp-json\/wp\/v2\/pages\/7690","targetHints":{"allow":["GET"]}}],"collection":[{"href":"https:\/\/staging.salvador-dali.org\/en\/wp-json\/wp\/v2\/pages"}],"about":[{"href":"https:\/\/staging.salvador-dali.org\/en\/wp-json\/wp\/v2\/types\/page"}],"author":[{"embeddable":true,"href":"https:\/\/staging.salvador-dali.org\/en\/wp-json\/wp\/v2\/users\/1"}],"replies":[{"embeddable":true,"href":"https:\/\/staging.salvador-dali.org\/en\/wp-json\/wp\/v2\/comments?post=7690"}],"version-history":[{"count":0,"href":"https:\/\/staging.salvador-dali.org\/en\/wp-json\/wp\/v2\/pages\/7690\/revisions"}],"up":[{"embeddable":true,"href":"https:\/\/staging.salvador-dali.org\/en\/wp-json\/wp\/v2\/pages\/7565"}],"wp:featuredmedia":[{"embeddable":true,"href":"https:\/\/staging.salvador-dali.org\/en\/wp-json\/wp\/v2\/media\/1496"}],"wp:attachment":[{"href":"https:\/\/staging.salvador-dali.org\/en\/wp-json\/wp\/v2\/media?parent=7690"}],"wp:term":[{"taxonomy":"category","embeddable":true,"href":"https:\/\/staging.salvador-dali.org\/en\/wp-json\/wp\/v2\/categories?post=7690"},{"taxonomy":"post_tag","embeddable":true,"href":"https:\/\/staging.salvador-dali.org\/en\/wp-json\/wp\/v2\/tags?post=7690"}],"curies":[{"name":"wp","href":"https:\/\/api.w.org\/{rel}","templated":true}]}}