{"id":7625,"date":"2025-03-14T15:06:31","date_gmt":"2025-03-14T13:06:31","guid":{"rendered":"https:\/\/staging.salvador-dali.org\/obra\/conservacio-i-restauracio\/el-naixement-de-les-angoixes-liquides-arriba-a-la-fundacio\/"},"modified":"2025-06-29T22:16:13","modified_gmt":"2025-06-29T20:16:13","slug":"the-birth-of-liquid-anguish-arrives-at-the-dali-foundation","status":"publish","type":"page","link":"https:\/\/staging.salvador-dali.org\/en\/artwork\/conservation-and-restoration\/the-birth-of-liquid-anguish-arrives-at-the-dali-foundation\/","title":{"rendered":"&#8220;The Birth of Liquid Anguish&#8221; arrives at the Dal\u00ed Foundation"},"content":{"rendered":"\n<div class=\"wp-block-columns global-column is-layout-flex wp-container-core-columns-is-layout-9d6595d7 wp-block-columns-is-layout-flex\">\n<div class=\"wp-block-column is-layout-flow wp-block-column-is-layout-flow\">\n<p class=\"entradeta\">Under the careful supervision of the head of Conservation and Restoration, who, months earlier, had travelled to verify its condition, the painting was unpacked, inspected and incorporated into our reserves.<\/p>\n<\/div>\n<\/div>\n\n\n    <div  class=\"wp-block-columns swiper-column  intro intro-images bloc-destacats imatges\" style=\"background-image: linear-gradient(to right, white, white)\">\n        <div class=\"wp-block-column\">\n            <div id=\"swiper-69e539e7d1a87\" class=\"swiper destacats dues\" >\n                <div class=\"swiper-wrapper\">\n\n                                            <div class=\"swiper-slide intro\">\n                            <span class=\"image-background\" style=\"background-image:url(https:\/\/staging.salvador-dali.org\/wp-content\/uploads\/2025\/03\/IMG_7600-768x1024.jpg)\"><\/span>\n                            \n                        <\/div>\n                        <div class=\"swiper-slide\">\n                           <div class=\"descripcio\">\n                            <h2>L&#8217;arribada d&#8217;una pe\u00e7a \u00fanica<\/h2>\n                            <p>One of the conservation and restoration team\u2019s main tasks is to prepare reports on painting technique and the state of conservation to supplement proposals for the acquisition of a work. In this case, the conservator-restorer travelled to examine the painting in situ, check its condition and materials, and document it photographically. In such cases, photographs are taken of details, such as the signature or other significant elements, under different types of light in order to extract as much information as possible to relay to the Foundation\u2019s curatorial and acquisitions team.<\/p>\n<p>The inspection of <em>The Birth of Liquid Anguish<\/em> confirmed the use of Dal\u00ed\u2019s technique from that period and concluded that the work was in a good and stable state of conservation.<\/p>\n<p>Today, the piece is on display in the temporary exhibition rooms, waiting for you to come see it.<\/p>\n                            <\/div>\n\n                            \n                            \n                        <\/div>\n                    \n\n                    \n                        \n                        <div class=\"swiper-slide\">\n                                                            <figure>\n                                    <a data-fancybox=\"gallery-69e539e7d1a87\" data-src=\"https:\/\/staging.salvador-dali.org\/wp-content\/uploads\/2025\/03\/IMG_7587-scaled.jpg\" data-caption=\"\">\n                                        <img decoding=\"async\" src=\"https:\/\/staging.salvador-dali.org\/wp-content\/uploads\/2025\/03\/IMG_7587-768x1024.jpg\" alt=\"\"> \n\t\t\t\t          \t\t\t<\/a>\n                                                                        <figcaption class=\"custom-caption\"><\/figcaption>\n                                <\/figure>\n                                                    <\/div>\n\n                    \n                        \n                        <div class=\"swiper-slide\">\n                                                            <figure>\n                                    <a data-fancybox=\"gallery-69e539e7d1a87\" data-src=\"https:\/\/staging.salvador-dali.org\/wp-content\/uploads\/2025\/03\/IMG_7562-scaled.jpg\" data-caption=\"\">\n                                        <img decoding=\"async\" src=\"https:\/\/staging.salvador-dali.org\/wp-content\/uploads\/2025\/03\/IMG_7562-716x1024.jpg\" alt=\"\"> \n\t\t\t\t          \t\t\t<\/a>\n                                                                        <figcaption class=\"custom-caption\"><\/figcaption>\n                                <\/figure>\n                                                    <\/div>\n\n                                    <\/div>\n                <!-- Swiper navigation buttons -->\n                <div class=\"swiper-button-prev\">\n                    <span class=\"screen-reader-text\">Previous slide<\/span>\n                <\/div>\n                <div class=\"swiper-button-next\">\n                    <span class=\"screen-reader-text\">Nest slide<\/span>\n                <\/div>\n            <\/div>\n        <\/div>\n    <\/div>\n\n\n\n<!-- Swiper JS -->\n<script src=\"https:\/\/cdn.jsdelivr.net\/npm\/swiper@11\/swiper-bundle.min.js\"><\/script>\n\n<!-- Initialize Swiper -->\n<script>\n\njQuery( document ).ready(function() {      \n\n    Tipus = 'intro-images';\n\n    updateSpaceBetween();\n    spaceBetweenInicial = 60;\n    \n    if (Tipus=='intro-images' ) {\n    \/\/    spaceBetweenValueModul = 0;\n    }\n\n\n\n    console.log(\"spaceBetweenValueModul\",spaceBetweenValueModul);\n\n    var swiper = new Swiper(\"#swiper-69e539e7d1a87\", {\n      slidesPerView: \"auto\",\n      spaceBetween: spaceBetweenInicial,\n      \tfreeMode: true,\n\t  \tbreakpoints: {\n\t        \/\/ Quan l'amplada de la pantalla sigui major a 1024px\n\t        1024: {\n\t            spaceBetween: spaceBetweenValue,\n\t        },\n\t    },\n        \/\/ Navigation arrows\n        navigation: {\n            nextEl: '.swiper-button-next',\n            prevEl: '.swiper-button-prev',\n        },\n        mousewheel: {\n            releaseOnEdges: true,\n            forceToAxis: true,\n            sensitivity:    1,\n        },\n        a11y: {\n            prevSlideMessage: 'Previous slide',\n            nextSlideMessage: 'Nest slide',\n        },\n    });\n\n\n \n\n\n    \/*\n    jQuery('.bloc-destacats').each(function() {\n        const nextDiv = jQuery(this).next('div');\n        if (nextDiv.hasClass('contingut-ampliat')) {\n            console.log('T\u00e9 .contingut-ampliat despr\u00e9s');\n            \/\/ Aqu\u00ed pots fer accions, per exemple:\n            \/\/ $nextDiv.addClass('marcat'); o $(this).append($nextDiv);\n        }\n    });\n    *\/\n})\n<\/script>\n\n","protected":false},"excerpt":{"rendered":"<p>Under the careful supervision of the head of Conservation and Restoration, who, months earlier, had travelled to verify its condition, the painting was unpacked, inspected and incorporated into our reserves.<\/p>\n","protected":false},"author":3,"featured_media":2133,"parent":7622,"menu_order":0,"comment_status":"closed","ping_status":"closed","template":"","meta":{"_acf_changed":false,"_coblocks_attr":"","_coblocks_dimensions":"","_coblocks_responsive_height":"","_coblocks_accordion_ie_support":"","footnotes":""},"categories":[],"tags":[],"class_list":["post-7625","page","type-page","status-publish","has-post-thumbnail","hentry"],"acf":[],"yoast_head":"<!-- This site is optimized with the Yoast SEO plugin v26.8 - https:\/\/yoast.com\/product\/yoast-seo-wordpress\/ -->\n<title>&quot;The Birth of Liquid Anguish&quot; arrives at the Dal\u00ed Foundation - Fundaci\u00f3 Gala - Salvador Dal\u00ed<\/title>\n<meta name=\"robots\" content=\"noindex, follow, max-snippet:-1, max-image-preview:large, max-video-preview:-1\" \/>\n<meta property=\"og:locale\" content=\"en_US\" \/>\n<meta property=\"og:type\" content=\"article\" \/>\n<meta property=\"og:title\" content=\"&quot;The Birth of Liquid Anguish&quot; arrives at the Dal\u00ed Foundation - Fundaci\u00f3 Gala - Salvador Dal\u00ed\" \/>\n<meta property=\"og:description\" content=\"Under the careful supervision of the head of Conservation and Restoration, who, months earlier, had travelled to verify its condition, the painting was unpacked, inspected and incorporated into our reserves.\" \/>\n<meta property=\"og:url\" content=\"https:\/\/staging.salvador-dali.org\/en\/artwork\/conservation-and-restoration\/the-birth-of-liquid-anguish-arrives-at-the-dali-foundation\/\" \/>\n<meta property=\"og:site_name\" content=\"Fundaci\u00f3 Gala - Salvador Dal\u00ed\" \/>\n<meta property=\"article:publisher\" content=\"https:\/\/www.facebook.com\/MuseusDali\" \/>\n<meta property=\"article:modified_time\" content=\"2025-06-29T20:16:13+00:00\" \/>\n<meta property=\"og:image\" content=\"https:\/\/staging.salvador-dali.org\/wp-content\/uploads\/2025\/03\/IMG_0286-scaled.jpg\" \/>\n\t<meta property=\"og:image:width\" content=\"2560\" \/>\n\t<meta property=\"og:image:height\" content=\"1920\" \/>\n\t<meta property=\"og:image:type\" content=\"image\/jpeg\" \/>\n<meta name=\"twitter:card\" content=\"summary_large_image\" \/>\n<meta name=\"twitter:site\" content=\"@MuseuDali\" \/>\n<meta name=\"twitter:label1\" content=\"Est. reading time\" \/>\n\t<meta name=\"twitter:data1\" content=\"1 minute\" \/>\n<script type=\"application\/ld+json\" class=\"yoast-schema-graph\">{\"@context\":\"https:\/\/schema.org\",\"@graph\":[{\"@type\":\"WebPage\",\"@id\":\"https:\/\/staging.salvador-dali.org\/en\/artwork\/conservation-and-restoration\/the-birth-of-liquid-anguish-arrives-at-the-dali-foundation\/\",\"url\":\"https:\/\/staging.salvador-dali.org\/en\/artwork\/conservation-and-restoration\/the-birth-of-liquid-anguish-arrives-at-the-dali-foundation\/\",\"name\":\"\\\"The Birth of Liquid Anguish\\\" arrives at the Dal\u00ed Foundation - Fundaci\u00f3 Gala - Salvador Dal\u00ed\",\"isPartOf\":{\"@id\":\"https:\/\/staging.salvador-dali.org\/en\/#website\"},\"primaryImageOfPage\":{\"@id\":\"https:\/\/staging.salvador-dali.org\/en\/artwork\/conservation-and-restoration\/the-birth-of-liquid-anguish-arrives-at-the-dali-foundation\/#primaryimage\"},\"image\":{\"@id\":\"https:\/\/staging.salvador-dali.org\/en\/artwork\/conservation-and-restoration\/the-birth-of-liquid-anguish-arrives-at-the-dali-foundation\/#primaryimage\"},\"thumbnailUrl\":\"https:\/\/staging.salvador-dali.org\/wp-content\/uploads\/2025\/03\/IMG_0286-scaled.jpg\",\"datePublished\":\"2025-03-14T13:06:31+00:00\",\"dateModified\":\"2025-06-29T20:16:13+00:00\",\"breadcrumb\":{\"@id\":\"https:\/\/staging.salvador-dali.org\/en\/artwork\/conservation-and-restoration\/the-birth-of-liquid-anguish-arrives-at-the-dali-foundation\/#breadcrumb\"},\"inLanguage\":\"en-US\",\"potentialAction\":[{\"@type\":\"ReadAction\",\"target\":[\"https:\/\/staging.salvador-dali.org\/en\/artwork\/conservation-and-restoration\/the-birth-of-liquid-anguish-arrives-at-the-dali-foundation\/\"]}]},{\"@type\":\"ImageObject\",\"inLanguage\":\"en-US\",\"@id\":\"https:\/\/staging.salvador-dali.org\/en\/artwork\/conservation-and-restoration\/the-birth-of-liquid-anguish-arrives-at-the-dali-foundation\/#primaryimage\",\"url\":\"https:\/\/staging.salvador-dali.org\/wp-content\/uploads\/2025\/03\/IMG_0286-scaled.jpg\",\"contentUrl\":\"https:\/\/staging.salvador-dali.org\/wp-content\/uploads\/2025\/03\/IMG_0286-scaled.jpg\",\"width\":2560,\"height\":1920},{\"@type\":\"BreadcrumbList\",\"@id\":\"https:\/\/staging.salvador-dali.org\/en\/artwork\/conservation-and-restoration\/the-birth-of-liquid-anguish-arrives-at-the-dali-foundation\/#breadcrumb\",\"itemListElement\":[{\"@type\":\"ListItem\",\"position\":1,\"name\":\"Inici\",\"item\":\"https:\/\/staging.salvador-dali.org\/en\/\"},{\"@type\":\"ListItem\",\"position\":2,\"name\":\"&#8220;The Birth of Liquid Anguish&#8221; arrives at the Dal\u00ed Foundation\"}]},{\"@type\":\"WebSite\",\"@id\":\"https:\/\/staging.salvador-dali.org\/en\/#website\",\"url\":\"https:\/\/staging.salvador-dali.org\/en\/\",\"name\":\"Fundaci\u00f3 Gala - Salvador Dal\u00ed\",\"description\":\"\",\"publisher\":{\"@id\":\"https:\/\/staging.salvador-dali.org\/en\/#organization\"},\"potentialAction\":[{\"@type\":\"SearchAction\",\"target\":{\"@type\":\"EntryPoint\",\"urlTemplate\":\"https:\/\/staging.salvador-dali.org\/en\/?s={search_term_string}\"},\"query-input\":{\"@type\":\"PropertyValueSpecification\",\"valueRequired\":true,\"valueName\":\"search_term_string\"}}],\"inLanguage\":\"en-US\"},{\"@type\":\"Organization\",\"@id\":\"https:\/\/staging.salvador-dali.org\/en\/#organization\",\"name\":\"Fundaci\u00f3 Gala - Salvador Dal\u00ed\",\"url\":\"https:\/\/staging.salvador-dali.org\/en\/\",\"logo\":{\"@type\":\"ImageObject\",\"inLanguage\":\"en-US\",\"@id\":\"https:\/\/staging.salvador-dali.org\/en\/#\/schema\/logo\/image\/\",\"url\":\"https:\/\/staging.salvador-dali.org\/wp-content\/uploads\/2025\/04\/fundacio-gala-salvador-dali.png\",\"contentUrl\":\"https:\/\/staging.salvador-dali.org\/wp-content\/uploads\/2025\/04\/fundacio-gala-salvador-dali.png\",\"width\":240,\"height\":240,\"caption\":\"Fundaci\u00f3 Gala - Salvador Dal\u00ed\"},\"image\":{\"@id\":\"https:\/\/staging.salvador-dali.org\/en\/#\/schema\/logo\/image\/\"},\"sameAs\":[\"https:\/\/www.facebook.com\/MuseusDali\",\"https:\/\/x.com\/MuseuDali\",\"https:\/\/www.youtube.com\/user\/FundacioDali\",\"https:\/\/www.flickr.com\/fundacio_dali\/\",\"https:\/\/instagram.com\/museudali\"]}]}<\/script>\n<!-- \/ Yoast SEO plugin. -->","yoast_head_json":{"title":"\"The Birth of Liquid Anguish\" arrives at the Dal\u00ed Foundation - Fundaci\u00f3 Gala - Salvador Dal\u00ed","robots":{"index":"noindex","follow":"follow","max-snippet":"max-snippet:-1","max-image-preview":"max-image-preview:large","max-video-preview":"max-video-preview:-1"},"og_locale":"en_US","og_type":"article","og_title":"\"The Birth of Liquid Anguish\" arrives at the Dal\u00ed Foundation - Fundaci\u00f3 Gala - Salvador Dal\u00ed","og_description":"Under the careful supervision of the head of Conservation and Restoration, who, months earlier, had travelled to verify its condition, the painting was unpacked, inspected and incorporated into our reserves.","og_url":"https:\/\/staging.salvador-dali.org\/en\/artwork\/conservation-and-restoration\/the-birth-of-liquid-anguish-arrives-at-the-dali-foundation\/","og_site_name":"Fundaci\u00f3 Gala - Salvador Dal\u00ed","article_publisher":"https:\/\/www.facebook.com\/MuseusDali","article_modified_time":"2025-06-29T20:16:13+00:00","og_image":[{"width":2560,"height":1920,"url":"https:\/\/staging.salvador-dali.org\/wp-content\/uploads\/2025\/03\/IMG_0286-scaled.jpg","type":"image\/jpeg"}],"twitter_card":"summary_large_image","twitter_site":"@MuseuDali","twitter_misc":{"Est. reading time":"1 minute"},"schema":{"@context":"https:\/\/schema.org","@graph":[{"@type":"WebPage","@id":"https:\/\/staging.salvador-dali.org\/en\/artwork\/conservation-and-restoration\/the-birth-of-liquid-anguish-arrives-at-the-dali-foundation\/","url":"https:\/\/staging.salvador-dali.org\/en\/artwork\/conservation-and-restoration\/the-birth-of-liquid-anguish-arrives-at-the-dali-foundation\/","name":"\"The Birth of Liquid Anguish\" arrives at the Dal\u00ed Foundation - Fundaci\u00f3 Gala - Salvador Dal\u00ed","isPartOf":{"@id":"https:\/\/staging.salvador-dali.org\/en\/#website"},"primaryImageOfPage":{"@id":"https:\/\/staging.salvador-dali.org\/en\/artwork\/conservation-and-restoration\/the-birth-of-liquid-anguish-arrives-at-the-dali-foundation\/#primaryimage"},"image":{"@id":"https:\/\/staging.salvador-dali.org\/en\/artwork\/conservation-and-restoration\/the-birth-of-liquid-anguish-arrives-at-the-dali-foundation\/#primaryimage"},"thumbnailUrl":"https:\/\/staging.salvador-dali.org\/wp-content\/uploads\/2025\/03\/IMG_0286-scaled.jpg","datePublished":"2025-03-14T13:06:31+00:00","dateModified":"2025-06-29T20:16:13+00:00","breadcrumb":{"@id":"https:\/\/staging.salvador-dali.org\/en\/artwork\/conservation-and-restoration\/the-birth-of-liquid-anguish-arrives-at-the-dali-foundation\/#breadcrumb"},"inLanguage":"en-US","potentialAction":[{"@type":"ReadAction","target":["https:\/\/staging.salvador-dali.org\/en\/artwork\/conservation-and-restoration\/the-birth-of-liquid-anguish-arrives-at-the-dali-foundation\/"]}]},{"@type":"ImageObject","inLanguage":"en-US","@id":"https:\/\/staging.salvador-dali.org\/en\/artwork\/conservation-and-restoration\/the-birth-of-liquid-anguish-arrives-at-the-dali-foundation\/#primaryimage","url":"https:\/\/staging.salvador-dali.org\/wp-content\/uploads\/2025\/03\/IMG_0286-scaled.jpg","contentUrl":"https:\/\/staging.salvador-dali.org\/wp-content\/uploads\/2025\/03\/IMG_0286-scaled.jpg","width":2560,"height":1920},{"@type":"BreadcrumbList","@id":"https:\/\/staging.salvador-dali.org\/en\/artwork\/conservation-and-restoration\/the-birth-of-liquid-anguish-arrives-at-the-dali-foundation\/#breadcrumb","itemListElement":[{"@type":"ListItem","position":1,"name":"Inici","item":"https:\/\/staging.salvador-dali.org\/en\/"},{"@type":"ListItem","position":2,"name":"&#8220;The Birth of Liquid Anguish&#8221; arrives at the Dal\u00ed Foundation"}]},{"@type":"WebSite","@id":"https:\/\/staging.salvador-dali.org\/en\/#website","url":"https:\/\/staging.salvador-dali.org\/en\/","name":"Fundaci\u00f3 Gala - Salvador Dal\u00ed","description":"","publisher":{"@id":"https:\/\/staging.salvador-dali.org\/en\/#organization"},"potentialAction":[{"@type":"SearchAction","target":{"@type":"EntryPoint","urlTemplate":"https:\/\/staging.salvador-dali.org\/en\/?s={search_term_string}"},"query-input":{"@type":"PropertyValueSpecification","valueRequired":true,"valueName":"search_term_string"}}],"inLanguage":"en-US"},{"@type":"Organization","@id":"https:\/\/staging.salvador-dali.org\/en\/#organization","name":"Fundaci\u00f3 Gala - Salvador Dal\u00ed","url":"https:\/\/staging.salvador-dali.org\/en\/","logo":{"@type":"ImageObject","inLanguage":"en-US","@id":"https:\/\/staging.salvador-dali.org\/en\/#\/schema\/logo\/image\/","url":"https:\/\/staging.salvador-dali.org\/wp-content\/uploads\/2025\/04\/fundacio-gala-salvador-dali.png","contentUrl":"https:\/\/staging.salvador-dali.org\/wp-content\/uploads\/2025\/04\/fundacio-gala-salvador-dali.png","width":240,"height":240,"caption":"Fundaci\u00f3 Gala - Salvador Dal\u00ed"},"image":{"@id":"https:\/\/staging.salvador-dali.org\/en\/#\/schema\/logo\/image\/"},"sameAs":["https:\/\/www.facebook.com\/MuseusDali","https:\/\/x.com\/MuseuDali","https:\/\/www.youtube.com\/user\/FundacioDali","https:\/\/www.flickr.com\/fundacio_dali\/","https:\/\/instagram.com\/museudali"]}]}},"_links":{"self":[{"href":"https:\/\/staging.salvador-dali.org\/en\/wp-json\/wp\/v2\/pages\/7625","targetHints":{"allow":["GET"]}}],"collection":[{"href":"https:\/\/staging.salvador-dali.org\/en\/wp-json\/wp\/v2\/pages"}],"about":[{"href":"https:\/\/staging.salvador-dali.org\/en\/wp-json\/wp\/v2\/types\/page"}],"author":[{"embeddable":true,"href":"https:\/\/staging.salvador-dali.org\/en\/wp-json\/wp\/v2\/users\/3"}],"replies":[{"embeddable":true,"href":"https:\/\/staging.salvador-dali.org\/en\/wp-json\/wp\/v2\/comments?post=7625"}],"version-history":[{"count":0,"href":"https:\/\/staging.salvador-dali.org\/en\/wp-json\/wp\/v2\/pages\/7625\/revisions"}],"up":[{"embeddable":true,"href":"https:\/\/staging.salvador-dali.org\/en\/wp-json\/wp\/v2\/pages\/7622"}],"wp:featuredmedia":[{"embeddable":true,"href":"https:\/\/staging.salvador-dali.org\/en\/wp-json\/wp\/v2\/media\/2133"}],"wp:attachment":[{"href":"https:\/\/staging.salvador-dali.org\/en\/wp-json\/wp\/v2\/media?parent=7625"}],"wp:term":[{"taxonomy":"category","embeddable":true,"href":"https:\/\/staging.salvador-dali.org\/en\/wp-json\/wp\/v2\/categories?post=7625"},{"taxonomy":"post_tag","embeddable":true,"href":"https:\/\/staging.salvador-dali.org\/en\/wp-json\/wp\/v2\/tags?post=7625"}],"curies":[{"name":"wp","href":"https:\/\/api.w.org\/{rel}","templated":true}]}}