{"id":7574,"date":"2025-04-25T10:14:58","date_gmt":"2025-04-25T08:14:58","guid":{"rendered":"https:\/\/staging.salvador-dali.org\/fundacio-dali\/serveis\/premsa\/dossiers-de-premsa\/"},"modified":"2025-06-30T08:57:42","modified_gmt":"2025-06-30T06:57:42","slug":"press-kits","status":"publish","type":"page","link":"https:\/\/staging.salvador-dali.org\/en\/dali-foundation\/services\/press-room\/press-kits\/","title":{"rendered":"Press kits"},"content":{"rendered":"<div class=\"facetwp-template\" data-name=\"dossier_premsa\"><style>\n\n\n.facetwp-template[data-name=\"dossier_premsa\"] .fwpl-layout {\n    display:block;\n}\n\n.facetwp-template[data-name=\"dossier_premsa\"] .grid-item {\n  display: flex;\n  padding: 1rem 0;\n  border-bottom: 1px solid black;\n}\n\n.facetwp-template[data-name=\"dossier_premsa\"] .item-header {\n  width: 80px;\n  height: 80px;\n \/* border: 1px solid #9a233c; *\/\n}\n\n.facetwp-template[data-name=\"dossier_premsa\"] .item-content {\n  align-self: center;\n}\n\n.facetwp-template[data-name=\"dossier_premsa\"] .fwpl-layout .grid-item .item-header figure::after {\n    content: none;\n}\n\n.facetwp-template[data-name=\"dossier_premsa\"] .fwpl-layout .grid-item .item-content .title {\n  font-family: var(--sans);\n  font-size: var(--m-et-plus);\n  line-height: 1.3;\n  letter-spacing: var(--letter-space);\n}\n\n<\/style>\n\n<ul class=\"fwpl-layout list\">\n  \t<li class=\"grid-item\">\n\n        \t\t\n        <div class=\"item-header\">\n            <figure class=\"image\">                    <img decoding=\"async\" src=\"https:\/\/staging.salvador-dali.org\/wp-content\/themes\/salvadordali-fundacio\/assets\/images\/noimatge.jpg\" alt=\"\" \/>;    \n                <\/figure>\n\n        <\/div>\n        <div class=\"item-content\">\n\n                        <a href=\"https:\/\/staging.salvador-dali.org\/en\/dali-foundation\/services\/press-room\/dossiers-de-premsa\/dossier\/dossier-de-premsa-fundacio-dali\/\" download><div class=\"title\">Press Dossier Dal\u00ed Foundation<\/div><\/a>\n            <div class=\"item-data\">\n             7 August 2025            <\/div>\n        <\/div>\n\t\t\n\t<\/li>\n\t\n  \t<li class=\"grid-item\">\n\n        \t\t\n        <div class=\"item-header\">\n            <figure class=\"image\">                    <img decoding=\"async\" src=\"https:\/\/staging.salvador-dali.org\/wp-content\/themes\/salvadordali-fundacio\/assets\/images\/noimatge.jpg\" alt=\"\" \/>;    \n                <\/figure>\n\n        <\/div>\n        <div class=\"item-content\">\n\n                        <a href=\"https:\/\/staging.salvador-dali.org\/en\/dali-foundation\/services\/press-room\/dossiers-de-premsa\/dossier\/dali-foundation-and-its-museums\/\" download><div class=\"title\">Dal\u00ed Foundation and its museums<\/div><\/a>\n            <div class=\"item-data\">\n             1 June 2025            <\/div>\n        <\/div>\n\t\t\n\t<\/li>\n\t\n  \t<li class=\"grid-item\">\n\n        \t\t\n        <div class=\"item-header\">\n            <figure class=\"image\">                    <img decoding=\"async\" src=\"https:\/\/staging.salvador-dali.org\/wp-content\/themes\/salvadordali-fundacio\/assets\/images\/noimatge.jpg\" alt=\"\" \/>;    \n                <\/figure>\n\n        <\/div>\n        <div class=\"item-content\">\n\n                        <a href=\"https:\/\/staging.salvador-dali.org\/en\/dali-foundation\/services\/press-room\/dossiers-de-premsa\/dossier\/the-awakening-of-the-myth-gala-dali-a-partnership-between-fundacio-gala-salvador-dali-and-la-roca-village\/\" download><div class=\"title\">The Awakening of the Myth: Gala Dal\u00ed &#8211; A partnership between Fundaci\u00f3 Gala-Salvador Dal\u00ed and La Roca Village<\/div><\/a>\n            <div class=\"item-data\">\n             1 June 2025            <\/div>\n        <\/div>\n\t\t\n\t<\/li>\n\t\n  \t<li class=\"grid-item\">\n\n        \t\t\n        <div class=\"item-header\">\n            <figure class=\"image\">                    <img decoding=\"async\" src=\"https:\/\/staging.salvador-dali.org\/wp-content\/themes\/salvadordali-fundacio\/assets\/images\/noimatge.jpg\" alt=\"\" \/>;    \n                <\/figure>\n\n        <\/div>\n        <div class=\"item-content\">\n\n                        <a href=\"https:\/\/staging.salvador-dali.org\/en\/dali-foundation\/services\/press-room\/dossiers-de-premsa\/dossier\/dali-the-christ-of-portlligat\/\" download><div class=\"title\">Dal\u00ed. The Christ of Portlligat<\/div><\/a>\n            <div class=\"item-data\">\n             1 September 2024            <\/div>\n        <\/div>\n\t\t\n\t<\/li>\n\t\n  <\/ul>\n<\/div>\n\n\n\n<p><\/p>\n","protected":false},"excerpt":{"rendered":"","protected":false},"author":3,"featured_media":2961,"parent":7571,"menu_order":0,"comment_status":"closed","ping_status":"closed","template":"","meta":{"_acf_changed":false,"_coblocks_attr":"","_coblocks_dimensions":"","_coblocks_responsive_height":"","_coblocks_accordion_ie_support":"","footnotes":""},"categories":[],"tags":[],"class_list":["post-7574","page","type-page","status-publish","has-post-thumbnail","hentry"],"acf":[],"yoast_head":"<!-- This site is optimized with the Yoast SEO plugin v26.8 - https:\/\/yoast.com\/product\/yoast-seo-wordpress\/ -->\n<title>Press kits - Fundaci\u00f3 Gala - Salvador Dal\u00ed<\/title>\n<meta name=\"robots\" content=\"noindex, follow, max-snippet:-1, max-image-preview:large, max-video-preview:-1\" \/>\n<meta property=\"og:locale\" content=\"en_US\" \/>\n<meta property=\"og:type\" content=\"article\" \/>\n<meta property=\"og:title\" content=\"Press kits - Fundaci\u00f3 Gala - Salvador Dal\u00ed\" \/>\n<meta property=\"og:url\" content=\"https:\/\/staging.salvador-dali.org\/en\/dali-foundation\/services\/press-room\/press-kits\/\" \/>\n<meta property=\"og:site_name\" content=\"Fundaci\u00f3 Gala - Salvador Dal\u00ed\" \/>\n<meta property=\"article:publisher\" content=\"https:\/\/www.facebook.com\/MuseusDali\" \/>\n<meta property=\"article:modified_time\" content=\"2025-06-30T06:57:42+00:00\" \/>\n<meta property=\"og:image\" content=\"https:\/\/staging.salvador-dali.org\/wp-content\/uploads\/2025\/04\/Visitants-Museu-Dali-0325-111-scaled.jpg\" \/>\n\t<meta property=\"og:image:width\" content=\"2560\" \/>\n\t<meta property=\"og:image:height\" content=\"1707\" \/>\n\t<meta property=\"og:image:type\" content=\"image\/jpeg\" \/>\n<meta name=\"twitter:card\" content=\"summary_large_image\" \/>\n<meta name=\"twitter:site\" content=\"@MuseuDali\" \/>\n<meta name=\"twitter:label1\" content=\"Est. reading time\" \/>\n\t<meta name=\"twitter:data1\" content=\"1 minute\" \/>\n<script type=\"application\/ld+json\" class=\"yoast-schema-graph\">{\"@context\":\"https:\/\/schema.org\",\"@graph\":[{\"@type\":\"WebPage\",\"@id\":\"https:\/\/staging.salvador-dali.org\/en\/dali-foundation\/services\/press-room\/press-kits\/\",\"url\":\"https:\/\/staging.salvador-dali.org\/en\/dali-foundation\/services\/press-room\/press-kits\/\",\"name\":\"Press kits - Fundaci\u00f3 Gala - Salvador Dal\u00ed\",\"isPartOf\":{\"@id\":\"https:\/\/staging.salvador-dali.org\/en\/#website\"},\"primaryImageOfPage\":{\"@id\":\"https:\/\/staging.salvador-dali.org\/en\/dali-foundation\/services\/press-room\/press-kits\/#primaryimage\"},\"image\":{\"@id\":\"https:\/\/staging.salvador-dali.org\/en\/dali-foundation\/services\/press-room\/press-kits\/#primaryimage\"},\"thumbnailUrl\":\"https:\/\/staging.salvador-dali.org\/wp-content\/uploads\/2025\/04\/Visitants-Museu-Dali-0325-111-scaled.jpg\",\"datePublished\":\"2025-04-25T08:14:58+00:00\",\"dateModified\":\"2025-06-30T06:57:42+00:00\",\"breadcrumb\":{\"@id\":\"https:\/\/staging.salvador-dali.org\/en\/dali-foundation\/services\/press-room\/press-kits\/#breadcrumb\"},\"inLanguage\":\"en-US\",\"potentialAction\":[{\"@type\":\"ReadAction\",\"target\":[\"https:\/\/staging.salvador-dali.org\/en\/dali-foundation\/services\/press-room\/press-kits\/\"]}]},{\"@type\":\"ImageObject\",\"inLanguage\":\"en-US\",\"@id\":\"https:\/\/staging.salvador-dali.org\/en\/dali-foundation\/services\/press-room\/press-kits\/#primaryimage\",\"url\":\"https:\/\/staging.salvador-dali.org\/wp-content\/uploads\/2025\/04\/Visitants-Museu-Dali-0325-111-scaled.jpg\",\"contentUrl\":\"https:\/\/staging.salvador-dali.org\/wp-content\/uploads\/2025\/04\/Visitants-Museu-Dali-0325-111-scaled.jpg\",\"width\":2560,\"height\":1707,\"caption\":\"Visitors to the Dal\u00ed Museum in Figueres. Pere Duran\/Nord Media\"},{\"@type\":\"BreadcrumbList\",\"@id\":\"https:\/\/staging.salvador-dali.org\/en\/dali-foundation\/services\/press-room\/press-kits\/#breadcrumb\",\"itemListElement\":[{\"@type\":\"ListItem\",\"position\":1,\"name\":\"Inici\",\"item\":\"https:\/\/staging.salvador-dali.org\/en\/\"},{\"@type\":\"ListItem\",\"position\":2,\"name\":\"Press kits\"}]},{\"@type\":\"WebSite\",\"@id\":\"https:\/\/staging.salvador-dali.org\/en\/#website\",\"url\":\"https:\/\/staging.salvador-dali.org\/en\/\",\"name\":\"Fundaci\u00f3 Gala - Salvador Dal\u00ed\",\"description\":\"\",\"publisher\":{\"@id\":\"https:\/\/staging.salvador-dali.org\/en\/#organization\"},\"potentialAction\":[{\"@type\":\"SearchAction\",\"target\":{\"@type\":\"EntryPoint\",\"urlTemplate\":\"https:\/\/staging.salvador-dali.org\/en\/?s={search_term_string}\"},\"query-input\":{\"@type\":\"PropertyValueSpecification\",\"valueRequired\":true,\"valueName\":\"search_term_string\"}}],\"inLanguage\":\"en-US\"},{\"@type\":\"Organization\",\"@id\":\"https:\/\/staging.salvador-dali.org\/en\/#organization\",\"name\":\"Fundaci\u00f3 Gala - Salvador Dal\u00ed\",\"url\":\"https:\/\/staging.salvador-dali.org\/en\/\",\"logo\":{\"@type\":\"ImageObject\",\"inLanguage\":\"en-US\",\"@id\":\"https:\/\/staging.salvador-dali.org\/en\/#\/schema\/logo\/image\/\",\"url\":\"https:\/\/staging.salvador-dali.org\/wp-content\/uploads\/2025\/04\/fundacio-gala-salvador-dali.png\",\"contentUrl\":\"https:\/\/staging.salvador-dali.org\/wp-content\/uploads\/2025\/04\/fundacio-gala-salvador-dali.png\",\"width\":240,\"height\":240,\"caption\":\"Fundaci\u00f3 Gala - Salvador Dal\u00ed\"},\"image\":{\"@id\":\"https:\/\/staging.salvador-dali.org\/en\/#\/schema\/logo\/image\/\"},\"sameAs\":[\"https:\/\/www.facebook.com\/MuseusDali\",\"https:\/\/x.com\/MuseuDali\",\"https:\/\/www.youtube.com\/user\/FundacioDali\",\"https:\/\/www.flickr.com\/fundacio_dali\/\",\"https:\/\/instagram.com\/museudali\"]}]}<\/script>\n<!-- \/ Yoast SEO plugin. -->","yoast_head_json":{"title":"Press kits - Fundaci\u00f3 Gala - Salvador Dal\u00ed","robots":{"index":"noindex","follow":"follow","max-snippet":"max-snippet:-1","max-image-preview":"max-image-preview:large","max-video-preview":"max-video-preview:-1"},"og_locale":"en_US","og_type":"article","og_title":"Press kits - Fundaci\u00f3 Gala - Salvador Dal\u00ed","og_url":"https:\/\/staging.salvador-dali.org\/en\/dali-foundation\/services\/press-room\/press-kits\/","og_site_name":"Fundaci\u00f3 Gala - Salvador Dal\u00ed","article_publisher":"https:\/\/www.facebook.com\/MuseusDali","article_modified_time":"2025-06-30T06:57:42+00:00","og_image":[{"width":2560,"height":1707,"url":"https:\/\/staging.salvador-dali.org\/wp-content\/uploads\/2025\/04\/Visitants-Museu-Dali-0325-111-scaled.jpg","type":"image\/jpeg"}],"twitter_card":"summary_large_image","twitter_site":"@MuseuDali","twitter_misc":{"Est. reading time":"1 minute"},"schema":{"@context":"https:\/\/schema.org","@graph":[{"@type":"WebPage","@id":"https:\/\/staging.salvador-dali.org\/en\/dali-foundation\/services\/press-room\/press-kits\/","url":"https:\/\/staging.salvador-dali.org\/en\/dali-foundation\/services\/press-room\/press-kits\/","name":"Press kits - Fundaci\u00f3 Gala - Salvador Dal\u00ed","isPartOf":{"@id":"https:\/\/staging.salvador-dali.org\/en\/#website"},"primaryImageOfPage":{"@id":"https:\/\/staging.salvador-dali.org\/en\/dali-foundation\/services\/press-room\/press-kits\/#primaryimage"},"image":{"@id":"https:\/\/staging.salvador-dali.org\/en\/dali-foundation\/services\/press-room\/press-kits\/#primaryimage"},"thumbnailUrl":"https:\/\/staging.salvador-dali.org\/wp-content\/uploads\/2025\/04\/Visitants-Museu-Dali-0325-111-scaled.jpg","datePublished":"2025-04-25T08:14:58+00:00","dateModified":"2025-06-30T06:57:42+00:00","breadcrumb":{"@id":"https:\/\/staging.salvador-dali.org\/en\/dali-foundation\/services\/press-room\/press-kits\/#breadcrumb"},"inLanguage":"en-US","potentialAction":[{"@type":"ReadAction","target":["https:\/\/staging.salvador-dali.org\/en\/dali-foundation\/services\/press-room\/press-kits\/"]}]},{"@type":"ImageObject","inLanguage":"en-US","@id":"https:\/\/staging.salvador-dali.org\/en\/dali-foundation\/services\/press-room\/press-kits\/#primaryimage","url":"https:\/\/staging.salvador-dali.org\/wp-content\/uploads\/2025\/04\/Visitants-Museu-Dali-0325-111-scaled.jpg","contentUrl":"https:\/\/staging.salvador-dali.org\/wp-content\/uploads\/2025\/04\/Visitants-Museu-Dali-0325-111-scaled.jpg","width":2560,"height":1707,"caption":"Visitors to the Dal\u00ed Museum in Figueres. Pere Duran\/Nord Media"},{"@type":"BreadcrumbList","@id":"https:\/\/staging.salvador-dali.org\/en\/dali-foundation\/services\/press-room\/press-kits\/#breadcrumb","itemListElement":[{"@type":"ListItem","position":1,"name":"Inici","item":"https:\/\/staging.salvador-dali.org\/en\/"},{"@type":"ListItem","position":2,"name":"Press kits"}]},{"@type":"WebSite","@id":"https:\/\/staging.salvador-dali.org\/en\/#website","url":"https:\/\/staging.salvador-dali.org\/en\/","name":"Fundaci\u00f3 Gala - Salvador Dal\u00ed","description":"","publisher":{"@id":"https:\/\/staging.salvador-dali.org\/en\/#organization"},"potentialAction":[{"@type":"SearchAction","target":{"@type":"EntryPoint","urlTemplate":"https:\/\/staging.salvador-dali.org\/en\/?s={search_term_string}"},"query-input":{"@type":"PropertyValueSpecification","valueRequired":true,"valueName":"search_term_string"}}],"inLanguage":"en-US"},{"@type":"Organization","@id":"https:\/\/staging.salvador-dali.org\/en\/#organization","name":"Fundaci\u00f3 Gala - Salvador Dal\u00ed","url":"https:\/\/staging.salvador-dali.org\/en\/","logo":{"@type":"ImageObject","inLanguage":"en-US","@id":"https:\/\/staging.salvador-dali.org\/en\/#\/schema\/logo\/image\/","url":"https:\/\/staging.salvador-dali.org\/wp-content\/uploads\/2025\/04\/fundacio-gala-salvador-dali.png","contentUrl":"https:\/\/staging.salvador-dali.org\/wp-content\/uploads\/2025\/04\/fundacio-gala-salvador-dali.png","width":240,"height":240,"caption":"Fundaci\u00f3 Gala - Salvador Dal\u00ed"},"image":{"@id":"https:\/\/staging.salvador-dali.org\/en\/#\/schema\/logo\/image\/"},"sameAs":["https:\/\/www.facebook.com\/MuseusDali","https:\/\/x.com\/MuseuDali","https:\/\/www.youtube.com\/user\/FundacioDali","https:\/\/www.flickr.com\/fundacio_dali\/","https:\/\/instagram.com\/museudali"]}]}},"_links":{"self":[{"href":"https:\/\/staging.salvador-dali.org\/en\/wp-json\/wp\/v2\/pages\/7574","targetHints":{"allow":["GET"]}}],"collection":[{"href":"https:\/\/staging.salvador-dali.org\/en\/wp-json\/wp\/v2\/pages"}],"about":[{"href":"https:\/\/staging.salvador-dali.org\/en\/wp-json\/wp\/v2\/types\/page"}],"author":[{"embeddable":true,"href":"https:\/\/staging.salvador-dali.org\/en\/wp-json\/wp\/v2\/users\/3"}],"replies":[{"embeddable":true,"href":"https:\/\/staging.salvador-dali.org\/en\/wp-json\/wp\/v2\/comments?post=7574"}],"version-history":[{"count":0,"href":"https:\/\/staging.salvador-dali.org\/en\/wp-json\/wp\/v2\/pages\/7574\/revisions"}],"up":[{"embeddable":true,"href":"https:\/\/staging.salvador-dali.org\/en\/wp-json\/wp\/v2\/pages\/7571"}],"wp:featuredmedia":[{"embeddable":true,"href":"https:\/\/staging.salvador-dali.org\/en\/wp-json\/wp\/v2\/media\/2961"}],"wp:attachment":[{"href":"https:\/\/staging.salvador-dali.org\/en\/wp-json\/wp\/v2\/media?parent=7574"}],"wp:term":[{"taxonomy":"category","embeddable":true,"href":"https:\/\/staging.salvador-dali.org\/en\/wp-json\/wp\/v2\/categories?post=7574"},{"taxonomy":"post_tag","embeddable":true,"href":"https:\/\/staging.salvador-dali.org\/en\/wp-json\/wp\/v2\/tags?post=7574"}],"curies":[{"name":"wp","href":"https:\/\/api.w.org\/{rel}","templated":true}]}}