{"id":7568,"date":"2025-04-23T15:33:17","date_gmt":"2025-04-23T13:33:17","guid":{"rendered":"https:\/\/staging.salvador-dali.org\/fundacio-dali\/serveis\/drets-i-imatge\/"},"modified":"2025-06-30T09:15:14","modified_gmt":"2025-06-30T07:15:14","slug":"rights-and-image","status":"publish","type":"page","link":"https:\/\/staging.salvador-dali.org\/en\/dali-foundation\/services\/rights-and-image\/","title":{"rendered":"Rights and image"},"content":{"rendered":"\n<div class=\"wp-block-columns global-column is-layout-flex wp-container-core-columns-is-layout-9d6595d7 wp-block-columns-is-layout-flex\">\n<div class=\"wp-block-column is-layout-flow wp-block-column-is-layout-flow\">\n<p class=\"wp-block-custom-entradeta entradeta\">To reproduce Salvador Dal\u00ed&#8217;s work, his name, and\/or the artist&#8217;s image on any medium or medium, it is essential to have the authorization of the Foundation, the institution that manages the artist&#8217;s industrial and intellectual property, as well as all his rights, including his image rights.<\/p>\n<\/div>\n<\/div>\n\n\n\n<div class=\"wp-block-columns col-text col-2 is-layout-flex wp-container-core-columns-is-layout-9d6595d7 wp-block-columns-is-layout-flex\">\n<div class=\"wp-block-column is-layout-flow wp-block-column-is-layout-flow\">\n<h2 class=\"wp-block-heading\">Reproduction of Salvador Dal\u00ed&#8217;s work<\/h2>\n<\/div>\n\n\n\n<div class=\"wp-block-column is-layout-flow wp-block-column-is-layout-flow\">\n<p>Requests for reproductions of the artist&#8217;s works should be addressed to VEGAP, the collecting society and member of the international CISAC network, which handles these procedures on behalf of the Foundation.<\/p>\n\n\n\n<div class=\"wp-block-group is-vertical is-layout-flex wp-container-core-group-is-layout-8cf370e7 wp-block-group-is-layout-flex\">\n<p>Contacts:<\/p>\n\n\n\n<p><a href=\"mailto:rjulian@vegap.es\">rjulian@vegap.es<\/a>&nbsp;<\/p>\n\n\n\n<p><a href=\"mailto:ribanez@vegap.es\">ribanez@vegap.es<\/a><\/p>\n<\/div>\n<\/div>\n<\/div>\n\n\n\n<div class=\"wp-block-columns col-text col-2 is-layout-flex wp-container-core-columns-is-layout-9d6595d7 wp-block-columns-is-layout-flex\">\n<div class=\"wp-block-column is-layout-flow wp-block-column-is-layout-flow\">\n<h2 class=\"wp-block-heading\">Reproduction of the image of Gala and Salvador Dal\u00ed<\/h2>\n<\/div>\n\n\n\n<div class=\"wp-block-column is-layout-flow wp-block-column-is-layout-flow\">\n<p>Requests for reproductions of the image and\/or portrait of Salvador Dal\u00ed and his wife Gala should be addressed directly to the Foundation at:<br><a href=\"mailto:rights@fundaciodali.org\">rights@fundaciodali.org<\/a><br>Two steps are always required:<\/p>\n\n\n\n<ul class=\"wp-block-list\">\n<li>Processing of the rights of the photographer who created the image<\/li>\n\n\n\n<li>Processing of the image rights of Salvador Dal\u00ed and Gala, managed directly by the Foundation.<br>The Foundation manages the rights of some photographers and can also assist applicants by providing contact information for many photographers who have photographed the artist.<\/li>\n<\/ul>\n\n\n\n<p>Once the request has been reviewed and approved, the corresponding citations will be provided. Free supporting copies must also be sent to the Foundation&#8217;s Rights Department (two physical copies and\/or the digital link).<\/p>\n<\/div>\n<\/div>\n\n\n\n<div class=\"wp-block-columns col-text col-2 is-layout-flex wp-container-core-columns-is-layout-9d6595d7 wp-block-columns-is-layout-flex\">\n<div class=\"wp-block-column is-layout-flow wp-block-column-is-layout-flow\">\n<h2 class=\"wp-block-heading\">Image bank<\/h2>\n<\/div>\n\n\n\n<div class=\"wp-block-column is-layout-flow wp-block-column-is-layout-flow\">\n<p>High-definition digital images (300 dpi) of works from the Foundation&#8217;s image bank, the Reina Sof\u00eda Museum in Madrid, and the Salvador Dal\u00ed Museum in St. Petersburg, Florida, USA, can be provided.<br>Digital images from the Foundation&#8217;s photographic archive can also be provided.<\/p>\n<\/div>\n<\/div>\n\n\n\n<div class=\"wp-block-columns col-text col-2 is-layout-flex wp-container-core-columns-is-layout-9d6595d7 wp-block-columns-is-layout-flex\">\n<div class=\"wp-block-column is-layout-flow wp-block-column-is-layout-flow\">\n<h2 class=\"wp-block-heading\">Contact<\/h2>\n<\/div>\n\n\n\n<div class=\"wp-block-column is-layout-flow wp-block-column-is-layout-flow\">\n<p>Department of Rights<br>Gala-Salvador Dal\u00ed Foundation<br>Torre Galatea<br>Pujada del Castell, 28<br>17600 Figueres<\/p>\n\n\n\n<p>Mail: <a href=\"mailto:rights@fundaciodali.org\" target=\"_blank\" rel=\"noreferrer noopener\">rights@fundaciodali.org<\/a><br>Tel.: +34 972 677518<\/p>\n<\/div>\n<\/div>\n\n\n    <div  class=\"wp-block-columns swiper-column   destacat bloc-destacats \" style=\"background-image: linear-gradient(to right, white, white)\">\n        <div class=\"wp-block-column\">\n            <div id=\"swiper-69e54f6bb151f\" class=\"swiper destacats dues\" >\n                <div class=\"swiper-wrapper\">\n\n                                            <div class=\"swiper-slide intro\">\n                            <h2>Our specialized services<\/h2>\n                            <div class=\"descripcio\"><p>The Gala &#8211; Salvador Dal\u00ed Foundation offers its specialized services to professionals, researchers, and institutions: expert appraisal of artworks to ensure authenticity and rigorous study of the garments; rights and image management, for the appropriate use of Dal\u00ed images and content; and a press room with resources and materials for the media.<\/p>\n<\/div>\n                                                    <\/div>\n                    \n\n                    \n                        \n                        <div class=\"swiper-slide\">\n                                                            <div class=\"banner\" style=\"background-image: url(https:\/\/staging.salvador-dali.org\/wp-content\/uploads\/2025\/07\/0072-medium.jpg)\">\n                                                                            <ul class=\"context\">\n                                            <li class=\"context__item\" aria-label=\"hidden\">                                            <\/li>\n                                        <\/ul>\n                                    \n                                    <h3 class=\"titol\">Artwork authentication<\/h3>\n                                        \n                                    <div class=\"button fletxa\"><a href=\"https:\/\/staging.salvador-dali.org\/en\/dali-foundation\/services\/artwork-authentication\/\">More information<\/a><\/div>\n\n                                    \n                                <\/div>\n                                                    <\/div>\n\n                    \n                        \n                        <div class=\"swiper-slide\">\n                                                            <div class=\"banner\" style=\"background-image: url(https:\/\/staging.salvador-dali.org\/wp-content\/uploads\/2025\/05\/Dematerialization-Near-the-Nose-of-Nero-612x1024.jpg)\">\n                                                                            <ul class=\"context\">\n                                            <li class=\"context__item\" aria-label=\"hidden\">                                            <\/li>\n                                        <\/ul>\n                                    \n                                    <h3 class=\"titol\">Press Room<\/h3>\n                                        \n                                    <div class=\"button fletxa\"><a href=\"https:\/\/staging.salvador-dali.org\/en\/dali-foundation\/services\/press-room\/\">More information<\/a><\/div>\n\n                                    \n                                <\/div>\n                                                    <\/div>\n\n                                    <\/div>\n                <!-- Swiper navigation buttons -->\n                <div class=\"swiper-button-prev\">\n                    <span class=\"screen-reader-text\">Previous slide<\/span>\n                <\/div>\n                <div class=\"swiper-button-next\">\n                    <span class=\"screen-reader-text\">Nest slide<\/span>\n                <\/div>\n            <\/div>\n        <\/div>\n    <\/div>\n\n\n\n<!-- Swiper JS -->\n<script src=\"https:\/\/cdn.jsdelivr.net\/npm\/swiper@11\/swiper-bundle.min.js\"><\/script>\n\n<!-- Initialize Swiper -->\n<script>\n\njQuery( document ).ready(function() {      \n\n    Tipus = 'destacat';\n\n    updateSpaceBetween();\n    spaceBetweenInicial = 60;\n    \n    if (Tipus=='intro-images' ) {\n    \/\/    spaceBetweenValueModul = 0;\n    }\n\n\n\n    console.log(\"spaceBetweenValueModul\",spaceBetweenValueModul);\n\n    var swiper = new Swiper(\"#swiper-69e54f6bb151f\", {\n      slidesPerView: \"auto\",\n      spaceBetween: spaceBetweenInicial,\n      \tfreeMode: true,\n\t  \tbreakpoints: {\n\t        \/\/ Quan l'amplada de la pantalla sigui major a 1024px\n\t        1024: {\n\t            spaceBetween: spaceBetweenValue,\n\t        },\n\t    },\n        \/\/ Navigation arrows\n        navigation: {\n            nextEl: '.swiper-button-next',\n            prevEl: '.swiper-button-prev',\n        },\n        mousewheel: {\n            releaseOnEdges: true,\n            forceToAxis: true,\n            sensitivity:    1,\n        },\n        a11y: {\n            prevSlideMessage: 'Previous slide',\n            nextSlideMessage: 'Nest slide',\n        },\n    });\n\n\n \n\n\n    \/*\n    jQuery('.bloc-destacats').each(function() {\n        const nextDiv = jQuery(this).next('div');\n        if (nextDiv.hasClass('contingut-ampliat')) {\n            console.log('T\u00e9 .contingut-ampliat despr\u00e9s');\n            \/\/ Aqu\u00ed pots fer accions, per exemple:\n            \/\/ $nextDiv.addClass('marcat'); o $(this).append($nextDiv);\n        }\n    });\n    *\/\n})\n<\/script>\n\n","protected":false},"excerpt":{"rendered":"<p>Reproduction of Salvador Dal\u00ed&#8217;s work Requests for reproductions of the artist&#8217;s works should be addressed to VEGAP, the collecting society and member of the international CISAC network, which handles these procedures on behalf of the Foundation. Contacts: rjulian@vegap.es&nbsp; ribanez@vegap.es Reproduction of the image of Gala and Salvador Dal\u00ed Requests for reproductions of the image and\/or [&hellip;]<\/p>\n","protected":false},"author":3,"featured_media":10067,"parent":7556,"menu_order":1,"comment_status":"closed","ping_status":"closed","template":"","meta":{"_acf_changed":false,"_coblocks_attr":"","_coblocks_dimensions":"","_coblocks_responsive_height":"","_coblocks_accordion_ie_support":"","footnotes":""},"categories":[],"tags":[],"class_list":["post-7568","page","type-page","status-publish","has-post-thumbnail","hentry"],"acf":[],"yoast_head":"<!-- This site is optimized with the Yoast SEO plugin v26.8 - https:\/\/yoast.com\/product\/yoast-seo-wordpress\/ -->\n<title>Rights and image - Fundaci\u00f3 Gala - Salvador Dal\u00ed<\/title>\n<meta name=\"robots\" content=\"noindex, follow, max-snippet:-1, max-image-preview:large, max-video-preview:-1\" \/>\n<meta property=\"og:locale\" content=\"en_US\" \/>\n<meta property=\"og:type\" content=\"article\" \/>\n<meta property=\"og:title\" content=\"Rights and image - Fundaci\u00f3 Gala - Salvador Dal\u00ed\" \/>\n<meta property=\"og:description\" content=\"Reproduction of Salvador Dal\u00ed&#8217;s work Requests for reproductions of the artist&#8217;s works should be addressed to VEGAP, the collecting society and member of the international CISAC network, which handles these procedures on behalf of the Foundation. Contacts: rjulian@vegap.es&nbsp; ribanez@vegap.es Reproduction of the image of Gala and Salvador Dal\u00ed Requests for reproductions of the image and\/or [&hellip;]\" \/>\n<meta property=\"og:url\" content=\"https:\/\/staging.salvador-dali.org\/en\/dali-foundation\/services\/rights-and-image\/\" \/>\n<meta property=\"og:site_name\" content=\"Fundaci\u00f3 Gala - Salvador Dal\u00ed\" \/>\n<meta property=\"article:publisher\" content=\"https:\/\/www.facebook.com\/MuseusDali\" \/>\n<meta property=\"article:modified_time\" content=\"2025-06-30T07:15:14+00:00\" \/>\n<meta property=\"og:image\" content=\"https:\/\/staging.salvador-dali.org\/wp-content\/uploads\/2025\/06\/default-7-1.jpg\" \/>\n\t<meta property=\"og:image:width\" content=\"800\" \/>\n\t<meta property=\"og:image:height\" content=\"971\" \/>\n\t<meta property=\"og:image:type\" content=\"image\/jpeg\" \/>\n<meta name=\"twitter:card\" content=\"summary_large_image\" \/>\n<meta name=\"twitter:site\" content=\"@MuseuDali\" \/>\n<meta name=\"twitter:label1\" content=\"Est. reading time\" \/>\n\t<meta name=\"twitter:data1\" content=\"2 minutes\" \/>\n<script type=\"application\/ld+json\" class=\"yoast-schema-graph\">{\"@context\":\"https:\/\/schema.org\",\"@graph\":[{\"@type\":\"WebPage\",\"@id\":\"https:\/\/staging.salvador-dali.org\/en\/dali-foundation\/services\/rights-and-image\/\",\"url\":\"https:\/\/staging.salvador-dali.org\/en\/dali-foundation\/services\/rights-and-image\/\",\"name\":\"Rights and image - Fundaci\u00f3 Gala - Salvador Dal\u00ed\",\"isPartOf\":{\"@id\":\"https:\/\/staging.salvador-dali.org\/en\/#website\"},\"primaryImageOfPage\":{\"@id\":\"https:\/\/staging.salvador-dali.org\/en\/dali-foundation\/services\/rights-and-image\/#primaryimage\"},\"image\":{\"@id\":\"https:\/\/staging.salvador-dali.org\/en\/dali-foundation\/services\/rights-and-image\/#primaryimage\"},\"thumbnailUrl\":\"https:\/\/staging.salvador-dali.org\/wp-content\/uploads\/2025\/06\/default-7-1.jpg\",\"datePublished\":\"2025-04-23T13:33:17+00:00\",\"dateModified\":\"2025-06-30T07:15:14+00:00\",\"breadcrumb\":{\"@id\":\"https:\/\/staging.salvador-dali.org\/en\/dali-foundation\/services\/rights-and-image\/#breadcrumb\"},\"inLanguage\":\"en-US\",\"potentialAction\":[{\"@type\":\"ReadAction\",\"target\":[\"https:\/\/staging.salvador-dali.org\/en\/dali-foundation\/services\/rights-and-image\/\"]}]},{\"@type\":\"ImageObject\",\"inLanguage\":\"en-US\",\"@id\":\"https:\/\/staging.salvador-dali.org\/en\/dali-foundation\/services\/rights-and-image\/#primaryimage\",\"url\":\"https:\/\/staging.salvador-dali.org\/wp-content\/uploads\/2025\/06\/default-7-1.jpg\",\"contentUrl\":\"https:\/\/staging.salvador-dali.org\/wp-content\/uploads\/2025\/06\/default-7-1.jpg\",\"width\":800,\"height\":971},{\"@type\":\"BreadcrumbList\",\"@id\":\"https:\/\/staging.salvador-dali.org\/en\/dali-foundation\/services\/rights-and-image\/#breadcrumb\",\"itemListElement\":[{\"@type\":\"ListItem\",\"position\":1,\"name\":\"Inici\",\"item\":\"https:\/\/staging.salvador-dali.org\/en\/\"},{\"@type\":\"ListItem\",\"position\":2,\"name\":\"Rights and image\"}]},{\"@type\":\"WebSite\",\"@id\":\"https:\/\/staging.salvador-dali.org\/en\/#website\",\"url\":\"https:\/\/staging.salvador-dali.org\/en\/\",\"name\":\"Fundaci\u00f3 Gala - Salvador Dal\u00ed\",\"description\":\"\",\"publisher\":{\"@id\":\"https:\/\/staging.salvador-dali.org\/en\/#organization\"},\"potentialAction\":[{\"@type\":\"SearchAction\",\"target\":{\"@type\":\"EntryPoint\",\"urlTemplate\":\"https:\/\/staging.salvador-dali.org\/en\/?s={search_term_string}\"},\"query-input\":{\"@type\":\"PropertyValueSpecification\",\"valueRequired\":true,\"valueName\":\"search_term_string\"}}],\"inLanguage\":\"en-US\"},{\"@type\":\"Organization\",\"@id\":\"https:\/\/staging.salvador-dali.org\/en\/#organization\",\"name\":\"Fundaci\u00f3 Gala - Salvador Dal\u00ed\",\"url\":\"https:\/\/staging.salvador-dali.org\/en\/\",\"logo\":{\"@type\":\"ImageObject\",\"inLanguage\":\"en-US\",\"@id\":\"https:\/\/staging.salvador-dali.org\/en\/#\/schema\/logo\/image\/\",\"url\":\"https:\/\/staging.salvador-dali.org\/wp-content\/uploads\/2025\/04\/fundacio-gala-salvador-dali.png\",\"contentUrl\":\"https:\/\/staging.salvador-dali.org\/wp-content\/uploads\/2025\/04\/fundacio-gala-salvador-dali.png\",\"width\":240,\"height\":240,\"caption\":\"Fundaci\u00f3 Gala - Salvador Dal\u00ed\"},\"image\":{\"@id\":\"https:\/\/staging.salvador-dali.org\/en\/#\/schema\/logo\/image\/\"},\"sameAs\":[\"https:\/\/www.facebook.com\/MuseusDali\",\"https:\/\/x.com\/MuseuDali\",\"https:\/\/www.youtube.com\/user\/FundacioDali\",\"https:\/\/www.flickr.com\/fundacio_dali\/\",\"https:\/\/instagram.com\/museudali\"]}]}<\/script>\n<!-- \/ Yoast SEO plugin. -->","yoast_head_json":{"title":"Rights and image - Fundaci\u00f3 Gala - Salvador Dal\u00ed","robots":{"index":"noindex","follow":"follow","max-snippet":"max-snippet:-1","max-image-preview":"max-image-preview:large","max-video-preview":"max-video-preview:-1"},"og_locale":"en_US","og_type":"article","og_title":"Rights and image - Fundaci\u00f3 Gala - Salvador Dal\u00ed","og_description":"Reproduction of Salvador Dal\u00ed&#8217;s work Requests for reproductions of the artist&#8217;s works should be addressed to VEGAP, the collecting society and member of the international CISAC network, which handles these procedures on behalf of the Foundation. Contacts: rjulian@vegap.es&nbsp; ribanez@vegap.es Reproduction of the image of Gala and Salvador Dal\u00ed Requests for reproductions of the image and\/or [&hellip;]","og_url":"https:\/\/staging.salvador-dali.org\/en\/dali-foundation\/services\/rights-and-image\/","og_site_name":"Fundaci\u00f3 Gala - Salvador Dal\u00ed","article_publisher":"https:\/\/www.facebook.com\/MuseusDali","article_modified_time":"2025-06-30T07:15:14+00:00","og_image":[{"width":800,"height":971,"url":"https:\/\/staging.salvador-dali.org\/wp-content\/uploads\/2025\/06\/default-7-1.jpg","type":"image\/jpeg"}],"twitter_card":"summary_large_image","twitter_site":"@MuseuDali","twitter_misc":{"Est. reading time":"2 minutes"},"schema":{"@context":"https:\/\/schema.org","@graph":[{"@type":"WebPage","@id":"https:\/\/staging.salvador-dali.org\/en\/dali-foundation\/services\/rights-and-image\/","url":"https:\/\/staging.salvador-dali.org\/en\/dali-foundation\/services\/rights-and-image\/","name":"Rights and image - Fundaci\u00f3 Gala - Salvador Dal\u00ed","isPartOf":{"@id":"https:\/\/staging.salvador-dali.org\/en\/#website"},"primaryImageOfPage":{"@id":"https:\/\/staging.salvador-dali.org\/en\/dali-foundation\/services\/rights-and-image\/#primaryimage"},"image":{"@id":"https:\/\/staging.salvador-dali.org\/en\/dali-foundation\/services\/rights-and-image\/#primaryimage"},"thumbnailUrl":"https:\/\/staging.salvador-dali.org\/wp-content\/uploads\/2025\/06\/default-7-1.jpg","datePublished":"2025-04-23T13:33:17+00:00","dateModified":"2025-06-30T07:15:14+00:00","breadcrumb":{"@id":"https:\/\/staging.salvador-dali.org\/en\/dali-foundation\/services\/rights-and-image\/#breadcrumb"},"inLanguage":"en-US","potentialAction":[{"@type":"ReadAction","target":["https:\/\/staging.salvador-dali.org\/en\/dali-foundation\/services\/rights-and-image\/"]}]},{"@type":"ImageObject","inLanguage":"en-US","@id":"https:\/\/staging.salvador-dali.org\/en\/dali-foundation\/services\/rights-and-image\/#primaryimage","url":"https:\/\/staging.salvador-dali.org\/wp-content\/uploads\/2025\/06\/default-7-1.jpg","contentUrl":"https:\/\/staging.salvador-dali.org\/wp-content\/uploads\/2025\/06\/default-7-1.jpg","width":800,"height":971},{"@type":"BreadcrumbList","@id":"https:\/\/staging.salvador-dali.org\/en\/dali-foundation\/services\/rights-and-image\/#breadcrumb","itemListElement":[{"@type":"ListItem","position":1,"name":"Inici","item":"https:\/\/staging.salvador-dali.org\/en\/"},{"@type":"ListItem","position":2,"name":"Rights and image"}]},{"@type":"WebSite","@id":"https:\/\/staging.salvador-dali.org\/en\/#website","url":"https:\/\/staging.salvador-dali.org\/en\/","name":"Fundaci\u00f3 Gala - Salvador Dal\u00ed","description":"","publisher":{"@id":"https:\/\/staging.salvador-dali.org\/en\/#organization"},"potentialAction":[{"@type":"SearchAction","target":{"@type":"EntryPoint","urlTemplate":"https:\/\/staging.salvador-dali.org\/en\/?s={search_term_string}"},"query-input":{"@type":"PropertyValueSpecification","valueRequired":true,"valueName":"search_term_string"}}],"inLanguage":"en-US"},{"@type":"Organization","@id":"https:\/\/staging.salvador-dali.org\/en\/#organization","name":"Fundaci\u00f3 Gala - Salvador Dal\u00ed","url":"https:\/\/staging.salvador-dali.org\/en\/","logo":{"@type":"ImageObject","inLanguage":"en-US","@id":"https:\/\/staging.salvador-dali.org\/en\/#\/schema\/logo\/image\/","url":"https:\/\/staging.salvador-dali.org\/wp-content\/uploads\/2025\/04\/fundacio-gala-salvador-dali.png","contentUrl":"https:\/\/staging.salvador-dali.org\/wp-content\/uploads\/2025\/04\/fundacio-gala-salvador-dali.png","width":240,"height":240,"caption":"Fundaci\u00f3 Gala - Salvador Dal\u00ed"},"image":{"@id":"https:\/\/staging.salvador-dali.org\/en\/#\/schema\/logo\/image\/"},"sameAs":["https:\/\/www.facebook.com\/MuseusDali","https:\/\/x.com\/MuseuDali","https:\/\/www.youtube.com\/user\/FundacioDali","https:\/\/www.flickr.com\/fundacio_dali\/","https:\/\/instagram.com\/museudali"]}]}},"_links":{"self":[{"href":"https:\/\/staging.salvador-dali.org\/en\/wp-json\/wp\/v2\/pages\/7568","targetHints":{"allow":["GET"]}}],"collection":[{"href":"https:\/\/staging.salvador-dali.org\/en\/wp-json\/wp\/v2\/pages"}],"about":[{"href":"https:\/\/staging.salvador-dali.org\/en\/wp-json\/wp\/v2\/types\/page"}],"author":[{"embeddable":true,"href":"https:\/\/staging.salvador-dali.org\/en\/wp-json\/wp\/v2\/users\/3"}],"replies":[{"embeddable":true,"href":"https:\/\/staging.salvador-dali.org\/en\/wp-json\/wp\/v2\/comments?post=7568"}],"version-history":[{"count":0,"href":"https:\/\/staging.salvador-dali.org\/en\/wp-json\/wp\/v2\/pages\/7568\/revisions"}],"up":[{"embeddable":true,"href":"https:\/\/staging.salvador-dali.org\/en\/wp-json\/wp\/v2\/pages\/7556"}],"wp:featuredmedia":[{"embeddable":true,"href":"https:\/\/staging.salvador-dali.org\/en\/wp-json\/wp\/v2\/media\/10067"}],"wp:attachment":[{"href":"https:\/\/staging.salvador-dali.org\/en\/wp-json\/wp\/v2\/media?parent=7568"}],"wp:term":[{"taxonomy":"category","embeddable":true,"href":"https:\/\/staging.salvador-dali.org\/en\/wp-json\/wp\/v2\/categories?post=7568"},{"taxonomy":"post_tag","embeddable":true,"href":"https:\/\/staging.salvador-dali.org\/en\/wp-json\/wp\/v2\/tags?post=7568"}],"curies":[{"name":"wp","href":"https:\/\/api.w.org\/{rel}","templated":true}]}}