{"id":13750,"date":"2025-07-21T16:53:32","date_gmt":"2025-07-21T14:53:32","guid":{"rendered":"https:\/\/staging.salvador-dali.org\/?page_id=13750"},"modified":"2025-07-21T16:53:32","modified_gmt":"2025-07-21T14:53:32","slug":"activities","status":"publish","type":"page","link":"https:\/\/staging.salvador-dali.org\/en\/artwork\/activities\/","title":{"rendered":"Activities"},"content":{"rendered":"\n<div class=\"wp-block-columns facetwp-filters is-layout-flex wp-container-core-columns-is-layout-9d6595d7 wp-block-columns-is-layout-flex\">\n<div class=\"wp-block-column is-layout-flow wp-block-column-is-layout-flow\">\n<p>Lloc<\/p>\n\n\n<div class=\"facetwp-facet facetwp-facet-activitat_lloc_en facetwp-type-fselect\" data-name=\"activitat_lloc_en\" data-type=\"fselect\"><\/div>\n<\/div>\n\n\n\n<div class=\"wp-block-column is-layout-flow wp-block-column-is-layout-flow\">\n<p>Idiomes<\/p>\n\n\n<div class=\"facetwp-facet facetwp-facet-activitat_idioma_en facetwp-type-fselect\" data-name=\"activitat_idioma_en\" data-type=\"fselect\"><\/div>\n<\/div>\n\n\n\n<div class=\"wp-block-column is-layout-flow wp-block-column-is-layout-flow\">\n<p>Idiomes<\/p>\n\n\n<div class=\"facetwp-facet facetwp-facet-activitat_dates_activitat facetwp-type-date_range\" data-name=\"activitat_dates_activitat\" data-type=\"date_range\"><\/div>\n<\/div>\n<\/div>\n\n\n<div class=\"facetwp-template\" data-name=\"activitats_en\"><ul class=\"fwpl-layout list\">\n  \t<li class=\"grid-item\">\n\n        \t\t\n        <div class=\"item-header\">\n            <figure class=\"image\"><img loading=\"lazy\" decoding=\"async\" width=\"235\" height=\"300\" src=\"https:\/\/staging.salvador-dali.org\/wp-content\/uploads\/2025\/10\/1-235x300.png\" class=\"attachment-medium size-medium wp-post-image\" alt=\"Infants realitzant un taller amb pintures i altres materials\" srcset=\"https:\/\/staging.salvador-dali.org\/wp-content\/uploads\/2025\/10\/1-235x300.png 235w, https:\/\/staging.salvador-dali.org\/wp-content\/uploads\/2025\/10\/1-802x1024.png 802w, https:\/\/staging.salvador-dali.org\/wp-content\/uploads\/2025\/10\/1-768x981.png 768w, https:\/\/staging.salvador-dali.org\/wp-content\/uploads\/2025\/10\/1-1202x1536.png 1202w, https:\/\/staging.salvador-dali.org\/wp-content\/uploads\/2025\/10\/1-1603x2048.png 1603w, https:\/\/staging.salvador-dali.org\/wp-content\/uploads\/2025\/10\/1.png 1907w\" sizes=\"auto, (max-width: 235px) 100vw, 235px\" \/><\/figure>\n\n            <div class=\"item-location\">\n            Dal\u00ed Theatre-Museum            <\/div>\n\n            \n\n            \n\n        <\/div>\n        <div class=\"item-content\">\n\n                        <a href=\"https:\/\/staging.salvador-dali.org\/en\/education-and-activities\/activity\/taller-familiar-un-santuari-per-capes-cat\/\"><div class=\"title\">Taller familiar: un santuari per capes (CAT)<\/div><\/a>\n            <div class=\"item-data\">\n            19 d&#039;octubre i 26 d&#039;octubre a les 11:00            <\/div>\n            <div class=\"excerpt\">Amb la Madona de Portlligat, tornen els tallers familiars als Museus Dal\u00ed!<\/div>\n        <\/div>\n\t\t\n\t<\/li>\n\t\n  \t<li class=\"grid-item\">\n\n        \t\t\n        <div class=\"item-header\">\n            <figure class=\"image\"><img loading=\"lazy\" decoding=\"async\" width=\"300\" height=\"148\" src=\"https:\/\/staging.salvador-dali.org\/wp-content\/uploads\/2025\/09\/Fons-300x148.jpg\" class=\"attachment-medium size-medium wp-post-image\" alt=\"\" srcset=\"https:\/\/staging.salvador-dali.org\/wp-content\/uploads\/2025\/09\/Fons-300x148.jpg 300w, https:\/\/staging.salvador-dali.org\/wp-content\/uploads\/2025\/09\/Fons-1024x505.jpg 1024w, https:\/\/staging.salvador-dali.org\/wp-content\/uploads\/2025\/09\/Fons-768x379.jpg 768w, https:\/\/staging.salvador-dali.org\/wp-content\/uploads\/2025\/09\/Fons-1536x758.jpg 1536w, https:\/\/staging.salvador-dali.org\/wp-content\/uploads\/2025\/09\/Fons-2048x1010.jpg 2048w\" sizes=\"auto, (max-width: 300px) 100vw, 300px\" \/><\/figure>\n\n            <div class=\"item-location\">\n            Dal\u00ed Theatre-Museum            <\/div>\n\n            \n\n            \n\n        <\/div>\n        <div class=\"item-content\">\n\n                        <a href=\"https:\/\/staging.salvador-dali.org\/en\/education-and-activities\/activity\/converses-madona-de-portlligat\/\"><div class=\"title\">Conversations around The Madonna of Portlligat<\/div><\/a>\n            <div class=\"item-data\">\n            October 8, 2025 - November 27, 2025<br>            <\/div>\n            <div class=\"excerpt\">Lecture series of the temporary exhibition The Madonna of Portlligat. A Oneiric Explosion<\/div>\n        <\/div>\n\t\t\n\t<\/li>\n\t\n  \t<li class=\"grid-item\">\n\n        \t\t\n        <div class=\"item-header\">\n            <figure class=\"image\"><img loading=\"lazy\" decoding=\"async\" width=\"300\" height=\"234\" src=\"https:\/\/staging.salvador-dali.org\/wp-content\/uploads\/2025\/08\/Celebrant-Gala-2025-300x234.png\" class=\"attachment-medium size-medium wp-post-image\" alt=\"Fotografia del rostre de Gala, amb un reflex de color verd\" srcset=\"https:\/\/staging.salvador-dali.org\/wp-content\/uploads\/2025\/08\/Celebrant-Gala-2025-300x234.png 300w, https:\/\/staging.salvador-dali.org\/wp-content\/uploads\/2025\/08\/Celebrant-Gala-2025-1024x799.png 1024w, https:\/\/staging.salvador-dali.org\/wp-content\/uploads\/2025\/08\/Celebrant-Gala-2025-768x599.png 768w, https:\/\/staging.salvador-dali.org\/wp-content\/uploads\/2025\/08\/Celebrant-Gala-2025-1536x1198.png 1536w, https:\/\/staging.salvador-dali.org\/wp-content\/uploads\/2025\/08\/Celebrant-Gala-2025.png 1772w\" sizes=\"auto, (max-width: 300px) 100vw, 300px\" \/><\/figure>\n\n            <div class=\"item-location\">\n            Gala Dal\u00ed Castle            <\/div>\n\n            \n\n            \n\n        <\/div>\n        <div class=\"item-content\">\n\n                        <a href=\"https:\/\/staging.salvador-dali.org\/en\/education-and-activities\/activity\/celebrant-gala-lesperit-lliure\/\"><div class=\"title\">Celebrant Gala: \u201cL\u2019esperit lliure\u201d<\/div><\/a>\n            <div class=\"item-data\">\n            26 of August at 19:00            <\/div>\n            <div class=\"excerpt\">Show titled L\u2019esperit lliure: Gala sota la mirada de Paul \u00c9luard, combining poetry with music and a special staging, at the Gala Dal\u00ed Castle.<\/div>\n        <\/div>\n\t\t\n\t<\/li>\n\t\n  \t<li class=\"grid-item\">\n\n        \t\t\n        <div class=\"item-header\">\n            <figure class=\"image\"><img loading=\"lazy\" decoding=\"async\" width=\"300\" height=\"200\" src=\"https:\/\/staging.salvador-dali.org\/wp-content\/uploads\/2025\/07\/Pubol-55-300x200.jpg\" class=\"attachment-medium size-medium wp-post-image\" alt=\"\" srcset=\"https:\/\/staging.salvador-dali.org\/wp-content\/uploads\/2025\/07\/Pubol-55-300x200.jpg 300w, https:\/\/staging.salvador-dali.org\/wp-content\/uploads\/2025\/07\/Pubol-55-1024x683.jpg 1024w, https:\/\/staging.salvador-dali.org\/wp-content\/uploads\/2025\/07\/Pubol-55-768x512.jpg 768w, https:\/\/staging.salvador-dali.org\/wp-content\/uploads\/2025\/07\/Pubol-55-1536x1024.jpg 1536w, https:\/\/staging.salvador-dali.org\/wp-content\/uploads\/2025\/07\/Pubol-55-2048x1366.jpg 2048w\" sizes=\"auto, (max-width: 300px) 100vw, 300px\" \/><\/figure>\n\n            <div class=\"item-location\">\n            Gala Dal\u00ed Castle            <\/div>\n\n            \n\n            \n\n        <\/div>\n        <div class=\"item-content\">\n\n                        <a href=\"https:\/\/staging.salvador-dali.org\/en\/education-and-activities\/activity\/galas-evening\/\"><div class=\"title\">Gala&#8217;s Evening<\/div><\/a>\n            <div class=\"item-data\">\n            July 10, 2025 - August 29, 2025<br>            <\/div>\n            <div class=\"excerpt\">Enjoy a unique experience at the Gala Dal\u00ed Castle, bathed in the light of sunset, where private rooms and the sculpture garden become the stage for a poetic and deeply Dalinian visit.<\/div>\n        <\/div>\n\t\t\n\t<\/li>\n\t\n  \t<li class=\"grid-item\">\n\n        \t\t\n        <div class=\"item-header\">\n            <figure class=\"image\"><img loading=\"lazy\" decoding=\"async\" width=\"300\" height=\"101\" src=\"https:\/\/staging.salvador-dali.org\/wp-content\/uploads\/2025\/08\/vuelta_2025-300x101.jpg\" class=\"attachment-medium size-medium wp-post-image\" alt=\"\" srcset=\"https:\/\/staging.salvador-dali.org\/wp-content\/uploads\/2025\/08\/vuelta_2025-300x101.jpg 300w, https:\/\/staging.salvador-dali.org\/wp-content\/uploads\/2025\/08\/vuelta_2025-1024x344.jpg 1024w, https:\/\/staging.salvador-dali.org\/wp-content\/uploads\/2025\/08\/vuelta_2025-768x258.jpg 768w, https:\/\/staging.salvador-dali.org\/wp-content\/uploads\/2025\/08\/vuelta_2025-1536x516.jpg 1536w, https:\/\/staging.salvador-dali.org\/wp-content\/uploads\/2025\/08\/vuelta_2025.jpg 1920w\" sizes=\"auto, (max-width: 300px) 100vw, 300px\" \/><\/figure>\n\n            <div class=\"item-location\">\n            Dal\u00ed Theatre-Museum            <\/div>\n\n            \n\n            \n\n        <\/div>\n        <div class=\"item-content\">\n\n                        <a href=\"https:\/\/staging.salvador-dali.org\/en\/education-and-activities\/activity\/traffic-restrictions-la-vuelta-2025\/\"><div class=\"title\">Traffic restrictions \u2013 La Vuelta 2025<\/div><\/a>\n            <div class=\"item-data\">\n            27 August 2025            <\/div>\n            <div class=\"excerpt\">On Wednesday, August 27, Figueres will host a team time trial of La Vuelta. Traffic restrictions will affect several main roads<\/div>\n        <\/div>\n\t\t\n\t<\/li>\n\t\n  \t<li class=\"grid-item\">\n\n        \t\t\n        <div class=\"item-header\">\n            <figure class=\"image\"><img loading=\"lazy\" decoding=\"async\" width=\"300\" height=\"173\" src=\"https:\/\/staging.salvador-dali.org\/wp-content\/uploads\/2025\/07\/xerrada-300x173.jpg\" class=\"attachment-medium size-medium wp-post-image\" alt=\"Fragment del cartell del cicle de cinema surrealista. Fotomuntatge a partir d&#039;una fotografia de Luis Bu\u00f1uel i d&#039;un fotograma d&#039;Un chien Andalou\" srcset=\"https:\/\/staging.salvador-dali.org\/wp-content\/uploads\/2025\/07\/xerrada-300x173.jpg 300w, https:\/\/staging.salvador-dali.org\/wp-content\/uploads\/2025\/07\/xerrada-1024x590.jpg 1024w, https:\/\/staging.salvador-dali.org\/wp-content\/uploads\/2025\/07\/xerrada-768x442.jpg 768w, https:\/\/staging.salvador-dali.org\/wp-content\/uploads\/2025\/07\/xerrada-1536x885.jpg 1536w, https:\/\/staging.salvador-dali.org\/wp-content\/uploads\/2025\/07\/xerrada-2048x1180.jpg 2048w\" sizes=\"auto, (max-width: 300px) 100vw, 300px\" \/><\/figure>\n\n            <div class=\"item-location\">\n            Dal\u00ed Theatre-Museum            <\/div>\n\n            \n\n            \n\n        <\/div>\n        <div class=\"item-content\">\n\n                        <a href=\"https:\/\/staging.salvador-dali.org\/en\/education-and-activities\/activity\/opening-of-the-cicle-de-cinema-surrealista\/\"><div class=\"title\">Opening of Dal\u00ed Nocturn. Films Surrealistes<\/div><\/a>\n            <div class=\"item-data\">\n            July 31, 2025 - August 21, 2025<br>            <\/div>\n            <div class=\"excerpt\">For the fourth edition, the Dal\u00ed Theatre-Museum in Figueres is organizing, together with the Di\u00f2ptria Film Club, the Surrealist Film Series. This year it is dedicated to the filmmaker from Calanda, Luis Bu\u00f1uel, in commemoration of the 125th anniversary of his birth.<\/div>\n        <\/div>\n\t\t\n\t<\/li>\n\t\n  \t<li class=\"grid-item\">\n\n        \t\t\n        <div class=\"item-header\">\n            <figure class=\"image\"><img loading=\"lazy\" decoding=\"async\" width=\"300\" height=\"199\" src=\"https:\/\/staging.salvador-dali.org\/wp-content\/uploads\/2025\/02\/Visita-guiada-museu-dali-cadillac-300x199.jpg\" class=\"attachment-medium size-medium wp-post-image\" alt=\"Grup de persones al voltant del Cadillac del Museu Dal\u00ed\" srcset=\"https:\/\/staging.salvador-dali.org\/wp-content\/uploads\/2025\/02\/Visita-guiada-museu-dali-cadillac-300x199.jpg 300w, https:\/\/staging.salvador-dali.org\/wp-content\/uploads\/2025\/02\/Visita-guiada-museu-dali-cadillac-1024x678.jpg 1024w, https:\/\/staging.salvador-dali.org\/wp-content\/uploads\/2025\/02\/Visita-guiada-museu-dali-cadillac-768x509.jpg 768w, https:\/\/staging.salvador-dali.org\/wp-content\/uploads\/2025\/02\/Visita-guiada-museu-dali-cadillac-1536x1017.jpg 1536w, https:\/\/staging.salvador-dali.org\/wp-content\/uploads\/2025\/02\/Visita-guiada-museu-dali-cadillac-2048x1356.jpg 2048w\" sizes=\"auto, (max-width: 300px) 100vw, 300px\" \/><\/figure>\n\n            <div class=\"item-location\">\n            Dal\u00ed Theatre-Museum            <\/div>\n\n            \n\n            \n\n        <\/div>\n        <div class=\"item-content\">\n\n                        <a href=\"https:\/\/staging.salvador-dali.org\/en\/education-and-activities\/activity\/guided-tour-dali-theatre-museum\/\"><div class=\"title\">Guided tour of the Dal\u00ed Theatre-Museum<\/div><\/a>\n            <div class=\"item-data\">\n                        <\/div>\n            <div class=\"excerpt\">The Dal\u00ed Theatre-Museum in Figueres is the largest surrealist object in the world. Take a guided tour of the building and don\u2019t miss a single detail of the most unique space in the Dalinian universe. Duration of the visit: 60 minutes. Book your Guided Tour along with your tickets to the Dal\u00ed Theatre-Museum.<\/div>\n        <\/div>\n\t\t\n\t<\/li>\n\t\n  \t<li class=\"grid-item\">\n\n        \t\t\n        <div class=\"item-header\">\n            <figure class=\"image\"><img loading=\"lazy\" decoding=\"async\" width=\"300\" height=\"225\" src=\"https:\/\/staging.salvador-dali.org\/wp-content\/uploads\/2025\/06\/IntroVisitaPB-300x225.jpg\" class=\"attachment-medium size-medium wp-post-image\" alt=\"\" srcset=\"https:\/\/staging.salvador-dali.org\/wp-content\/uploads\/2025\/06\/IntroVisitaPB-300x225.jpg 300w, https:\/\/staging.salvador-dali.org\/wp-content\/uploads\/2025\/06\/IntroVisitaPB-1024x768.jpg 1024w, https:\/\/staging.salvador-dali.org\/wp-content\/uploads\/2025\/06\/IntroVisitaPB-768x576.jpg 768w, https:\/\/staging.salvador-dali.org\/wp-content\/uploads\/2025\/06\/IntroVisitaPB-1536x1152.jpg 1536w, https:\/\/staging.salvador-dali.org\/wp-content\/uploads\/2025\/06\/IntroVisitaPB-2048x1536.jpg 2048w\" sizes=\"auto, (max-width: 300px) 100vw, 300px\" \/><\/figure>\n\n            <div class=\"item-location\">\n            Gala Dal\u00ed Castle            <\/div>\n\n            \n\n            \n\n        <\/div>\n        <div class=\"item-content\">\n\n                        <a href=\"https:\/\/staging.salvador-dali.org\/en\/education-and-activities\/activity\/introduction-to-the-gala-dali-castle-visit\/\"><div class=\"title\">Introduction to the Gala Dal\u00ed Castle visit<\/div><\/a>\n            <div class=\"item-data\">\n                        <\/div>\n            <div class=\"excerpt\">Explore the early mysteries of the Gala Dal\u00ed Castle and delve into its history, Gala\u2019s life, and Dal\u00ed\u2019s decorative universe. The staff at the Gala Dal\u00ed Castle provide introductory tours that start on the ground floor, offering a brief journey through the building\u2019s history, Gala\u2019s life, and explanations of the main Dalinian decorative elements in [&hellip;]<\/div>\n        <\/div>\n\t\t\n\t<\/li>\n\t\n  \t<li class=\"grid-item\">\n\n        \t\t\n        <div class=\"item-header\">\n            <figure class=\"image\"><img loading=\"lazy\" decoding=\"async\" width=\"300\" height=\"199\" src=\"https:\/\/staging.salvador-dali.org\/wp-content\/uploads\/2024\/12\/Visita-Guiada-Castell-Gala-Dali-300x199.jpg\" class=\"attachment-medium size-medium wp-post-image\" alt=\"\" srcset=\"https:\/\/staging.salvador-dali.org\/wp-content\/uploads\/2024\/12\/Visita-Guiada-Castell-Gala-Dali-300x199.jpg 300w, https:\/\/staging.salvador-dali.org\/wp-content\/uploads\/2024\/12\/Visita-Guiada-Castell-Gala-Dali.jpg 480w\" sizes=\"auto, (max-width: 300px) 100vw, 300px\" \/><\/figure>\n\n            <div class=\"item-location\">\n            Gala Dal\u00ed Castle            <\/div>\n\n            \n\n            \n\n        <\/div>\n        <div class=\"item-content\">\n\n                        <a href=\"https:\/\/tickets.salvador-dali.org\/en\/989-castell-gala-dali\/5819-entrada-visita-guiada-castell-gala-dali\/info\"><div class=\"title\">Guided tour of the Gala Dal\u00ed Castle<\/div><\/a>\n            <div class=\"item-data\">\n                        <\/div>\n            <div class=\"excerpt\">Walk through the corridors and rooms where Gala lived and where Dal\u00ed, between 1982 and 1984, left his final mark. With the help of our guide, explore the secrets of this castle full of imagination and let yourself be captivated by the magic of a place where art and life intertwine.<\/div>\n        <\/div>\n\t\t\n\t<\/li>\n\t\n  <\/ul>\n<\/div>\n","protected":false},"excerpt":{"rendered":"<p>Lloc Idiomes Idiomes<\/p>\n","protected":false},"author":8,"featured_media":13766,"parent":7583,"menu_order":0,"comment_status":"closed","ping_status":"closed","template":"","meta":{"_acf_changed":false,"_coblocks_attr":"","_coblocks_dimensions":"","_coblocks_responsive_height":"","_coblocks_accordion_ie_support":"","footnotes":""},"categories":[],"tags":[],"class_list":["post-13750","page","type-page","status-publish","has-post-thumbnail","hentry"],"acf":[],"yoast_head":"<!-- This site is optimized with the Yoast SEO plugin v26.8 - https:\/\/yoast.com\/product\/yoast-seo-wordpress\/ -->\n<title>Activities - Fundaci\u00f3 Gala - Salvador Dal\u00ed<\/title>\n<meta name=\"robots\" content=\"noindex, follow, max-snippet:-1, max-image-preview:large, max-video-preview:-1\" \/>\n<meta property=\"og:locale\" content=\"en_US\" \/>\n<meta property=\"og:type\" content=\"article\" \/>\n<meta property=\"og:title\" content=\"Activities - Fundaci\u00f3 Gala - Salvador Dal\u00ed\" \/>\n<meta property=\"og:description\" content=\"Lloc Idiomes Idiomes\" \/>\n<meta property=\"og:url\" content=\"https:\/\/staging.salvador-dali.org\/en\/artwork\/activities\/\" \/>\n<meta property=\"og:site_name\" content=\"Fundaci\u00f3 Gala - Salvador Dal\u00ed\" \/>\n<meta property=\"article:publisher\" content=\"https:\/\/www.facebook.com\/MuseusDali\" \/>\n<meta property=\"og:image\" content=\"https:\/\/staging.salvador-dali.org\/wp-content\/uploads\/2025\/07\/0114-large.jpg\" \/>\n\t<meta property=\"og:image:width\" content=\"800\" \/>\n\t<meta property=\"og:image:height\" content=\"577\" \/>\n\t<meta property=\"og:image:type\" content=\"image\/jpeg\" \/>\n<meta name=\"twitter:card\" content=\"summary_large_image\" \/>\n<meta name=\"twitter:site\" content=\"@MuseuDali\" \/>\n<meta name=\"twitter:label1\" content=\"Est. reading time\" \/>\n\t<meta name=\"twitter:data1\" content=\"1 minute\" \/>\n<script type=\"application\/ld+json\" class=\"yoast-schema-graph\">{\"@context\":\"https:\/\/schema.org\",\"@graph\":[{\"@type\":\"WebPage\",\"@id\":\"https:\/\/staging.salvador-dali.org\/en\/artwork\/activities\/\",\"url\":\"https:\/\/staging.salvador-dali.org\/en\/artwork\/activities\/\",\"name\":\"Activities - Fundaci\u00f3 Gala - Salvador Dal\u00ed\",\"isPartOf\":{\"@id\":\"https:\/\/staging.salvador-dali.org\/en\/#website\"},\"primaryImageOfPage\":{\"@id\":\"https:\/\/staging.salvador-dali.org\/en\/artwork\/activities\/#primaryimage\"},\"image\":{\"@id\":\"https:\/\/staging.salvador-dali.org\/en\/artwork\/activities\/#primaryimage\"},\"thumbnailUrl\":\"https:\/\/staging.salvador-dali.org\/wp-content\/uploads\/2025\/07\/0114-large.jpg\",\"datePublished\":\"2025-07-21T14:53:32+00:00\",\"breadcrumb\":{\"@id\":\"https:\/\/staging.salvador-dali.org\/en\/artwork\/activities\/#breadcrumb\"},\"inLanguage\":\"en-US\",\"potentialAction\":[{\"@type\":\"ReadAction\",\"target\":[\"https:\/\/staging.salvador-dali.org\/en\/artwork\/activities\/\"]}]},{\"@type\":\"ImageObject\",\"inLanguage\":\"en-US\",\"@id\":\"https:\/\/staging.salvador-dali.org\/en\/artwork\/activities\/#primaryimage\",\"url\":\"https:\/\/staging.salvador-dali.org\/wp-content\/uploads\/2025\/07\/0114-large.jpg\",\"contentUrl\":\"https:\/\/staging.salvador-dali.org\/wp-content\/uploads\/2025\/07\/0114-large.jpg\",\"width\":800,\"height\":577},{\"@type\":\"BreadcrumbList\",\"@id\":\"https:\/\/staging.salvador-dali.org\/en\/artwork\/activities\/#breadcrumb\",\"itemListElement\":[{\"@type\":\"ListItem\",\"position\":1,\"name\":\"Inici\",\"item\":\"https:\/\/staging.salvador-dali.org\/en\/\"},{\"@type\":\"ListItem\",\"position\":2,\"name\":\"Activities\"}]},{\"@type\":\"WebSite\",\"@id\":\"https:\/\/staging.salvador-dali.org\/en\/#website\",\"url\":\"https:\/\/staging.salvador-dali.org\/en\/\",\"name\":\"Fundaci\u00f3 Gala - Salvador Dal\u00ed\",\"description\":\"\",\"publisher\":{\"@id\":\"https:\/\/staging.salvador-dali.org\/en\/#organization\"},\"potentialAction\":[{\"@type\":\"SearchAction\",\"target\":{\"@type\":\"EntryPoint\",\"urlTemplate\":\"https:\/\/staging.salvador-dali.org\/en\/?s={search_term_string}\"},\"query-input\":{\"@type\":\"PropertyValueSpecification\",\"valueRequired\":true,\"valueName\":\"search_term_string\"}}],\"inLanguage\":\"en-US\"},{\"@type\":\"Organization\",\"@id\":\"https:\/\/staging.salvador-dali.org\/en\/#organization\",\"name\":\"Fundaci\u00f3 Gala - Salvador Dal\u00ed\",\"url\":\"https:\/\/staging.salvador-dali.org\/en\/\",\"logo\":{\"@type\":\"ImageObject\",\"inLanguage\":\"en-US\",\"@id\":\"https:\/\/staging.salvador-dali.org\/en\/#\/schema\/logo\/image\/\",\"url\":\"https:\/\/staging.salvador-dali.org\/wp-content\/uploads\/2025\/04\/fundacio-gala-salvador-dali.png\",\"contentUrl\":\"https:\/\/staging.salvador-dali.org\/wp-content\/uploads\/2025\/04\/fundacio-gala-salvador-dali.png\",\"width\":240,\"height\":240,\"caption\":\"Fundaci\u00f3 Gala - Salvador Dal\u00ed\"},\"image\":{\"@id\":\"https:\/\/staging.salvador-dali.org\/en\/#\/schema\/logo\/image\/\"},\"sameAs\":[\"https:\/\/www.facebook.com\/MuseusDali\",\"https:\/\/x.com\/MuseuDali\",\"https:\/\/www.youtube.com\/user\/FundacioDali\",\"https:\/\/www.flickr.com\/fundacio_dali\/\",\"https:\/\/instagram.com\/museudali\"]}]}<\/script>\n<!-- \/ Yoast SEO plugin. -->","yoast_head_json":{"title":"Activities - Fundaci\u00f3 Gala - Salvador Dal\u00ed","robots":{"index":"noindex","follow":"follow","max-snippet":"max-snippet:-1","max-image-preview":"max-image-preview:large","max-video-preview":"max-video-preview:-1"},"og_locale":"en_US","og_type":"article","og_title":"Activities - Fundaci\u00f3 Gala - Salvador Dal\u00ed","og_description":"Lloc Idiomes Idiomes","og_url":"https:\/\/staging.salvador-dali.org\/en\/artwork\/activities\/","og_site_name":"Fundaci\u00f3 Gala - Salvador Dal\u00ed","article_publisher":"https:\/\/www.facebook.com\/MuseusDali","og_image":[{"width":800,"height":577,"url":"https:\/\/staging.salvador-dali.org\/wp-content\/uploads\/2025\/07\/0114-large.jpg","type":"image\/jpeg"}],"twitter_card":"summary_large_image","twitter_site":"@MuseuDali","twitter_misc":{"Est. reading time":"1 minute"},"schema":{"@context":"https:\/\/schema.org","@graph":[{"@type":"WebPage","@id":"https:\/\/staging.salvador-dali.org\/en\/artwork\/activities\/","url":"https:\/\/staging.salvador-dali.org\/en\/artwork\/activities\/","name":"Activities - Fundaci\u00f3 Gala - Salvador Dal\u00ed","isPartOf":{"@id":"https:\/\/staging.salvador-dali.org\/en\/#website"},"primaryImageOfPage":{"@id":"https:\/\/staging.salvador-dali.org\/en\/artwork\/activities\/#primaryimage"},"image":{"@id":"https:\/\/staging.salvador-dali.org\/en\/artwork\/activities\/#primaryimage"},"thumbnailUrl":"https:\/\/staging.salvador-dali.org\/wp-content\/uploads\/2025\/07\/0114-large.jpg","datePublished":"2025-07-21T14:53:32+00:00","breadcrumb":{"@id":"https:\/\/staging.salvador-dali.org\/en\/artwork\/activities\/#breadcrumb"},"inLanguage":"en-US","potentialAction":[{"@type":"ReadAction","target":["https:\/\/staging.salvador-dali.org\/en\/artwork\/activities\/"]}]},{"@type":"ImageObject","inLanguage":"en-US","@id":"https:\/\/staging.salvador-dali.org\/en\/artwork\/activities\/#primaryimage","url":"https:\/\/staging.salvador-dali.org\/wp-content\/uploads\/2025\/07\/0114-large.jpg","contentUrl":"https:\/\/staging.salvador-dali.org\/wp-content\/uploads\/2025\/07\/0114-large.jpg","width":800,"height":577},{"@type":"BreadcrumbList","@id":"https:\/\/staging.salvador-dali.org\/en\/artwork\/activities\/#breadcrumb","itemListElement":[{"@type":"ListItem","position":1,"name":"Inici","item":"https:\/\/staging.salvador-dali.org\/en\/"},{"@type":"ListItem","position":2,"name":"Activities"}]},{"@type":"WebSite","@id":"https:\/\/staging.salvador-dali.org\/en\/#website","url":"https:\/\/staging.salvador-dali.org\/en\/","name":"Fundaci\u00f3 Gala - Salvador Dal\u00ed","description":"","publisher":{"@id":"https:\/\/staging.salvador-dali.org\/en\/#organization"},"potentialAction":[{"@type":"SearchAction","target":{"@type":"EntryPoint","urlTemplate":"https:\/\/staging.salvador-dali.org\/en\/?s={search_term_string}"},"query-input":{"@type":"PropertyValueSpecification","valueRequired":true,"valueName":"search_term_string"}}],"inLanguage":"en-US"},{"@type":"Organization","@id":"https:\/\/staging.salvador-dali.org\/en\/#organization","name":"Fundaci\u00f3 Gala - Salvador Dal\u00ed","url":"https:\/\/staging.salvador-dali.org\/en\/","logo":{"@type":"ImageObject","inLanguage":"en-US","@id":"https:\/\/staging.salvador-dali.org\/en\/#\/schema\/logo\/image\/","url":"https:\/\/staging.salvador-dali.org\/wp-content\/uploads\/2025\/04\/fundacio-gala-salvador-dali.png","contentUrl":"https:\/\/staging.salvador-dali.org\/wp-content\/uploads\/2025\/04\/fundacio-gala-salvador-dali.png","width":240,"height":240,"caption":"Fundaci\u00f3 Gala - Salvador Dal\u00ed"},"image":{"@id":"https:\/\/staging.salvador-dali.org\/en\/#\/schema\/logo\/image\/"},"sameAs":["https:\/\/www.facebook.com\/MuseusDali","https:\/\/x.com\/MuseuDali","https:\/\/www.youtube.com\/user\/FundacioDali","https:\/\/www.flickr.com\/fundacio_dali\/","https:\/\/instagram.com\/museudali"]}]}},"_links":{"self":[{"href":"https:\/\/staging.salvador-dali.org\/en\/wp-json\/wp\/v2\/pages\/13750","targetHints":{"allow":["GET"]}}],"collection":[{"href":"https:\/\/staging.salvador-dali.org\/en\/wp-json\/wp\/v2\/pages"}],"about":[{"href":"https:\/\/staging.salvador-dali.org\/en\/wp-json\/wp\/v2\/types\/page"}],"author":[{"embeddable":true,"href":"https:\/\/staging.salvador-dali.org\/en\/wp-json\/wp\/v2\/users\/8"}],"replies":[{"embeddable":true,"href":"https:\/\/staging.salvador-dali.org\/en\/wp-json\/wp\/v2\/comments?post=13750"}],"version-history":[{"count":1,"href":"https:\/\/staging.salvador-dali.org\/en\/wp-json\/wp\/v2\/pages\/13750\/revisions"}],"predecessor-version":[{"id":13758,"href":"https:\/\/staging.salvador-dali.org\/en\/wp-json\/wp\/v2\/pages\/13750\/revisions\/13758"}],"up":[{"embeddable":true,"href":"https:\/\/staging.salvador-dali.org\/en\/wp-json\/wp\/v2\/pages\/7583"}],"wp:featuredmedia":[{"embeddable":true,"href":"https:\/\/staging.salvador-dali.org\/en\/wp-json\/wp\/v2\/media\/13766"}],"wp:attachment":[{"href":"https:\/\/staging.salvador-dali.org\/en\/wp-json\/wp\/v2\/media?parent=13750"}],"wp:term":[{"taxonomy":"category","embeddable":true,"href":"https:\/\/staging.salvador-dali.org\/en\/wp-json\/wp\/v2\/categories?post=13750"},{"taxonomy":"post_tag","embeddable":true,"href":"https:\/\/staging.salvador-dali.org\/en\/wp-json\/wp\/v2\/tags?post=13750"}],"curies":[{"name":"wp","href":"https:\/\/api.w.org\/{rel}","templated":true}]}}