{"id":99,"date":"2024-12-18T18:35:11","date_gmt":"2024-12-18T16:35:11","guid":{"rendered":"https:\/\/staging.salvador-dali.org\/?page_id=99"},"modified":"2025-05-08T16:55:17","modified_gmt":"2025-05-08T14:55:17","slug":"activitats","status":"publish","type":"page","link":"https:\/\/staging.salvador-dali.org\/ca\/educacio-i-activitats\/activitats\/","title":{"rendered":"Activitats"},"content":{"rendered":"\n<div class=\"wp-block-columns facetwp-filters is-layout-flex wp-container-core-columns-is-layout-9d6595d7 wp-block-columns-is-layout-flex\">\n<div class=\"wp-block-column is-layout-flow wp-block-column-is-layout-flow\">\n<p>Lloc<\/p>\n\n\n<div class=\"facetwp-facet facetwp-facet-activitat_lloc facetwp-type-fselect\" data-name=\"activitat_lloc\" data-type=\"fselect\"><\/div>\n<\/div>\n\n\n\n<div class=\"wp-block-column is-layout-flow wp-block-column-is-layout-flow\">\n<p>Idiomes<\/p>\n\n\n<div class=\"facetwp-facet facetwp-facet-activitat_idioma facetwp-type-fselect\" data-name=\"activitat_idioma\" data-type=\"fselect\"><\/div>\n<\/div>\n\n\n\n<div class=\"wp-block-column is-layout-flow wp-block-column-is-layout-flow\">\n<p>Idiomes<\/p>\n\n\n<div class=\"facetwp-facet facetwp-facet-activitat_dates_activitat facetwp-type-date_range\" data-name=\"activitat_dates_activitat\" data-type=\"date_range\"><\/div>\n<\/div>\n<\/div>\n\n\n<div class=\"facetwp-template\" data-name=\"activitats\"><ul class=\"fwpl-layout list\">\n  \t<li class=\"grid-item\">\n\n        \t\t\n        <div class=\"item-header\">\n            <figure class=\"image\"><img loading=\"lazy\" decoding=\"async\" width=\"235\" height=\"300\" src=\"https:\/\/staging.salvador-dali.org\/wp-content\/uploads\/2025\/10\/1-235x300.png\" class=\"attachment-medium size-medium wp-post-image\" alt=\"Infants realitzant un taller amb pintures i altres materials\" srcset=\"https:\/\/staging.salvador-dali.org\/wp-content\/uploads\/2025\/10\/1-235x300.png 235w, https:\/\/staging.salvador-dali.org\/wp-content\/uploads\/2025\/10\/1-802x1024.png 802w, https:\/\/staging.salvador-dali.org\/wp-content\/uploads\/2025\/10\/1-768x981.png 768w, https:\/\/staging.salvador-dali.org\/wp-content\/uploads\/2025\/10\/1-1202x1536.png 1202w, https:\/\/staging.salvador-dali.org\/wp-content\/uploads\/2025\/10\/1-1603x2048.png 1603w, https:\/\/staging.salvador-dali.org\/wp-content\/uploads\/2025\/10\/1.png 1907w\" sizes=\"auto, (max-width: 235px) 100vw, 235px\" \/><\/figure>\n\n            <div class=\"item-location\">\n            Teatre-Museu Dal\u00ed            <\/div>\n\n            \n\n            \n\n        <\/div>\n        <div class=\"item-content\">\n\n                        <a href=\"https:\/\/staging.salvador-dali.org\/ca\/educacio-i-activitats\/activitat\/taller-familiar-un-santuari-per-capes\/\"><div class=\"title\">Taller familiar: un santuari per capes<\/div><\/a>\n            <div class=\"item-data\">\n            19 d&#039;octubre i 26 d&#039;octubre a les 11:00            <\/div>\n            <div class=\"excerpt\">Amb la Madona de Portlligat, tornen els tallers familiars als Museus Dal\u00ed!<\/div>\n        <\/div>\n\t\t\n\t<\/li>\n\t\n  \t<li class=\"grid-item\">\n\n        \t\t\n        <div class=\"item-header\">\n            <figure class=\"image\"><img loading=\"lazy\" decoding=\"async\" width=\"300\" height=\"148\" src=\"https:\/\/staging.salvador-dali.org\/wp-content\/uploads\/2025\/09\/Fons-300x148.jpg\" class=\"attachment-medium size-medium wp-post-image\" alt=\"\" srcset=\"https:\/\/staging.salvador-dali.org\/wp-content\/uploads\/2025\/09\/Fons-300x148.jpg 300w, https:\/\/staging.salvador-dali.org\/wp-content\/uploads\/2025\/09\/Fons-1024x505.jpg 1024w, https:\/\/staging.salvador-dali.org\/wp-content\/uploads\/2025\/09\/Fons-768x379.jpg 768w, https:\/\/staging.salvador-dali.org\/wp-content\/uploads\/2025\/09\/Fons-1536x758.jpg 1536w, https:\/\/staging.salvador-dali.org\/wp-content\/uploads\/2025\/09\/Fons-2048x1010.jpg 2048w\" sizes=\"auto, (max-width: 300px) 100vw, 300px\" \/><\/figure>\n\n            <div class=\"item-location\">\n            Teatre-Museu Dal\u00ed            <\/div>\n\n            \n\n            \n\n        <\/div>\n        <div class=\"item-content\">\n\n                        <a href=\"https:\/\/staging.salvador-dali.org\/ca\/educacio-i-activitats\/activitat\/converses-madona-de-portlligat\/\"><div class=\"title\">Converses entorn de la Madona de Portlligat<\/div><\/a>\n            <div class=\"item-data\">\n            8 d\u2019octubre de 2025 - 27 de novembre de 2025<br>            <\/div>\n            <div class=\"excerpt\">Cicle de confer\u00e8ncies de l'exposici\u00f3 temporal La Madona de Portlligat. Una explosi\u00f3 on\u00edrica<\/div>\n        <\/div>\n\t\t\n\t<\/li>\n\t\n  \t<li class=\"grid-item\">\n\n        \t\t\n        <div class=\"item-header\">\n            <figure class=\"image\"><img loading=\"lazy\" decoding=\"async\" width=\"300\" height=\"234\" src=\"https:\/\/staging.salvador-dali.org\/wp-content\/uploads\/2025\/08\/Celebrant-Gala-2025-300x234.png\" class=\"attachment-medium size-medium wp-post-image\" alt=\"Fotografia del rostre de Gala, amb un reflex de color verd\" srcset=\"https:\/\/staging.salvador-dali.org\/wp-content\/uploads\/2025\/08\/Celebrant-Gala-2025-300x234.png 300w, https:\/\/staging.salvador-dali.org\/wp-content\/uploads\/2025\/08\/Celebrant-Gala-2025-1024x799.png 1024w, https:\/\/staging.salvador-dali.org\/wp-content\/uploads\/2025\/08\/Celebrant-Gala-2025-768x599.png 768w, https:\/\/staging.salvador-dali.org\/wp-content\/uploads\/2025\/08\/Celebrant-Gala-2025-1536x1198.png 1536w, https:\/\/staging.salvador-dali.org\/wp-content\/uploads\/2025\/08\/Celebrant-Gala-2025.png 1772w\" sizes=\"auto, (max-width: 300px) 100vw, 300px\" \/><\/figure>\n\n            <div class=\"item-location\">\n            Castell Gala Dal\u00ed            <\/div>\n\n            \n\n            \n\n        <\/div>\n        <div class=\"item-content\">\n\n                        <a href=\"https:\/\/staging.salvador-dali.org\/ca\/educacio-i-activitats\/activitat\/celebrant-gala-lesperit-lliure\/\"><div class=\"title\">Celebrant Gala: &#8220;L&#8217;esperit lliure&#8221;<\/div><\/a>\n            <div class=\"item-data\">\n            26 d&#039;agost a les 19:00            <\/div>\n            <div class=\"excerpt\">Espectacle titulat L\u2019esperit lliure: Gala sota la mirada de Paul \u00c9luard, on es combina poesia amb m\u00fasica i una especial posada en escena, al Castell Gala Dal\u00ed.<\/div>\n        <\/div>\n\t\t\n\t<\/li>\n\t\n  \t<li class=\"grid-item\">\n\n        \t\t\n        <div class=\"item-header\">\n            <figure class=\"image\"><img loading=\"lazy\" decoding=\"async\" width=\"300\" height=\"200\" src=\"https:\/\/staging.salvador-dali.org\/wp-content\/uploads\/2025\/07\/Pubol-55-300x200.jpg\" class=\"attachment-medium size-medium wp-post-image\" alt=\"\" srcset=\"https:\/\/staging.salvador-dali.org\/wp-content\/uploads\/2025\/07\/Pubol-55-300x200.jpg 300w, https:\/\/staging.salvador-dali.org\/wp-content\/uploads\/2025\/07\/Pubol-55-1024x683.jpg 1024w, https:\/\/staging.salvador-dali.org\/wp-content\/uploads\/2025\/07\/Pubol-55-768x512.jpg 768w, https:\/\/staging.salvador-dali.org\/wp-content\/uploads\/2025\/07\/Pubol-55-1536x1024.jpg 1536w, https:\/\/staging.salvador-dali.org\/wp-content\/uploads\/2025\/07\/Pubol-55-2048x1366.jpg 2048w\" sizes=\"auto, (max-width: 300px) 100vw, 300px\" \/><\/figure>\n\n            <div class=\"item-location\">\n            Castell Gala Dal\u00ed            <\/div>\n\n            \n\n            \n\n        <\/div>\n        <div class=\"item-content\">\n\n                        <a href=\"https:\/\/staging.salvador-dali.org\/ca\/educacio-i-activitats\/activitat\/gala-de-vespre\/\"><div class=\"title\">Gala de Vespre<\/div><\/a>\n            <div class=\"item-data\">\n            10 de juliol de 2025 - 29 d\u2019agost de 2025<br>            <\/div>\n            <div class=\"excerpt\">Gaudeix d\u2019una experi\u00e8ncia \u00fanica al Castell Gala Dal\u00ed sota la llum del capvespre, on les estances privades i el jard\u00ed d\u2019escultures esdevenen escenaris d\u2019una visita po\u00e8tica i profundament daliniana.<\/div>\n        <\/div>\n\t\t\n\t<\/li>\n\t\n  \t<li class=\"grid-item\">\n\n        \t\t\n        <div class=\"item-header\">\n            <figure class=\"image\"><img loading=\"lazy\" decoding=\"async\" width=\"300\" height=\"173\" src=\"https:\/\/staging.salvador-dali.org\/wp-content\/uploads\/2025\/07\/xerrada-300x173.jpg\" class=\"attachment-medium size-medium wp-post-image\" alt=\"Fragment del cartell del cicle de cinema surrealista. Fotomuntatge a partir d&#039;una fotografia de Luis Bu\u00f1uel i d&#039;un fotograma d&#039;Un chien Andalou\" srcset=\"https:\/\/staging.salvador-dali.org\/wp-content\/uploads\/2025\/07\/xerrada-300x173.jpg 300w, https:\/\/staging.salvador-dali.org\/wp-content\/uploads\/2025\/07\/xerrada-1024x590.jpg 1024w, https:\/\/staging.salvador-dali.org\/wp-content\/uploads\/2025\/07\/xerrada-768x442.jpg 768w, https:\/\/staging.salvador-dali.org\/wp-content\/uploads\/2025\/07\/xerrada-1536x885.jpg 1536w, https:\/\/staging.salvador-dali.org\/wp-content\/uploads\/2025\/07\/xerrada-2048x1180.jpg 2048w\" sizes=\"auto, (max-width: 300px) 100vw, 300px\" \/><\/figure>\n\n            <div class=\"item-location\">\n            Teatre-Museu Dal\u00ed            <\/div>\n\n            \n\n            \n\n        <\/div>\n        <div class=\"item-content\">\n\n                        <a href=\"https:\/\/staging.salvador-dali.org\/ca\/educacio-i-activitats\/activitat\/presentacio-del-cicle-de-cinema-surrealista\/\"><div class=\"title\">Presentaci\u00f3 del Cicle Dal\u00ed Nocturn. Films Surrealistes<\/div><\/a>\n            <div class=\"item-data\">\n            31 de juliol de 2025 - 21 d\u2019agost de 2025<br>            <\/div>\n            <div class=\"excerpt\">Enguany, el Cicle de Cinema Surrealista tindr\u00e0 una sessi\u00f3 inaugural amb la pres\u00e8ncia de Jordi Xifra, director del Centro Bu\u00f1uel Calanda. Conversar\u00e0 amb el periodista cultural Agus Izquierdo<\/div>\n        <\/div>\n\t\t\n\t<\/li>\n\t\n  \t<li class=\"grid-item\">\n\n        \t\t\n        <div class=\"item-header\">\n            <figure class=\"image\"><img loading=\"lazy\" decoding=\"async\" width=\"300\" height=\"199\" src=\"https:\/\/staging.salvador-dali.org\/wp-content\/uploads\/2025\/02\/Visita-guiada-museu-dali-cadillac-300x199.jpg\" class=\"attachment-medium size-medium wp-post-image\" alt=\"Grup de persones al voltant del Cadillac del Museu Dal\u00ed\" srcset=\"https:\/\/staging.salvador-dali.org\/wp-content\/uploads\/2025\/02\/Visita-guiada-museu-dali-cadillac-300x199.jpg 300w, https:\/\/staging.salvador-dali.org\/wp-content\/uploads\/2025\/02\/Visita-guiada-museu-dali-cadillac-1024x678.jpg 1024w, https:\/\/staging.salvador-dali.org\/wp-content\/uploads\/2025\/02\/Visita-guiada-museu-dali-cadillac-768x509.jpg 768w, https:\/\/staging.salvador-dali.org\/wp-content\/uploads\/2025\/02\/Visita-guiada-museu-dali-cadillac-1536x1017.jpg 1536w, https:\/\/staging.salvador-dali.org\/wp-content\/uploads\/2025\/02\/Visita-guiada-museu-dali-cadillac-2048x1356.jpg 2048w\" sizes=\"auto, (max-width: 300px) 100vw, 300px\" \/><\/figure>\n\n            <div class=\"item-location\">\n            Teatre-Museu Dal\u00ed            <\/div>\n\n            \n\n            \n\n        <\/div>\n        <div class=\"item-content\">\n\n                        <a href=\"https:\/\/staging.salvador-dali.org\/ca\/educacio-i-activitats\/activitat\/visita-guiada-al-teatre-museu-dali\/\"><div class=\"title\">Visita Guiada al Teatre-Museu Dal\u00ed<\/div><\/a>\n            <div class=\"item-data\">\n                        <\/div>\n            <div class=\"excerpt\">El Teatre-Museu de Figueres \u00e9s l&#8217;objecte surrealista m\u00e9s gran del m\u00f3n. Realitzeu una visita guiada per l&#8217;edifici i no us perdeu ni un detall de l&#8217;espai m\u00e9s singular de l&#8217;univers dalini\u00e0. Durada de la visita 60 min. Reserva la Visita Guiada amb les teves entrades al Teatre-Museu Dal\u00ed.<\/div>\n        <\/div>\n\t\t\n\t<\/li>\n\t\n  \t<li class=\"grid-item\">\n\n        \t\t\n        <div class=\"item-header\">\n            <figure class=\"image\"><img loading=\"lazy\" decoding=\"async\" width=\"300\" height=\"225\" src=\"https:\/\/staging.salvador-dali.org\/wp-content\/uploads\/2025\/06\/IntroVisitaPB-300x225.jpg\" class=\"attachment-medium size-medium wp-post-image\" alt=\"\" srcset=\"https:\/\/staging.salvador-dali.org\/wp-content\/uploads\/2025\/06\/IntroVisitaPB-300x225.jpg 300w, https:\/\/staging.salvador-dali.org\/wp-content\/uploads\/2025\/06\/IntroVisitaPB-1024x768.jpg 1024w, https:\/\/staging.salvador-dali.org\/wp-content\/uploads\/2025\/06\/IntroVisitaPB-768x576.jpg 768w, https:\/\/staging.salvador-dali.org\/wp-content\/uploads\/2025\/06\/IntroVisitaPB-1536x1152.jpg 1536w, https:\/\/staging.salvador-dali.org\/wp-content\/uploads\/2025\/06\/IntroVisitaPB-2048x1536.jpg 2048w\" sizes=\"auto, (max-width: 300px) 100vw, 300px\" \/><\/figure>\n\n            <div class=\"item-location\">\n            Castell Gala Dal\u00ed            <\/div>\n\n            \n\n            \n\n        <\/div>\n        <div class=\"item-content\">\n\n                        <a href=\"https:\/\/staging.salvador-dali.org\/ca\/educacio-i-activitats\/activitat\/introduccio-a-la-visita-del-castell-gala-dali\/\"><div class=\"title\">Introducci\u00f3 a la visita del Castell Gala-Dal\u00ed<\/div><\/a>\n            <div class=\"item-data\">\n                        <\/div>\n            <div class=\"excerpt\">Explora els primers misteris del Castell Gala Dal\u00ed i endinsa\u2019t en la seva hist\u00f2ria, la vida de Gala i l\u2019univers decoratiu de Dal\u00ed. El personal del Castell Gala Dal\u00ed ofereix introduccions a la visita en les quals, des de la planta baixa, es fa un petit recorregut per la hist\u00f2ria de l&#8217;edifici, la vida de [&hellip;]<\/div>\n        <\/div>\n\t\t\n\t<\/li>\n\t\n  \t<li class=\"grid-item\">\n\n        \t\t\n        <div class=\"item-header\">\n            <figure class=\"image\"><img loading=\"lazy\" decoding=\"async\" width=\"300\" height=\"199\" src=\"https:\/\/staging.salvador-dali.org\/wp-content\/uploads\/2024\/12\/Visita-Guiada-Castell-Gala-Dali-300x199.jpg\" class=\"attachment-medium size-medium wp-post-image\" alt=\"\" srcset=\"https:\/\/staging.salvador-dali.org\/wp-content\/uploads\/2024\/12\/Visita-Guiada-Castell-Gala-Dali-300x199.jpg 300w, https:\/\/staging.salvador-dali.org\/wp-content\/uploads\/2024\/12\/Visita-Guiada-Castell-Gala-Dali.jpg 480w\" sizes=\"auto, (max-width: 300px) 100vw, 300px\" \/><\/figure>\n\n            <div class=\"item-location\">\n            Castell Gala Dal\u00ed            <\/div>\n\n            \n\n            \n\n        <\/div>\n        <div class=\"item-content\">\n\n                        <a href=\"https:\/\/tickets.salvador-dali.org\/ca\/989-castell-gala-dali\/5819-entrada-visita-guiada-castell-gala-dali\/info\"><div class=\"title\">Visita Guiada al Castell Gala-Dal\u00ed<\/div><\/a>\n            <div class=\"item-data\">\n                        <\/div>\n            <div class=\"excerpt\">Recorreu els passadissos i estances on Gala va viure i on Dal\u00ed, entre 1982 i 1984, va deixar la seva empremta final. Amb l\u2019ajuda del nostre guia, exploreu els secrets d\u2019aquest castell ple d\u2019imaginaci\u00f3 i deixeu-vos captivar per la m\u00e0gia d\u2019un espai on l\u2019art i la vida es confonen.<\/div>\n        <\/div>\n\t\t\n\t<\/li>\n\t\n  <\/ul>\n<\/div>\n","protected":false},"excerpt":{"rendered":"<p>Lloc Idiomes Idiomes<\/p>\n","protected":false},"author":1,"featured_media":2744,"parent":95,"menu_order":1,"comment_status":"closed","ping_status":"closed","template":"","meta":{"_acf_changed":false,"_coblocks_attr":"","_coblocks_dimensions":"","_coblocks_responsive_height":"","_coblocks_accordion_ie_support":"","footnotes":""},"categories":[],"tags":[],"class_list":["post-99","page","type-page","status-publish","has-post-thumbnail","hentry"],"acf":[],"yoast_head":"<!-- This site is optimized with the Yoast SEO plugin v26.8 - https:\/\/yoast.com\/product\/yoast-seo-wordpress\/ -->\n<title>Activitats - Fundaci\u00f3 Gala - Salvador Dal\u00ed<\/title>\n<meta name=\"robots\" content=\"noindex, follow, max-snippet:-1, max-image-preview:large, max-video-preview:-1\" \/>\n<meta property=\"og:locale\" content=\"ca_ES\" \/>\n<meta property=\"og:type\" content=\"article\" \/>\n<meta property=\"og:title\" content=\"Activitats - Fundaci\u00f3 Gala - Salvador Dal\u00ed\" \/>\n<meta property=\"og:description\" content=\"Lloc Idiomes Idiomes\" \/>\n<meta property=\"og:url\" content=\"https:\/\/staging.salvador-dali.org\/ca\/educacio-i-activitats\/activitats\/\" \/>\n<meta property=\"og:site_name\" content=\"Fundaci\u00f3 Gala - Salvador Dal\u00ed\" \/>\n<meta property=\"article:publisher\" content=\"https:\/\/www.facebook.com\/MuseusDali\" \/>\n<meta property=\"article:modified_time\" content=\"2025-05-08T14:55:17+00:00\" \/>\n<meta property=\"og:image\" content=\"https:\/\/staging.salvador-dali.org\/wp-content\/uploads\/2025\/04\/Activitats-2-scaled.jpg\" \/>\n\t<meta property=\"og:image:width\" content=\"1707\" \/>\n\t<meta property=\"og:image:height\" content=\"2560\" \/>\n\t<meta property=\"og:image:type\" content=\"image\/jpeg\" \/>\n<meta name=\"twitter:card\" content=\"summary_large_image\" \/>\n<meta name=\"twitter:site\" content=\"@MuseuDali\" \/>\n<script type=\"application\/ld+json\" class=\"yoast-schema-graph\">{\"@context\":\"https:\/\/schema.org\",\"@graph\":[{\"@type\":\"WebPage\",\"@id\":\"https:\/\/staging.salvador-dali.org\/ca\/educacio-i-activitats\/activitats\/\",\"url\":\"https:\/\/staging.salvador-dali.org\/ca\/educacio-i-activitats\/activitats\/\",\"name\":\"Activitats - Fundaci\u00f3 Gala - Salvador Dal\u00ed\",\"isPartOf\":{\"@id\":\"https:\/\/staging.salvador-dali.org\/ca\/#website\"},\"primaryImageOfPage\":{\"@id\":\"https:\/\/staging.salvador-dali.org\/ca\/educacio-i-activitats\/activitats\/#primaryimage\"},\"image\":{\"@id\":\"https:\/\/staging.salvador-dali.org\/ca\/educacio-i-activitats\/activitats\/#primaryimage\"},\"thumbnailUrl\":\"https:\/\/staging.salvador-dali.org\/wp-content\/uploads\/2025\/04\/Activitats-2-scaled.jpg\",\"datePublished\":\"2024-12-18T16:35:11+00:00\",\"dateModified\":\"2025-05-08T14:55:17+00:00\",\"breadcrumb\":{\"@id\":\"https:\/\/staging.salvador-dali.org\/ca\/educacio-i-activitats\/activitats\/#breadcrumb\"},\"inLanguage\":\"ca\",\"potentialAction\":[{\"@type\":\"ReadAction\",\"target\":[\"https:\/\/staging.salvador-dali.org\/ca\/educacio-i-activitats\/activitats\/\"]}]},{\"@type\":\"ImageObject\",\"inLanguage\":\"ca\",\"@id\":\"https:\/\/staging.salvador-dali.org\/ca\/educacio-i-activitats\/activitats\/#primaryimage\",\"url\":\"https:\/\/staging.salvador-dali.org\/wp-content\/uploads\/2025\/04\/Activitats-2-scaled.jpg\",\"contentUrl\":\"https:\/\/staging.salvador-dali.org\/wp-content\/uploads\/2025\/04\/Activitats-2-scaled.jpg\",\"width\":1707,\"height\":2560,\"caption\":\"Visitants al Museu Dal\u00ed de Figueres. Pere Duran\/Nord Media\"},{\"@type\":\"BreadcrumbList\",\"@id\":\"https:\/\/staging.salvador-dali.org\/ca\/educacio-i-activitats\/activitats\/#breadcrumb\",\"itemListElement\":[{\"@type\":\"ListItem\",\"position\":1,\"name\":\"Inici\",\"item\":\"https:\/\/staging.salvador-dali.org\/ca\/\"},{\"@type\":\"ListItem\",\"position\":2,\"name\":\"Activitats\"}]},{\"@type\":\"WebSite\",\"@id\":\"https:\/\/staging.salvador-dali.org\/ca\/#website\",\"url\":\"https:\/\/staging.salvador-dali.org\/ca\/\",\"name\":\"Fundaci\u00f3 Gala - Salvador Dal\u00ed\",\"description\":\"\",\"publisher\":{\"@id\":\"https:\/\/staging.salvador-dali.org\/ca\/#organization\"},\"potentialAction\":[{\"@type\":\"SearchAction\",\"target\":{\"@type\":\"EntryPoint\",\"urlTemplate\":\"https:\/\/staging.salvador-dali.org\/ca\/?s={search_term_string}\"},\"query-input\":{\"@type\":\"PropertyValueSpecification\",\"valueRequired\":true,\"valueName\":\"search_term_string\"}}],\"inLanguage\":\"ca\"},{\"@type\":\"Organization\",\"@id\":\"https:\/\/staging.salvador-dali.org\/ca\/#organization\",\"name\":\"Fundaci\u00f3 Gala - Salvador Dal\u00ed\",\"url\":\"https:\/\/staging.salvador-dali.org\/ca\/\",\"logo\":{\"@type\":\"ImageObject\",\"inLanguage\":\"ca\",\"@id\":\"https:\/\/staging.salvador-dali.org\/ca\/#\/schema\/logo\/image\/\",\"url\":\"https:\/\/staging.salvador-dali.org\/wp-content\/uploads\/2025\/04\/fundacio-gala-salvador-dali.png\",\"contentUrl\":\"https:\/\/staging.salvador-dali.org\/wp-content\/uploads\/2025\/04\/fundacio-gala-salvador-dali.png\",\"width\":240,\"height\":240,\"caption\":\"Fundaci\u00f3 Gala - Salvador Dal\u00ed\"},\"image\":{\"@id\":\"https:\/\/staging.salvador-dali.org\/ca\/#\/schema\/logo\/image\/\"},\"sameAs\":[\"https:\/\/www.facebook.com\/MuseusDali\",\"https:\/\/x.com\/MuseuDali\",\"https:\/\/www.youtube.com\/user\/FundacioDali\",\"https:\/\/www.flickr.com\/fundacio_dali\/\",\"https:\/\/instagram.com\/museudali\"]}]}<\/script>\n<!-- \/ Yoast SEO plugin. -->","yoast_head_json":{"title":"Activitats - Fundaci\u00f3 Gala - Salvador Dal\u00ed","robots":{"index":"noindex","follow":"follow","max-snippet":"max-snippet:-1","max-image-preview":"max-image-preview:large","max-video-preview":"max-video-preview:-1"},"og_locale":"ca_ES","og_type":"article","og_title":"Activitats - Fundaci\u00f3 Gala - Salvador Dal\u00ed","og_description":"Lloc Idiomes Idiomes","og_url":"https:\/\/staging.salvador-dali.org\/ca\/educacio-i-activitats\/activitats\/","og_site_name":"Fundaci\u00f3 Gala - Salvador Dal\u00ed","article_publisher":"https:\/\/www.facebook.com\/MuseusDali","article_modified_time":"2025-05-08T14:55:17+00:00","og_image":[{"width":1707,"height":2560,"url":"https:\/\/staging.salvador-dali.org\/wp-content\/uploads\/2025\/04\/Activitats-2-scaled.jpg","type":"image\/jpeg"}],"twitter_card":"summary_large_image","twitter_site":"@MuseuDali","schema":{"@context":"https:\/\/schema.org","@graph":[{"@type":"WebPage","@id":"https:\/\/staging.salvador-dali.org\/ca\/educacio-i-activitats\/activitats\/","url":"https:\/\/staging.salvador-dali.org\/ca\/educacio-i-activitats\/activitats\/","name":"Activitats - Fundaci\u00f3 Gala - Salvador Dal\u00ed","isPartOf":{"@id":"https:\/\/staging.salvador-dali.org\/ca\/#website"},"primaryImageOfPage":{"@id":"https:\/\/staging.salvador-dali.org\/ca\/educacio-i-activitats\/activitats\/#primaryimage"},"image":{"@id":"https:\/\/staging.salvador-dali.org\/ca\/educacio-i-activitats\/activitats\/#primaryimage"},"thumbnailUrl":"https:\/\/staging.salvador-dali.org\/wp-content\/uploads\/2025\/04\/Activitats-2-scaled.jpg","datePublished":"2024-12-18T16:35:11+00:00","dateModified":"2025-05-08T14:55:17+00:00","breadcrumb":{"@id":"https:\/\/staging.salvador-dali.org\/ca\/educacio-i-activitats\/activitats\/#breadcrumb"},"inLanguage":"ca","potentialAction":[{"@type":"ReadAction","target":["https:\/\/staging.salvador-dali.org\/ca\/educacio-i-activitats\/activitats\/"]}]},{"@type":"ImageObject","inLanguage":"ca","@id":"https:\/\/staging.salvador-dali.org\/ca\/educacio-i-activitats\/activitats\/#primaryimage","url":"https:\/\/staging.salvador-dali.org\/wp-content\/uploads\/2025\/04\/Activitats-2-scaled.jpg","contentUrl":"https:\/\/staging.salvador-dali.org\/wp-content\/uploads\/2025\/04\/Activitats-2-scaled.jpg","width":1707,"height":2560,"caption":"Visitants al Museu Dal\u00ed de Figueres. Pere Duran\/Nord Media"},{"@type":"BreadcrumbList","@id":"https:\/\/staging.salvador-dali.org\/ca\/educacio-i-activitats\/activitats\/#breadcrumb","itemListElement":[{"@type":"ListItem","position":1,"name":"Inici","item":"https:\/\/staging.salvador-dali.org\/ca\/"},{"@type":"ListItem","position":2,"name":"Activitats"}]},{"@type":"WebSite","@id":"https:\/\/staging.salvador-dali.org\/ca\/#website","url":"https:\/\/staging.salvador-dali.org\/ca\/","name":"Fundaci\u00f3 Gala - Salvador Dal\u00ed","description":"","publisher":{"@id":"https:\/\/staging.salvador-dali.org\/ca\/#organization"},"potentialAction":[{"@type":"SearchAction","target":{"@type":"EntryPoint","urlTemplate":"https:\/\/staging.salvador-dali.org\/ca\/?s={search_term_string}"},"query-input":{"@type":"PropertyValueSpecification","valueRequired":true,"valueName":"search_term_string"}}],"inLanguage":"ca"},{"@type":"Organization","@id":"https:\/\/staging.salvador-dali.org\/ca\/#organization","name":"Fundaci\u00f3 Gala - Salvador Dal\u00ed","url":"https:\/\/staging.salvador-dali.org\/ca\/","logo":{"@type":"ImageObject","inLanguage":"ca","@id":"https:\/\/staging.salvador-dali.org\/ca\/#\/schema\/logo\/image\/","url":"https:\/\/staging.salvador-dali.org\/wp-content\/uploads\/2025\/04\/fundacio-gala-salvador-dali.png","contentUrl":"https:\/\/staging.salvador-dali.org\/wp-content\/uploads\/2025\/04\/fundacio-gala-salvador-dali.png","width":240,"height":240,"caption":"Fundaci\u00f3 Gala - Salvador Dal\u00ed"},"image":{"@id":"https:\/\/staging.salvador-dali.org\/ca\/#\/schema\/logo\/image\/"},"sameAs":["https:\/\/www.facebook.com\/MuseusDali","https:\/\/x.com\/MuseuDali","https:\/\/www.youtube.com\/user\/FundacioDali","https:\/\/www.flickr.com\/fundacio_dali\/","https:\/\/instagram.com\/museudali"]}]}},"_links":{"self":[{"href":"https:\/\/staging.salvador-dali.org\/ca\/wp-json\/wp\/v2\/pages\/99","targetHints":{"allow":["GET"]}}],"collection":[{"href":"https:\/\/staging.salvador-dali.org\/ca\/wp-json\/wp\/v2\/pages"}],"about":[{"href":"https:\/\/staging.salvador-dali.org\/ca\/wp-json\/wp\/v2\/types\/page"}],"author":[{"embeddable":true,"href":"https:\/\/staging.salvador-dali.org\/ca\/wp-json\/wp\/v2\/users\/1"}],"replies":[{"embeddable":true,"href":"https:\/\/staging.salvador-dali.org\/ca\/wp-json\/wp\/v2\/comments?post=99"}],"version-history":[{"count":0,"href":"https:\/\/staging.salvador-dali.org\/ca\/wp-json\/wp\/v2\/pages\/99\/revisions"}],"up":[{"embeddable":true,"href":"https:\/\/staging.salvador-dali.org\/ca\/wp-json\/wp\/v2\/pages\/95"}],"wp:featuredmedia":[{"embeddable":true,"href":"https:\/\/staging.salvador-dali.org\/ca\/wp-json\/wp\/v2\/media\/2744"}],"wp:attachment":[{"href":"https:\/\/staging.salvador-dali.org\/ca\/wp-json\/wp\/v2\/media?parent=99"}],"wp:term":[{"taxonomy":"category","embeddable":true,"href":"https:\/\/staging.salvador-dali.org\/ca\/wp-json\/wp\/v2\/categories?post=99"},{"taxonomy":"post_tag","embeddable":true,"href":"https:\/\/staging.salvador-dali.org\/ca\/wp-json\/wp\/v2\/tags?post=99"}],"curies":[{"name":"wp","href":"https:\/\/api.w.org\/{rel}","templated":true}]}}