{"id":2023,"date":"2025-03-12T14:52:23","date_gmt":"2025-03-12T12:52:23","guid":{"rendered":"https:\/\/staging.salvador-dali.org\/obra\/conservacio-i-restauracio\/conservacio-del-laberint\/"},"modified":"2025-07-01T16:27:19","modified_gmt":"2025-07-01T14:27:19","slug":"conservacio-del-laberint","status":"publish","type":"page","link":"https:\/\/staging.salvador-dali.org\/ca\/obra\/conservacio-i-restauracio\/conservacio-del-laberint\/","title":{"rendered":"Conservaci\u00f3 del &#8220;Laberint&#8221;"},"content":{"rendered":"\n<div class=\"wp-block-columns global-column is-layout-flex wp-container-core-columns-is-layout-9d6595d7 wp-block-columns-is-layout-flex\">\n<div class=\"wp-block-column is-layout-flow wp-block-column-is-layout-flow\">\n<p class=\"wp-block-custom-entradeta entradeta\">Les revisions de conservaci\u00f3 preventiva i manteniment d\u2019algunes obres i instal\u00b7lacions art\u00edstiques es compliquen quan es tracta d\u2019una pe\u00e7a de grans dimensions, com ara el tel\u00f3 de fons que Dal\u00ed va dissenyar per al ballet&nbsp;<em>Laberint<\/em>&nbsp;i que es troba sota la c\u00fapula del Teatre-Museu Dal\u00ed de Figueres.<\/p>\n<\/div>\n<\/div>\n\n\n    <div  class=\"wp-block-columns swiper-column  intro intro-images bloc-destacats imatges\" style=\"background-image: linear-gradient(to right, white, white)\">\n        <div class=\"wp-block-column\">\n            <div id=\"swiper-69e582807f3b2\" class=\"swiper destacats dues\" >\n                <div class=\"swiper-wrapper\">\n\n                                            <div class=\"swiper-slide intro\">\n                            <span class=\"image-background\" style=\"background-image:url(https:\/\/staging.salvador-dali.org\/wp-content\/uploads\/2025\/03\/Conservacio-del-Laberint-1024x498.jpg)\"><\/span>\n                            \n                        <\/div>\n                        <div class=\"swiper-slide\">\n                           <div class=\"descripcio\">\n                            <h2>Una actuaci\u00f3 de grans dimensions<\/h2>\n                            <p>L\u2019espectacularitat de les seves dimensions (8,8 x 13 metres) requereix una log\u00edstica especial i la coordinaci\u00f3 d\u2019un ampli equip de restauradors i de t\u00e8cnics manipuladors. El procediment es basa en la neteja de la brut\u00edcia i la pols superficial amb pinzells i aspiradors, aix\u00ed com la consolidaci\u00f3 de petits estrips de la tela, que es fa des d\u2019una bastida a gran al\u00e7ada. Quan ha calgut despenjar el tel\u00f3, la pintura al tremp, aplicada de forma molt dilu\u00efda, ha perm\u00e8s enrotllar el tel\u00f3 en un cilindre de 60 cent\u00edmetres de di\u00e0metre i anar-lo guardant a mesura que es netejava. Tamb\u00e9 s\u2019ha revisat l\u2019estat de conservaci\u00f3 de les cordes que aguanten el tel\u00f3, les quals, per motius de seguretat, un t\u00e8cnic tramoista ha substitu\u00eft per unes de noves.<\/p>\n                            <\/div>\n\n                            \n                            \n                        <\/div>\n                    \n\n                    \n                        \n                        <div class=\"swiper-slide\">\n                                                            <figure>\n                                    <a data-fancybox=\"gallery-69e582807f3b2\" data-src=\"https:\/\/staging.salvador-dali.org\/wp-content\/uploads\/2025\/06\/i0053-Grande.jpg\" data-caption=\"El Laberint, un tel\u00f3 escenogr\u00e0fic de grans dimensions, a conservar \u00a9 Salvador Dal\u00ed, Fundaci\u00f3 Gala-Salvador Dal\u00ed, Figueres, 2025\">\n                                        <img decoding=\"async\" src=\"https:\/\/staging.salvador-dali.org\/wp-content\/uploads\/2025\/06\/i0053-Grande-1024x778.jpg\" alt=\"El Laberint, un tel\u00f3 escenogr\u00e0fic de grans dimensions, a conservar \u00a9 Salvador Dal\u00ed, Fundaci\u00f3 Gala-Salvador Dal\u00ed, Figueres, 2025\"> \n\t\t\t\t          \t\t\t<\/a>\n                                                                        <figcaption class=\"custom-caption\">El Laberint, un tel\u00f3 escenogr\u00e0fic de grans dimensions, a conservar \u00a9 Salvador Dal\u00ed, Fundaci\u00f3 Gala-Salvador Dal\u00ed, Figueres, 2025<\/figcaption>\n                                <\/figure>\n                                                    <\/div>\n\n                    \n                        \n                        <div class=\"swiper-slide\">\n                                                            <figure>\n                                    <a data-fancybox=\"gallery-69e582807f3b2\" data-src=\"https:\/\/staging.salvador-dali.org\/wp-content\/uploads\/2025\/06\/P1020087-Grande.jpg\" data-caption=\"Sistemes de seguretat personals per treball a gran al\u00e7ada.\">\n                                        <img decoding=\"async\" src=\"https:\/\/staging.salvador-dali.org\/wp-content\/uploads\/2025\/06\/P1020087-Grande-1024x683.jpg\" alt=\"Sistemes de seguretat personals per treball a gran al\u00e7ada.\"> \n\t\t\t\t          \t\t\t<\/a>\n                                                                        <figcaption class=\"custom-caption\">Sistemes de seguretat personals per treball a gran al\u00e7ada.<\/figcaption>\n                                <\/figure>\n                                                    <\/div>\n\n                    \n                        \n                        <div class=\"swiper-slide\">\n                                                            <figure>\n                                    <a data-fancybox=\"gallery-69e582807f3b2\" data-src=\"https:\/\/staging.salvador-dali.org\/wp-content\/uploads\/2025\/06\/P1020045-Grande-rotated.jpg\" data-caption=\"Es coordinen t\u00e8cnics i restauradors per actuar en bastida a gran al\u00e7ada.\">\n                                        <img decoding=\"async\" src=\"https:\/\/staging.salvador-dali.org\/wp-content\/uploads\/2025\/06\/P1020045-Grande-683x1024.jpg\" alt=\"Es coordinen t\u00e8cnics i restauradors per actuar en bastida a gran al\u00e7ada.\"> \n\t\t\t\t          \t\t\t<\/a>\n                                                                        <figcaption class=\"custom-caption\">Es coordinen t\u00e8cnics i restauradors per actuar en bastida a gran al\u00e7ada.<\/figcaption>\n                                <\/figure>\n                                                    <\/div>\n\n                    \n                        \n                        <div class=\"swiper-slide\">\n                                                            <figure>\n                                    <a data-fancybox=\"gallery-69e582807f3b2\" data-src=\"https:\/\/staging.salvador-dali.org\/wp-content\/uploads\/2025\/06\/IMG_5462-Grande-rotated.jpg\" data-caption=\"Els restauradors fan revisions peri\u00f2diques de la conservaci\u00f3 del gran tel\u00f3.\">\n                                        <img decoding=\"async\" src=\"https:\/\/staging.salvador-dali.org\/wp-content\/uploads\/2025\/06\/IMG_5462-Grande-768x1024.jpg\" alt=\"Els restauradors fan revisions peri\u00f2diques de la conservaci\u00f3 del gran tel\u00f3.\"> \n\t\t\t\t          \t\t\t<\/a>\n                                                                        <figcaption class=\"custom-caption\">Els restauradors fan revisions peri\u00f2diques de la conservaci\u00f3 del gran tel\u00f3.<\/figcaption>\n                                <\/figure>\n                                                    <\/div>\n\n                    \n                        \n                        <div class=\"swiper-slide\">\n                                                            <figure>\n                                    <a data-fancybox=\"gallery-69e582807f3b2\" data-src=\"https:\/\/staging.salvador-dali.org\/wp-content\/uploads\/2025\/07\/44-scaled.jpg\" data-caption=\"Proc\u00e9s de neteja amb el suport d\u2019un gran cilindre que permet enrotllar-lo.\">\n                                        <img decoding=\"async\" src=\"https:\/\/staging.salvador-dali.org\/wp-content\/uploads\/2025\/07\/44-1024x681.jpg\" alt=\"Proc\u00e9s de neteja amb el suport d\u2019un gran cilindre que permet enrotllar-lo.\"> \n\t\t\t\t          \t\t\t<\/a>\n                                                                        <figcaption class=\"custom-caption\">Proc\u00e9s de neteja amb el suport d\u2019un gran cilindre que permet enrotllar-lo.<\/figcaption>\n                                <\/figure>\n                                                    <\/div>\n\n                                    <\/div>\n                <!-- Swiper navigation buttons -->\n                <div class=\"swiper-button-prev\">\n                    <span class=\"screen-reader-text\">Diapositiva anterior<\/span>\n                <\/div>\n                <div class=\"swiper-button-next\">\n                    <span class=\"screen-reader-text\">Diapositiva seg\u00fcent<\/span>\n                <\/div>\n            <\/div>\n        <\/div>\n    <\/div>\n\n\n\n<!-- Swiper JS -->\n<script src=\"https:\/\/cdn.jsdelivr.net\/npm\/swiper@11\/swiper-bundle.min.js\"><\/script>\n\n<!-- Initialize Swiper -->\n<script>\n\njQuery( document ).ready(function() {      \n\n    Tipus = 'intro-images';\n\n    updateSpaceBetween();\n    spaceBetweenInicial = 60;\n    \n    if (Tipus=='intro-images' ) {\n    \/\/    spaceBetweenValueModul = 0;\n    }\n\n\n\n    console.log(\"spaceBetweenValueModul\",spaceBetweenValueModul);\n\n    var swiper = new Swiper(\"#swiper-69e582807f3b2\", {\n      slidesPerView: \"auto\",\n      spaceBetween: spaceBetweenInicial,\n      \tfreeMode: true,\n\t  \tbreakpoints: {\n\t        \/\/ Quan l'amplada de la pantalla sigui major a 1024px\n\t        1024: {\n\t            spaceBetween: spaceBetweenValue,\n\t        },\n\t    },\n        \/\/ Navigation arrows\n        navigation: {\n            nextEl: '.swiper-button-next',\n            prevEl: '.swiper-button-prev',\n        },\n        mousewheel: {\n            releaseOnEdges: true,\n            forceToAxis: true,\n            sensitivity:    1,\n        },\n        a11y: {\n            prevSlideMessage: 'Diapositiva anterior',\n            nextSlideMessage: 'Diapositiva seg\u00fcent',\n        },\n    });\n\n\n \n\n\n    \/*\n    jQuery('.bloc-destacats').each(function() {\n        const nextDiv = jQuery(this).next('div');\n        if (nextDiv.hasClass('contingut-ampliat')) {\n            console.log('T\u00e9 .contingut-ampliat despr\u00e9s');\n            \/\/ Aqu\u00ed pots fer accions, per exemple:\n            \/\/ $nextDiv.addClass('marcat'); o $(this).append($nextDiv);\n        }\n    });\n    *\/\n})\n<\/script>\n\n","protected":false},"excerpt":{"rendered":"","protected":false},"author":3,"featured_media":2037,"parent":1996,"menu_order":11,"comment_status":"closed","ping_status":"closed","template":"","meta":{"_acf_changed":false,"_coblocks_attr":"","_coblocks_dimensions":"","_coblocks_responsive_height":"","_coblocks_accordion_ie_support":"","footnotes":""},"categories":[],"tags":[],"class_list":["post-2023","page","type-page","status-publish","has-post-thumbnail","hentry"],"acf":[],"yoast_head":"<!-- This site is optimized with the Yoast SEO plugin v26.8 - https:\/\/yoast.com\/product\/yoast-seo-wordpress\/ -->\n<title>Conservaci\u00f3 del &quot;Laberint&quot; - Fundaci\u00f3 Gala - Salvador Dal\u00ed<\/title>\n<meta name=\"robots\" content=\"noindex, follow, max-snippet:-1, max-image-preview:large, max-video-preview:-1\" \/>\n<meta property=\"og:locale\" content=\"ca_ES\" \/>\n<meta property=\"og:type\" content=\"article\" \/>\n<meta property=\"og:title\" content=\"Conservaci\u00f3 del &quot;Laberint&quot; - Fundaci\u00f3 Gala - Salvador Dal\u00ed\" \/>\n<meta property=\"og:url\" content=\"https:\/\/staging.salvador-dali.org\/ca\/obra\/conservacio-i-restauracio\/conservacio-del-laberint\/\" \/>\n<meta property=\"og:site_name\" content=\"Fundaci\u00f3 Gala - Salvador Dal\u00ed\" \/>\n<meta property=\"article:publisher\" content=\"https:\/\/www.facebook.com\/MuseusDali\" \/>\n<meta property=\"article:modified_time\" content=\"2025-07-01T14:27:19+00:00\" \/>\n<meta property=\"og:image\" content=\"https:\/\/staging.salvador-dali.org\/wp-content\/uploads\/2025\/03\/Conservacio-del-Laberint.jpg\" \/>\n\t<meta property=\"og:image:width\" content=\"1919\" \/>\n\t<meta property=\"og:image:height\" content=\"934\" \/>\n\t<meta property=\"og:image:type\" content=\"image\/jpeg\" \/>\n<meta name=\"twitter:card\" content=\"summary_large_image\" \/>\n<meta name=\"twitter:site\" content=\"@MuseuDali\" \/>\n<meta name=\"twitter:label1\" content=\"Temps estimat de lectura\" \/>\n\t<meta name=\"twitter:data1\" content=\"1 minut\" \/>\n<script type=\"application\/ld+json\" class=\"yoast-schema-graph\">{\"@context\":\"https:\/\/schema.org\",\"@graph\":[{\"@type\":\"WebPage\",\"@id\":\"https:\/\/staging.salvador-dali.org\/ca\/obra\/conservacio-i-restauracio\/conservacio-del-laberint\/\",\"url\":\"https:\/\/staging.salvador-dali.org\/ca\/obra\/conservacio-i-restauracio\/conservacio-del-laberint\/\",\"name\":\"Conservaci\u00f3 del \\\"Laberint\\\" - Fundaci\u00f3 Gala - Salvador Dal\u00ed\",\"isPartOf\":{\"@id\":\"https:\/\/staging.salvador-dali.org\/ca\/#website\"},\"primaryImageOfPage\":{\"@id\":\"https:\/\/staging.salvador-dali.org\/ca\/obra\/conservacio-i-restauracio\/conservacio-del-laberint\/#primaryimage\"},\"image\":{\"@id\":\"https:\/\/staging.salvador-dali.org\/ca\/obra\/conservacio-i-restauracio\/conservacio-del-laberint\/#primaryimage\"},\"thumbnailUrl\":\"https:\/\/staging.salvador-dali.org\/wp-content\/uploads\/2025\/03\/Conservacio-del-Laberint.jpg\",\"datePublished\":\"2025-03-12T12:52:23+00:00\",\"dateModified\":\"2025-07-01T14:27:19+00:00\",\"breadcrumb\":{\"@id\":\"https:\/\/staging.salvador-dali.org\/ca\/obra\/conservacio-i-restauracio\/conservacio-del-laberint\/#breadcrumb\"},\"inLanguage\":\"ca\",\"potentialAction\":[{\"@type\":\"ReadAction\",\"target\":[\"https:\/\/staging.salvador-dali.org\/ca\/obra\/conservacio-i-restauracio\/conservacio-del-laberint\/\"]}]},{\"@type\":\"ImageObject\",\"inLanguage\":\"ca\",\"@id\":\"https:\/\/staging.salvador-dali.org\/ca\/obra\/conservacio-i-restauracio\/conservacio-del-laberint\/#primaryimage\",\"url\":\"https:\/\/staging.salvador-dali.org\/wp-content\/uploads\/2025\/03\/Conservacio-del-Laberint.jpg\",\"contentUrl\":\"https:\/\/staging.salvador-dali.org\/wp-content\/uploads\/2025\/03\/Conservacio-del-Laberint.jpg\",\"width\":1919,\"height\":934},{\"@type\":\"BreadcrumbList\",\"@id\":\"https:\/\/staging.salvador-dali.org\/ca\/obra\/conservacio-i-restauracio\/conservacio-del-laberint\/#breadcrumb\",\"itemListElement\":[{\"@type\":\"ListItem\",\"position\":1,\"name\":\"Inici\",\"item\":\"https:\/\/staging.salvador-dali.org\/ca\/\"},{\"@type\":\"ListItem\",\"position\":2,\"name\":\"Conservaci\u00f3 del &#8220;Laberint&#8221;\"}]},{\"@type\":\"WebSite\",\"@id\":\"https:\/\/staging.salvador-dali.org\/ca\/#website\",\"url\":\"https:\/\/staging.salvador-dali.org\/ca\/\",\"name\":\"Fundaci\u00f3 Gala - Salvador Dal\u00ed\",\"description\":\"\",\"publisher\":{\"@id\":\"https:\/\/staging.salvador-dali.org\/ca\/#organization\"},\"potentialAction\":[{\"@type\":\"SearchAction\",\"target\":{\"@type\":\"EntryPoint\",\"urlTemplate\":\"https:\/\/staging.salvador-dali.org\/ca\/?s={search_term_string}\"},\"query-input\":{\"@type\":\"PropertyValueSpecification\",\"valueRequired\":true,\"valueName\":\"search_term_string\"}}],\"inLanguage\":\"ca\"},{\"@type\":\"Organization\",\"@id\":\"https:\/\/staging.salvador-dali.org\/ca\/#organization\",\"name\":\"Fundaci\u00f3 Gala - Salvador Dal\u00ed\",\"url\":\"https:\/\/staging.salvador-dali.org\/ca\/\",\"logo\":{\"@type\":\"ImageObject\",\"inLanguage\":\"ca\",\"@id\":\"https:\/\/staging.salvador-dali.org\/ca\/#\/schema\/logo\/image\/\",\"url\":\"https:\/\/staging.salvador-dali.org\/wp-content\/uploads\/2025\/04\/fundacio-gala-salvador-dali.png\",\"contentUrl\":\"https:\/\/staging.salvador-dali.org\/wp-content\/uploads\/2025\/04\/fundacio-gala-salvador-dali.png\",\"width\":240,\"height\":240,\"caption\":\"Fundaci\u00f3 Gala - Salvador Dal\u00ed\"},\"image\":{\"@id\":\"https:\/\/staging.salvador-dali.org\/ca\/#\/schema\/logo\/image\/\"},\"sameAs\":[\"https:\/\/www.facebook.com\/MuseusDali\",\"https:\/\/x.com\/MuseuDali\",\"https:\/\/www.youtube.com\/user\/FundacioDali\",\"https:\/\/www.flickr.com\/fundacio_dali\/\",\"https:\/\/instagram.com\/museudali\"]}]}<\/script>\n<!-- \/ Yoast SEO plugin. -->","yoast_head_json":{"title":"Conservaci\u00f3 del \"Laberint\" - Fundaci\u00f3 Gala - Salvador Dal\u00ed","robots":{"index":"noindex","follow":"follow","max-snippet":"max-snippet:-1","max-image-preview":"max-image-preview:large","max-video-preview":"max-video-preview:-1"},"og_locale":"ca_ES","og_type":"article","og_title":"Conservaci\u00f3 del \"Laberint\" - Fundaci\u00f3 Gala - Salvador Dal\u00ed","og_url":"https:\/\/staging.salvador-dali.org\/ca\/obra\/conservacio-i-restauracio\/conservacio-del-laberint\/","og_site_name":"Fundaci\u00f3 Gala - Salvador Dal\u00ed","article_publisher":"https:\/\/www.facebook.com\/MuseusDali","article_modified_time":"2025-07-01T14:27:19+00:00","og_image":[{"width":1919,"height":934,"url":"https:\/\/staging.salvador-dali.org\/wp-content\/uploads\/2025\/03\/Conservacio-del-Laberint.jpg","type":"image\/jpeg"}],"twitter_card":"summary_large_image","twitter_site":"@MuseuDali","twitter_misc":{"Temps estimat de lectura":"1 minut"},"schema":{"@context":"https:\/\/schema.org","@graph":[{"@type":"WebPage","@id":"https:\/\/staging.salvador-dali.org\/ca\/obra\/conservacio-i-restauracio\/conservacio-del-laberint\/","url":"https:\/\/staging.salvador-dali.org\/ca\/obra\/conservacio-i-restauracio\/conservacio-del-laberint\/","name":"Conservaci\u00f3 del \"Laberint\" - Fundaci\u00f3 Gala - Salvador Dal\u00ed","isPartOf":{"@id":"https:\/\/staging.salvador-dali.org\/ca\/#website"},"primaryImageOfPage":{"@id":"https:\/\/staging.salvador-dali.org\/ca\/obra\/conservacio-i-restauracio\/conservacio-del-laberint\/#primaryimage"},"image":{"@id":"https:\/\/staging.salvador-dali.org\/ca\/obra\/conservacio-i-restauracio\/conservacio-del-laberint\/#primaryimage"},"thumbnailUrl":"https:\/\/staging.salvador-dali.org\/wp-content\/uploads\/2025\/03\/Conservacio-del-Laberint.jpg","datePublished":"2025-03-12T12:52:23+00:00","dateModified":"2025-07-01T14:27:19+00:00","breadcrumb":{"@id":"https:\/\/staging.salvador-dali.org\/ca\/obra\/conservacio-i-restauracio\/conservacio-del-laberint\/#breadcrumb"},"inLanguage":"ca","potentialAction":[{"@type":"ReadAction","target":["https:\/\/staging.salvador-dali.org\/ca\/obra\/conservacio-i-restauracio\/conservacio-del-laberint\/"]}]},{"@type":"ImageObject","inLanguage":"ca","@id":"https:\/\/staging.salvador-dali.org\/ca\/obra\/conservacio-i-restauracio\/conservacio-del-laberint\/#primaryimage","url":"https:\/\/staging.salvador-dali.org\/wp-content\/uploads\/2025\/03\/Conservacio-del-Laberint.jpg","contentUrl":"https:\/\/staging.salvador-dali.org\/wp-content\/uploads\/2025\/03\/Conservacio-del-Laberint.jpg","width":1919,"height":934},{"@type":"BreadcrumbList","@id":"https:\/\/staging.salvador-dali.org\/ca\/obra\/conservacio-i-restauracio\/conservacio-del-laberint\/#breadcrumb","itemListElement":[{"@type":"ListItem","position":1,"name":"Inici","item":"https:\/\/staging.salvador-dali.org\/ca\/"},{"@type":"ListItem","position":2,"name":"Conservaci\u00f3 del &#8220;Laberint&#8221;"}]},{"@type":"WebSite","@id":"https:\/\/staging.salvador-dali.org\/ca\/#website","url":"https:\/\/staging.salvador-dali.org\/ca\/","name":"Fundaci\u00f3 Gala - Salvador Dal\u00ed","description":"","publisher":{"@id":"https:\/\/staging.salvador-dali.org\/ca\/#organization"},"potentialAction":[{"@type":"SearchAction","target":{"@type":"EntryPoint","urlTemplate":"https:\/\/staging.salvador-dali.org\/ca\/?s={search_term_string}"},"query-input":{"@type":"PropertyValueSpecification","valueRequired":true,"valueName":"search_term_string"}}],"inLanguage":"ca"},{"@type":"Organization","@id":"https:\/\/staging.salvador-dali.org\/ca\/#organization","name":"Fundaci\u00f3 Gala - Salvador Dal\u00ed","url":"https:\/\/staging.salvador-dali.org\/ca\/","logo":{"@type":"ImageObject","inLanguage":"ca","@id":"https:\/\/staging.salvador-dali.org\/ca\/#\/schema\/logo\/image\/","url":"https:\/\/staging.salvador-dali.org\/wp-content\/uploads\/2025\/04\/fundacio-gala-salvador-dali.png","contentUrl":"https:\/\/staging.salvador-dali.org\/wp-content\/uploads\/2025\/04\/fundacio-gala-salvador-dali.png","width":240,"height":240,"caption":"Fundaci\u00f3 Gala - Salvador Dal\u00ed"},"image":{"@id":"https:\/\/staging.salvador-dali.org\/ca\/#\/schema\/logo\/image\/"},"sameAs":["https:\/\/www.facebook.com\/MuseusDali","https:\/\/x.com\/MuseuDali","https:\/\/www.youtube.com\/user\/FundacioDali","https:\/\/www.flickr.com\/fundacio_dali\/","https:\/\/instagram.com\/museudali"]}]}},"_links":{"self":[{"href":"https:\/\/staging.salvador-dali.org\/ca\/wp-json\/wp\/v2\/pages\/2023","targetHints":{"allow":["GET"]}}],"collection":[{"href":"https:\/\/staging.salvador-dali.org\/ca\/wp-json\/wp\/v2\/pages"}],"about":[{"href":"https:\/\/staging.salvador-dali.org\/ca\/wp-json\/wp\/v2\/types\/page"}],"author":[{"embeddable":true,"href":"https:\/\/staging.salvador-dali.org\/ca\/wp-json\/wp\/v2\/users\/3"}],"replies":[{"embeddable":true,"href":"https:\/\/staging.salvador-dali.org\/ca\/wp-json\/wp\/v2\/comments?post=2023"}],"version-history":[{"count":0,"href":"https:\/\/staging.salvador-dali.org\/ca\/wp-json\/wp\/v2\/pages\/2023\/revisions"}],"up":[{"embeddable":true,"href":"https:\/\/staging.salvador-dali.org\/ca\/wp-json\/wp\/v2\/pages\/1996"}],"wp:featuredmedia":[{"embeddable":true,"href":"https:\/\/staging.salvador-dali.org\/ca\/wp-json\/wp\/v2\/media\/2037"}],"wp:attachment":[{"href":"https:\/\/staging.salvador-dali.org\/ca\/wp-json\/wp\/v2\/media?parent=2023"}],"wp:term":[{"taxonomy":"category","embeddable":true,"href":"https:\/\/staging.salvador-dali.org\/ca\/wp-json\/wp\/v2\/categories?post=2023"},{"taxonomy":"post_tag","embeddable":true,"href":"https:\/\/staging.salvador-dali.org\/ca\/wp-json\/wp\/v2\/tags?post=2023"}],"curies":[{"name":"wp","href":"https:\/\/api.w.org\/{rel}","templated":true}]}}