{"id":14516,"date":"2026-03-19T17:46:46","date_gmt":"2026-03-19T15:46:46","guid":{"rendered":"https:\/\/staging.salvador-dali.org\/ced\/publicacions\/"},"modified":"2026-04-01T11:29:51","modified_gmt":"2026-04-01T09:29:51","slug":"publicacions","status":"publish","type":"page","link":"https:\/\/staging.salvador-dali.org\/ca\/recerca\/publicacions\/","title":{"rendered":"Publicacions"},"content":{"rendered":"\n<div class=\"wp-block-columns global-column is-layout-flex wp-container-core-columns-is-layout-9d6595d7 wp-block-columns-is-layout-flex\">\n<div class=\"wp-block-column is-layout-flow wp-block-column-is-layout-flow\">\n<div style=\"height:25px\" aria-hidden=\"true\" class=\"wp-block-spacer\"><\/div>\n\n\n\n<p style=\"font-size:1.2em\">Per a difondre els resultats de les seves l\u00ednies de recerca, pr\u00f2pies i tamb\u00e9 en col\u00b7laboraci\u00f3 amb altres institucions, la Fundaci\u00f3 ha editat i presentat nombroses publicacions en diferents idiomes que promouen la divulgaci\u00f3 de l&#8217;obra daliniana en totes les seves formes. Es tracta de cat\u00e0legs raonats d&#8217;obra, monografies, cat\u00e0legs d&#8217;exposicions, guies dels museus i articles especialitzats que tenen a Salvador Dal\u00ed i Gala com a denominador com\u00fa. La Fundaci\u00f3 tamb\u00e9 ha editat l&#8217;Obra completa de Salvador Dal\u00ed, el recull m\u00e9s extens de tots els seus escrits, a partir dels quals es pot accedir al pensament i la creaci\u00f3 art\u00edstica de l&#8217;artista.<\/p>\n\n\n\n    <div class=\"button fletxa\"><a  href=\"https:\/\/staging.salvador-dali.org\/ca\/recerca\/textos-en-descarrega\/\">Consulta<\/a><\/div>\n\n\n\n    \n\n\n\n\n\n\n\n\n<div style=\"height:20px\" aria-hidden=\"true\" class=\"wp-block-spacer\"><\/div>\n<\/div>\n<\/div>\n\n\n    <div  class=\"wp-block-columns swiper-column  intro-images intro bloc-destacats \" style=\"background-image: linear-gradient(to right, white, white)\">\n        <div class=\"wp-block-column\">\n            <div id=\"swiper-69d1236b09d38\" class=\"swiper destacats dues\" >\n                <div class=\"swiper-wrapper\">\n\n                                            <div class=\"swiper-slide intro\">\n                            <span class=\"image-background\" style=\"background-image:url(https:\/\/staging.salvador-dali.org\/wp-content\/uploads\/2025\/07\/nuevo_doc_19_1_editora_84_11_1_1024-757x1024.jpg)\"><\/span>\n                            \n                        <\/div>\n                        <div class=\"swiper-slide\">\n                           <div class=\"descripcio\">\n                            <h2>Dal\u00ed News<\/h2>\n                            <p>Lorem ipsum dolor sit amet, consectetur adipiscing elit. Sed non risus. Suspendisse lectus tortor, dignissim sit amet, adipiscing nec, ultricies sed, dolor. Cras elementum ultrices diam. Maecenas ligula massa, varius a, semper congue, euismod non, mi. Proin porttitor, orci nec nonummy molestie, enim est eleifend mi, non fermentum diam nisl sit amet erat. Duis semper. Duis arcu massa, scelerisque vitae, consequat in, pretium a, enim.<\/p>\n                            <\/div>\n\n                                                    <\/div>\n                    \n\n                    \n                        \n                        <div class=\"swiper-slide\">\n                                                            <div class=\"banner\" style=\"background-image: url(https:\/\/staging.salvador-dali.org\/wp-content\/uploads\/2026\/03\/PortadaDN_CAT_baixares-786x1024.jpg)\">\n                                                                            <ul class=\"context\">\n                                            <li class=\"context__item\" aria-label=\"hidden\">                                            <\/li>\n                                        <\/ul>\n                                    \n                                    <h3 class=\"titol\">Dal\u00ed News n\u00ba1 La m\u00e0quina de somiar<\/h3>\n                                        \n                                    <div class=\"button consulta\"><a href=\"https:\/\/issuu.com\/fundaciodali\/docs\/dal_news_num1_cat?fr=xKAE9_zU1NQ\">Consulta<\/a><\/div>\n\n                                    \n                                <\/div>\n                                                    <\/div>\n\n                                    <\/div>\n                <!-- Swiper navigation buttons -->\n                <div class=\"swiper-button-prev\">\n                    <span class=\"screen-reader-text\">Diapositiva anterior<\/span>\n                <\/div>\n                <div class=\"swiper-button-next\">\n                    <span class=\"screen-reader-text\">Diapositiva seg\u00fcent<\/span>\n                <\/div>\n            <\/div>\n        <\/div>\n    <\/div>\n\n\n\n<!-- Swiper JS -->\n<script src=\"https:\/\/cdn.jsdelivr.net\/npm\/swiper@11\/swiper-bundle.min.js\"><\/script>\n\n<!-- Initialize Swiper -->\n<script>\n\njQuery( document ).ready(function() {      \n\n    Tipus = 'intro';\n\n    updateSpaceBetween();\n    spaceBetweenInicial = 60;\n    \n    if (Tipus=='intro-images' ) {\n    \/\/    spaceBetweenValueModul = 0;\n    }\n\n\n\n    console.log(\"spaceBetweenValueModul\",spaceBetweenValueModul);\n\n    var swiper = new Swiper(\"#swiper-69d1236b09d38\", {\n      slidesPerView: \"auto\",\n      spaceBetween: spaceBetweenInicial,\n      \tfreeMode: true,\n\t  \tbreakpoints: {\n\t        \/\/ Quan l'amplada de la pantalla sigui major a 1024px\n\t        1024: {\n\t            spaceBetween: spaceBetweenValue,\n\t        },\n\t    },\n        \/\/ Navigation arrows\n        navigation: {\n            nextEl: '.swiper-button-next',\n            prevEl: '.swiper-button-prev',\n        },\n        mousewheel: {\n            releaseOnEdges: true,\n            forceToAxis: true,\n            sensitivity:    1,\n        },\n        a11y: {\n            prevSlideMessage: 'Diapositiva anterior',\n            nextSlideMessage: 'Diapositiva seg\u00fcent',\n        },\n    });\n\n\n \n\n\n    \/*\n    jQuery('.bloc-destacats').each(function() {\n        const nextDiv = jQuery(this).next('div');\n        if (nextDiv.hasClass('contingut-ampliat')) {\n            console.log('T\u00e9 .contingut-ampliat despr\u00e9s');\n            \/\/ Aqu\u00ed pots fer accions, per exemple:\n            \/\/ $nextDiv.addClass('marcat'); o $(this).append($nextDiv);\n        }\n    });\n    *\/\n})\n<\/script>\n\n\n\n    <div  class=\"wp-block-columns swiper-column   destacat bloc-destacats \" style=\"background-image: linear-gradient(to right, #f2f0eb, #f2f0eb)\">\n        <div class=\"wp-block-column\">\n            <div id=\"swiper-69d1236b0bad1\" class=\"swiper destacats dues\" >\n                <div class=\"swiper-wrapper\">\n\n                                            <div class=\"swiper-slide intro\">\n                            <h2>Publicacions digitals destacades<\/h2>\n                            <div class=\"descripcio\"><p>Per a difondre els resultats de les seves l\u00ednies de recerca, pr\u00f2pies i tamb\u00e9 en col\u00b7laboraci\u00f3 amb altres institucions, la Fundaci\u00f3 ha editat i presentat nombroses publicacions en diferents idiomes que promouen la divulgaci\u00f3 de l&#8217;obra daliniana en totes les seves formes. Es tracta de cat\u00e0legs raonats d&#8217;obra, monografies, cat\u00e0legs d&#8217;exposicions, guies dels museus i articles especialitzats que tenen a Salvador Dal\u00ed i Gala com a denominador com\u00fa. La Fundaci\u00f3 tamb\u00e9 ha editat l&#8217;Obra completa de Salvador Dal\u00ed, el recull m\u00e9s extens de tots els seus escrits, a partir dels quals es pot accedir al pensament i la creaci\u00f3 art\u00edstica de l&#8217;artista.<\/p>\n<\/div>\n                        <\/div>\n                    \n\n                    \n                        \n                        <div class=\"swiper-slide\">\n                                                            <div class=\"banner\" style=\"background-image: url(https:\/\/staging.salvador-dali.org\/wp-content\/uploads\/2024\/12\/equip_int@2x.jpg)\">\n                                                                            <ul class=\"context\">\n                                            <li class=\"context__item\" aria-label=\"hidden\">                                            <\/li>\n                                        <\/ul>\n                                    \n                                    <h3 class=\"titol\">Cat\u00e0legs Raonats<\/h3>\n                                        \n                                    <div class=\"button descobreix\"><a href=\"https:\/\/catalogues.salvador-dali.org\/catalogues\/ca\/\">Descobreix<\/a><\/div>\n\n                                    \n                                <\/div>\n                                                    <\/div>\n\n                    \n                        \n                        <div class=\"swiper-slide\">\n                                                            <div class=\"banner\" style=\"background-image: url(https:\/\/staging.salvador-dali.org\/wp-content\/uploads\/2025\/03\/Venus_publicacio-e1747325598848.jpg)\">\n                                                                            <ul class=\"context\">\n                                            <li class=\"context__item\" aria-label=\"hidden\">                                            <\/li>\n                                        <\/ul>\n                                    \n                                    <h3 class=\"titol\">Publicaci\u00f3 digital: Transgredint la Venus<\/h3>\n                                        \n                                    <div class=\"button descobreix\"><a href=\"https:\/\/issuu.com\/fundaciodali\/docs\/lbr_transgredint_la_venus\">Descobreix<\/a><\/div>\n\n                                    \n                                <\/div>\n                                                    <\/div>\n\n                    \n                        \n                        <div class=\"swiper-slide\">\n                                                            <div class=\"banner\" style=\"background-image: url(https:\/\/staging.salvador-dali.org\/wp-content\/uploads\/2025\/03\/Gala-Dali-imatge-i-mirall_-Capcalera-e1747325475810.jpg)\">\n                                                                            <ul class=\"context\">\n                                            <li class=\"context__item\" aria-label=\"hidden\">                                            <\/li>\n                                        <\/ul>\n                                    \n                                    <h3 class=\"titol\">Publicaci\u00f3 digital: Gala\/Dal\u00ed: imatge i mirall<\/h3>\n                                        \n                                    <div class=\"button descobreix\"><a href=\"https:\/\/issuu.com\/fundaciodali\/docs\/galadal_imatge_imirall\">Descobreix<\/a><\/div>\n\n                                    \n                                <\/div>\n                                                    <\/div>\n\n                    \n                        \n                        <div class=\"swiper-slide\">\n                                                            <div class=\"banner\" style=\"background-image: url(https:\/\/staging.salvador-dali.org\/wp-content\/uploads\/2025\/03\/Dali-Dior_-Capcalera.jpg)\">\n                                                                            <ul class=\"context\">\n                                            <li class=\"context__item\" aria-label=\"hidden\">                                            <\/li>\n                                        <\/ul>\n                                    \n                                    <h3 class=\"titol\">Publicaci\u00f3 digital: Gala\/Dali\/Dior: d&#8217;art i moda<\/h3>\n                                        \n                                    <div class=\"button descobreix\"><a href=\"https:\/\/issuu.com\/fundaciodali\/docs\/diorcat\">Descobreix<\/a><\/div>\n\n                                    \n                                <\/div>\n                                                    <\/div>\n\n                                    <\/div>\n                <!-- Swiper navigation buttons -->\n                <div class=\"swiper-button-prev\">\n                    <span class=\"screen-reader-text\">Diapositiva anterior<\/span>\n                <\/div>\n                <div class=\"swiper-button-next\">\n                    <span class=\"screen-reader-text\">Diapositiva seg\u00fcent<\/span>\n                <\/div>\n            <\/div>\n        <\/div>\n    <\/div>\n\n\n\n<!-- Swiper JS -->\n<script src=\"https:\/\/cdn.jsdelivr.net\/npm\/swiper@11\/swiper-bundle.min.js\"><\/script>\n\n<!-- Initialize Swiper -->\n<script>\n\njQuery( document ).ready(function() {      \n\n    Tipus = 'destacat';\n\n    updateSpaceBetween();\n    spaceBetweenInicial = 60;\n    \n    if (Tipus=='intro-images' ) {\n    \/\/    spaceBetweenValueModul = 0;\n    }\n\n\n\n    console.log(\"spaceBetweenValueModul\",spaceBetweenValueModul);\n\n    var swiper = new Swiper(\"#swiper-69d1236b0bad1\", {\n      slidesPerView: \"auto\",\n      spaceBetween: spaceBetweenInicial,\n      \tfreeMode: true,\n\t  \tbreakpoints: {\n\t        \/\/ Quan l'amplada de la pantalla sigui major a 1024px\n\t        1024: {\n\t            spaceBetween: spaceBetweenValue,\n\t        },\n\t    },\n        \/\/ Navigation arrows\n        navigation: {\n            nextEl: '.swiper-button-next',\n            prevEl: '.swiper-button-prev',\n        },\n        mousewheel: {\n            releaseOnEdges: true,\n            forceToAxis: true,\n            sensitivity:    1,\n        },\n        a11y: {\n            prevSlideMessage: 'Diapositiva anterior',\n            nextSlideMessage: 'Diapositiva seg\u00fcent',\n        },\n    });\n\n\n \n\n\n    \/*\n    jQuery('.bloc-destacats').each(function() {\n        const nextDiv = jQuery(this).next('div');\n        if (nextDiv.hasClass('contingut-ampliat')) {\n            console.log('T\u00e9 .contingut-ampliat despr\u00e9s');\n            \/\/ Aqu\u00ed pots fer accions, per exemple:\n            \/\/ $nextDiv.addClass('marcat'); o $(this).append($nextDiv);\n        }\n    });\n    *\/\n})\n<\/script>\n\n","protected":false},"excerpt":{"rendered":"<p>Per a difondre els resultats de les seves l\u00ednies de recerca, pr\u00f2pies i tamb\u00e9 en col\u00b7laboraci\u00f3 amb altres institucions, la Fundaci\u00f3 ha editat i presentat nombroses publicacions en diferents idiomes que promouen la divulgaci\u00f3 de l&#8217;obra daliniana en totes les seves formes. Es tracta de cat\u00e0legs raonats d&#8217;obra, monografies, cat\u00e0legs d&#8217;exposicions, guies dels museus i [&hellip;]<\/p>\n","protected":false},"author":3,"featured_media":14535,"parent":1998,"menu_order":2,"comment_status":"closed","ping_status":"closed","template":"","meta":{"_acf_changed":false,"_coblocks_attr":"","_coblocks_dimensions":"","_coblocks_responsive_height":"","_coblocks_accordion_ie_support":"","footnotes":""},"categories":[],"tags":[],"class_list":["post-14516","page","type-page","status-publish","has-post-thumbnail","hentry"],"acf":[],"yoast_head":"<!-- This site is optimized with the Yoast SEO plugin v26.8 - https:\/\/yoast.com\/product\/yoast-seo-wordpress\/ -->\n<title>Publicacions - Fundaci\u00f3 Gala - Salvador Dal\u00ed<\/title>\n<meta name=\"robots\" content=\"noindex, follow, max-snippet:-1, max-image-preview:large, max-video-preview:-1\" \/>\n<meta property=\"og:locale\" content=\"ca_ES\" \/>\n<meta property=\"og:type\" content=\"article\" \/>\n<meta property=\"og:title\" content=\"Publicacions - Fundaci\u00f3 Gala - Salvador Dal\u00ed\" \/>\n<meta property=\"og:description\" content=\"Per a difondre els resultats de les seves l\u00ednies de recerca, pr\u00f2pies i tamb\u00e9 en col\u00b7laboraci\u00f3 amb altres institucions, la Fundaci\u00f3 ha editat i presentat nombroses publicacions en diferents idiomes que promouen la divulgaci\u00f3 de l&#8217;obra daliniana en totes les seves formes. Es tracta de cat\u00e0legs raonats d&#8217;obra, monografies, cat\u00e0legs d&#8217;exposicions, guies dels museus i [&hellip;]\" \/>\n<meta property=\"og:url\" content=\"https:\/\/staging.salvador-dali.org\/ca\/recerca\/publicacions\/\" \/>\n<meta property=\"og:site_name\" content=\"Fundaci\u00f3 Gala - Salvador Dal\u00ed\" \/>\n<meta property=\"article:publisher\" content=\"https:\/\/www.facebook.com\/MuseusDali\" \/>\n<meta property=\"article:modified_time\" content=\"2026-04-01T09:29:51+00:00\" \/>\n<meta property=\"og:image\" content=\"https:\/\/staging.salvador-dali.org\/wp-content\/uploads\/2026\/03\/2941_001-large.jpg\" \/>\n\t<meta property=\"og:image:width\" content=\"703\" \/>\n\t<meta property=\"og:image:height\" content=\"931\" \/>\n\t<meta property=\"og:image:type\" content=\"image\/jpeg\" \/>\n<meta name=\"twitter:card\" content=\"summary_large_image\" \/>\n<meta name=\"twitter:site\" content=\"@MuseuDali\" \/>\n<meta name=\"twitter:label1\" content=\"Temps estimat de lectura\" \/>\n\t<meta name=\"twitter:data1\" content=\"1 minut\" \/>\n<script type=\"application\/ld+json\" class=\"yoast-schema-graph\">{\"@context\":\"https:\/\/schema.org\",\"@graph\":[{\"@type\":\"WebPage\",\"@id\":\"https:\/\/staging.salvador-dali.org\/ca\/recerca\/publicacions\/\",\"url\":\"https:\/\/staging.salvador-dali.org\/ca\/recerca\/publicacions\/\",\"name\":\"Publicacions - Fundaci\u00f3 Gala - Salvador Dal\u00ed\",\"isPartOf\":{\"@id\":\"https:\/\/staging.salvador-dali.org\/ca\/#website\"},\"primaryImageOfPage\":{\"@id\":\"https:\/\/staging.salvador-dali.org\/ca\/recerca\/publicacions\/#primaryimage\"},\"image\":{\"@id\":\"https:\/\/staging.salvador-dali.org\/ca\/recerca\/publicacions\/#primaryimage\"},\"thumbnailUrl\":\"https:\/\/staging.salvador-dali.org\/wp-content\/uploads\/2026\/03\/2941_001-large.jpg\",\"datePublished\":\"2026-03-19T15:46:46+00:00\",\"dateModified\":\"2026-04-01T09:29:51+00:00\",\"breadcrumb\":{\"@id\":\"https:\/\/staging.salvador-dali.org\/ca\/recerca\/publicacions\/#breadcrumb\"},\"inLanguage\":\"ca\",\"potentialAction\":[{\"@type\":\"ReadAction\",\"target\":[\"https:\/\/staging.salvador-dali.org\/ca\/recerca\/publicacions\/\"]}]},{\"@type\":\"ImageObject\",\"inLanguage\":\"ca\",\"@id\":\"https:\/\/staging.salvador-dali.org\/ca\/recerca\/publicacions\/#primaryimage\",\"url\":\"https:\/\/staging.salvador-dali.org\/wp-content\/uploads\/2026\/03\/2941_001-large.jpg\",\"contentUrl\":\"https:\/\/staging.salvador-dali.org\/wp-content\/uploads\/2026\/03\/2941_001-large.jpg\",\"width\":703,\"height\":931},{\"@type\":\"BreadcrumbList\",\"@id\":\"https:\/\/staging.salvador-dali.org\/ca\/recerca\/publicacions\/#breadcrumb\",\"itemListElement\":[{\"@type\":\"ListItem\",\"position\":1,\"name\":\"Inici\",\"item\":\"https:\/\/staging.salvador-dali.org\/ca\/\"},{\"@type\":\"ListItem\",\"position\":2,\"name\":\"Publicacions\"}]},{\"@type\":\"WebSite\",\"@id\":\"https:\/\/staging.salvador-dali.org\/ca\/#website\",\"url\":\"https:\/\/staging.salvador-dali.org\/ca\/\",\"name\":\"Fundaci\u00f3 Gala - Salvador Dal\u00ed\",\"description\":\"\",\"publisher\":{\"@id\":\"https:\/\/staging.salvador-dali.org\/ca\/#organization\"},\"potentialAction\":[{\"@type\":\"SearchAction\",\"target\":{\"@type\":\"EntryPoint\",\"urlTemplate\":\"https:\/\/staging.salvador-dali.org\/ca\/?s={search_term_string}\"},\"query-input\":{\"@type\":\"PropertyValueSpecification\",\"valueRequired\":true,\"valueName\":\"search_term_string\"}}],\"inLanguage\":\"ca\"},{\"@type\":\"Organization\",\"@id\":\"https:\/\/staging.salvador-dali.org\/ca\/#organization\",\"name\":\"Fundaci\u00f3 Gala - Salvador Dal\u00ed\",\"url\":\"https:\/\/staging.salvador-dali.org\/ca\/\",\"logo\":{\"@type\":\"ImageObject\",\"inLanguage\":\"ca\",\"@id\":\"https:\/\/staging.salvador-dali.org\/ca\/#\/schema\/logo\/image\/\",\"url\":\"https:\/\/staging.salvador-dali.org\/wp-content\/uploads\/2025\/04\/fundacio-gala-salvador-dali.png\",\"contentUrl\":\"https:\/\/staging.salvador-dali.org\/wp-content\/uploads\/2025\/04\/fundacio-gala-salvador-dali.png\",\"width\":240,\"height\":240,\"caption\":\"Fundaci\u00f3 Gala - Salvador Dal\u00ed\"},\"image\":{\"@id\":\"https:\/\/staging.salvador-dali.org\/ca\/#\/schema\/logo\/image\/\"},\"sameAs\":[\"https:\/\/www.facebook.com\/MuseusDali\",\"https:\/\/x.com\/MuseuDali\",\"https:\/\/www.youtube.com\/user\/FundacioDali\",\"https:\/\/www.flickr.com\/fundacio_dali\/\",\"https:\/\/instagram.com\/museudali\"]}]}<\/script>\n<!-- \/ Yoast SEO plugin. -->","yoast_head_json":{"title":"Publicacions - Fundaci\u00f3 Gala - Salvador Dal\u00ed","robots":{"index":"noindex","follow":"follow","max-snippet":"max-snippet:-1","max-image-preview":"max-image-preview:large","max-video-preview":"max-video-preview:-1"},"og_locale":"ca_ES","og_type":"article","og_title":"Publicacions - Fundaci\u00f3 Gala - Salvador Dal\u00ed","og_description":"Per a difondre els resultats de les seves l\u00ednies de recerca, pr\u00f2pies i tamb\u00e9 en col\u00b7laboraci\u00f3 amb altres institucions, la Fundaci\u00f3 ha editat i presentat nombroses publicacions en diferents idiomes que promouen la divulgaci\u00f3 de l&#8217;obra daliniana en totes les seves formes. Es tracta de cat\u00e0legs raonats d&#8217;obra, monografies, cat\u00e0legs d&#8217;exposicions, guies dels museus i [&hellip;]","og_url":"https:\/\/staging.salvador-dali.org\/ca\/recerca\/publicacions\/","og_site_name":"Fundaci\u00f3 Gala - Salvador Dal\u00ed","article_publisher":"https:\/\/www.facebook.com\/MuseusDali","article_modified_time":"2026-04-01T09:29:51+00:00","og_image":[{"width":703,"height":931,"url":"https:\/\/staging.salvador-dali.org\/wp-content\/uploads\/2026\/03\/2941_001-large.jpg","type":"image\/jpeg"}],"twitter_card":"summary_large_image","twitter_site":"@MuseuDali","twitter_misc":{"Temps estimat de lectura":"1 minut"},"schema":{"@context":"https:\/\/schema.org","@graph":[{"@type":"WebPage","@id":"https:\/\/staging.salvador-dali.org\/ca\/recerca\/publicacions\/","url":"https:\/\/staging.salvador-dali.org\/ca\/recerca\/publicacions\/","name":"Publicacions - Fundaci\u00f3 Gala - Salvador Dal\u00ed","isPartOf":{"@id":"https:\/\/staging.salvador-dali.org\/ca\/#website"},"primaryImageOfPage":{"@id":"https:\/\/staging.salvador-dali.org\/ca\/recerca\/publicacions\/#primaryimage"},"image":{"@id":"https:\/\/staging.salvador-dali.org\/ca\/recerca\/publicacions\/#primaryimage"},"thumbnailUrl":"https:\/\/staging.salvador-dali.org\/wp-content\/uploads\/2026\/03\/2941_001-large.jpg","datePublished":"2026-03-19T15:46:46+00:00","dateModified":"2026-04-01T09:29:51+00:00","breadcrumb":{"@id":"https:\/\/staging.salvador-dali.org\/ca\/recerca\/publicacions\/#breadcrumb"},"inLanguage":"ca","potentialAction":[{"@type":"ReadAction","target":["https:\/\/staging.salvador-dali.org\/ca\/recerca\/publicacions\/"]}]},{"@type":"ImageObject","inLanguage":"ca","@id":"https:\/\/staging.salvador-dali.org\/ca\/recerca\/publicacions\/#primaryimage","url":"https:\/\/staging.salvador-dali.org\/wp-content\/uploads\/2026\/03\/2941_001-large.jpg","contentUrl":"https:\/\/staging.salvador-dali.org\/wp-content\/uploads\/2026\/03\/2941_001-large.jpg","width":703,"height":931},{"@type":"BreadcrumbList","@id":"https:\/\/staging.salvador-dali.org\/ca\/recerca\/publicacions\/#breadcrumb","itemListElement":[{"@type":"ListItem","position":1,"name":"Inici","item":"https:\/\/staging.salvador-dali.org\/ca\/"},{"@type":"ListItem","position":2,"name":"Publicacions"}]},{"@type":"WebSite","@id":"https:\/\/staging.salvador-dali.org\/ca\/#website","url":"https:\/\/staging.salvador-dali.org\/ca\/","name":"Fundaci\u00f3 Gala - Salvador Dal\u00ed","description":"","publisher":{"@id":"https:\/\/staging.salvador-dali.org\/ca\/#organization"},"potentialAction":[{"@type":"SearchAction","target":{"@type":"EntryPoint","urlTemplate":"https:\/\/staging.salvador-dali.org\/ca\/?s={search_term_string}"},"query-input":{"@type":"PropertyValueSpecification","valueRequired":true,"valueName":"search_term_string"}}],"inLanguage":"ca"},{"@type":"Organization","@id":"https:\/\/staging.salvador-dali.org\/ca\/#organization","name":"Fundaci\u00f3 Gala - Salvador Dal\u00ed","url":"https:\/\/staging.salvador-dali.org\/ca\/","logo":{"@type":"ImageObject","inLanguage":"ca","@id":"https:\/\/staging.salvador-dali.org\/ca\/#\/schema\/logo\/image\/","url":"https:\/\/staging.salvador-dali.org\/wp-content\/uploads\/2025\/04\/fundacio-gala-salvador-dali.png","contentUrl":"https:\/\/staging.salvador-dali.org\/wp-content\/uploads\/2025\/04\/fundacio-gala-salvador-dali.png","width":240,"height":240,"caption":"Fundaci\u00f3 Gala - Salvador Dal\u00ed"},"image":{"@id":"https:\/\/staging.salvador-dali.org\/ca\/#\/schema\/logo\/image\/"},"sameAs":["https:\/\/www.facebook.com\/MuseusDali","https:\/\/x.com\/MuseuDali","https:\/\/www.youtube.com\/user\/FundacioDali","https:\/\/www.flickr.com\/fundacio_dali\/","https:\/\/instagram.com\/museudali"]}]}},"_links":{"self":[{"href":"https:\/\/staging.salvador-dali.org\/ca\/wp-json\/wp\/v2\/pages\/14516","targetHints":{"allow":["GET"]}}],"collection":[{"href":"https:\/\/staging.salvador-dali.org\/ca\/wp-json\/wp\/v2\/pages"}],"about":[{"href":"https:\/\/staging.salvador-dali.org\/ca\/wp-json\/wp\/v2\/types\/page"}],"author":[{"embeddable":true,"href":"https:\/\/staging.salvador-dali.org\/ca\/wp-json\/wp\/v2\/users\/3"}],"replies":[{"embeddable":true,"href":"https:\/\/staging.salvador-dali.org\/ca\/wp-json\/wp\/v2\/comments?post=14516"}],"version-history":[{"count":39,"href":"https:\/\/staging.salvador-dali.org\/ca\/wp-json\/wp\/v2\/pages\/14516\/revisions"}],"predecessor-version":[{"id":14666,"href":"https:\/\/staging.salvador-dali.org\/ca\/wp-json\/wp\/v2\/pages\/14516\/revisions\/14666"}],"up":[{"embeddable":true,"href":"https:\/\/staging.salvador-dali.org\/ca\/wp-json\/wp\/v2\/pages\/1998"}],"wp:featuredmedia":[{"embeddable":true,"href":"https:\/\/staging.salvador-dali.org\/ca\/wp-json\/wp\/v2\/media\/14535"}],"wp:attachment":[{"href":"https:\/\/staging.salvador-dali.org\/ca\/wp-json\/wp\/v2\/media?parent=14516"}],"wp:term":[{"taxonomy":"category","embeddable":true,"href":"https:\/\/staging.salvador-dali.org\/ca\/wp-json\/wp\/v2\/categories?post=14516"},{"taxonomy":"post_tag","embeddable":true,"href":"https:\/\/staging.salvador-dali.org\/ca\/wp-json\/wp\/v2\/tags?post=14516"}],"curies":[{"name":"wp","href":"https:\/\/api.w.org\/{rel}","templated":true}]}}