{"id":14355,"date":"2025-11-10T10:02:51","date_gmt":"2025-11-10T08:02:51","guid":{"rendered":"https:\/\/staging.salvador-dali.org\/?page_id=14355"},"modified":"2026-03-25T13:28:46","modified_gmt":"2026-03-25T11:28:46","slug":"emdali-fellowship-programme-em","status":"publish","type":"page","link":"https:\/\/staging.salvador-dali.org\/ca\/fundacio-dali\/beques\/emdali-fellowship-programme-em\/","title":{"rendered":"Dal\u00ed Fellowship Programme"},"content":{"rendered":"\n<div class=\"wp-block-columns col-text col-2 is-layout-flex wp-container-core-columns-is-layout-9d6595d7 wp-block-columns-is-layout-flex\">\n<div class=\"wp-block-column is-layout-flow wp-block-column-is-layout-flow\">\n<h2 class=\"wp-block-heading\">Resoluci\u00f3 de la convocat\u00f2ria 2026<\/h2>\n<\/div>\n\n\n\n<div class=\"wp-block-column is-layout-flow wp-block-column-is-layout-flow\">\n<p class=\"entradeta\">La Fundaci\u00f3 Gala-Salvador Dal\u00ed resol la convocat\u00f2ria 2026 del Dal\u00ed Fellowship Programme.<\/p>\n\n\n\n<p class=\"entradeta\"><a href=\"https:\/\/staging.salvador-dali.org\/wp-content\/uploads\/2026\/03\/Resolucio_Convocatoria_2026_DFP_CAT.pdf\"><strong>Descarrega la resoluci\u00f3 de la convocat\u00f2ria 2026 (PDF)<\/strong><\/a><\/p>\n<\/div>\n<\/div>\n\n\n\n<div class=\"wp-block-columns col-text col-2 is-layout-flex wp-container-core-columns-is-layout-9d6595d7 wp-block-columns-is-layout-flex\">\n<div class=\"wp-block-column is-layout-flow wp-block-column-is-layout-flow\">\n<h2 class=\"wp-block-heading\">El programa<\/h2>\n<\/div>\n\n\n\n<div class=\"wp-block-column is-layout-flow wp-block-column-is-layout-flow\">\n<p>La Fundaci\u00f3 Gala-Salvador Dal\u00ed (FGSD) ha creat el Programa de Beques i Recerca \u201cDal\u00ed Fellowship Programme\u201d que t\u00e9 com a objectius, entre d&#8217;altres, promoure la recerca de l&#8217;obra i el pensament de Salvador Dal\u00ed, generar aliances amb universitats i institucions reconegudes i contribuir a l&#8217;intercanvi de coneixements a trav\u00e9s d&#8217;investigadors i estudiosos de l&#8217;artista.<\/p>\n\n\n\n<p>Aquest 2026 s&#8217;obre la primera convocat\u00f2ria del \u201cDal\u00ed Fellowship Programme\u201d a trav\u00e9s de la concessi\u00f3 de 2 beques individuals a investigadors i creadors culturals destinades a l&#8217;elaboraci\u00f3 de projectes de recerca preferentment en els \u00e0mbits tem\u00e0tics seg\u00fcents:<\/p>\n\n\n\n<ul class=\"wp-block-list\">\n<li>Dal\u00ed, l\u2019arquitectura i l\u2019escenografia.<\/li>\n\n\n\n<li>Dal\u00ed performatiu.<\/li>\n\n\n\n<li>Dal\u00ed i la ci\u00e8ncia.<\/li>\n\n\n\n<li>Dal\u00ed i la cultura material.<\/li>\n\n\n\n<li>Dal\u00ed i la moda.<\/li>\n\n\n\n<li>Ressons de Dal\u00ed a l\u2019art contemporani.<\/li>\n<\/ul>\n\n\n\n<p>El Programa de Beques ofereix a les persones seleccionades l&#8217;oportunitat de fer la seva recerca a la seu de la FGSD a Figueres, just al costat del Teatre-Museu Dal\u00ed. Les persones benefici\u00e0ries tindran, entre altres avantatges, facilitats especials en l\u2019\u00fas dels recursos i bases de dades documentals, bibliogr\u00e0fics i digitals de la FGSD, un seguiment tutoritzat per part d\u2019una persona especialitzada de la FGSD propera a l\u2019\u00e0mbit del projecte, un espai de treball a la seu de la FGSD, aix\u00ed com facilitats d\u2019allotjament.<\/p>\n\n\n\n<p>Esperem la teva proposta de recerca en la qual es valorar\u00e0 la qualitat, l\u2019originalitat i el car\u00e0cter innovador en els \u00e0mbits esmentats.<\/p>\n<\/div>\n<\/div>\n\n\n\n<div class=\"wp-block-columns col-text col-2 is-layout-flex wp-container-core-columns-is-layout-9d6595d7 wp-block-columns-is-layout-flex\">\n<div class=\"wp-block-column is-layout-flow wp-block-column-is-layout-flow\">\n<h2 class=\"wp-block-heading\">Bases de la convocat\u00f2ria<\/h2>\n<\/div>\n\n\n\n<div class=\"wp-block-column is-layout-flow wp-block-column-is-layout-flow\">\n<p>Ja es poden consultar les <strong>bases de la convocat\u00f2ria 2026 del Dal\u00ed Fellowship Programme<\/strong>, que estableixen les condicions generals, els requisits de participaci\u00f3, el procediment de sol\u00b7licitud i els criteris de selecci\u00f3 de les beques.<\/p>\n\n\n\n<p>Pots descarregar el document complet en format PDF a trav\u00e9s del seg\u00fcent enlla\u00e7:<\/p>\n\n\n\n<p><strong><a href=\"https:\/\/staging.salvador-dali.org\/wp-content\/uploads\/2025\/10\/00_Bases_Convocatoria_2025_v30.09.25.pdf\">Descarrega les bases de la convocat\u00f2ria 2026 (PDF)<\/a><\/strong><\/p>\n<\/div>\n<\/div>\n\n\n\n<div class=\"wp-block-columns col-text col-2 is-layout-flex wp-container-core-columns-is-layout-9d6595d7 wp-block-columns-is-layout-flex\">\n<div class=\"wp-block-column is-layout-flow wp-block-column-is-layout-flow\">\n<h2 class=\"wp-block-heading\">Sol\u00b7licita la Beca<\/h2>\n<\/div>\n\n\n\n<div class=\"wp-block-column is-layout-flow wp-block-column-is-layout-flow\">\n<p>Per participar en aquesta convocat\u00f2ria, completa el formulari seg\u00fcent amb les teves dades i la informaci\u00f3 requerida. Un cop enviat, rebr\u00e0s un correu de confirmaci\u00f3 de la inscripci\u00f3. Recomanem revisar pr\u00e8viament les bases i requisits de participaci\u00f3 abans d\u2019enviar la documentaci\u00f3.<\/p>\n\n\n\n<div style=\"height:25px\" aria-hidden=\"true\" class=\"wp-block-spacer\"><\/div>\n<\/div>\n<\/div>\n\n\n\n<div class=\"wp-block-columns global-column contingut-ampliat is-layout-flex wp-container-core-columns-is-layout-9d6595d7 wp-block-columns-is-layout-flex\">\n<div class=\"wp-block-column is-layout-flow wp-block-column-is-layout-flow\" style=\"flex-basis:100%\">\n<div class=\"wp-block-buttons is-layout-flex wp-block-buttons-is-layout-flex\">\n    <div class=\"wp-block-button contingut-ampliat-boto\" data-class=\"contingut-ampliat integrat\">\n        <a class=\"wp-block-button__link wp-element-button\" tabindex=\"0\" >Formulari d&#8217;inscripci\u00f3<\/a>\n    <\/div>\n<\/div>\n\n\n\n\n\n\n\n\n\n\n\n<div class=\"wp-block-columns contingut-ampliat-content is-layout-flex wp-container-core-columns-is-layout-9d6595d7 wp-block-columns-is-layout-flex\">\n<div class=\"wp-block-column is-layout-flow wp-block-column-is-layout-flow\"><div class=\"wpforms-container wpforms-container-full wpforms-block wpforms-block-b275e39b-0fa7-48d3-8695-ceae34e3ee5d wpforms-render-modern\" id=\"wpforms-14252\"><form id=\"wpforms-form-14252\" class=\"wpforms-validate wpforms-form wpforms-ajax-form\" data-formid=\"14252\" method=\"post\" enctype=\"multipart\/form-data\" action=\"\/ca\/wp-json\/wp\/v2\/pages\/14355\" data-token=\"d2222656548f52391afd9dfc68507297\" data-token-time=\"1776636356\"><div class=\"wpforms-head-container\"><div class=\"wpforms-title\">Departaments i contacte (ID #14252)<\/div><\/div><noscript class=\"wpforms-error-noscript\">Activeu el JavaScript al navegador per a poder completar el formulari.<\/noscript><div id=\"wpforms-error-noscript\" style=\"display: none;\">Activeu el JavaScript al navegador per a poder completar el formulari.<\/div><div class=\"wpforms-field-container\">\t\t<div id=\"wpforms-14252-field_6-container\"\n\t\t\tclass=\"wpforms-field wpforms-field-text\"\n\t\t\tdata-field-type=\"text\"\n\t\t\tdata-field-id=\"6\"\n\t\t\t>\n\t\t\t<label class=\"wpforms-field-label\" for=\"wpforms-14252-field_6\" >electr\u00f2nic contactar? Nom<\/label>\n\t\t\t<input type=\"text\" id=\"wpforms-14252-field_6\" class=\"wpforms-field-medium\" name=\"wpforms[fields][6]\" >\n\t\t<\/div>\n\t\t<div id=\"wpforms-14252-field_1-container\" class=\"wpforms-field wpforms-field-name\" data-field-id=\"1\"><label class=\"wpforms-field-label\" for=\"wpforms-14252-field_1\">Nom <span class=\"wpforms-required-label\" aria-hidden=\"true\">*<\/span><\/label><input type=\"text\" id=\"wpforms-14252-field_1\" class=\"wpforms-field-medium wpforms-field-required\" name=\"wpforms[fields][1]\" aria-errormessage=\"wpforms-14252-field_1-error\" required><\/div><div id=\"wpforms-14252-field_2-container\" class=\"wpforms-field wpforms-field-email\" data-field-id=\"2\"><label class=\"wpforms-field-label\" for=\"wpforms-14252-field_2\">Correu electr\u00f2nic <span class=\"wpforms-required-label\" aria-hidden=\"true\">*<\/span><\/label><input type=\"email\" id=\"wpforms-14252-field_2\" class=\"wpforms-field-medium wpforms-field-required\" name=\"wpforms[fields][2]\" spellcheck=\"false\" aria-errormessage=\"wpforms-14252-field_2-error\" required><\/div><div id=\"wpforms-14252-field_4-container\" class=\"wpforms-field wpforms-field-select wpforms-field-select-style-classic\" data-field-id=\"4\"><label class=\"wpforms-field-label\" for=\"wpforms-14252-field_4\">Amb qui voleu contactar?<\/label><select id=\"wpforms-14252-field_4\" class=\"wpforms-field-medium\" name=\"wpforms[fields][4]\"><option value=\"Informaci\u00f3 general\" >Informaci\u00f3 general<\/option><option value=\"Comissi\u00f3 d&#039;Autenticaci\u00f3 i Catalogaci\u00f3\" >Comissi\u00f3 d&#039;Autenticaci\u00f3 i Catalogaci\u00f3<\/option><option value=\"Comunicaci\u00f3\" >Comunicaci\u00f3<\/option><option value=\"Reportatges\" >Reportatges<\/option><option value=\"Botigues\" >Botigues<\/option><option value=\"M\u00e0rqueting\" >M\u00e0rqueting<\/option><option value=\"Difusi\u00f3 i Servei Educatiu\" >Difusi\u00f3 i Servei Educatiu<\/option><option value=\"Imatges i Drets\" >Imatges i Drets<\/option><option value=\"Teatre-Museu Dal\u00ed\" >Teatre-Museu Dal\u00ed<\/option><option value=\"Castell Gala Dal\u00ed\" >Castell Gala Dal\u00ed<\/option><option value=\"Casa Salvador Dal\u00ed\"  selected='selected'>Casa Salvador Dal\u00ed<\/option><option value=\"Centre d&#039;Estudis Dalinians\" >Centre d&#039;Estudis Dalinians<\/option><option value=\"Amics dels Museus Dal\u00ed\" >Amics dels Museus Dal\u00ed<\/option><option value=\"Webmaster\" >Webmaster<\/option><\/select><\/div><div id=\"wpforms-14252-field_3-container\" class=\"wpforms-field wpforms-field-textarea\" data-field-id=\"3\"><label class=\"wpforms-field-label\" for=\"wpforms-14252-field_3\">Comentari o missatge<\/label><textarea id=\"wpforms-14252-field_3\" class=\"wpforms-field-medium\" name=\"wpforms[fields][3]\" aria-errormessage=\"wpforms-14252-field_3-error\" ><\/textarea><\/div><div id=\"wpforms-14252-field_5-container\" class=\"wpforms-field wpforms-field-gdpr-checkbox\" data-field-id=\"5\"><label class=\"wpforms-field-label\">AV\u00cdS LEGAL <span class=\"wpforms-required-label\" aria-hidden=\"true\">*<\/span><\/label><ul id=\"wpforms-14252-field_5\" class=\"wpforms-field-required\"><li class=\"choice-1\"><input type=\"checkbox\" id=\"wpforms-14252-field_5_1\" name=\"wpforms[fields][5][]\" value=\"He llegit i accepto la &lt;a href=&quot;\/privacitat\/&quot;&gt;Pol\u00edtica de Privacitat&lt;\/a&gt;\" aria-errormessage=\"wpforms-14252-field_5_1-error\" aria-describedby=\"wpforms-14252-field_5-description\" required ><label class=\"wpforms-field-label-inline\" for=\"wpforms-14252-field_5_1\">He llegit i accepto la <a href=\"\/privacitat\/\">Pol\u00edtica de Privacitat<\/a><\/label><\/li><\/ul><div id=\"wpforms-14252-field_5-description\" class=\"wpforms-field-description\">Els camps del formulari marcats amb un asterisc s\u00f3n estrictament necessaris per atendre la vostra sol\u00b7licitud, \u00e9s volunt\u00e0ria la inclusi\u00f3 de dades en la resta de camps. La no complementaci\u00f3 o la complementaci\u00f3 parcial de les dades sol\u00b7licitades podrien suposar que la Fundaci\u00f3 no pogu\u00e9s atendre la vostra sol\u00b7licitud.\n<br \/><br \/>\nFUNDACI\u00d3 GALA-SALVADOR DAL\u00cd tractar\u00e0 les meves dades personals amb la finalitat de processar la meva sol\u00b7licitud de subscripci\u00f3 i enviar-me comunicacions (incloent mitjans electr\u00f2nics) sobre les seves activitats, aix\u00ed com per complir les seves obligacions legals. La Pol\u00edtica de Privacitat i Protecci\u00f3 de Dades indica com puc exercir els meus drets d&#8217;acc\u00e9s, rectificaci\u00f3, supressi\u00f3, limitaci\u00f3, portabilitat i oposici\u00f3.<\/div><\/div><script>\n\t\t\t\t( function() {\n\t\t\t\t\tconst style = document.createElement( 'style' );\n\t\t\t\t\tstyle.appendChild( document.createTextNode( '#wpforms-14252-field_6-container { position: absolute !important; overflow: hidden !important; display: inline !important; height: 1px !important; width: 1px !important; z-index: -1000 !important; padding: 0 !important; } #wpforms-14252-field_6-container input { visibility: hidden; } #wpforms-conversational-form-page #wpforms-14252-field_6-container label { counter-increment: none; }' ) );\n\t\t\t\t\tdocument.head.appendChild( style );\n\t\t\t\t\tdocument.currentScript?.remove();\n\t\t\t\t} )();\n\t\t\t<\/script><\/div><!-- .wpforms-field-container --><div class=\"wpforms-submit-container\" ><input type=\"hidden\" name=\"wpforms[id]\" value=\"14252\"><input type=\"hidden\" name=\"page_title\" value=\"\"><input type=\"hidden\" name=\"page_url\" value=\"https:\/\/staging.salvador-dali.org\/ca\/wp-json\/wp\/v2\/pages\/14355\"><input type=\"hidden\" name=\"url_referer\" value=\"\"><button type=\"submit\" name=\"wpforms[submit]\" id=\"wpforms-submit-14252\" class=\"wpforms-submit\" data-alt-text=\"S&#039;est\u00e0 enviant...\" data-submit-text=\"Envia\" aria-live=\"assertive\" value=\"wpforms-submit\">Envia<\/button><img loading=\"lazy\" decoding=\"async\" src=\"https:\/\/staging.salvador-dali.org\/wp-content\/plugins\/wpforms\/assets\/images\/submit-spin.svg\" class=\"wpforms-submit-spinner\" style=\"display: none;\" width=\"26\" height=\"26\" alt=\"S&#039;est\u00e0 carregant\"><\/div><\/form><\/div>  <!-- .wpforms-container --><\/div>\n<\/div>\n<\/div>\n<\/div>\n\n\n\n<div style=\"height:100px\" aria-hidden=\"true\" class=\"wp-block-spacer\"><\/div>\n","protected":false},"excerpt":{"rendered":"<p>Resoluci\u00f3 de la convocat\u00f2ria 2026 La Fundaci\u00f3 Gala-Salvador Dal\u00ed resol la convocat\u00f2ria 2026 del Dal\u00ed Fellowship Programme. Descarrega la resoluci\u00f3 de la convocat\u00f2ria 2026 (PDF) El programa La Fundaci\u00f3 Gala-Salvador Dal\u00ed (FGSD) ha creat el Programa de Beques i Recerca \u201cDal\u00ed Fellowship Programme\u201d que t\u00e9 com a objectius, entre d&#8217;altres, promoure la recerca de l&#8217;obra [&hellip;]<\/p>\n","protected":false},"author":3,"featured_media":1383,"parent":14235,"menu_order":1,"comment_status":"closed","ping_status":"closed","template":"","meta":{"_acf_changed":false,"_coblocks_attr":"","_coblocks_dimensions":"","_coblocks_responsive_height":"","_coblocks_accordion_ie_support":"","footnotes":""},"categories":[],"tags":[],"class_list":["post-14355","page","type-page","status-publish","has-post-thumbnail","hentry"],"acf":[],"yoast_head":"<!-- This site is optimized with the Yoast SEO plugin v26.8 - https:\/\/yoast.com\/product\/yoast-seo-wordpress\/ -->\n<title>Dal\u00ed Fellowship Programme - Fundaci\u00f3 Gala - Salvador Dal\u00ed<\/title>\n<meta name=\"robots\" content=\"noindex, follow, max-snippet:-1, max-image-preview:large, max-video-preview:-1\" \/>\n<meta property=\"og:locale\" content=\"ca_ES\" \/>\n<meta property=\"og:type\" content=\"article\" \/>\n<meta property=\"og:title\" content=\"Dal\u00ed Fellowship Programme - Fundaci\u00f3 Gala - Salvador Dal\u00ed\" \/>\n<meta property=\"og:description\" content=\"Resoluci\u00f3 de la convocat\u00f2ria 2026 La Fundaci\u00f3 Gala-Salvador Dal\u00ed resol la convocat\u00f2ria 2026 del Dal\u00ed Fellowship Programme. Descarrega la resoluci\u00f3 de la convocat\u00f2ria 2026 (PDF) El programa La Fundaci\u00f3 Gala-Salvador Dal\u00ed (FGSD) ha creat el Programa de Beques i Recerca \u201cDal\u00ed Fellowship Programme\u201d que t\u00e9 com a objectius, entre d&#8217;altres, promoure la recerca de l&#8217;obra [&hellip;]\" \/>\n<meta property=\"og:url\" content=\"https:\/\/staging.salvador-dali.org\/ca\/fundacio-dali\/beques\/emdali-fellowship-programme-em\/\" \/>\n<meta property=\"og:site_name\" content=\"Fundaci\u00f3 Gala - Salvador Dal\u00ed\" \/>\n<meta property=\"article:publisher\" content=\"https:\/\/www.facebook.com\/MuseusDali\" \/>\n<meta property=\"article:modified_time\" content=\"2026-03-25T11:28:46+00:00\" \/>\n<meta property=\"og:image\" content=\"https:\/\/staging.salvador-dali.org\/wp-content\/uploads\/2025\/02\/5068-e1747042033255.jpg\" \/>\n\t<meta property=\"og:image:width\" content=\"736\" \/>\n\t<meta property=\"og:image:height\" content=\"616\" \/>\n\t<meta property=\"og:image:type\" content=\"image\/jpeg\" \/>\n<meta name=\"twitter:card\" content=\"summary_large_image\" \/>\n<meta name=\"twitter:site\" content=\"@MuseuDali\" \/>\n<meta name=\"twitter:label1\" content=\"Temps estimat de lectura\" \/>\n\t<meta name=\"twitter:data1\" content=\"3 minuts\" \/>\n<script type=\"application\/ld+json\" class=\"yoast-schema-graph\">{\"@context\":\"https:\/\/schema.org\",\"@graph\":[{\"@type\":\"WebPage\",\"@id\":\"https:\/\/staging.salvador-dali.org\/ca\/fundacio-dali\/beques\/emdali-fellowship-programme-em\/\",\"url\":\"https:\/\/staging.salvador-dali.org\/ca\/fundacio-dali\/beques\/emdali-fellowship-programme-em\/\",\"name\":\"Dal\u00ed Fellowship Programme - Fundaci\u00f3 Gala - Salvador Dal\u00ed\",\"isPartOf\":{\"@id\":\"https:\/\/staging.salvador-dali.org\/ca\/#website\"},\"primaryImageOfPage\":{\"@id\":\"https:\/\/staging.salvador-dali.org\/ca\/fundacio-dali\/beques\/emdali-fellowship-programme-em\/#primaryimage\"},\"image\":{\"@id\":\"https:\/\/staging.salvador-dali.org\/ca\/fundacio-dali\/beques\/emdali-fellowship-programme-em\/#primaryimage\"},\"thumbnailUrl\":\"https:\/\/staging.salvador-dali.org\/wp-content\/uploads\/2025\/02\/5068-e1747042033255.jpg\",\"datePublished\":\"2025-11-10T08:02:51+00:00\",\"dateModified\":\"2026-03-25T11:28:46+00:00\",\"breadcrumb\":{\"@id\":\"https:\/\/staging.salvador-dali.org\/ca\/fundacio-dali\/beques\/emdali-fellowship-programme-em\/#breadcrumb\"},\"inLanguage\":\"ca\",\"potentialAction\":[{\"@type\":\"ReadAction\",\"target\":[\"https:\/\/staging.salvador-dali.org\/ca\/fundacio-dali\/beques\/emdali-fellowship-programme-em\/\"]}]},{\"@type\":\"ImageObject\",\"inLanguage\":\"ca\",\"@id\":\"https:\/\/staging.salvador-dali.org\/ca\/fundacio-dali\/beques\/emdali-fellowship-programme-em\/#primaryimage\",\"url\":\"https:\/\/staging.salvador-dali.org\/wp-content\/uploads\/2025\/02\/5068-e1747042033255.jpg\",\"contentUrl\":\"https:\/\/staging.salvador-dali.org\/wp-content\/uploads\/2025\/02\/5068-e1747042033255.jpg\",\"width\":736,\"height\":616,\"caption\":\"Salvador Dal\u00ed escrivint La vida secreta de Salvador Dal\u00ed a Hampton Manor, Virginia, 1941. Eric Schaal \u00a9 Drets d\u2019imatge de Salvador Dal\u00ed reservats. Fundaci\u00f3 Gala-Salvador Dal\u00ed, Figueres, 2025\"},{\"@type\":\"BreadcrumbList\",\"@id\":\"https:\/\/staging.salvador-dali.org\/ca\/fundacio-dali\/beques\/emdali-fellowship-programme-em\/#breadcrumb\",\"itemListElement\":[{\"@type\":\"ListItem\",\"position\":1,\"name\":\"Inici\",\"item\":\"https:\/\/staging.salvador-dali.org\/ca\/\"},{\"@type\":\"ListItem\",\"position\":2,\"name\":\"Dal\u00ed Fellowship Programme\"}]},{\"@type\":\"WebSite\",\"@id\":\"https:\/\/staging.salvador-dali.org\/ca\/#website\",\"url\":\"https:\/\/staging.salvador-dali.org\/ca\/\",\"name\":\"Fundaci\u00f3 Gala - Salvador Dal\u00ed\",\"description\":\"\",\"publisher\":{\"@id\":\"https:\/\/staging.salvador-dali.org\/ca\/#organization\"},\"potentialAction\":[{\"@type\":\"SearchAction\",\"target\":{\"@type\":\"EntryPoint\",\"urlTemplate\":\"https:\/\/staging.salvador-dali.org\/ca\/?s={search_term_string}\"},\"query-input\":{\"@type\":\"PropertyValueSpecification\",\"valueRequired\":true,\"valueName\":\"search_term_string\"}}],\"inLanguage\":\"ca\"},{\"@type\":\"Organization\",\"@id\":\"https:\/\/staging.salvador-dali.org\/ca\/#organization\",\"name\":\"Fundaci\u00f3 Gala - Salvador Dal\u00ed\",\"url\":\"https:\/\/staging.salvador-dali.org\/ca\/\",\"logo\":{\"@type\":\"ImageObject\",\"inLanguage\":\"ca\",\"@id\":\"https:\/\/staging.salvador-dali.org\/ca\/#\/schema\/logo\/image\/\",\"url\":\"https:\/\/staging.salvador-dali.org\/wp-content\/uploads\/2025\/04\/fundacio-gala-salvador-dali.png\",\"contentUrl\":\"https:\/\/staging.salvador-dali.org\/wp-content\/uploads\/2025\/04\/fundacio-gala-salvador-dali.png\",\"width\":240,\"height\":240,\"caption\":\"Fundaci\u00f3 Gala - Salvador Dal\u00ed\"},\"image\":{\"@id\":\"https:\/\/staging.salvador-dali.org\/ca\/#\/schema\/logo\/image\/\"},\"sameAs\":[\"https:\/\/www.facebook.com\/MuseusDali\",\"https:\/\/x.com\/MuseuDali\",\"https:\/\/www.youtube.com\/user\/FundacioDali\",\"https:\/\/www.flickr.com\/fundacio_dali\/\",\"https:\/\/instagram.com\/museudali\"]}]}<\/script>\n<!-- \/ Yoast SEO plugin. -->","yoast_head_json":{"title":"Dal\u00ed Fellowship Programme - Fundaci\u00f3 Gala - Salvador Dal\u00ed","robots":{"index":"noindex","follow":"follow","max-snippet":"max-snippet:-1","max-image-preview":"max-image-preview:large","max-video-preview":"max-video-preview:-1"},"og_locale":"ca_ES","og_type":"article","og_title":"Dal\u00ed Fellowship Programme - Fundaci\u00f3 Gala - Salvador Dal\u00ed","og_description":"Resoluci\u00f3 de la convocat\u00f2ria 2026 La Fundaci\u00f3 Gala-Salvador Dal\u00ed resol la convocat\u00f2ria 2026 del Dal\u00ed Fellowship Programme. Descarrega la resoluci\u00f3 de la convocat\u00f2ria 2026 (PDF) El programa La Fundaci\u00f3 Gala-Salvador Dal\u00ed (FGSD) ha creat el Programa de Beques i Recerca \u201cDal\u00ed Fellowship Programme\u201d que t\u00e9 com a objectius, entre d&#8217;altres, promoure la recerca de l&#8217;obra [&hellip;]","og_url":"https:\/\/staging.salvador-dali.org\/ca\/fundacio-dali\/beques\/emdali-fellowship-programme-em\/","og_site_name":"Fundaci\u00f3 Gala - Salvador Dal\u00ed","article_publisher":"https:\/\/www.facebook.com\/MuseusDali","article_modified_time":"2026-03-25T11:28:46+00:00","og_image":[{"width":736,"height":616,"url":"https:\/\/staging.salvador-dali.org\/wp-content\/uploads\/2025\/02\/5068-e1747042033255.jpg","type":"image\/jpeg"}],"twitter_card":"summary_large_image","twitter_site":"@MuseuDali","twitter_misc":{"Temps estimat de lectura":"3 minuts"},"schema":{"@context":"https:\/\/schema.org","@graph":[{"@type":"WebPage","@id":"https:\/\/staging.salvador-dali.org\/ca\/fundacio-dali\/beques\/emdali-fellowship-programme-em\/","url":"https:\/\/staging.salvador-dali.org\/ca\/fundacio-dali\/beques\/emdali-fellowship-programme-em\/","name":"Dal\u00ed Fellowship Programme - Fundaci\u00f3 Gala - Salvador Dal\u00ed","isPartOf":{"@id":"https:\/\/staging.salvador-dali.org\/ca\/#website"},"primaryImageOfPage":{"@id":"https:\/\/staging.salvador-dali.org\/ca\/fundacio-dali\/beques\/emdali-fellowship-programme-em\/#primaryimage"},"image":{"@id":"https:\/\/staging.salvador-dali.org\/ca\/fundacio-dali\/beques\/emdali-fellowship-programme-em\/#primaryimage"},"thumbnailUrl":"https:\/\/staging.salvador-dali.org\/wp-content\/uploads\/2025\/02\/5068-e1747042033255.jpg","datePublished":"2025-11-10T08:02:51+00:00","dateModified":"2026-03-25T11:28:46+00:00","breadcrumb":{"@id":"https:\/\/staging.salvador-dali.org\/ca\/fundacio-dali\/beques\/emdali-fellowship-programme-em\/#breadcrumb"},"inLanguage":"ca","potentialAction":[{"@type":"ReadAction","target":["https:\/\/staging.salvador-dali.org\/ca\/fundacio-dali\/beques\/emdali-fellowship-programme-em\/"]}]},{"@type":"ImageObject","inLanguage":"ca","@id":"https:\/\/staging.salvador-dali.org\/ca\/fundacio-dali\/beques\/emdali-fellowship-programme-em\/#primaryimage","url":"https:\/\/staging.salvador-dali.org\/wp-content\/uploads\/2025\/02\/5068-e1747042033255.jpg","contentUrl":"https:\/\/staging.salvador-dali.org\/wp-content\/uploads\/2025\/02\/5068-e1747042033255.jpg","width":736,"height":616,"caption":"Salvador Dal\u00ed escrivint La vida secreta de Salvador Dal\u00ed a Hampton Manor, Virginia, 1941. Eric Schaal \u00a9 Drets d\u2019imatge de Salvador Dal\u00ed reservats. Fundaci\u00f3 Gala-Salvador Dal\u00ed, Figueres, 2025"},{"@type":"BreadcrumbList","@id":"https:\/\/staging.salvador-dali.org\/ca\/fundacio-dali\/beques\/emdali-fellowship-programme-em\/#breadcrumb","itemListElement":[{"@type":"ListItem","position":1,"name":"Inici","item":"https:\/\/staging.salvador-dali.org\/ca\/"},{"@type":"ListItem","position":2,"name":"Dal\u00ed Fellowship Programme"}]},{"@type":"WebSite","@id":"https:\/\/staging.salvador-dali.org\/ca\/#website","url":"https:\/\/staging.salvador-dali.org\/ca\/","name":"Fundaci\u00f3 Gala - Salvador Dal\u00ed","description":"","publisher":{"@id":"https:\/\/staging.salvador-dali.org\/ca\/#organization"},"potentialAction":[{"@type":"SearchAction","target":{"@type":"EntryPoint","urlTemplate":"https:\/\/staging.salvador-dali.org\/ca\/?s={search_term_string}"},"query-input":{"@type":"PropertyValueSpecification","valueRequired":true,"valueName":"search_term_string"}}],"inLanguage":"ca"},{"@type":"Organization","@id":"https:\/\/staging.salvador-dali.org\/ca\/#organization","name":"Fundaci\u00f3 Gala - Salvador Dal\u00ed","url":"https:\/\/staging.salvador-dali.org\/ca\/","logo":{"@type":"ImageObject","inLanguage":"ca","@id":"https:\/\/staging.salvador-dali.org\/ca\/#\/schema\/logo\/image\/","url":"https:\/\/staging.salvador-dali.org\/wp-content\/uploads\/2025\/04\/fundacio-gala-salvador-dali.png","contentUrl":"https:\/\/staging.salvador-dali.org\/wp-content\/uploads\/2025\/04\/fundacio-gala-salvador-dali.png","width":240,"height":240,"caption":"Fundaci\u00f3 Gala - Salvador Dal\u00ed"},"image":{"@id":"https:\/\/staging.salvador-dali.org\/ca\/#\/schema\/logo\/image\/"},"sameAs":["https:\/\/www.facebook.com\/MuseusDali","https:\/\/x.com\/MuseuDali","https:\/\/www.youtube.com\/user\/FundacioDali","https:\/\/www.flickr.com\/fundacio_dali\/","https:\/\/instagram.com\/museudali"]}]}},"_links":{"self":[{"href":"https:\/\/staging.salvador-dali.org\/ca\/wp-json\/wp\/v2\/pages\/14355","targetHints":{"allow":["GET"]}}],"collection":[{"href":"https:\/\/staging.salvador-dali.org\/ca\/wp-json\/wp\/v2\/pages"}],"about":[{"href":"https:\/\/staging.salvador-dali.org\/ca\/wp-json\/wp\/v2\/types\/page"}],"author":[{"embeddable":true,"href":"https:\/\/staging.salvador-dali.org\/ca\/wp-json\/wp\/v2\/users\/3"}],"replies":[{"embeddable":true,"href":"https:\/\/staging.salvador-dali.org\/ca\/wp-json\/wp\/v2\/comments?post=14355"}],"version-history":[{"count":7,"href":"https:\/\/staging.salvador-dali.org\/ca\/wp-json\/wp\/v2\/pages\/14355\/revisions"}],"predecessor-version":[{"id":14572,"href":"https:\/\/staging.salvador-dali.org\/ca\/wp-json\/wp\/v2\/pages\/14355\/revisions\/14572"}],"up":[{"embeddable":true,"href":"https:\/\/staging.salvador-dali.org\/ca\/wp-json\/wp\/v2\/pages\/14235"}],"wp:featuredmedia":[{"embeddable":true,"href":"https:\/\/staging.salvador-dali.org\/ca\/wp-json\/wp\/v2\/media\/1383"}],"wp:attachment":[{"href":"https:\/\/staging.salvador-dali.org\/ca\/wp-json\/wp\/v2\/media?parent=14355"}],"wp:term":[{"taxonomy":"category","embeddable":true,"href":"https:\/\/staging.salvador-dali.org\/ca\/wp-json\/wp\/v2\/categories?post=14355"},{"taxonomy":"post_tag","embeddable":true,"href":"https:\/\/staging.salvador-dali.org\/ca\/wp-json\/wp\/v2\/tags?post=14355"}],"curies":[{"name":"wp","href":"https:\/\/api.w.org\/{rel}","templated":true}]}}